{"id":931,"date":"2022-01-20T16:15:38","date_gmt":"2022-01-20T16:15:38","guid":{"rendered":"https:\/\/plaza-tirana.ms.decms.eu\/?page_id=931"},"modified":"2022-01-20T16:17:52","modified_gmt":"2022-01-20T16:17:52","slug":"spor-salonu","status":"publish","type":"page","link":"https:\/\/www.plazatirana.com\/tr\/spor-salonu\/","title":{"rendered":"Spor salonu"},"content":{"rendered":"<p>Rastlant\u0131 ziyaret\u00e7ilerimiz veya her nerede olursa hedefleri takip etmek isteyenler de se\u00e7kin bir idman g\u00f6rg\u00fcs\u00fcn\u00fcn zevkini alabilmek i\u00e7in Maritim Hotel Plaza Tirana jimnastik sallonlarla dolu bir a\u00e7\u0131kl\u0131kt\u0131r.<\/p>\n<p>Bizim <strong>jimnastik sallonlar\u0131m\u0131z Technogym<\/strong> brand\u0131n\u0131n kardio Personal yeni hat\u0131n\u0131 ve Plurima makinelerinin hat\u0131 yani teknolojinin son s\u00f6z\u00fc ve az elektik harcanan makineleri teklif ediyoruz.<\/p>\n<p>Daha ki\u015fisel bir tecr\u00fcbenin zevkini alabilmek i\u00e7in Technogym ARKE i\u015fleme aletlerle donat\u0131lan bizim st\u00fcdyomuzu deneyin.<\/p>\n","protected":false},"excerpt":{"rendered":"<p>Rastlant\u0131 ziyaret\u00e7ilerimiz veya her nerede olursa hedefleri takip etmek isteyenler de se\u00e7kin bir idman g\u00f6rg\u00fcs\u00fcn\u00fcn zevkini alabilmek i\u00e7in Maritim Hotel Plaza Tirana jimnastik sallonlarla dolu bir a\u00e7\u0131kl\u0131kt\u0131r. Bizim jimnastik sallonlar\u0131m\u0131z Technogym brand\u0131n\u0131n kardio Personal yeni hat\u0131n\u0131 ve Plurima makinelerinin hat\u0131 yani teknolojinin son s\u00f6z\u00fc ve az elektik harcanan makineleri teklif ediyoruz. Daha ki\u015fisel bir tecr\u00fcbenin [&hellip;]<\/p>\n","protected":false},"author":7,"featured_media":0,"parent":0,"menu_order":16,"comment_status":"closed","ping_status":"closed","template":"template-default-4.php","meta":{"footnotes":""},"class_list":["post-931","page","type-page","status-publish","hentry"],"yoast_head":"<!-- This site is optimized with the Yoast SEO plugin v26.9 - https:\/\/yoast.com\/product\/yoast-seo-wordpress\/ -->\n<title>Spor salonu &#8212; Maritim Hotel Plaza Tirana &#8212;<\/title>\n<meta name=\"description\" content=\"Rastlant\u0131 ziyaret\u00e7ilerimiz veya her nerede olursa hedefleri takip etmek isteyenler de se\u00e7kin bir idman g\u00f6rg\u00fcs\u00fcn\u00fcn zevkini alabilmek i\u00e7in Maritim Hotel Plaza Tirana jimnastik sallonlarla dolu bir a\u00e7\u0131kl\u0131kt\u0131r.  Bizim jimnastik sallonlar\u0131m\u0131z Technogym brand\u0131n\u0131n kardio Personal yeni hat\u0131n\u0131 ve Plurima makinelerinin hat\u0131 yani teknolojinin son s\u00f6z\u00fc ve az elektik harcanan makineleri teklif ediyoruz.  Daha ki\u015fisel bir tecr\u00fcbenin zevkini alabilmek i\u00e7in Technogym ARKE i\u015fleme aletlerle donat\u0131lan bizim st\u00fcdyomuzu deneyin..\" \/>\n<meta name=\"robots\" content=\"index, follow, max-snippet:-1, max-image-preview:large, max-video-preview:-1\" \/>\n<link rel=\"canonical\" href=\"https:\/\/www.plazatirana.com\/tr\/spor-salonu\/\" \/>\n<meta property=\"og:locale\" content=\"tr_TR\" \/>\n<meta property=\"og:type\" content=\"article\" \/>\n<meta property=\"og:title\" content=\"Spor salonu &#8212; Maritim Hotel Plaza Tirana &#8212;\" \/>\n<meta property=\"og:description\" content=\"Rastlant\u0131 ziyaret\u00e7ilerimiz veya her nerede olursa hedefleri takip etmek isteyenler de se\u00e7kin bir idman g\u00f6rg\u00fcs\u00fcn\u00fcn zevkini alabilmek i\u00e7in Maritim Hotel Plaza Tirana jimnastik sallonlarla dolu bir a\u00e7\u0131kl\u0131kt\u0131r.  Bizim jimnastik sallonlar\u0131m\u0131z Technogym brand\u0131n\u0131n kardio Personal yeni hat\u0131n\u0131 ve Plurima makinelerinin hat\u0131 yani teknolojinin son s\u00f6z\u00fc ve az elektik harcanan makineleri teklif ediyoruz.  Daha ki\u015fisel bir tecr\u00fcbenin zevkini alabilmek i\u00e7in Technogym ARKE i\u015fleme aletlerle donat\u0131lan bizim st\u00fcdyomuzu deneyin..\" \/>\n<meta property=\"og:url\" content=\"https:\/\/www.plazatirana.com\/tr\/spor-salonu\/\" \/>\n<meta property=\"og:site_name\" content=\"Maritim Hotel Plaza Tirana\" \/>\n<meta property=\"article:modified_time\" content=\"2022-01-20T16:17:52+00:00\" \/>\n<meta name=\"twitter:card\" content=\"summary_large_image\" \/>\n<meta name=\"twitter:label1\" content=\"Tahmini okuma s\u00fcresi\" \/>\n\t<meta name=\"twitter:data1\" content=\"1 dakika\" \/>\n<script type=\"application\/ld+json\" class=\"yoast-schema-graph\">{\"@context\":\"https:\/\/schema.org\",\"@graph\":[{\"@type\":\"WebPage\",\"@id\":\"https:\/\/www.plazatirana.com\/tr\/spor-salonu\/\",\"url\":\"https:\/\/www.plazatirana.com\/tr\/spor-salonu\/\",\"name\":\"Spor salonu &#8212; Maritim Hotel Plaza Tirana &#8212;\",\"isPartOf\":{\"@id\":\"https:\/\/www.plazatirana.com\/tr\/#website\"},\"datePublished\":\"2022-01-20T16:15:38+00:00\",\"dateModified\":\"2022-01-20T16:17:52+00:00\",\"description\":\"Rastlant\u0131 ziyaret\u00e7ilerimiz veya her nerede olursa hedefleri takip etmek isteyenler de se\u00e7kin bir idman g\u00f6rg\u00fcs\u00fcn\u00fcn zevkini alabilmek i\u00e7in Maritim Hotel Plaza Tirana jimnastik sallonlarla dolu bir a\u00e7\u0131kl\u0131kt\u0131r. Bizim jimnastik sallonlar\u0131m\u0131z Technogym brand\u0131n\u0131n kardio Personal yeni hat\u0131n\u0131 ve Plurima makinelerinin hat\u0131 yani teknolojinin son s\u00f6z\u00fc ve az elektik harcanan makineleri teklif ediyoruz. Daha ki\u015fisel bir tecr\u00fcbenin zevkini alabilmek i\u00e7in Technogym ARKE i\u015fleme aletlerle donat\u0131lan bizim st\u00fcdyomuzu deneyin..\",\"breadcrumb\":{\"@id\":\"https:\/\/www.plazatirana.com\/tr\/spor-salonu\/#breadcrumb\"},\"inLanguage\":\"tr\",\"potentialAction\":[{\"@type\":\"ReadAction\",\"target\":[\"https:\/\/www.plazatirana.com\/tr\/spor-salonu\/\"]}]},{\"@type\":\"BreadcrumbList\",\"@id\":\"https:\/\/www.plazatirana.com\/tr\/spor-salonu\/#breadcrumb\",\"itemListElement\":[{\"@type\":\"ListItem\",\"position\":1,\"name\":\"Home\",\"item\":\"https:\/\/www.plazatirana.com\/tr\/\"},{\"@type\":\"ListItem\",\"position\":2,\"name\":\"Spor salonu\"}]},{\"@type\":\"WebSite\",\"@id\":\"https:\/\/www.plazatirana.com\/tr\/#website\",\"url\":\"https:\/\/www.plazatirana.com\/tr\/\",\"name\":\"Maritim Hotel Plaza Tirana\",\"description\":\"Just another ms.decms.eu site\",\"publisher\":{\"@id\":\"https:\/\/www.plazatirana.com\/tr\/#organization\"},\"potentialAction\":[{\"@type\":\"SearchAction\",\"target\":{\"@type\":\"EntryPoint\",\"urlTemplate\":\"https:\/\/www.plazatirana.com\/tr\/?s={search_term_string}\"},\"query-input\":{\"@type\":\"PropertyValueSpecification\",\"valueRequired\":true,\"valueName\":\"search_term_string\"}}],\"inLanguage\":\"tr\"},{\"@type\":\"Organization\",\"@id\":\"https:\/\/www.plazatirana.com\/tr\/#organization\",\"name\":\"Maritim Hotel Plaza Tirana\",\"url\":\"https:\/\/www.plazatirana.com\/tr\/\",\"logo\":{\"@type\":\"ImageObject\",\"inLanguage\":\"tr\",\"@id\":\"https:\/\/www.plazatirana.com\/tr\/#\/schema\/logo\/image\/\",\"url\":\"https:\/\/www.plazatirana.com\/wp-content\/uploads\/sites\/378\/2021\/11\/Maritim-Hotel-Plaza-Tirana-Logo.png\",\"contentUrl\":\"https:\/\/www.plazatirana.com\/wp-content\/uploads\/sites\/378\/2021\/11\/Maritim-Hotel-Plaza-Tirana-Logo.png\",\"width\":300,\"height\":224,\"caption\":\"Maritim Hotel Plaza Tirana\"},\"image\":{\"@id\":\"https:\/\/www.plazatirana.com\/tr\/#\/schema\/logo\/image\/\"}}]}<\/script>\n<!-- \/ Yoast SEO plugin. -->","yoast_head_json":{"title":"Spor salonu &#8212; Maritim Hotel Plaza Tirana &#8212;","description":"Rastlant\u0131 ziyaret\u00e7ilerimiz veya her nerede olursa hedefleri takip etmek isteyenler de se\u00e7kin bir idman g\u00f6rg\u00fcs\u00fcn\u00fcn zevkini alabilmek i\u00e7in Maritim Hotel Plaza Tirana jimnastik sallonlarla dolu bir a\u00e7\u0131kl\u0131kt\u0131r.  Bizim jimnastik sallonlar\u0131m\u0131z Technogym brand\u0131n\u0131n kardio Personal yeni hat\u0131n\u0131 ve Plurima makinelerinin hat\u0131 yani teknolojinin son s\u00f6z\u00fc ve az elektik harcanan makineleri teklif ediyoruz.  Daha ki\u015fisel bir tecr\u00fcbenin zevkini alabilmek i\u00e7in Technogym ARKE i\u015fleme aletlerle donat\u0131lan bizim st\u00fcdyomuzu deneyin..","robots":{"index":"index","follow":"follow","max-snippet":"max-snippet:-1","max-image-preview":"max-image-preview:large","max-video-preview":"max-video-preview:-1"},"canonical":"https:\/\/www.plazatirana.com\/tr\/spor-salonu\/","og_locale":"tr_TR","og_type":"article","og_title":"Spor salonu &#8212; Maritim Hotel Plaza Tirana &#8212;","og_description":"Rastlant\u0131 ziyaret\u00e7ilerimiz veya her nerede olursa hedefleri takip etmek isteyenler de se\u00e7kin bir idman g\u00f6rg\u00fcs\u00fcn\u00fcn zevkini alabilmek i\u00e7in Maritim Hotel Plaza Tirana jimnastik sallonlarla dolu bir a\u00e7\u0131kl\u0131kt\u0131r.  Bizim jimnastik sallonlar\u0131m\u0131z Technogym brand\u0131n\u0131n kardio Personal yeni hat\u0131n\u0131 ve Plurima makinelerinin hat\u0131 yani teknolojinin son s\u00f6z\u00fc ve az elektik harcanan makineleri teklif ediyoruz.  Daha ki\u015fisel bir tecr\u00fcbenin zevkini alabilmek i\u00e7in Technogym ARKE i\u015fleme aletlerle donat\u0131lan bizim st\u00fcdyomuzu deneyin..","og_url":"https:\/\/www.plazatirana.com\/tr\/spor-salonu\/","og_site_name":"Maritim Hotel Plaza Tirana","article_modified_time":"2022-01-20T16:17:52+00:00","twitter_card":"summary_large_image","twitter_misc":{"Tahmini okuma s\u00fcresi":"1 dakika"},"schema":{"@context":"https:\/\/schema.org","@graph":[{"@type":"WebPage","@id":"https:\/\/www.plazatirana.com\/tr\/spor-salonu\/","url":"https:\/\/www.plazatirana.com\/tr\/spor-salonu\/","name":"Spor salonu &#8212; Maritim Hotel Plaza Tirana &#8212;","isPartOf":{"@id":"https:\/\/www.plazatirana.com\/tr\/#website"},"datePublished":"2022-01-20T16:15:38+00:00","dateModified":"2022-01-20T16:17:52+00:00","description":"Rastlant\u0131 ziyaret\u00e7ilerimiz veya her nerede olursa hedefleri takip etmek isteyenler de se\u00e7kin bir idman g\u00f6rg\u00fcs\u00fcn\u00fcn zevkini alabilmek i\u00e7in Maritim Hotel Plaza Tirana jimnastik sallonlarla dolu bir a\u00e7\u0131kl\u0131kt\u0131r. Bizim jimnastik sallonlar\u0131m\u0131z Technogym brand\u0131n\u0131n kardio Personal yeni hat\u0131n\u0131 ve Plurima makinelerinin hat\u0131 yani teknolojinin son s\u00f6z\u00fc ve az elektik harcanan makineleri teklif ediyoruz. Daha ki\u015fisel bir tecr\u00fcbenin zevkini alabilmek i\u00e7in Technogym ARKE i\u015fleme aletlerle donat\u0131lan bizim st\u00fcdyomuzu deneyin..","breadcrumb":{"@id":"https:\/\/www.plazatirana.com\/tr\/spor-salonu\/#breadcrumb"},"inLanguage":"tr","potentialAction":[{"@type":"ReadAction","target":["https:\/\/www.plazatirana.com\/tr\/spor-salonu\/"]}]},{"@type":"BreadcrumbList","@id":"https:\/\/www.plazatirana.com\/tr\/spor-salonu\/#breadcrumb","itemListElement":[{"@type":"ListItem","position":1,"name":"Home","item":"https:\/\/www.plazatirana.com\/tr\/"},{"@type":"ListItem","position":2,"name":"Spor salonu"}]},{"@type":"WebSite","@id":"https:\/\/www.plazatirana.com\/tr\/#website","url":"https:\/\/www.plazatirana.com\/tr\/","name":"Maritim Hotel Plaza Tirana","description":"Just another ms.decms.eu site","publisher":{"@id":"https:\/\/www.plazatirana.com\/tr\/#organization"},"potentialAction":[{"@type":"SearchAction","target":{"@type":"EntryPoint","urlTemplate":"https:\/\/www.plazatirana.com\/tr\/?s={search_term_string}"},"query-input":{"@type":"PropertyValueSpecification","valueRequired":true,"valueName":"search_term_string"}}],"inLanguage":"tr"},{"@type":"Organization","@id":"https:\/\/www.plazatirana.com\/tr\/#organization","name":"Maritim Hotel Plaza Tirana","url":"https:\/\/www.plazatirana.com\/tr\/","logo":{"@type":"ImageObject","inLanguage":"tr","@id":"https:\/\/www.plazatirana.com\/tr\/#\/schema\/logo\/image\/","url":"https:\/\/www.plazatirana.com\/wp-content\/uploads\/sites\/378\/2021\/11\/Maritim-Hotel-Plaza-Tirana-Logo.png","contentUrl":"https:\/\/www.plazatirana.com\/wp-content\/uploads\/sites\/378\/2021\/11\/Maritim-Hotel-Plaza-Tirana-Logo.png","width":300,"height":224,"caption":"Maritim Hotel Plaza Tirana"},"image":{"@id":"https:\/\/www.plazatirana.com\/tr\/#\/schema\/logo\/image\/"}}]}},"acf":[],"_links":{"self":[{"href":"https:\/\/www.plazatirana.com\/tr\/wp-json\/wp\/v2\/pages\/931","targetHints":{"allow":["GET"]}}],"collection":[{"href":"https:\/\/www.plazatirana.com\/tr\/wp-json\/wp\/v2\/pages"}],"about":[{"href":"https:\/\/www.plazatirana.com\/tr\/wp-json\/wp\/v2\/types\/page"}],"author":[{"embeddable":true,"href":"https:\/\/www.plazatirana.com\/tr\/wp-json\/wp\/v2\/users\/7"}],"replies":[{"embeddable":true,"href":"https:\/\/www.plazatirana.com\/tr\/wp-json\/wp\/v2\/comments?post=931"}],"version-history":[{"count":0,"href":"https:\/\/www.plazatirana.com\/tr\/wp-json\/wp\/v2\/pages\/931\/revisions"}],"wp:attachment":[{"href":"https:\/\/www.plazatirana.com\/tr\/wp-json\/wp\/v2\/media?parent=931"}],"curies":[{"name":"wp","href":"https:\/\/api.w.org\/{rel}","templated":true}]}}