{"id":823,"date":"2021-12-03T13:51:03","date_gmt":"2021-12-03T13:51:03","guid":{"rendered":"https:\/\/plaza-tirana.ms.decms.eu\/location\/"},"modified":"2021-12-03T18:07:30","modified_gmt":"2021-12-03T18:07:30","slug":"bize-nasil-ulasilir","status":"publish","type":"page","link":"https:\/\/www.plazatirana.com\/tr\/bize-nasil-ulasilir\/","title":{"rendered":"bize nas\u0131l Ula\u015f\u0131l\u0131r"},"content":{"rendered":"<p>En \u00f6nemli olan b\u00fct\u00fcn t\u00fcristik ajanslar\u0131, m\u00fczeler, heykeler bir de al\u0131\u015fveri\u015f ve i\u015f b\u00f6lgesine \u00e7ok yak\u0131n olan, kusursuz bir bi\u00e7iminde Maritim Hotel Plaza Tirana, Tirana \u015fehrinin merkezinde yer almaktad\u0131r.<\/p>\n","protected":false},"excerpt":{"rendered":"<p>En \u00f6nemli olan b\u00fct\u00fcn t\u00fcristik ajanslar\u0131, m\u00fczeler, heykeler bir de al\u0131\u015fveri\u015f ve i\u015f b\u00f6lgesine \u00e7ok yak\u0131n olan, kusursuz bir bi\u00e7iminde Maritim Hotel Plaza Tirana, Tirana \u015fehrinin merkezinde yer almaktad\u0131r.<\/p>\n","protected":false},"author":7,"featured_media":0,"parent":0,"menu_order":20,"comment_status":"closed","ping_status":"closed","template":"template-location.php","meta":{"footnotes":""},"class_list":["post-823","page","type-page","status-publish","hentry"],"yoast_head":"<!-- This site is optimized with the Yoast SEO plugin v26.9 - https:\/\/yoast.com\/product\/yoast-seo-wordpress\/ -->\n<title>bize nas\u0131l Ula\u015f\u0131l\u0131r &#8212; Maritim Hotel Plaza Tirana &#8212;<\/title>\n<meta name=\"description\" content=\"En \u00f6nemli olan b\u00fct\u00fcn t\u00fcristik ajanslar\u0131, m\u00fczeler, heykeler bir de al\u0131\u015fveri\u015f ve i\u015f b\u00f6lgesine \u00e7ok yak\u0131n olan, kusursuz bir bi\u00e7iminde Maritim Hotel Plaza Tirana, Tirana \u015fehrinin merkezinde yer almaktad\u0131r..\" \/>\n<meta name=\"robots\" content=\"index, follow, max-snippet:-1, max-image-preview:large, max-video-preview:-1\" \/>\n<link rel=\"canonical\" href=\"https:\/\/www.plazatirana.com\/tr\/bize-nasil-ulasilir\/\" \/>\n<meta property=\"og:locale\" content=\"tr_TR\" \/>\n<meta property=\"og:type\" content=\"article\" \/>\n<meta property=\"og:title\" content=\"bize nas\u0131l Ula\u015f\u0131l\u0131r &#8212; Maritim Hotel Plaza Tirana &#8212;\" \/>\n<meta property=\"og:description\" content=\"En \u00f6nemli olan b\u00fct\u00fcn t\u00fcristik ajanslar\u0131, m\u00fczeler, heykeler bir de al\u0131\u015fveri\u015f ve i\u015f b\u00f6lgesine \u00e7ok yak\u0131n olan, kusursuz bir bi\u00e7iminde Maritim Hotel Plaza Tirana, Tirana \u015fehrinin merkezinde yer almaktad\u0131r..\" \/>\n<meta property=\"og:url\" content=\"https:\/\/www.plazatirana.com\/tr\/bize-nasil-ulasilir\/\" \/>\n<meta property=\"og:site_name\" content=\"Maritim Hotel Plaza Tirana\" \/>\n<meta property=\"article:modified_time\" content=\"2021-12-03T18:07:30+00:00\" \/>\n<meta name=\"twitter:card\" content=\"summary_large_image\" \/>\n<meta name=\"twitter:label1\" content=\"Tahmini okuma s\u00fcresi\" \/>\n\t<meta name=\"twitter:data1\" content=\"1 dakika\" \/>\n<script type=\"application\/ld+json\" class=\"yoast-schema-graph\">{\"@context\":\"https:\/\/schema.org\",\"@graph\":[{\"@type\":\"WebPage\",\"@id\":\"https:\/\/www.plazatirana.com\/tr\/bize-nasil-ulasilir\/\",\"url\":\"https:\/\/www.plazatirana.com\/tr\/bize-nasil-ulasilir\/\",\"name\":\"bize nas\u0131l Ula\u015f\u0131l\u0131r &#8212; Maritim Hotel Plaza Tirana &#8212;\",\"isPartOf\":{\"@id\":\"https:\/\/www.plazatirana.com\/tr\/#website\"},\"datePublished\":\"2021-12-03T13:51:03+00:00\",\"dateModified\":\"2021-12-03T18:07:30+00:00\",\"description\":\"En \u00f6nemli olan b\u00fct\u00fcn t\u00fcristik ajanslar\u0131, m\u00fczeler, heykeler bir de al\u0131\u015fveri\u015f ve i\u015f b\u00f6lgesine \u00e7ok yak\u0131n olan, kusursuz bir bi\u00e7iminde Maritim Hotel Plaza Tirana, Tirana \u015fehrinin merkezinde yer almaktad\u0131r..\",\"breadcrumb\":{\"@id\":\"https:\/\/www.plazatirana.com\/tr\/bize-nasil-ulasilir\/#breadcrumb\"},\"inLanguage\":\"tr\",\"potentialAction\":[{\"@type\":\"ReadAction\",\"target\":[\"https:\/\/www.plazatirana.com\/tr\/bize-nasil-ulasilir\/\"]}]},{\"@type\":\"BreadcrumbList\",\"@id\":\"https:\/\/www.plazatirana.com\/tr\/bize-nasil-ulasilir\/#breadcrumb\",\"itemListElement\":[{\"@type\":\"ListItem\",\"position\":1,\"name\":\"Home\",\"item\":\"https:\/\/www.plazatirana.com\/tr\/\"},{\"@type\":\"ListItem\",\"position\":2,\"name\":\"bize nas\u0131l Ula\u015f\u0131l\u0131r\"}]},{\"@type\":\"WebSite\",\"@id\":\"https:\/\/www.plazatirana.com\/tr\/#website\",\"url\":\"https:\/\/www.plazatirana.com\/tr\/\",\"name\":\"Maritim Hotel Plaza Tirana\",\"description\":\"Just another ms.decms.eu site\",\"publisher\":{\"@id\":\"https:\/\/www.plazatirana.com\/tr\/#organization\"},\"potentialAction\":[{\"@type\":\"SearchAction\",\"target\":{\"@type\":\"EntryPoint\",\"urlTemplate\":\"https:\/\/www.plazatirana.com\/tr\/?s={search_term_string}\"},\"query-input\":{\"@type\":\"PropertyValueSpecification\",\"valueRequired\":true,\"valueName\":\"search_term_string\"}}],\"inLanguage\":\"tr\"},{\"@type\":\"Organization\",\"@id\":\"https:\/\/www.plazatirana.com\/tr\/#organization\",\"name\":\"Maritim Hotel Plaza Tirana\",\"url\":\"https:\/\/www.plazatirana.com\/tr\/\",\"logo\":{\"@type\":\"ImageObject\",\"inLanguage\":\"tr\",\"@id\":\"https:\/\/www.plazatirana.com\/tr\/#\/schema\/logo\/image\/\",\"url\":\"https:\/\/www.plazatirana.com\/wp-content\/uploads\/sites\/378\/2021\/11\/Maritim-Hotel-Plaza-Tirana-Logo.png\",\"contentUrl\":\"https:\/\/www.plazatirana.com\/wp-content\/uploads\/sites\/378\/2021\/11\/Maritim-Hotel-Plaza-Tirana-Logo.png\",\"width\":300,\"height\":224,\"caption\":\"Maritim Hotel Plaza Tirana\"},\"image\":{\"@id\":\"https:\/\/www.plazatirana.com\/tr\/#\/schema\/logo\/image\/\"}}]}<\/script>\n<!-- \/ Yoast SEO plugin. -->","yoast_head_json":{"title":"bize nas\u0131l Ula\u015f\u0131l\u0131r &#8212; Maritim Hotel Plaza Tirana &#8212;","description":"En \u00f6nemli olan b\u00fct\u00fcn t\u00fcristik ajanslar\u0131, m\u00fczeler, heykeler bir de al\u0131\u015fveri\u015f ve i\u015f b\u00f6lgesine \u00e7ok yak\u0131n olan, kusursuz bir bi\u00e7iminde Maritim Hotel Plaza Tirana, Tirana \u015fehrinin merkezinde yer almaktad\u0131r..","robots":{"index":"index","follow":"follow","max-snippet":"max-snippet:-1","max-image-preview":"max-image-preview:large","max-video-preview":"max-video-preview:-1"},"canonical":"https:\/\/www.plazatirana.com\/tr\/bize-nasil-ulasilir\/","og_locale":"tr_TR","og_type":"article","og_title":"bize nas\u0131l Ula\u015f\u0131l\u0131r &#8212; Maritim Hotel Plaza Tirana &#8212;","og_description":"En \u00f6nemli olan b\u00fct\u00fcn t\u00fcristik ajanslar\u0131, m\u00fczeler, heykeler bir de al\u0131\u015fveri\u015f ve i\u015f b\u00f6lgesine \u00e7ok yak\u0131n olan, kusursuz bir bi\u00e7iminde Maritim Hotel Plaza Tirana, Tirana \u015fehrinin merkezinde yer almaktad\u0131r..","og_url":"https:\/\/www.plazatirana.com\/tr\/bize-nasil-ulasilir\/","og_site_name":"Maritim Hotel Plaza Tirana","article_modified_time":"2021-12-03T18:07:30+00:00","twitter_card":"summary_large_image","twitter_misc":{"Tahmini okuma s\u00fcresi":"1 dakika"},"schema":{"@context":"https:\/\/schema.org","@graph":[{"@type":"WebPage","@id":"https:\/\/www.plazatirana.com\/tr\/bize-nasil-ulasilir\/","url":"https:\/\/www.plazatirana.com\/tr\/bize-nasil-ulasilir\/","name":"bize nas\u0131l Ula\u015f\u0131l\u0131r &#8212; Maritim Hotel Plaza Tirana &#8212;","isPartOf":{"@id":"https:\/\/www.plazatirana.com\/tr\/#website"},"datePublished":"2021-12-03T13:51:03+00:00","dateModified":"2021-12-03T18:07:30+00:00","description":"En \u00f6nemli olan b\u00fct\u00fcn t\u00fcristik ajanslar\u0131, m\u00fczeler, heykeler bir de al\u0131\u015fveri\u015f ve i\u015f b\u00f6lgesine \u00e7ok yak\u0131n olan, kusursuz bir bi\u00e7iminde Maritim Hotel Plaza Tirana, Tirana \u015fehrinin merkezinde yer almaktad\u0131r..","breadcrumb":{"@id":"https:\/\/www.plazatirana.com\/tr\/bize-nasil-ulasilir\/#breadcrumb"},"inLanguage":"tr","potentialAction":[{"@type":"ReadAction","target":["https:\/\/www.plazatirana.com\/tr\/bize-nasil-ulasilir\/"]}]},{"@type":"BreadcrumbList","@id":"https:\/\/www.plazatirana.com\/tr\/bize-nasil-ulasilir\/#breadcrumb","itemListElement":[{"@type":"ListItem","position":1,"name":"Home","item":"https:\/\/www.plazatirana.com\/tr\/"},{"@type":"ListItem","position":2,"name":"bize nas\u0131l Ula\u015f\u0131l\u0131r"}]},{"@type":"WebSite","@id":"https:\/\/www.plazatirana.com\/tr\/#website","url":"https:\/\/www.plazatirana.com\/tr\/","name":"Maritim Hotel Plaza Tirana","description":"Just another ms.decms.eu site","publisher":{"@id":"https:\/\/www.plazatirana.com\/tr\/#organization"},"potentialAction":[{"@type":"SearchAction","target":{"@type":"EntryPoint","urlTemplate":"https:\/\/www.plazatirana.com\/tr\/?s={search_term_string}"},"query-input":{"@type":"PropertyValueSpecification","valueRequired":true,"valueName":"search_term_string"}}],"inLanguage":"tr"},{"@type":"Organization","@id":"https:\/\/www.plazatirana.com\/tr\/#organization","name":"Maritim Hotel Plaza Tirana","url":"https:\/\/www.plazatirana.com\/tr\/","logo":{"@type":"ImageObject","inLanguage":"tr","@id":"https:\/\/www.plazatirana.com\/tr\/#\/schema\/logo\/image\/","url":"https:\/\/www.plazatirana.com\/wp-content\/uploads\/sites\/378\/2021\/11\/Maritim-Hotel-Plaza-Tirana-Logo.png","contentUrl":"https:\/\/www.plazatirana.com\/wp-content\/uploads\/sites\/378\/2021\/11\/Maritim-Hotel-Plaza-Tirana-Logo.png","width":300,"height":224,"caption":"Maritim Hotel Plaza Tirana"},"image":{"@id":"https:\/\/www.plazatirana.com\/tr\/#\/schema\/logo\/image\/"}}]}},"acf":[],"_links":{"self":[{"href":"https:\/\/www.plazatirana.com\/tr\/wp-json\/wp\/v2\/pages\/823","targetHints":{"allow":["GET"]}}],"collection":[{"href":"https:\/\/www.plazatirana.com\/tr\/wp-json\/wp\/v2\/pages"}],"about":[{"href":"https:\/\/www.plazatirana.com\/tr\/wp-json\/wp\/v2\/types\/page"}],"author":[{"embeddable":true,"href":"https:\/\/www.plazatirana.com\/tr\/wp-json\/wp\/v2\/users\/7"}],"replies":[{"embeddable":true,"href":"https:\/\/www.plazatirana.com\/tr\/wp-json\/wp\/v2\/comments?post=823"}],"version-history":[{"count":0,"href":"https:\/\/www.plazatirana.com\/tr\/wp-json\/wp\/v2\/pages\/823\/revisions"}],"wp:attachment":[{"href":"https:\/\/www.plazatirana.com\/tr\/wp-json\/wp\/v2\/media?parent=823"}],"curies":[{"name":"wp","href":"https:\/\/api.w.org\/{rel}","templated":true}]}}