{"id":544,"date":"2021-11-30T17:02:31","date_gmt":"2021-11-30T17:02:31","guid":{"rendered":"https:\/\/plaza-tirana.ms.decms.eu\/oblivion-spa\/"},"modified":"2022-01-20T16:19:11","modified_gmt":"2022-01-20T16:19:11","slug":"oblivion-spa","status":"publish","type":"page","link":"https:\/\/www.plazatirana.com\/tr\/oblivion-spa\/","title":{"rendered":"Oblivion Spa"},"content":{"rendered":"<p>Zor bir i\u015f g\u00fcn\u00fcnden veya yorgun bir seyahatten sonra sizin dinlenme tap\u0131na\u011f\u0131m\u0131za birle\u015ftirmenize davetliyoruz \u00e7\u00fcnk\u00fc her duyu daha iyi bir g\u00f6rg\u00fc i\u00e7in <strong>sensasyonal saadetin katk\u0131s\u0131nda bulunmaktadir<\/strong>.<br \/>\n600 metre karede olan a\u00e7\u0131kl\u0131k, l\u00fcks bir ortam\u0131n en son teknoloji sakinli\u011fiyle b\u00fcker.<\/p>\n<p>Bizim gelenek Spa hizmetlerimizin sayesinde kendi i\u00e7inizde olan relax-\u0131 i\u015fitin veya sizin y\u00fcz\u00fcn\u00fcz ve<\/p>\n<p><strong>Oblivion Spa dahi \u00f6zel ve \u015f\u0131k\u0131 f\u0131k\u0131 kutlamalar\u0131 i\u00e7in kusursuz bir yeridir<\/strong>.<\/p>\n","protected":false},"excerpt":{"rendered":"<p>Zor bir i\u015f g\u00fcn\u00fcnden veya yorgun bir seyahatten sonra sizin dinlenme tap\u0131na\u011f\u0131m\u0131za birle\u015ftirmenize davetliyoruz \u00e7\u00fcnk\u00fc her duyu daha iyi bir g\u00f6rg\u00fc i\u00e7in sensasyonal saadetin katk\u0131s\u0131nda bulunmaktadir. 600 metre karede olan a\u00e7\u0131kl\u0131k, l\u00fcks bir ortam\u0131n en son teknoloji sakinli\u011fiyle b\u00fcker. Bizim gelenek Spa hizmetlerimizin sayesinde kendi i\u00e7inizde olan relax-\u0131 i\u015fitin veya sizin y\u00fcz\u00fcn\u00fcz ve Oblivion Spa [&hellip;]<\/p>\n","protected":false},"author":7,"featured_media":0,"parent":0,"menu_order":15,"comment_status":"closed","ping_status":"closed","template":"template-services.php","meta":{"footnotes":""},"class_list":["post-544","page","type-page","status-publish","hentry"],"yoast_head":"<!-- This site is optimized with the Yoast SEO plugin v26.9 - https:\/\/yoast.com\/product\/yoast-seo-wordpress\/ -->\n<title>Oblivion Spa &#8212; Maritim Hotel Plaza Tirana &#8212;<\/title>\n<meta name=\"description\" content=\"Zor bir i\u015f g\u00fcn\u00fcnden veya yorgun bir seyahatten sonra sizin dinlenme tap\u0131na\u011f\u0131m\u0131za birle\u015ftirmenize davetliyoruz \u00e7\u00fcnk\u00fc her duyu daha iyi bir g\u00f6rg\u00fc i\u00e7in sensasyonal saadetin katk\u0131s\u0131nda bulunmaktadir. 600 metre karede olan a\u00e7\u0131kl\u0131k, l\u00fcks bir ortam\u0131n en son teknoloji sakinli\u011fiyle b\u00fcker.  Bizim gelenek Spa hizmetlerimizin sayesinde kendi i\u00e7inizde olan relax-\u0131 i\u015fitin veya sizin y\u00fcz\u00fcn\u00fcz ve  Oblivion Spa dahi \u00f6zel ve \u015f\u0131k\u0131 f\u0131k\u0131 kutlamalar\u0131 i\u00e7in kusursuz bir yeridir..\" \/>\n<meta name=\"robots\" content=\"index, follow, max-snippet:-1, max-image-preview:large, max-video-preview:-1\" \/>\n<link rel=\"canonical\" href=\"https:\/\/www.plazatirana.com\/tr\/oblivion-spa\/\" \/>\n<meta property=\"og:locale\" content=\"tr_TR\" \/>\n<meta property=\"og:type\" content=\"article\" \/>\n<meta property=\"og:title\" content=\"Oblivion Spa &#8212; Maritim Hotel Plaza Tirana &#8212;\" \/>\n<meta property=\"og:description\" content=\"Zor bir i\u015f g\u00fcn\u00fcnden veya yorgun bir seyahatten sonra sizin dinlenme tap\u0131na\u011f\u0131m\u0131za birle\u015ftirmenize davetliyoruz \u00e7\u00fcnk\u00fc her duyu daha iyi bir g\u00f6rg\u00fc i\u00e7in sensasyonal saadetin katk\u0131s\u0131nda bulunmaktadir. 600 metre karede olan a\u00e7\u0131kl\u0131k, l\u00fcks bir ortam\u0131n en son teknoloji sakinli\u011fiyle b\u00fcker.  Bizim gelenek Spa hizmetlerimizin sayesinde kendi i\u00e7inizde olan relax-\u0131 i\u015fitin veya sizin y\u00fcz\u00fcn\u00fcz ve  Oblivion Spa dahi \u00f6zel ve \u015f\u0131k\u0131 f\u0131k\u0131 kutlamalar\u0131 i\u00e7in kusursuz bir yeridir..\" \/>\n<meta property=\"og:url\" content=\"https:\/\/www.plazatirana.com\/tr\/oblivion-spa\/\" \/>\n<meta property=\"og:site_name\" content=\"Maritim Hotel Plaza Tirana\" \/>\n<meta property=\"article:modified_time\" content=\"2022-01-20T16:19:11+00:00\" \/>\n<meta name=\"twitter:card\" content=\"summary_large_image\" \/>\n<meta name=\"twitter:label1\" content=\"Tahmini okuma s\u00fcresi\" \/>\n\t<meta name=\"twitter:data1\" content=\"1 dakika\" \/>\n<script type=\"application\/ld+json\" class=\"yoast-schema-graph\">{\"@context\":\"https:\/\/schema.org\",\"@graph\":[{\"@type\":\"WebPage\",\"@id\":\"https:\/\/www.plazatirana.com\/tr\/oblivion-spa\/\",\"url\":\"https:\/\/www.plazatirana.com\/tr\/oblivion-spa\/\",\"name\":\"Oblivion Spa &#8212; Maritim Hotel Plaza Tirana &#8212;\",\"isPartOf\":{\"@id\":\"https:\/\/www.plazatirana.com\/tr\/#website\"},\"datePublished\":\"2021-11-30T17:02:31+00:00\",\"dateModified\":\"2022-01-20T16:19:11+00:00\",\"description\":\"Zor bir i\u015f g\u00fcn\u00fcnden veya yorgun bir seyahatten sonra sizin dinlenme tap\u0131na\u011f\u0131m\u0131za birle\u015ftirmenize davetliyoruz \u00e7\u00fcnk\u00fc her duyu daha iyi bir g\u00f6rg\u00fc i\u00e7in sensasyonal saadetin katk\u0131s\u0131nda bulunmaktadir. 600 metre karede olan a\u00e7\u0131kl\u0131k, l\u00fcks bir ortam\u0131n en son teknoloji sakinli\u011fiyle b\u00fcker. Bizim gelenek Spa hizmetlerimizin sayesinde kendi i\u00e7inizde olan relax-\u0131 i\u015fitin veya sizin y\u00fcz\u00fcn\u00fcz ve Oblivion Spa dahi \u00f6zel ve \u015f\u0131k\u0131 f\u0131k\u0131 kutlamalar\u0131 i\u00e7in kusursuz bir yeridir..\",\"breadcrumb\":{\"@id\":\"https:\/\/www.plazatirana.com\/tr\/oblivion-spa\/#breadcrumb\"},\"inLanguage\":\"tr\",\"potentialAction\":[{\"@type\":\"ReadAction\",\"target\":[\"https:\/\/www.plazatirana.com\/tr\/oblivion-spa\/\"]}]},{\"@type\":\"BreadcrumbList\",\"@id\":\"https:\/\/www.plazatirana.com\/tr\/oblivion-spa\/#breadcrumb\",\"itemListElement\":[{\"@type\":\"ListItem\",\"position\":1,\"name\":\"Home\",\"item\":\"https:\/\/www.plazatirana.com\/tr\/\"},{\"@type\":\"ListItem\",\"position\":2,\"name\":\"Oblivion Spa\"}]},{\"@type\":\"WebSite\",\"@id\":\"https:\/\/www.plazatirana.com\/tr\/#website\",\"url\":\"https:\/\/www.plazatirana.com\/tr\/\",\"name\":\"Maritim Hotel Plaza Tirana\",\"description\":\"Just another ms.decms.eu site\",\"publisher\":{\"@id\":\"https:\/\/www.plazatirana.com\/tr\/#organization\"},\"potentialAction\":[{\"@type\":\"SearchAction\",\"target\":{\"@type\":\"EntryPoint\",\"urlTemplate\":\"https:\/\/www.plazatirana.com\/tr\/?s={search_term_string}\"},\"query-input\":{\"@type\":\"PropertyValueSpecification\",\"valueRequired\":true,\"valueName\":\"search_term_string\"}}],\"inLanguage\":\"tr\"},{\"@type\":\"Organization\",\"@id\":\"https:\/\/www.plazatirana.com\/tr\/#organization\",\"name\":\"Maritim Hotel Plaza Tirana\",\"url\":\"https:\/\/www.plazatirana.com\/tr\/\",\"logo\":{\"@type\":\"ImageObject\",\"inLanguage\":\"tr\",\"@id\":\"https:\/\/www.plazatirana.com\/tr\/#\/schema\/logo\/image\/\",\"url\":\"https:\/\/www.plazatirana.com\/wp-content\/uploads\/sites\/378\/2021\/11\/Maritim-Hotel-Plaza-Tirana-Logo.png\",\"contentUrl\":\"https:\/\/www.plazatirana.com\/wp-content\/uploads\/sites\/378\/2021\/11\/Maritim-Hotel-Plaza-Tirana-Logo.png\",\"width\":300,\"height\":224,\"caption\":\"Maritim Hotel Plaza Tirana\"},\"image\":{\"@id\":\"https:\/\/www.plazatirana.com\/tr\/#\/schema\/logo\/image\/\"}}]}<\/script>\n<!-- \/ Yoast SEO plugin. -->","yoast_head_json":{"title":"Oblivion Spa &#8212; Maritim Hotel Plaza Tirana &#8212;","description":"Zor bir i\u015f g\u00fcn\u00fcnden veya yorgun bir seyahatten sonra sizin dinlenme tap\u0131na\u011f\u0131m\u0131za birle\u015ftirmenize davetliyoruz \u00e7\u00fcnk\u00fc her duyu daha iyi bir g\u00f6rg\u00fc i\u00e7in sensasyonal saadetin katk\u0131s\u0131nda bulunmaktadir. 600 metre karede olan a\u00e7\u0131kl\u0131k, l\u00fcks bir ortam\u0131n en son teknoloji sakinli\u011fiyle b\u00fcker.  Bizim gelenek Spa hizmetlerimizin sayesinde kendi i\u00e7inizde olan relax-\u0131 i\u015fitin veya sizin y\u00fcz\u00fcn\u00fcz ve  Oblivion Spa dahi \u00f6zel ve \u015f\u0131k\u0131 f\u0131k\u0131 kutlamalar\u0131 i\u00e7in kusursuz bir yeridir..","robots":{"index":"index","follow":"follow","max-snippet":"max-snippet:-1","max-image-preview":"max-image-preview:large","max-video-preview":"max-video-preview:-1"},"canonical":"https:\/\/www.plazatirana.com\/tr\/oblivion-spa\/","og_locale":"tr_TR","og_type":"article","og_title":"Oblivion Spa &#8212; Maritim Hotel Plaza Tirana &#8212;","og_description":"Zor bir i\u015f g\u00fcn\u00fcnden veya yorgun bir seyahatten sonra sizin dinlenme tap\u0131na\u011f\u0131m\u0131za birle\u015ftirmenize davetliyoruz \u00e7\u00fcnk\u00fc her duyu daha iyi bir g\u00f6rg\u00fc i\u00e7in sensasyonal saadetin katk\u0131s\u0131nda bulunmaktadir. 600 metre karede olan a\u00e7\u0131kl\u0131k, l\u00fcks bir ortam\u0131n en son teknoloji sakinli\u011fiyle b\u00fcker.  Bizim gelenek Spa hizmetlerimizin sayesinde kendi i\u00e7inizde olan relax-\u0131 i\u015fitin veya sizin y\u00fcz\u00fcn\u00fcz ve  Oblivion Spa dahi \u00f6zel ve \u015f\u0131k\u0131 f\u0131k\u0131 kutlamalar\u0131 i\u00e7in kusursuz bir yeridir..","og_url":"https:\/\/www.plazatirana.com\/tr\/oblivion-spa\/","og_site_name":"Maritim Hotel Plaza Tirana","article_modified_time":"2022-01-20T16:19:11+00:00","twitter_card":"summary_large_image","twitter_misc":{"Tahmini okuma s\u00fcresi":"1 dakika"},"schema":{"@context":"https:\/\/schema.org","@graph":[{"@type":"WebPage","@id":"https:\/\/www.plazatirana.com\/tr\/oblivion-spa\/","url":"https:\/\/www.plazatirana.com\/tr\/oblivion-spa\/","name":"Oblivion Spa &#8212; Maritim Hotel Plaza Tirana &#8212;","isPartOf":{"@id":"https:\/\/www.plazatirana.com\/tr\/#website"},"datePublished":"2021-11-30T17:02:31+00:00","dateModified":"2022-01-20T16:19:11+00:00","description":"Zor bir i\u015f g\u00fcn\u00fcnden veya yorgun bir seyahatten sonra sizin dinlenme tap\u0131na\u011f\u0131m\u0131za birle\u015ftirmenize davetliyoruz \u00e7\u00fcnk\u00fc her duyu daha iyi bir g\u00f6rg\u00fc i\u00e7in sensasyonal saadetin katk\u0131s\u0131nda bulunmaktadir. 600 metre karede olan a\u00e7\u0131kl\u0131k, l\u00fcks bir ortam\u0131n en son teknoloji sakinli\u011fiyle b\u00fcker. Bizim gelenek Spa hizmetlerimizin sayesinde kendi i\u00e7inizde olan relax-\u0131 i\u015fitin veya sizin y\u00fcz\u00fcn\u00fcz ve Oblivion Spa dahi \u00f6zel ve \u015f\u0131k\u0131 f\u0131k\u0131 kutlamalar\u0131 i\u00e7in kusursuz bir yeridir..","breadcrumb":{"@id":"https:\/\/www.plazatirana.com\/tr\/oblivion-spa\/#breadcrumb"},"inLanguage":"tr","potentialAction":[{"@type":"ReadAction","target":["https:\/\/www.plazatirana.com\/tr\/oblivion-spa\/"]}]},{"@type":"BreadcrumbList","@id":"https:\/\/www.plazatirana.com\/tr\/oblivion-spa\/#breadcrumb","itemListElement":[{"@type":"ListItem","position":1,"name":"Home","item":"https:\/\/www.plazatirana.com\/tr\/"},{"@type":"ListItem","position":2,"name":"Oblivion Spa"}]},{"@type":"WebSite","@id":"https:\/\/www.plazatirana.com\/tr\/#website","url":"https:\/\/www.plazatirana.com\/tr\/","name":"Maritim Hotel Plaza Tirana","description":"Just another ms.decms.eu site","publisher":{"@id":"https:\/\/www.plazatirana.com\/tr\/#organization"},"potentialAction":[{"@type":"SearchAction","target":{"@type":"EntryPoint","urlTemplate":"https:\/\/www.plazatirana.com\/tr\/?s={search_term_string}"},"query-input":{"@type":"PropertyValueSpecification","valueRequired":true,"valueName":"search_term_string"}}],"inLanguage":"tr"},{"@type":"Organization","@id":"https:\/\/www.plazatirana.com\/tr\/#organization","name":"Maritim Hotel Plaza Tirana","url":"https:\/\/www.plazatirana.com\/tr\/","logo":{"@type":"ImageObject","inLanguage":"tr","@id":"https:\/\/www.plazatirana.com\/tr\/#\/schema\/logo\/image\/","url":"https:\/\/www.plazatirana.com\/wp-content\/uploads\/sites\/378\/2021\/11\/Maritim-Hotel-Plaza-Tirana-Logo.png","contentUrl":"https:\/\/www.plazatirana.com\/wp-content\/uploads\/sites\/378\/2021\/11\/Maritim-Hotel-Plaza-Tirana-Logo.png","width":300,"height":224,"caption":"Maritim Hotel Plaza Tirana"},"image":{"@id":"https:\/\/www.plazatirana.com\/tr\/#\/schema\/logo\/image\/"}}]}},"acf":[],"_links":{"self":[{"href":"https:\/\/www.plazatirana.com\/tr\/wp-json\/wp\/v2\/pages\/544","targetHints":{"allow":["GET"]}}],"collection":[{"href":"https:\/\/www.plazatirana.com\/tr\/wp-json\/wp\/v2\/pages"}],"about":[{"href":"https:\/\/www.plazatirana.com\/tr\/wp-json\/wp\/v2\/types\/page"}],"author":[{"embeddable":true,"href":"https:\/\/www.plazatirana.com\/tr\/wp-json\/wp\/v2\/users\/7"}],"replies":[{"embeddable":true,"href":"https:\/\/www.plazatirana.com\/tr\/wp-json\/wp\/v2\/comments?post=544"}],"version-history":[{"count":0,"href":"https:\/\/www.plazatirana.com\/tr\/wp-json\/wp\/v2\/pages\/544\/revisions"}],"wp:attachment":[{"href":"https:\/\/www.plazatirana.com\/tr\/wp-json\/wp\/v2\/media?parent=544"}],"curies":[{"name":"wp","href":"https:\/\/api.w.org\/{rel}","templated":true}]}}