{"id":437,"date":"2021-11-29T16:25:26","date_gmt":"2021-11-29T16:25:26","guid":{"rendered":"https:\/\/plaza-tirana.ms.decms.eu\/our-services\/"},"modified":"2021-11-29T17:09:58","modified_gmt":"2021-11-29T17:09:58","slug":"hizmetlerimiz","status":"publish","type":"page","link":"https:\/\/www.plazatirana.com\/tr\/hizmetlerimiz\/","title":{"rendered":"Hizmetlerimiz"},"content":{"rendered":"<p>Kendi konukluklar\u0131n\u0131 uzatmak isteyen mu\u015fterilerimiz i\u00e7in, Maritim Hotel Plaza Tirana hizmetli apartman imkanlar\u0131 teklif ediyor ve bu apartmanlar\u0131n i\u00e7inde \u00f6zel bir mutfak bulunuyor. Evden uzak bir ev, onlara, otelin sonsuz hismetlerinin tad\u0131na bakmak imkan\u0131 vererek bir apartmanda gerekli olan b\u00fct\u00fcn ihtiya\u00e7lar\u0131 kar\u015f\u0131la\u015f\u0131yor.<\/p>\n","protected":false},"excerpt":{"rendered":"<p>Kendi konukluklar\u0131n\u0131 uzatmak isteyen mu\u015fterilerimiz i\u00e7in, Maritim Hotel Plaza Tirana hizmetli apartman imkanlar\u0131 teklif ediyor ve bu apartmanlar\u0131n i\u00e7inde \u00f6zel bir mutfak bulunuyor. Evden uzak bir ev, onlara, otelin sonsuz hismetlerinin tad\u0131na bakmak imkan\u0131 vererek bir apartmanda gerekli olan b\u00fct\u00fcn ihtiya\u00e7lar\u0131 kar\u015f\u0131la\u015f\u0131yor.<\/p>\n","protected":false},"author":7,"featured_media":0,"parent":0,"menu_order":10,"comment_status":"closed","ping_status":"closed","template":"template-services.php","meta":{"footnotes":""},"class_list":["post-437","page","type-page","status-publish","hentry"],"yoast_head":"<!-- This site is optimized with the Yoast SEO plugin v26.9 - https:\/\/yoast.com\/product\/yoast-seo-wordpress\/ -->\n<title>Hizmetlerimiz &#8212; Maritim Hotel Plaza Tirana &#8212;<\/title>\n<meta name=\"description\" content=\"Kendi konukluklar\u0131n\u0131 uzatmak isteyen mu\u015fterilerimiz i\u00e7in, Maritim Hotel Plaza Tirana hizmetli apartman imkanlar\u0131 teklif ediyor ve bu apartmanlar\u0131n i\u00e7inde \u00f6zel bir mutfak bulunuyor. Evden uzak bir ev, onlara, otelin sonsuz hismetlerinin tad\u0131na bakmak imkan\u0131 vererek bir apartmanda gerekli olan b\u00fct\u00fcn ihtiya\u00e7lar\u0131 kar\u015f\u0131la\u015f\u0131yor.\" \/>\n<meta name=\"robots\" content=\"index, follow, max-snippet:-1, max-image-preview:large, max-video-preview:-1\" \/>\n<link rel=\"canonical\" href=\"https:\/\/www.plazatirana.com\/tr\/hizmetlerimiz\/\" \/>\n<meta property=\"og:locale\" content=\"tr_TR\" \/>\n<meta property=\"og:type\" content=\"article\" \/>\n<meta property=\"og:title\" content=\"Hizmetlerimiz &#8212; Maritim Hotel Plaza Tirana &#8212;\" \/>\n<meta property=\"og:description\" content=\"Kendi konukluklar\u0131n\u0131 uzatmak isteyen mu\u015fterilerimiz i\u00e7in, Maritim Hotel Plaza Tirana hizmetli apartman imkanlar\u0131 teklif ediyor ve bu apartmanlar\u0131n i\u00e7inde \u00f6zel bir mutfak bulunuyor. Evden uzak bir ev, onlara, otelin sonsuz hismetlerinin tad\u0131na bakmak imkan\u0131 vererek bir apartmanda gerekli olan b\u00fct\u00fcn ihtiya\u00e7lar\u0131 kar\u015f\u0131la\u015f\u0131yor.\" \/>\n<meta property=\"og:url\" content=\"https:\/\/www.plazatirana.com\/tr\/hizmetlerimiz\/\" \/>\n<meta property=\"og:site_name\" content=\"Maritim Hotel Plaza Tirana\" \/>\n<meta property=\"article:modified_time\" content=\"2021-11-29T17:09:58+00:00\" \/>\n<meta name=\"twitter:card\" content=\"summary_large_image\" \/>\n<meta name=\"twitter:label1\" content=\"Tahmini okuma s\u00fcresi\" \/>\n\t<meta name=\"twitter:data1\" content=\"1 dakika\" \/>\n<script type=\"application\/ld+json\" class=\"yoast-schema-graph\">{\"@context\":\"https:\/\/schema.org\",\"@graph\":[{\"@type\":\"WebPage\",\"@id\":\"https:\/\/www.plazatirana.com\/tr\/hizmetlerimiz\/\",\"url\":\"https:\/\/www.plazatirana.com\/tr\/hizmetlerimiz\/\",\"name\":\"Hizmetlerimiz &#8212; Maritim Hotel Plaza Tirana &#8212;\",\"isPartOf\":{\"@id\":\"https:\/\/www.plazatirana.com\/tr\/#website\"},\"datePublished\":\"2021-11-29T16:25:26+00:00\",\"dateModified\":\"2021-11-29T17:09:58+00:00\",\"description\":\"Kendi konukluklar\u0131n\u0131 uzatmak isteyen mu\u015fterilerimiz i\u00e7in, Maritim Hotel Plaza Tirana hizmetli apartman imkanlar\u0131 teklif ediyor ve bu apartmanlar\u0131n i\u00e7inde \u00f6zel bir mutfak bulunuyor. Evden uzak bir ev, onlara, otelin sonsuz hismetlerinin tad\u0131na bakmak imkan\u0131 vererek bir apartmanda gerekli olan b\u00fct\u00fcn ihtiya\u00e7lar\u0131 kar\u015f\u0131la\u015f\u0131yor.\",\"breadcrumb\":{\"@id\":\"https:\/\/www.plazatirana.com\/tr\/hizmetlerimiz\/#breadcrumb\"},\"inLanguage\":\"tr\",\"potentialAction\":[{\"@type\":\"ReadAction\",\"target\":[\"https:\/\/www.plazatirana.com\/tr\/hizmetlerimiz\/\"]}]},{\"@type\":\"BreadcrumbList\",\"@id\":\"https:\/\/www.plazatirana.com\/tr\/hizmetlerimiz\/#breadcrumb\",\"itemListElement\":[{\"@type\":\"ListItem\",\"position\":1,\"name\":\"Home\",\"item\":\"https:\/\/www.plazatirana.com\/tr\/\"},{\"@type\":\"ListItem\",\"position\":2,\"name\":\"Hizmetlerimiz\"}]},{\"@type\":\"WebSite\",\"@id\":\"https:\/\/www.plazatirana.com\/tr\/#website\",\"url\":\"https:\/\/www.plazatirana.com\/tr\/\",\"name\":\"Maritim Hotel Plaza Tirana\",\"description\":\"Just another ms.decms.eu site\",\"publisher\":{\"@id\":\"https:\/\/www.plazatirana.com\/tr\/#organization\"},\"potentialAction\":[{\"@type\":\"SearchAction\",\"target\":{\"@type\":\"EntryPoint\",\"urlTemplate\":\"https:\/\/www.plazatirana.com\/tr\/?s={search_term_string}\"},\"query-input\":{\"@type\":\"PropertyValueSpecification\",\"valueRequired\":true,\"valueName\":\"search_term_string\"}}],\"inLanguage\":\"tr\"},{\"@type\":\"Organization\",\"@id\":\"https:\/\/www.plazatirana.com\/tr\/#organization\",\"name\":\"Maritim Hotel Plaza Tirana\",\"url\":\"https:\/\/www.plazatirana.com\/tr\/\",\"logo\":{\"@type\":\"ImageObject\",\"inLanguage\":\"tr\",\"@id\":\"https:\/\/www.plazatirana.com\/tr\/#\/schema\/logo\/image\/\",\"url\":\"https:\/\/www.plazatirana.com\/wp-content\/uploads\/sites\/378\/2021\/11\/Maritim-Hotel-Plaza-Tirana-Logo.png\",\"contentUrl\":\"https:\/\/www.plazatirana.com\/wp-content\/uploads\/sites\/378\/2021\/11\/Maritim-Hotel-Plaza-Tirana-Logo.png\",\"width\":300,\"height\":224,\"caption\":\"Maritim Hotel Plaza Tirana\"},\"image\":{\"@id\":\"https:\/\/www.plazatirana.com\/tr\/#\/schema\/logo\/image\/\"}}]}<\/script>\n<!-- \/ Yoast SEO plugin. -->","yoast_head_json":{"title":"Hizmetlerimiz &#8212; Maritim Hotel Plaza Tirana &#8212;","description":"Kendi konukluklar\u0131n\u0131 uzatmak isteyen mu\u015fterilerimiz i\u00e7in, Maritim Hotel Plaza Tirana hizmetli apartman imkanlar\u0131 teklif ediyor ve bu apartmanlar\u0131n i\u00e7inde \u00f6zel bir mutfak bulunuyor. Evden uzak bir ev, onlara, otelin sonsuz hismetlerinin tad\u0131na bakmak imkan\u0131 vererek bir apartmanda gerekli olan b\u00fct\u00fcn ihtiya\u00e7lar\u0131 kar\u015f\u0131la\u015f\u0131yor.","robots":{"index":"index","follow":"follow","max-snippet":"max-snippet:-1","max-image-preview":"max-image-preview:large","max-video-preview":"max-video-preview:-1"},"canonical":"https:\/\/www.plazatirana.com\/tr\/hizmetlerimiz\/","og_locale":"tr_TR","og_type":"article","og_title":"Hizmetlerimiz &#8212; Maritim Hotel Plaza Tirana &#8212;","og_description":"Kendi konukluklar\u0131n\u0131 uzatmak isteyen mu\u015fterilerimiz i\u00e7in, Maritim Hotel Plaza Tirana hizmetli apartman imkanlar\u0131 teklif ediyor ve bu apartmanlar\u0131n i\u00e7inde \u00f6zel bir mutfak bulunuyor. Evden uzak bir ev, onlara, otelin sonsuz hismetlerinin tad\u0131na bakmak imkan\u0131 vererek bir apartmanda gerekli olan b\u00fct\u00fcn ihtiya\u00e7lar\u0131 kar\u015f\u0131la\u015f\u0131yor.","og_url":"https:\/\/www.plazatirana.com\/tr\/hizmetlerimiz\/","og_site_name":"Maritim Hotel Plaza Tirana","article_modified_time":"2021-11-29T17:09:58+00:00","twitter_card":"summary_large_image","twitter_misc":{"Tahmini okuma s\u00fcresi":"1 dakika"},"schema":{"@context":"https:\/\/schema.org","@graph":[{"@type":"WebPage","@id":"https:\/\/www.plazatirana.com\/tr\/hizmetlerimiz\/","url":"https:\/\/www.plazatirana.com\/tr\/hizmetlerimiz\/","name":"Hizmetlerimiz &#8212; Maritim Hotel Plaza Tirana &#8212;","isPartOf":{"@id":"https:\/\/www.plazatirana.com\/tr\/#website"},"datePublished":"2021-11-29T16:25:26+00:00","dateModified":"2021-11-29T17:09:58+00:00","description":"Kendi konukluklar\u0131n\u0131 uzatmak isteyen mu\u015fterilerimiz i\u00e7in, Maritim Hotel Plaza Tirana hizmetli apartman imkanlar\u0131 teklif ediyor ve bu apartmanlar\u0131n i\u00e7inde \u00f6zel bir mutfak bulunuyor. Evden uzak bir ev, onlara, otelin sonsuz hismetlerinin tad\u0131na bakmak imkan\u0131 vererek bir apartmanda gerekli olan b\u00fct\u00fcn ihtiya\u00e7lar\u0131 kar\u015f\u0131la\u015f\u0131yor.","breadcrumb":{"@id":"https:\/\/www.plazatirana.com\/tr\/hizmetlerimiz\/#breadcrumb"},"inLanguage":"tr","potentialAction":[{"@type":"ReadAction","target":["https:\/\/www.plazatirana.com\/tr\/hizmetlerimiz\/"]}]},{"@type":"BreadcrumbList","@id":"https:\/\/www.plazatirana.com\/tr\/hizmetlerimiz\/#breadcrumb","itemListElement":[{"@type":"ListItem","position":1,"name":"Home","item":"https:\/\/www.plazatirana.com\/tr\/"},{"@type":"ListItem","position":2,"name":"Hizmetlerimiz"}]},{"@type":"WebSite","@id":"https:\/\/www.plazatirana.com\/tr\/#website","url":"https:\/\/www.plazatirana.com\/tr\/","name":"Maritim Hotel Plaza Tirana","description":"Just another ms.decms.eu site","publisher":{"@id":"https:\/\/www.plazatirana.com\/tr\/#organization"},"potentialAction":[{"@type":"SearchAction","target":{"@type":"EntryPoint","urlTemplate":"https:\/\/www.plazatirana.com\/tr\/?s={search_term_string}"},"query-input":{"@type":"PropertyValueSpecification","valueRequired":true,"valueName":"search_term_string"}}],"inLanguage":"tr"},{"@type":"Organization","@id":"https:\/\/www.plazatirana.com\/tr\/#organization","name":"Maritim Hotel Plaza Tirana","url":"https:\/\/www.plazatirana.com\/tr\/","logo":{"@type":"ImageObject","inLanguage":"tr","@id":"https:\/\/www.plazatirana.com\/tr\/#\/schema\/logo\/image\/","url":"https:\/\/www.plazatirana.com\/wp-content\/uploads\/sites\/378\/2021\/11\/Maritim-Hotel-Plaza-Tirana-Logo.png","contentUrl":"https:\/\/www.plazatirana.com\/wp-content\/uploads\/sites\/378\/2021\/11\/Maritim-Hotel-Plaza-Tirana-Logo.png","width":300,"height":224,"caption":"Maritim Hotel Plaza Tirana"},"image":{"@id":"https:\/\/www.plazatirana.com\/tr\/#\/schema\/logo\/image\/"}}]}},"acf":[],"_links":{"self":[{"href":"https:\/\/www.plazatirana.com\/tr\/wp-json\/wp\/v2\/pages\/437","targetHints":{"allow":["GET"]}}],"collection":[{"href":"https:\/\/www.plazatirana.com\/tr\/wp-json\/wp\/v2\/pages"}],"about":[{"href":"https:\/\/www.plazatirana.com\/tr\/wp-json\/wp\/v2\/types\/page"}],"author":[{"embeddable":true,"href":"https:\/\/www.plazatirana.com\/tr\/wp-json\/wp\/v2\/users\/7"}],"replies":[{"embeddable":true,"href":"https:\/\/www.plazatirana.com\/tr\/wp-json\/wp\/v2\/comments?post=437"}],"version-history":[{"count":0,"href":"https:\/\/www.plazatirana.com\/tr\/wp-json\/wp\/v2\/pages\/437\/revisions"}],"wp:attachment":[{"href":"https:\/\/www.plazatirana.com\/tr\/wp-json\/wp\/v2\/media?parent=437"}],"curies":[{"name":"wp","href":"https:\/\/api.w.org\/{rel}","templated":true}]}}