{"id":416,"date":"2021-11-26T17:27:43","date_gmt":"2021-11-26T17:27:43","guid":{"rendered":"https:\/\/plaza-tirana.ms.decms.eu\/odalar-ve-suitler\/presidential-suite\/"},"modified":"2022-02-10T16:47:04","modified_gmt":"2022-02-10T16:47:04","slug":"baskanlik-suitler","status":"publish","type":"page","link":"https:\/\/www.plazatirana.com\/tr\/odalar-ve-suitler\/baskanlik-suitler\/","title":{"rendered":"Ba\u015fkanl\u0131k s\u00fcitler"},"content":{"rendered":"<p>Ci katta yer alan, ba\u015fkanl\u0131k s\u00fcitler en g\u00fczel g\u00f6rg\u00fclerinden birini teklif ediyor.<\/p>\n<p>S\u00fcit harika bir manzara, geni\u015f bir a\u00e7\u0131kl\u0131\u011f\u0131 ve r\u00fcya etmi\u015f oldunuz her l\u00fcks\u00fcne sahiptir. Yatak odas\u0131 queen size bir yatak, hintkam\u0131\u015f\u0131 bir seccade ve \u00f6zel gard\u0131rob alan\u0131 i\u00e7ermektedir.<\/p>\n<p>Bir over-size banyo teknesiyle muhte\u015fem iki tualet, buhar oda ve heyecan du\u015flar\u0131 ger\u00e7ek bir huzurun dygusunu verirler. I\u015f yapmak i\u00e7in, m\u00fckemmel bir kusursuz yerle\u015ftirilme veya davetlileri kendi televizyon odas\u0131yla e\u011flenmesi yada b\u00fcsb\u00fct\u00fcn donat\u0131lm\u0131\u015f ofisler, ba\u015fkanl\u0131k s\u00fciti b\u00fct\u00fcn bunlar\u0131 sa\u011flar.<\/p>\n<p>Bir duygunun ger\u00e7ek l\u00fcks\u00fcn\u00fc ve alan\u0131 teklif ederek Arnavutlu\u011fun ba\u015fkentinin \u00f6zel bir binan\u0131n ya\u015fad\u0131\u011f\u0131n\u0131z hissini size hissetirecek. Ba\u015fkanl\u0131k s\u00fcitinde l\u00fcks bir konuklu\u011fun hakkinda olan fikirleri de\u011fi\u015ftirecek.<\/p>\n","protected":false},"excerpt":{"rendered":"<p>Ci katta yer alan, ba\u015fkanl\u0131k s\u00fcitler en g\u00fczel g\u00f6rg\u00fclerinden birini teklif ediyor. S\u00fcit harika bir manzara, geni\u015f bir a\u00e7\u0131kl\u0131\u011f\u0131 ve r\u00fcya etmi\u015f oldunuz her l\u00fcks\u00fcne sahiptir. Yatak odas\u0131 queen size bir yatak, hintkam\u0131\u015f\u0131 bir seccade ve \u00f6zel gard\u0131rob alan\u0131 i\u00e7ermektedir. Bir over-size banyo teknesiyle muhte\u015fem iki tualet, buhar oda ve heyecan du\u015flar\u0131 ger\u00e7ek bir huzurun [&hellip;]<\/p>\n","protected":false},"author":7,"featured_media":0,"parent":102,"menu_order":7,"comment_status":"closed","ping_status":"closed","template":"template-single-room.php","meta":{"footnotes":""},"class_list":["post-416","page","type-page","status-publish","hentry"],"yoast_head":"<!-- This site is optimized with the Yoast SEO plugin v26.9 - https:\/\/yoast.com\/product\/yoast-seo-wordpress\/ -->\n<title>Ba\u015fkanl\u0131k s\u00fcitler &#8212; Maritim Hotel Plaza Tirana &#8212;<\/title>\n<meta name=\"description\" content=\"Ci katta yer alan, ba\u015fkanl\u0131k s\u00fcitler en g\u00fczel g\u00f6rg\u00fclerinden birini teklif ediyor.  S\u00fcit harika bir manzara, geni\u015f bir a\u00e7\u0131kl\u0131\u011f\u0131 ve r\u00fcya etmi\u015f oldunuz her l\u00fcks\u00fcne sahiptir. Yatak odas\u0131 queen size bir yatak, hintkam\u0131\u015f\u0131 bir seccade ve \u00f6zel gard\u0131rob alan\u0131 i\u00e7ermektedir.  Bir over-size banyo teknesiyle muhte\u015fem iki tualet, buhar oda ve heyecan du\u015flar\u0131 ger\u00e7ek bir huzurun dygusunu verirler\" \/>\n<meta name=\"robots\" content=\"index, follow, max-snippet:-1, max-image-preview:large, max-video-preview:-1\" \/>\n<link rel=\"canonical\" href=\"https:\/\/www.plazatirana.com\/tr\/odalar-ve-suitler\/baskanlik-suitler\/\" \/>\n<meta property=\"og:locale\" content=\"tr_TR\" \/>\n<meta property=\"og:type\" content=\"article\" \/>\n<meta property=\"og:title\" content=\"Ba\u015fkanl\u0131k s\u00fcitler &#8212; Maritim Hotel Plaza Tirana &#8212;\" \/>\n<meta property=\"og:description\" content=\"Ci katta yer alan, ba\u015fkanl\u0131k s\u00fcitler en g\u00fczel g\u00f6rg\u00fclerinden birini teklif ediyor.  S\u00fcit harika bir manzara, geni\u015f bir a\u00e7\u0131kl\u0131\u011f\u0131 ve r\u00fcya etmi\u015f oldunuz her l\u00fcks\u00fcne sahiptir. Yatak odas\u0131 queen size bir yatak, hintkam\u0131\u015f\u0131 bir seccade ve \u00f6zel gard\u0131rob alan\u0131 i\u00e7ermektedir.  Bir over-size banyo teknesiyle muhte\u015fem iki tualet, buhar oda ve heyecan du\u015flar\u0131 ger\u00e7ek bir huzurun dygusunu verirler\" \/>\n<meta property=\"og:url\" content=\"https:\/\/www.plazatirana.com\/tr\/odalar-ve-suitler\/baskanlik-suitler\/\" \/>\n<meta property=\"og:site_name\" content=\"Maritim Hotel Plaza Tirana\" \/>\n<meta property=\"article:modified_time\" content=\"2022-02-10T16:47:04+00:00\" \/>\n<meta name=\"twitter:card\" content=\"summary_large_image\" \/>\n<meta name=\"twitter:label1\" content=\"Tahmini okuma s\u00fcresi\" \/>\n\t<meta name=\"twitter:data1\" content=\"1 dakika\" \/>\n<script type=\"application\/ld+json\" class=\"yoast-schema-graph\">{\"@context\":\"https:\/\/schema.org\",\"@graph\":[{\"@type\":\"WebPage\",\"@id\":\"https:\/\/www.plazatirana.com\/tr\/odalar-ve-suitler\/baskanlik-suitler\/\",\"url\":\"https:\/\/www.plazatirana.com\/tr\/odalar-ve-suitler\/baskanlik-suitler\/\",\"name\":\"Ba\u015fkanl\u0131k s\u00fcitler &#8212; Maritim Hotel Plaza Tirana &#8212;\",\"isPartOf\":{\"@id\":\"https:\/\/www.plazatirana.com\/tr\/#website\"},\"datePublished\":\"2021-11-26T17:27:43+00:00\",\"dateModified\":\"2022-02-10T16:47:04+00:00\",\"description\":\"Ci katta yer alan, ba\u015fkanl\u0131k s\u00fcitler en g\u00fczel g\u00f6rg\u00fclerinden birini teklif ediyor. S\u00fcit harika bir manzara, geni\u015f bir a\u00e7\u0131kl\u0131\u011f\u0131 ve r\u00fcya etmi\u015f oldunuz her l\u00fcks\u00fcne sahiptir. Yatak odas\u0131 queen size bir yatak, hintkam\u0131\u015f\u0131 bir seccade ve \u00f6zel gard\u0131rob alan\u0131 i\u00e7ermektedir. Bir over-size banyo teknesiyle muhte\u015fem iki tualet, buhar oda ve heyecan du\u015flar\u0131 ger\u00e7ek bir huzurun dygusunu verirler\",\"breadcrumb\":{\"@id\":\"https:\/\/www.plazatirana.com\/tr\/odalar-ve-suitler\/baskanlik-suitler\/#breadcrumb\"},\"inLanguage\":\"tr\",\"potentialAction\":[{\"@type\":\"ReadAction\",\"target\":[\"https:\/\/www.plazatirana.com\/tr\/odalar-ve-suitler\/baskanlik-suitler\/\"]}]},{\"@type\":\"BreadcrumbList\",\"@id\":\"https:\/\/www.plazatirana.com\/tr\/odalar-ve-suitler\/baskanlik-suitler\/#breadcrumb\",\"itemListElement\":[{\"@type\":\"ListItem\",\"position\":1,\"name\":\"Home\",\"item\":\"https:\/\/www.plazatirana.com\/tr\/\"},{\"@type\":\"ListItem\",\"position\":2,\"name\":\"Odalar ve s\u00fcitler\",\"item\":\"https:\/\/www.plazatirana.com\/tr\/odalar-ve-suitler\/\"},{\"@type\":\"ListItem\",\"position\":3,\"name\":\"Ba\u015fkanl\u0131k s\u00fcitler\"}]},{\"@type\":\"WebSite\",\"@id\":\"https:\/\/www.plazatirana.com\/tr\/#website\",\"url\":\"https:\/\/www.plazatirana.com\/tr\/\",\"name\":\"Maritim Hotel Plaza Tirana\",\"description\":\"Just another ms.decms.eu site\",\"publisher\":{\"@id\":\"https:\/\/www.plazatirana.com\/tr\/#organization\"},\"potentialAction\":[{\"@type\":\"SearchAction\",\"target\":{\"@type\":\"EntryPoint\",\"urlTemplate\":\"https:\/\/www.plazatirana.com\/tr\/?s={search_term_string}\"},\"query-input\":{\"@type\":\"PropertyValueSpecification\",\"valueRequired\":true,\"valueName\":\"search_term_string\"}}],\"inLanguage\":\"tr\"},{\"@type\":\"Organization\",\"@id\":\"https:\/\/www.plazatirana.com\/tr\/#organization\",\"name\":\"Maritim Hotel Plaza Tirana\",\"url\":\"https:\/\/www.plazatirana.com\/tr\/\",\"logo\":{\"@type\":\"ImageObject\",\"inLanguage\":\"tr\",\"@id\":\"https:\/\/www.plazatirana.com\/tr\/#\/schema\/logo\/image\/\",\"url\":\"https:\/\/www.plazatirana.com\/wp-content\/uploads\/sites\/378\/2021\/11\/Maritim-Hotel-Plaza-Tirana-Logo.png\",\"contentUrl\":\"https:\/\/www.plazatirana.com\/wp-content\/uploads\/sites\/378\/2021\/11\/Maritim-Hotel-Plaza-Tirana-Logo.png\",\"width\":300,\"height\":224,\"caption\":\"Maritim Hotel Plaza Tirana\"},\"image\":{\"@id\":\"https:\/\/www.plazatirana.com\/tr\/#\/schema\/logo\/image\/\"}}]}<\/script>\n<!-- \/ Yoast SEO plugin. -->","yoast_head_json":{"title":"Ba\u015fkanl\u0131k s\u00fcitler &#8212; Maritim Hotel Plaza Tirana &#8212;","description":"Ci katta yer alan, ba\u015fkanl\u0131k s\u00fcitler en g\u00fczel g\u00f6rg\u00fclerinden birini teklif ediyor.  S\u00fcit harika bir manzara, geni\u015f bir a\u00e7\u0131kl\u0131\u011f\u0131 ve r\u00fcya etmi\u015f oldunuz her l\u00fcks\u00fcne sahiptir. Yatak odas\u0131 queen size bir yatak, hintkam\u0131\u015f\u0131 bir seccade ve \u00f6zel gard\u0131rob alan\u0131 i\u00e7ermektedir.  Bir over-size banyo teknesiyle muhte\u015fem iki tualet, buhar oda ve heyecan du\u015flar\u0131 ger\u00e7ek bir huzurun dygusunu verirler","robots":{"index":"index","follow":"follow","max-snippet":"max-snippet:-1","max-image-preview":"max-image-preview:large","max-video-preview":"max-video-preview:-1"},"canonical":"https:\/\/www.plazatirana.com\/tr\/odalar-ve-suitler\/baskanlik-suitler\/","og_locale":"tr_TR","og_type":"article","og_title":"Ba\u015fkanl\u0131k s\u00fcitler &#8212; Maritim Hotel Plaza Tirana &#8212;","og_description":"Ci katta yer alan, ba\u015fkanl\u0131k s\u00fcitler en g\u00fczel g\u00f6rg\u00fclerinden birini teklif ediyor.  S\u00fcit harika bir manzara, geni\u015f bir a\u00e7\u0131kl\u0131\u011f\u0131 ve r\u00fcya etmi\u015f oldunuz her l\u00fcks\u00fcne sahiptir. Yatak odas\u0131 queen size bir yatak, hintkam\u0131\u015f\u0131 bir seccade ve \u00f6zel gard\u0131rob alan\u0131 i\u00e7ermektedir.  Bir over-size banyo teknesiyle muhte\u015fem iki tualet, buhar oda ve heyecan du\u015flar\u0131 ger\u00e7ek bir huzurun dygusunu verirler","og_url":"https:\/\/www.plazatirana.com\/tr\/odalar-ve-suitler\/baskanlik-suitler\/","og_site_name":"Maritim Hotel Plaza Tirana","article_modified_time":"2022-02-10T16:47:04+00:00","twitter_card":"summary_large_image","twitter_misc":{"Tahmini okuma s\u00fcresi":"1 dakika"},"schema":{"@context":"https:\/\/schema.org","@graph":[{"@type":"WebPage","@id":"https:\/\/www.plazatirana.com\/tr\/odalar-ve-suitler\/baskanlik-suitler\/","url":"https:\/\/www.plazatirana.com\/tr\/odalar-ve-suitler\/baskanlik-suitler\/","name":"Ba\u015fkanl\u0131k s\u00fcitler &#8212; Maritim Hotel Plaza Tirana &#8212;","isPartOf":{"@id":"https:\/\/www.plazatirana.com\/tr\/#website"},"datePublished":"2021-11-26T17:27:43+00:00","dateModified":"2022-02-10T16:47:04+00:00","description":"Ci katta yer alan, ba\u015fkanl\u0131k s\u00fcitler en g\u00fczel g\u00f6rg\u00fclerinden birini teklif ediyor. S\u00fcit harika bir manzara, geni\u015f bir a\u00e7\u0131kl\u0131\u011f\u0131 ve r\u00fcya etmi\u015f oldunuz her l\u00fcks\u00fcne sahiptir. Yatak odas\u0131 queen size bir yatak, hintkam\u0131\u015f\u0131 bir seccade ve \u00f6zel gard\u0131rob alan\u0131 i\u00e7ermektedir. Bir over-size banyo teknesiyle muhte\u015fem iki tualet, buhar oda ve heyecan du\u015flar\u0131 ger\u00e7ek bir huzurun dygusunu verirler","breadcrumb":{"@id":"https:\/\/www.plazatirana.com\/tr\/odalar-ve-suitler\/baskanlik-suitler\/#breadcrumb"},"inLanguage":"tr","potentialAction":[{"@type":"ReadAction","target":["https:\/\/www.plazatirana.com\/tr\/odalar-ve-suitler\/baskanlik-suitler\/"]}]},{"@type":"BreadcrumbList","@id":"https:\/\/www.plazatirana.com\/tr\/odalar-ve-suitler\/baskanlik-suitler\/#breadcrumb","itemListElement":[{"@type":"ListItem","position":1,"name":"Home","item":"https:\/\/www.plazatirana.com\/tr\/"},{"@type":"ListItem","position":2,"name":"Odalar ve s\u00fcitler","item":"https:\/\/www.plazatirana.com\/tr\/odalar-ve-suitler\/"},{"@type":"ListItem","position":3,"name":"Ba\u015fkanl\u0131k s\u00fcitler"}]},{"@type":"WebSite","@id":"https:\/\/www.plazatirana.com\/tr\/#website","url":"https:\/\/www.plazatirana.com\/tr\/","name":"Maritim Hotel Plaza Tirana","description":"Just another ms.decms.eu site","publisher":{"@id":"https:\/\/www.plazatirana.com\/tr\/#organization"},"potentialAction":[{"@type":"SearchAction","target":{"@type":"EntryPoint","urlTemplate":"https:\/\/www.plazatirana.com\/tr\/?s={search_term_string}"},"query-input":{"@type":"PropertyValueSpecification","valueRequired":true,"valueName":"search_term_string"}}],"inLanguage":"tr"},{"@type":"Organization","@id":"https:\/\/www.plazatirana.com\/tr\/#organization","name":"Maritim Hotel Plaza Tirana","url":"https:\/\/www.plazatirana.com\/tr\/","logo":{"@type":"ImageObject","inLanguage":"tr","@id":"https:\/\/www.plazatirana.com\/tr\/#\/schema\/logo\/image\/","url":"https:\/\/www.plazatirana.com\/wp-content\/uploads\/sites\/378\/2021\/11\/Maritim-Hotel-Plaza-Tirana-Logo.png","contentUrl":"https:\/\/www.plazatirana.com\/wp-content\/uploads\/sites\/378\/2021\/11\/Maritim-Hotel-Plaza-Tirana-Logo.png","width":300,"height":224,"caption":"Maritim Hotel Plaza Tirana"},"image":{"@id":"https:\/\/www.plazatirana.com\/tr\/#\/schema\/logo\/image\/"}}]}},"acf":[],"_links":{"self":[{"href":"https:\/\/www.plazatirana.com\/tr\/wp-json\/wp\/v2\/pages\/416","targetHints":{"allow":["GET"]}}],"collection":[{"href":"https:\/\/www.plazatirana.com\/tr\/wp-json\/wp\/v2\/pages"}],"about":[{"href":"https:\/\/www.plazatirana.com\/tr\/wp-json\/wp\/v2\/types\/page"}],"author":[{"embeddable":true,"href":"https:\/\/www.plazatirana.com\/tr\/wp-json\/wp\/v2\/users\/7"}],"replies":[{"embeddable":true,"href":"https:\/\/www.plazatirana.com\/tr\/wp-json\/wp\/v2\/comments?post=416"}],"version-history":[{"count":0,"href":"https:\/\/www.plazatirana.com\/tr\/wp-json\/wp\/v2\/pages\/416\/revisions"}],"up":[{"embeddable":true,"href":"https:\/\/www.plazatirana.com\/tr\/wp-json\/wp\/v2\/pages\/102"}],"wp:attachment":[{"href":"https:\/\/www.plazatirana.com\/tr\/wp-json\/wp\/v2\/media?parent=416"}],"curies":[{"name":"wp","href":"https:\/\/api.w.org\/{rel}","templated":true}]}}