{"id":185,"date":"2021-11-25T18:37:51","date_gmt":"2021-11-25T18:37:51","guid":{"rendered":"https:\/\/plaza-tirana.ms.decms.eu\/odalar-ve-suitler\/suites\/"},"modified":"2021-11-26T10:48:34","modified_gmt":"2021-11-26T10:48:34","slug":"suitlet","status":"publish","type":"page","link":"https:\/\/www.plazatirana.com\/tr\/odalar-ve-suitler\/suitlet\/","title":{"rendered":"S\u00fcitlet"},"content":{"rendered":"<p>L\u00fcks, \u015f\u0131k ve tasfiye edilmi\u015f, bu iki oda s\u00fcitleri \u015fehrin panoramik manzaray\u0131 da kapsayarak sizin arad\u0131\u011f\u0131n\u0131z huzuru ve sakinli\u011fi ba\u011f\u0131\u015flamak i\u00e7in \u00f6ylece proje edilmi\u015f. Bu odalar rahat bir koltuk, queen size bir yatak ve \u00e7al\u0131\u015fma ihtiyac\u0131 olanlar i\u00e7in geni\u015f bir masa da teklif ediyor.<\/p>\n","protected":false},"excerpt":{"rendered":"<p>L\u00fcks, \u015f\u0131k ve tasfiye edilmi\u015f, bu iki oda s\u00fcitleri \u015fehrin panoramik manzaray\u0131 da kapsayarak sizin arad\u0131\u011f\u0131n\u0131z huzuru ve sakinli\u011fi ba\u011f\u0131\u015flamak i\u00e7in \u00f6ylece proje edilmi\u015f. Bu odalar rahat bir koltuk, queen size bir yatak ve \u00e7al\u0131\u015fma ihtiyac\u0131 olanlar i\u00e7in geni\u015f bir masa da teklif ediyor.<\/p>\n","protected":false},"author":7,"featured_media":0,"parent":102,"menu_order":4,"comment_status":"closed","ping_status":"closed","template":"template-single-room.php","meta":{"footnotes":""},"class_list":["post-185","page","type-page","status-publish","hentry"],"yoast_head":"<!-- This site is optimized with the Yoast SEO plugin v26.9 - https:\/\/yoast.com\/product\/yoast-seo-wordpress\/ -->\n<title>S\u00fcitlet &#8212; Maritim Hotel Plaza Tirana &#8212;<\/title>\n<meta name=\"description\" content=\"L\u00fcks, \u015f\u0131k ve tasfiye edilmi\u015f, bu iki oda s\u00fcitleri \u015fehrin panoramik manzaray\u0131 da kapsayarak sizin arad\u0131\u011f\u0131n\u0131z huzuru ve sakinli\u011fi ba\u011f\u0131\u015flamak i\u00e7in \u00f6ylece proje edilmi\u015f. Bu odalar rahat bir koltuk, queen size bir yatak ve \u00e7al\u0131\u015fma ihtiyac\u0131 olanlar i\u00e7in geni\u015f bir masa da teklif ediyor.\" \/>\n<meta name=\"robots\" content=\"index, follow, max-snippet:-1, max-image-preview:large, max-video-preview:-1\" \/>\n<link rel=\"canonical\" href=\"https:\/\/www.plazatirana.com\/tr\/odalar-ve-suitler\/suitlet\/\" \/>\n<meta property=\"og:locale\" content=\"tr_TR\" \/>\n<meta property=\"og:type\" content=\"article\" \/>\n<meta property=\"og:title\" content=\"S\u00fcitlet &#8212; Maritim Hotel Plaza Tirana &#8212;\" \/>\n<meta property=\"og:description\" content=\"L\u00fcks, \u015f\u0131k ve tasfiye edilmi\u015f, bu iki oda s\u00fcitleri \u015fehrin panoramik manzaray\u0131 da kapsayarak sizin arad\u0131\u011f\u0131n\u0131z huzuru ve sakinli\u011fi ba\u011f\u0131\u015flamak i\u00e7in \u00f6ylece proje edilmi\u015f. Bu odalar rahat bir koltuk, queen size bir yatak ve \u00e7al\u0131\u015fma ihtiyac\u0131 olanlar i\u00e7in geni\u015f bir masa da teklif ediyor.\" \/>\n<meta property=\"og:url\" content=\"https:\/\/www.plazatirana.com\/tr\/odalar-ve-suitler\/suitlet\/\" \/>\n<meta property=\"og:site_name\" content=\"Maritim Hotel Plaza Tirana\" \/>\n<meta property=\"article:modified_time\" content=\"2021-11-26T10:48:34+00:00\" \/>\n<meta name=\"twitter:card\" content=\"summary_large_image\" \/>\n<script type=\"application\/ld+json\" class=\"yoast-schema-graph\">{\"@context\":\"https:\/\/schema.org\",\"@graph\":[{\"@type\":\"WebPage\",\"@id\":\"https:\/\/www.plazatirana.com\/tr\/odalar-ve-suitler\/suitlet\/\",\"url\":\"https:\/\/www.plazatirana.com\/tr\/odalar-ve-suitler\/suitlet\/\",\"name\":\"S\u00fcitlet &#8212; Maritim Hotel Plaza Tirana &#8212;\",\"isPartOf\":{\"@id\":\"https:\/\/www.plazatirana.com\/tr\/#website\"},\"datePublished\":\"2021-11-25T18:37:51+00:00\",\"dateModified\":\"2021-11-26T10:48:34+00:00\",\"description\":\"L\u00fcks, \u015f\u0131k ve tasfiye edilmi\u015f, bu iki oda s\u00fcitleri \u015fehrin panoramik manzaray\u0131 da kapsayarak sizin arad\u0131\u011f\u0131n\u0131z huzuru ve sakinli\u011fi ba\u011f\u0131\u015flamak i\u00e7in \u00f6ylece proje edilmi\u015f. Bu odalar rahat bir koltuk, queen size bir yatak ve \u00e7al\u0131\u015fma ihtiyac\u0131 olanlar i\u00e7in geni\u015f bir masa da teklif ediyor.\",\"breadcrumb\":{\"@id\":\"https:\/\/www.plazatirana.com\/tr\/odalar-ve-suitler\/suitlet\/#breadcrumb\"},\"inLanguage\":\"tr\",\"potentialAction\":[{\"@type\":\"ReadAction\",\"target\":[\"https:\/\/www.plazatirana.com\/tr\/odalar-ve-suitler\/suitlet\/\"]}]},{\"@type\":\"BreadcrumbList\",\"@id\":\"https:\/\/www.plazatirana.com\/tr\/odalar-ve-suitler\/suitlet\/#breadcrumb\",\"itemListElement\":[{\"@type\":\"ListItem\",\"position\":1,\"name\":\"Home\",\"item\":\"https:\/\/www.plazatirana.com\/tr\/\"},{\"@type\":\"ListItem\",\"position\":2,\"name\":\"Odalar ve s\u00fcitler\",\"item\":\"https:\/\/www.plazatirana.com\/tr\/odalar-ve-suitler\/\"},{\"@type\":\"ListItem\",\"position\":3,\"name\":\"S\u00fcitlet\"}]},{\"@type\":\"WebSite\",\"@id\":\"https:\/\/www.plazatirana.com\/tr\/#website\",\"url\":\"https:\/\/www.plazatirana.com\/tr\/\",\"name\":\"Maritim Hotel Plaza Tirana\",\"description\":\"Just another ms.decms.eu site\",\"publisher\":{\"@id\":\"https:\/\/www.plazatirana.com\/tr\/#organization\"},\"potentialAction\":[{\"@type\":\"SearchAction\",\"target\":{\"@type\":\"EntryPoint\",\"urlTemplate\":\"https:\/\/www.plazatirana.com\/tr\/?s={search_term_string}\"},\"query-input\":{\"@type\":\"PropertyValueSpecification\",\"valueRequired\":true,\"valueName\":\"search_term_string\"}}],\"inLanguage\":\"tr\"},{\"@type\":\"Organization\",\"@id\":\"https:\/\/www.plazatirana.com\/tr\/#organization\",\"name\":\"Maritim Hotel Plaza Tirana\",\"url\":\"https:\/\/www.plazatirana.com\/tr\/\",\"logo\":{\"@type\":\"ImageObject\",\"inLanguage\":\"tr\",\"@id\":\"https:\/\/www.plazatirana.com\/tr\/#\/schema\/logo\/image\/\",\"url\":\"https:\/\/www.plazatirana.com\/wp-content\/uploads\/sites\/378\/2021\/11\/Maritim-Hotel-Plaza-Tirana-Logo.png\",\"contentUrl\":\"https:\/\/www.plazatirana.com\/wp-content\/uploads\/sites\/378\/2021\/11\/Maritim-Hotel-Plaza-Tirana-Logo.png\",\"width\":300,\"height\":224,\"caption\":\"Maritim Hotel Plaza Tirana\"},\"image\":{\"@id\":\"https:\/\/www.plazatirana.com\/tr\/#\/schema\/logo\/image\/\"}}]}<\/script>\n<!-- \/ Yoast SEO plugin. -->","yoast_head_json":{"title":"S\u00fcitlet &#8212; Maritim Hotel Plaza Tirana &#8212;","description":"L\u00fcks, \u015f\u0131k ve tasfiye edilmi\u015f, bu iki oda s\u00fcitleri \u015fehrin panoramik manzaray\u0131 da kapsayarak sizin arad\u0131\u011f\u0131n\u0131z huzuru ve sakinli\u011fi ba\u011f\u0131\u015flamak i\u00e7in \u00f6ylece proje edilmi\u015f. Bu odalar rahat bir koltuk, queen size bir yatak ve \u00e7al\u0131\u015fma ihtiyac\u0131 olanlar i\u00e7in geni\u015f bir masa da teklif ediyor.","robots":{"index":"index","follow":"follow","max-snippet":"max-snippet:-1","max-image-preview":"max-image-preview:large","max-video-preview":"max-video-preview:-1"},"canonical":"https:\/\/www.plazatirana.com\/tr\/odalar-ve-suitler\/suitlet\/","og_locale":"tr_TR","og_type":"article","og_title":"S\u00fcitlet &#8212; Maritim Hotel Plaza Tirana &#8212;","og_description":"L\u00fcks, \u015f\u0131k ve tasfiye edilmi\u015f, bu iki oda s\u00fcitleri \u015fehrin panoramik manzaray\u0131 da kapsayarak sizin arad\u0131\u011f\u0131n\u0131z huzuru ve sakinli\u011fi ba\u011f\u0131\u015flamak i\u00e7in \u00f6ylece proje edilmi\u015f. Bu odalar rahat bir koltuk, queen size bir yatak ve \u00e7al\u0131\u015fma ihtiyac\u0131 olanlar i\u00e7in geni\u015f bir masa da teklif ediyor.","og_url":"https:\/\/www.plazatirana.com\/tr\/odalar-ve-suitler\/suitlet\/","og_site_name":"Maritim Hotel Plaza Tirana","article_modified_time":"2021-11-26T10:48:34+00:00","twitter_card":"summary_large_image","schema":{"@context":"https:\/\/schema.org","@graph":[{"@type":"WebPage","@id":"https:\/\/www.plazatirana.com\/tr\/odalar-ve-suitler\/suitlet\/","url":"https:\/\/www.plazatirana.com\/tr\/odalar-ve-suitler\/suitlet\/","name":"S\u00fcitlet &#8212; Maritim Hotel Plaza Tirana &#8212;","isPartOf":{"@id":"https:\/\/www.plazatirana.com\/tr\/#website"},"datePublished":"2021-11-25T18:37:51+00:00","dateModified":"2021-11-26T10:48:34+00:00","description":"L\u00fcks, \u015f\u0131k ve tasfiye edilmi\u015f, bu iki oda s\u00fcitleri \u015fehrin panoramik manzaray\u0131 da kapsayarak sizin arad\u0131\u011f\u0131n\u0131z huzuru ve sakinli\u011fi ba\u011f\u0131\u015flamak i\u00e7in \u00f6ylece proje edilmi\u015f. Bu odalar rahat bir koltuk, queen size bir yatak ve \u00e7al\u0131\u015fma ihtiyac\u0131 olanlar i\u00e7in geni\u015f bir masa da teklif ediyor.","breadcrumb":{"@id":"https:\/\/www.plazatirana.com\/tr\/odalar-ve-suitler\/suitlet\/#breadcrumb"},"inLanguage":"tr","potentialAction":[{"@type":"ReadAction","target":["https:\/\/www.plazatirana.com\/tr\/odalar-ve-suitler\/suitlet\/"]}]},{"@type":"BreadcrumbList","@id":"https:\/\/www.plazatirana.com\/tr\/odalar-ve-suitler\/suitlet\/#breadcrumb","itemListElement":[{"@type":"ListItem","position":1,"name":"Home","item":"https:\/\/www.plazatirana.com\/tr\/"},{"@type":"ListItem","position":2,"name":"Odalar ve s\u00fcitler","item":"https:\/\/www.plazatirana.com\/tr\/odalar-ve-suitler\/"},{"@type":"ListItem","position":3,"name":"S\u00fcitlet"}]},{"@type":"WebSite","@id":"https:\/\/www.plazatirana.com\/tr\/#website","url":"https:\/\/www.plazatirana.com\/tr\/","name":"Maritim Hotel Plaza Tirana","description":"Just another ms.decms.eu site","publisher":{"@id":"https:\/\/www.plazatirana.com\/tr\/#organization"},"potentialAction":[{"@type":"SearchAction","target":{"@type":"EntryPoint","urlTemplate":"https:\/\/www.plazatirana.com\/tr\/?s={search_term_string}"},"query-input":{"@type":"PropertyValueSpecification","valueRequired":true,"valueName":"search_term_string"}}],"inLanguage":"tr"},{"@type":"Organization","@id":"https:\/\/www.plazatirana.com\/tr\/#organization","name":"Maritim Hotel Plaza Tirana","url":"https:\/\/www.plazatirana.com\/tr\/","logo":{"@type":"ImageObject","inLanguage":"tr","@id":"https:\/\/www.plazatirana.com\/tr\/#\/schema\/logo\/image\/","url":"https:\/\/www.plazatirana.com\/wp-content\/uploads\/sites\/378\/2021\/11\/Maritim-Hotel-Plaza-Tirana-Logo.png","contentUrl":"https:\/\/www.plazatirana.com\/wp-content\/uploads\/sites\/378\/2021\/11\/Maritim-Hotel-Plaza-Tirana-Logo.png","width":300,"height":224,"caption":"Maritim Hotel Plaza Tirana"},"image":{"@id":"https:\/\/www.plazatirana.com\/tr\/#\/schema\/logo\/image\/"}}]}},"acf":[],"_links":{"self":[{"href":"https:\/\/www.plazatirana.com\/tr\/wp-json\/wp\/v2\/pages\/185","targetHints":{"allow":["GET"]}}],"collection":[{"href":"https:\/\/www.plazatirana.com\/tr\/wp-json\/wp\/v2\/pages"}],"about":[{"href":"https:\/\/www.plazatirana.com\/tr\/wp-json\/wp\/v2\/types\/page"}],"author":[{"embeddable":true,"href":"https:\/\/www.plazatirana.com\/tr\/wp-json\/wp\/v2\/users\/7"}],"replies":[{"embeddable":true,"href":"https:\/\/www.plazatirana.com\/tr\/wp-json\/wp\/v2\/comments?post=185"}],"version-history":[{"count":0,"href":"https:\/\/www.plazatirana.com\/tr\/wp-json\/wp\/v2\/pages\/185\/revisions"}],"up":[{"embeddable":true,"href":"https:\/\/www.plazatirana.com\/tr\/wp-json\/wp\/v2\/pages\/102"}],"wp:attachment":[{"href":"https:\/\/www.plazatirana.com\/tr\/wp-json\/wp\/v2\/media?parent=185"}],"curies":[{"name":"wp","href":"https:\/\/api.w.org\/{rel}","templated":true}]}}