{"id":125,"date":"2021-11-24T15:40:56","date_gmt":"2021-11-24T15:40:56","guid":{"rendered":"https:\/\/plaza-tirana.ms.decms.eu\/?page_id=125"},"modified":"2021-11-24T15:50:18","modified_gmt":"2021-11-24T15:50:18","slug":"is-odalari","status":"publish","type":"page","link":"https:\/\/www.plazatirana.com\/tr\/odalar-ve-suitler\/is-odalari\/","title":{"rendered":"I\u015f odalar\u0131"},"content":{"rendered":"<p>I\u015f odalar\u0131 her zamanki gibi de\u011fil. Modern ve co\u015fkun, s\u0131k ve m\u00fckemmel bi\u00e7iminde, sizin ihtiya\u00e7lar\u0131n\u0131z i\u00e7in tasarlanm\u0131\u015f tek ve evlilik yataklar. Ge\u00e7irmi\u015f yo\u011fun bir g\u00fcn\u00fcnden sonra sizin sakinli\u011finizi i\u00e7in ideal odalar.<\/p>\n","protected":false},"excerpt":{"rendered":"<p>I\u015f odalar\u0131 her zamanki gibi de\u011fil. Modern ve co\u015fkun, s\u0131k ve m\u00fckemmel bi\u00e7iminde, sizin ihtiya\u00e7lar\u0131n\u0131z i\u00e7in tasarlanm\u0131\u015f tek ve evlilik yataklar. Ge\u00e7irmi\u015f yo\u011fun bir g\u00fcn\u00fcnden sonra sizin sakinli\u011finizi i\u00e7in ideal odalar.<\/p>\n","protected":false},"author":7,"featured_media":0,"parent":102,"menu_order":0,"comment_status":"closed","ping_status":"closed","template":"template-single-room.php","meta":{"footnotes":""},"class_list":["post-125","page","type-page","status-publish","hentry"],"yoast_head":"<!-- This site is optimized with the Yoast SEO plugin v26.9 - https:\/\/yoast.com\/product\/yoast-seo-wordpress\/ -->\n<title>I\u015f odalar\u0131 &#8212; Maritim Hotel Plaza Tirana &#8212;<\/title>\n<meta name=\"description\" content=\"I\u015f odalar\u0131 her zamanki gibi de\u011fil. Modern ve co\u015fkun, s\u0131k ve m\u00fckemmel bi\u00e7iminde, sizin ihtiya\u00e7lar\u0131n\u0131z i\u00e7in tasarlanm\u0131\u015f tek ve evlilik yataklar\" \/>\n<meta name=\"robots\" content=\"index, follow, max-snippet:-1, max-image-preview:large, max-video-preview:-1\" \/>\n<link rel=\"canonical\" href=\"https:\/\/www.plazatirana.com\/tr\/odalar-ve-suitler\/is-odalari\/\" \/>\n<meta property=\"og:locale\" content=\"tr_TR\" \/>\n<meta property=\"og:type\" content=\"article\" \/>\n<meta property=\"og:title\" content=\"I\u015f odalar\u0131 &#8212; Maritim Hotel Plaza Tirana &#8212;\" \/>\n<meta property=\"og:description\" content=\"I\u015f odalar\u0131 her zamanki gibi de\u011fil. Modern ve co\u015fkun, s\u0131k ve m\u00fckemmel bi\u00e7iminde, sizin ihtiya\u00e7lar\u0131n\u0131z i\u00e7in tasarlanm\u0131\u015f tek ve evlilik yataklar\" \/>\n<meta property=\"og:url\" content=\"https:\/\/www.plazatirana.com\/tr\/odalar-ve-suitler\/is-odalari\/\" \/>\n<meta property=\"og:site_name\" content=\"Maritim Hotel Plaza Tirana\" \/>\n<meta property=\"article:modified_time\" content=\"2021-11-24T15:50:18+00:00\" \/>\n<meta name=\"twitter:card\" content=\"summary_large_image\" \/>\n<script type=\"application\/ld+json\" class=\"yoast-schema-graph\">{\"@context\":\"https:\/\/schema.org\",\"@graph\":[{\"@type\":\"WebPage\",\"@id\":\"https:\/\/www.plazatirana.com\/tr\/odalar-ve-suitler\/is-odalari\/\",\"url\":\"https:\/\/www.plazatirana.com\/tr\/odalar-ve-suitler\/is-odalari\/\",\"name\":\"I\u015f odalar\u0131 &#8212; Maritim Hotel Plaza Tirana &#8212;\",\"isPartOf\":{\"@id\":\"https:\/\/www.plazatirana.com\/tr\/#website\"},\"datePublished\":\"2021-11-24T15:40:56+00:00\",\"dateModified\":\"2021-11-24T15:50:18+00:00\",\"description\":\"I\u015f odalar\u0131 her zamanki gibi de\u011fil. Modern ve co\u015fkun, s\u0131k ve m\u00fckemmel bi\u00e7iminde, sizin ihtiya\u00e7lar\u0131n\u0131z i\u00e7in tasarlanm\u0131\u015f tek ve evlilik yataklar\",\"breadcrumb\":{\"@id\":\"https:\/\/www.plazatirana.com\/tr\/odalar-ve-suitler\/is-odalari\/#breadcrumb\"},\"inLanguage\":\"tr\",\"potentialAction\":[{\"@type\":\"ReadAction\",\"target\":[\"https:\/\/www.plazatirana.com\/tr\/odalar-ve-suitler\/is-odalari\/\"]}]},{\"@type\":\"BreadcrumbList\",\"@id\":\"https:\/\/www.plazatirana.com\/tr\/odalar-ve-suitler\/is-odalari\/#breadcrumb\",\"itemListElement\":[{\"@type\":\"ListItem\",\"position\":1,\"name\":\"Home\",\"item\":\"https:\/\/www.plazatirana.com\/tr\/\"},{\"@type\":\"ListItem\",\"position\":2,\"name\":\"Odalar ve s\u00fcitler\",\"item\":\"https:\/\/www.plazatirana.com\/tr\/odalar-ve-suitler\/\"},{\"@type\":\"ListItem\",\"position\":3,\"name\":\"I\u015f odalar\u0131\"}]},{\"@type\":\"WebSite\",\"@id\":\"https:\/\/www.plazatirana.com\/tr\/#website\",\"url\":\"https:\/\/www.plazatirana.com\/tr\/\",\"name\":\"Maritim Hotel Plaza Tirana\",\"description\":\"Just another ms.decms.eu site\",\"publisher\":{\"@id\":\"https:\/\/www.plazatirana.com\/tr\/#organization\"},\"potentialAction\":[{\"@type\":\"SearchAction\",\"target\":{\"@type\":\"EntryPoint\",\"urlTemplate\":\"https:\/\/www.plazatirana.com\/tr\/?s={search_term_string}\"},\"query-input\":{\"@type\":\"PropertyValueSpecification\",\"valueRequired\":true,\"valueName\":\"search_term_string\"}}],\"inLanguage\":\"tr\"},{\"@type\":\"Organization\",\"@id\":\"https:\/\/www.plazatirana.com\/tr\/#organization\",\"name\":\"Maritim Hotel Plaza Tirana\",\"url\":\"https:\/\/www.plazatirana.com\/tr\/\",\"logo\":{\"@type\":\"ImageObject\",\"inLanguage\":\"tr\",\"@id\":\"https:\/\/www.plazatirana.com\/tr\/#\/schema\/logo\/image\/\",\"url\":\"https:\/\/www.plazatirana.com\/wp-content\/uploads\/sites\/378\/2021\/11\/Maritim-Hotel-Plaza-Tirana-Logo.png\",\"contentUrl\":\"https:\/\/www.plazatirana.com\/wp-content\/uploads\/sites\/378\/2021\/11\/Maritim-Hotel-Plaza-Tirana-Logo.png\",\"width\":300,\"height\":224,\"caption\":\"Maritim Hotel Plaza Tirana\"},\"image\":{\"@id\":\"https:\/\/www.plazatirana.com\/tr\/#\/schema\/logo\/image\/\"}}]}<\/script>\n<!-- \/ Yoast SEO plugin. -->","yoast_head_json":{"title":"I\u015f odalar\u0131 &#8212; Maritim Hotel Plaza Tirana &#8212;","description":"I\u015f odalar\u0131 her zamanki gibi de\u011fil. Modern ve co\u015fkun, s\u0131k ve m\u00fckemmel bi\u00e7iminde, sizin ihtiya\u00e7lar\u0131n\u0131z i\u00e7in tasarlanm\u0131\u015f tek ve evlilik yataklar","robots":{"index":"index","follow":"follow","max-snippet":"max-snippet:-1","max-image-preview":"max-image-preview:large","max-video-preview":"max-video-preview:-1"},"canonical":"https:\/\/www.plazatirana.com\/tr\/odalar-ve-suitler\/is-odalari\/","og_locale":"tr_TR","og_type":"article","og_title":"I\u015f odalar\u0131 &#8212; Maritim Hotel Plaza Tirana &#8212;","og_description":"I\u015f odalar\u0131 her zamanki gibi de\u011fil. Modern ve co\u015fkun, s\u0131k ve m\u00fckemmel bi\u00e7iminde, sizin ihtiya\u00e7lar\u0131n\u0131z i\u00e7in tasarlanm\u0131\u015f tek ve evlilik yataklar","og_url":"https:\/\/www.plazatirana.com\/tr\/odalar-ve-suitler\/is-odalari\/","og_site_name":"Maritim Hotel Plaza Tirana","article_modified_time":"2021-11-24T15:50:18+00:00","twitter_card":"summary_large_image","schema":{"@context":"https:\/\/schema.org","@graph":[{"@type":"WebPage","@id":"https:\/\/www.plazatirana.com\/tr\/odalar-ve-suitler\/is-odalari\/","url":"https:\/\/www.plazatirana.com\/tr\/odalar-ve-suitler\/is-odalari\/","name":"I\u015f odalar\u0131 &#8212; Maritim Hotel Plaza Tirana &#8212;","isPartOf":{"@id":"https:\/\/www.plazatirana.com\/tr\/#website"},"datePublished":"2021-11-24T15:40:56+00:00","dateModified":"2021-11-24T15:50:18+00:00","description":"I\u015f odalar\u0131 her zamanki gibi de\u011fil. Modern ve co\u015fkun, s\u0131k ve m\u00fckemmel bi\u00e7iminde, sizin ihtiya\u00e7lar\u0131n\u0131z i\u00e7in tasarlanm\u0131\u015f tek ve evlilik yataklar","breadcrumb":{"@id":"https:\/\/www.plazatirana.com\/tr\/odalar-ve-suitler\/is-odalari\/#breadcrumb"},"inLanguage":"tr","potentialAction":[{"@type":"ReadAction","target":["https:\/\/www.plazatirana.com\/tr\/odalar-ve-suitler\/is-odalari\/"]}]},{"@type":"BreadcrumbList","@id":"https:\/\/www.plazatirana.com\/tr\/odalar-ve-suitler\/is-odalari\/#breadcrumb","itemListElement":[{"@type":"ListItem","position":1,"name":"Home","item":"https:\/\/www.plazatirana.com\/tr\/"},{"@type":"ListItem","position":2,"name":"Odalar ve s\u00fcitler","item":"https:\/\/www.plazatirana.com\/tr\/odalar-ve-suitler\/"},{"@type":"ListItem","position":3,"name":"I\u015f odalar\u0131"}]},{"@type":"WebSite","@id":"https:\/\/www.plazatirana.com\/tr\/#website","url":"https:\/\/www.plazatirana.com\/tr\/","name":"Maritim Hotel Plaza Tirana","description":"Just another ms.decms.eu site","publisher":{"@id":"https:\/\/www.plazatirana.com\/tr\/#organization"},"potentialAction":[{"@type":"SearchAction","target":{"@type":"EntryPoint","urlTemplate":"https:\/\/www.plazatirana.com\/tr\/?s={search_term_string}"},"query-input":{"@type":"PropertyValueSpecification","valueRequired":true,"valueName":"search_term_string"}}],"inLanguage":"tr"},{"@type":"Organization","@id":"https:\/\/www.plazatirana.com\/tr\/#organization","name":"Maritim Hotel Plaza Tirana","url":"https:\/\/www.plazatirana.com\/tr\/","logo":{"@type":"ImageObject","inLanguage":"tr","@id":"https:\/\/www.plazatirana.com\/tr\/#\/schema\/logo\/image\/","url":"https:\/\/www.plazatirana.com\/wp-content\/uploads\/sites\/378\/2021\/11\/Maritim-Hotel-Plaza-Tirana-Logo.png","contentUrl":"https:\/\/www.plazatirana.com\/wp-content\/uploads\/sites\/378\/2021\/11\/Maritim-Hotel-Plaza-Tirana-Logo.png","width":300,"height":224,"caption":"Maritim Hotel Plaza Tirana"},"image":{"@id":"https:\/\/www.plazatirana.com\/tr\/#\/schema\/logo\/image\/"}}]}},"acf":[],"_links":{"self":[{"href":"https:\/\/www.plazatirana.com\/tr\/wp-json\/wp\/v2\/pages\/125","targetHints":{"allow":["GET"]}}],"collection":[{"href":"https:\/\/www.plazatirana.com\/tr\/wp-json\/wp\/v2\/pages"}],"about":[{"href":"https:\/\/www.plazatirana.com\/tr\/wp-json\/wp\/v2\/types\/page"}],"author":[{"embeddable":true,"href":"https:\/\/www.plazatirana.com\/tr\/wp-json\/wp\/v2\/users\/7"}],"replies":[{"embeddable":true,"href":"https:\/\/www.plazatirana.com\/tr\/wp-json\/wp\/v2\/comments?post=125"}],"version-history":[{"count":0,"href":"https:\/\/www.plazatirana.com\/tr\/wp-json\/wp\/v2\/pages\/125\/revisions"}],"up":[{"embeddable":true,"href":"https:\/\/www.plazatirana.com\/tr\/wp-json\/wp\/v2\/pages\/102"}],"wp:attachment":[{"href":"https:\/\/www.plazatirana.com\/tr\/wp-json\/wp\/v2\/media?parent=125"}],"curies":[{"name":"wp","href":"https:\/\/api.w.org\/{rel}","templated":true}]}}