{"id":921,"date":"2022-01-19T17:02:56","date_gmt":"2022-01-19T17:02:56","guid":{"rendered":"https:\/\/plaza-tirana.ms.decms.eu\/?page_id=921"},"modified":"2022-01-19T17:03:39","modified_gmt":"2022-01-19T17:03:39","slug":"gym","status":"publish","type":"page","link":"https:\/\/www.plazatirana.com\/sq\/gym\/","title":{"rendered":"Gym"},"content":{"rendered":"<p>Nj\u00eb hap\u00ebsir\u00eb e plot\u00eb palestre ku ju mund t\u00eb <strong>shijoni nj\u00eb eksperienc\u00eb elitare st\u00ebrvitjeje<\/strong>, p\u00ebr frekuentues rast\u00ebsor\u00eb ose edhe p\u00ebr ju q\u00eb d\u00ebshironi t\u00eb ndiqni objektivat tuaja kudo q\u00eb t\u00eb jeni.<\/p>\n<p><strong>Palestra jon\u00eb ofron linj\u00ebn<\/strong> e re kardio Personal t\u00eb brandit Technogym dhe linj\u00ebn Plurima p\u00ebr makinerit\u00eb e forc\u00ebs me nj\u00eb imazh t\u00eb fjal\u00ebs s\u00eb fundit dhe teknologji t\u00eb kursimit energjitik.<\/p>\n<p>P\u00ebr t\u00eb shijuar nj\u00eb eksperienc\u00eb m\u00eb t\u00eb <strong>personalizuar provoni studion<\/strong> ton\u00eb t\u00eb mir\u00ebq\u00ebnies t\u00eb pajisur me veglat funksionale Technogym ARKE.<\/p>\n","protected":false},"excerpt":{"rendered":"<p>Nj\u00eb hap\u00ebsir\u00eb e plot\u00eb palestre ku ju mund t\u00eb shijoni nj\u00eb eksperienc\u00eb elitare st\u00ebrvitjeje, p\u00ebr frekuentues rast\u00ebsor\u00eb ose edhe p\u00ebr ju q\u00eb d\u00ebshironi t\u00eb ndiqni objektivat tuaja kudo q\u00eb t\u00eb jeni. Palestra jon\u00eb ofron linj\u00ebn e re kardio Personal t\u00eb brandit Technogym dhe linj\u00ebn Plurima p\u00ebr makinerit\u00eb e forc\u00ebs me nj\u00eb imazh t\u00eb fjal\u00ebs s\u00eb [&hellip;]<\/p>\n","protected":false},"author":7,"featured_media":0,"parent":0,"menu_order":16,"comment_status":"closed","ping_status":"closed","template":"template-default-4.php","meta":{"footnotes":""},"class_list":["post-921","page","type-page","status-publish","hentry"],"yoast_head":"<!-- This site is optimized with the Yoast SEO plugin v26.9 - https:\/\/yoast.com\/product\/yoast-seo-wordpress\/ -->\n<title>Gym &#8212; Maritim Hotel Plaza Tirana &#8212;<\/title>\n<meta name=\"description\" content=\"Nj\u00eb hap\u00ebsir\u00eb e plot\u00eb palestre ku ju mund t\u00eb shijoni nj\u00eb eksperienc\u00eb elitare st\u00ebrvitjeje, p\u00ebr frekuentues rast\u00ebsor\u00eb ose edhe p\u00ebr ju q\u00eb d\u00ebshironi t\u00eb ndiqni objektivat tuaja kudo q\u00eb t\u00eb jeni.  Palestra jon\u00eb ofron linj\u00ebn e re kardio Personal t\u00eb brandit Technogym dhe linj\u00ebn Plurima p\u00ebr makinerit\u00eb e forc\u00ebs me nj\u00eb imazh t\u00eb fjal\u00ebs s\u00eb fundit dhe teknologji t\u00eb kursimit energjitik.  P\u00ebr t\u00eb shijuar nj\u00eb eksperienc\u00eb m\u00eb t\u00eb personalizuar provoni studion ton\u00eb t\u00eb mir\u00ebq\u00ebnies t\u00eb pajisur me veglat funksionale Technogym ARKE..\" \/>\n<meta name=\"robots\" content=\"index, follow, max-snippet:-1, max-image-preview:large, max-video-preview:-1\" \/>\n<link rel=\"canonical\" href=\"https:\/\/www.plazatirana.com\/sq\/gym\/\" \/>\n<meta property=\"og:locale\" content=\"sq_AL\" \/>\n<meta property=\"og:type\" content=\"article\" \/>\n<meta property=\"og:title\" content=\"Gym &#8212; Maritim Hotel Plaza Tirana &#8212;\" \/>\n<meta property=\"og:description\" content=\"Nj\u00eb hap\u00ebsir\u00eb e plot\u00eb palestre ku ju mund t\u00eb shijoni nj\u00eb eksperienc\u00eb elitare st\u00ebrvitjeje, p\u00ebr frekuentues rast\u00ebsor\u00eb ose edhe p\u00ebr ju q\u00eb d\u00ebshironi t\u00eb ndiqni objektivat tuaja kudo q\u00eb t\u00eb jeni.  Palestra jon\u00eb ofron linj\u00ebn e re kardio Personal t\u00eb brandit Technogym dhe linj\u00ebn Plurima p\u00ebr makinerit\u00eb e forc\u00ebs me nj\u00eb imazh t\u00eb fjal\u00ebs s\u00eb fundit dhe teknologji t\u00eb kursimit energjitik.  P\u00ebr t\u00eb shijuar nj\u00eb eksperienc\u00eb m\u00eb t\u00eb personalizuar provoni studion ton\u00eb t\u00eb mir\u00ebq\u00ebnies t\u00eb pajisur me veglat funksionale Technogym ARKE..\" \/>\n<meta property=\"og:url\" content=\"https:\/\/www.plazatirana.com\/sq\/gym\/\" \/>\n<meta property=\"og:site_name\" content=\"Maritim Hotel Plaza Tirana\" \/>\n<meta property=\"article:modified_time\" content=\"2022-01-19T17:03:39+00:00\" \/>\n<meta name=\"twitter:card\" content=\"summary_large_image\" \/>\n<script type=\"application\/ld+json\" class=\"yoast-schema-graph\">{\"@context\":\"https:\/\/schema.org\",\"@graph\":[{\"@type\":\"WebPage\",\"@id\":\"https:\/\/www.plazatirana.com\/sq\/gym\/\",\"url\":\"https:\/\/www.plazatirana.com\/sq\/gym\/\",\"name\":\"Gym &#8212; Maritim Hotel Plaza Tirana &#8212;\",\"isPartOf\":{\"@id\":\"https:\/\/www.plazatirana.com\/sq\/#website\"},\"datePublished\":\"2022-01-19T17:02:56+00:00\",\"dateModified\":\"2022-01-19T17:03:39+00:00\",\"description\":\"Nj\u00eb hap\u00ebsir\u00eb e plot\u00eb palestre ku ju mund t\u00eb shijoni nj\u00eb eksperienc\u00eb elitare st\u00ebrvitjeje, p\u00ebr frekuentues rast\u00ebsor\u00eb ose edhe p\u00ebr ju q\u00eb d\u00ebshironi t\u00eb ndiqni objektivat tuaja kudo q\u00eb t\u00eb jeni. Palestra jon\u00eb ofron linj\u00ebn e re kardio Personal t\u00eb brandit Technogym dhe linj\u00ebn Plurima p\u00ebr makinerit\u00eb e forc\u00ebs me nj\u00eb imazh t\u00eb fjal\u00ebs s\u00eb fundit dhe teknologji t\u00eb kursimit energjitik. P\u00ebr t\u00eb shijuar nj\u00eb eksperienc\u00eb m\u00eb t\u00eb personalizuar provoni studion ton\u00eb t\u00eb mir\u00ebq\u00ebnies t\u00eb pajisur me veglat funksionale Technogym ARKE..\",\"breadcrumb\":{\"@id\":\"https:\/\/www.plazatirana.com\/sq\/gym\/#breadcrumb\"},\"inLanguage\":\"sq-AL\",\"potentialAction\":[{\"@type\":\"ReadAction\",\"target\":[\"https:\/\/www.plazatirana.com\/sq\/gym\/\"]}]},{\"@type\":\"BreadcrumbList\",\"@id\":\"https:\/\/www.plazatirana.com\/sq\/gym\/#breadcrumb\",\"itemListElement\":[{\"@type\":\"ListItem\",\"position\":1,\"name\":\"Home\",\"item\":\"https:\/\/www.plazatirana.com\/sq\/\"},{\"@type\":\"ListItem\",\"position\":2,\"name\":\"Gym\"}]},{\"@type\":\"WebSite\",\"@id\":\"https:\/\/www.plazatirana.com\/sq\/#website\",\"url\":\"https:\/\/www.plazatirana.com\/sq\/\",\"name\":\"Maritim Hotel Plaza Tirana\",\"description\":\"Just another ms.decms.eu site\",\"publisher\":{\"@id\":\"https:\/\/www.plazatirana.com\/sq\/#organization\"},\"potentialAction\":[{\"@type\":\"SearchAction\",\"target\":{\"@type\":\"EntryPoint\",\"urlTemplate\":\"https:\/\/www.plazatirana.com\/sq\/?s={search_term_string}\"},\"query-input\":{\"@type\":\"PropertyValueSpecification\",\"valueRequired\":true,\"valueName\":\"search_term_string\"}}],\"inLanguage\":\"sq-AL\"},{\"@type\":\"Organization\",\"@id\":\"https:\/\/www.plazatirana.com\/sq\/#organization\",\"name\":\"Maritim Hotel Plaza Tirana\",\"url\":\"https:\/\/www.plazatirana.com\/sq\/\",\"logo\":{\"@type\":\"ImageObject\",\"inLanguage\":\"sq-AL\",\"@id\":\"https:\/\/www.plazatirana.com\/sq\/#\/schema\/logo\/image\/\",\"url\":\"https:\/\/www.plazatirana.com\/wp-content\/uploads\/sites\/378\/2021\/11\/Maritim-Hotel-Plaza-Tirana-Logo.png\",\"contentUrl\":\"https:\/\/www.plazatirana.com\/wp-content\/uploads\/sites\/378\/2021\/11\/Maritim-Hotel-Plaza-Tirana-Logo.png\",\"width\":300,\"height\":224,\"caption\":\"Maritim Hotel Plaza Tirana\"},\"image\":{\"@id\":\"https:\/\/www.plazatirana.com\/sq\/#\/schema\/logo\/image\/\"}}]}<\/script>\n<!-- \/ Yoast SEO plugin. -->","yoast_head_json":{"title":"Gym &#8212; Maritim Hotel Plaza Tirana &#8212;","description":"Nj\u00eb hap\u00ebsir\u00eb e plot\u00eb palestre ku ju mund t\u00eb shijoni nj\u00eb eksperienc\u00eb elitare st\u00ebrvitjeje, p\u00ebr frekuentues rast\u00ebsor\u00eb ose edhe p\u00ebr ju q\u00eb d\u00ebshironi t\u00eb ndiqni objektivat tuaja kudo q\u00eb t\u00eb jeni.  Palestra jon\u00eb ofron linj\u00ebn e re kardio Personal t\u00eb brandit Technogym dhe linj\u00ebn Plurima p\u00ebr makinerit\u00eb e forc\u00ebs me nj\u00eb imazh t\u00eb fjal\u00ebs s\u00eb fundit dhe teknologji t\u00eb kursimit energjitik.  P\u00ebr t\u00eb shijuar nj\u00eb eksperienc\u00eb m\u00eb t\u00eb personalizuar provoni studion ton\u00eb t\u00eb mir\u00ebq\u00ebnies t\u00eb pajisur me veglat funksionale Technogym ARKE..","robots":{"index":"index","follow":"follow","max-snippet":"max-snippet:-1","max-image-preview":"max-image-preview:large","max-video-preview":"max-video-preview:-1"},"canonical":"https:\/\/www.plazatirana.com\/sq\/gym\/","og_locale":"sq_AL","og_type":"article","og_title":"Gym &#8212; Maritim Hotel Plaza Tirana &#8212;","og_description":"Nj\u00eb hap\u00ebsir\u00eb e plot\u00eb palestre ku ju mund t\u00eb shijoni nj\u00eb eksperienc\u00eb elitare st\u00ebrvitjeje, p\u00ebr frekuentues rast\u00ebsor\u00eb ose edhe p\u00ebr ju q\u00eb d\u00ebshironi t\u00eb ndiqni objektivat tuaja kudo q\u00eb t\u00eb jeni.  Palestra jon\u00eb ofron linj\u00ebn e re kardio Personal t\u00eb brandit Technogym dhe linj\u00ebn Plurima p\u00ebr makinerit\u00eb e forc\u00ebs me nj\u00eb imazh t\u00eb fjal\u00ebs s\u00eb fundit dhe teknologji t\u00eb kursimit energjitik.  P\u00ebr t\u00eb shijuar nj\u00eb eksperienc\u00eb m\u00eb t\u00eb personalizuar provoni studion ton\u00eb t\u00eb mir\u00ebq\u00ebnies t\u00eb pajisur me veglat funksionale Technogym ARKE..","og_url":"https:\/\/www.plazatirana.com\/sq\/gym\/","og_site_name":"Maritim Hotel Plaza Tirana","article_modified_time":"2022-01-19T17:03:39+00:00","twitter_card":"summary_large_image","schema":{"@context":"https:\/\/schema.org","@graph":[{"@type":"WebPage","@id":"https:\/\/www.plazatirana.com\/sq\/gym\/","url":"https:\/\/www.plazatirana.com\/sq\/gym\/","name":"Gym &#8212; Maritim Hotel Plaza Tirana &#8212;","isPartOf":{"@id":"https:\/\/www.plazatirana.com\/sq\/#website"},"datePublished":"2022-01-19T17:02:56+00:00","dateModified":"2022-01-19T17:03:39+00:00","description":"Nj\u00eb hap\u00ebsir\u00eb e plot\u00eb palestre ku ju mund t\u00eb shijoni nj\u00eb eksperienc\u00eb elitare st\u00ebrvitjeje, p\u00ebr frekuentues rast\u00ebsor\u00eb ose edhe p\u00ebr ju q\u00eb d\u00ebshironi t\u00eb ndiqni objektivat tuaja kudo q\u00eb t\u00eb jeni. Palestra jon\u00eb ofron linj\u00ebn e re kardio Personal t\u00eb brandit Technogym dhe linj\u00ebn Plurima p\u00ebr makinerit\u00eb e forc\u00ebs me nj\u00eb imazh t\u00eb fjal\u00ebs s\u00eb fundit dhe teknologji t\u00eb kursimit energjitik. P\u00ebr t\u00eb shijuar nj\u00eb eksperienc\u00eb m\u00eb t\u00eb personalizuar provoni studion ton\u00eb t\u00eb mir\u00ebq\u00ebnies t\u00eb pajisur me veglat funksionale Technogym ARKE..","breadcrumb":{"@id":"https:\/\/www.plazatirana.com\/sq\/gym\/#breadcrumb"},"inLanguage":"sq-AL","potentialAction":[{"@type":"ReadAction","target":["https:\/\/www.plazatirana.com\/sq\/gym\/"]}]},{"@type":"BreadcrumbList","@id":"https:\/\/www.plazatirana.com\/sq\/gym\/#breadcrumb","itemListElement":[{"@type":"ListItem","position":1,"name":"Home","item":"https:\/\/www.plazatirana.com\/sq\/"},{"@type":"ListItem","position":2,"name":"Gym"}]},{"@type":"WebSite","@id":"https:\/\/www.plazatirana.com\/sq\/#website","url":"https:\/\/www.plazatirana.com\/sq\/","name":"Maritim Hotel Plaza Tirana","description":"Just another ms.decms.eu site","publisher":{"@id":"https:\/\/www.plazatirana.com\/sq\/#organization"},"potentialAction":[{"@type":"SearchAction","target":{"@type":"EntryPoint","urlTemplate":"https:\/\/www.plazatirana.com\/sq\/?s={search_term_string}"},"query-input":{"@type":"PropertyValueSpecification","valueRequired":true,"valueName":"search_term_string"}}],"inLanguage":"sq-AL"},{"@type":"Organization","@id":"https:\/\/www.plazatirana.com\/sq\/#organization","name":"Maritim Hotel Plaza Tirana","url":"https:\/\/www.plazatirana.com\/sq\/","logo":{"@type":"ImageObject","inLanguage":"sq-AL","@id":"https:\/\/www.plazatirana.com\/sq\/#\/schema\/logo\/image\/","url":"https:\/\/www.plazatirana.com\/wp-content\/uploads\/sites\/378\/2021\/11\/Maritim-Hotel-Plaza-Tirana-Logo.png","contentUrl":"https:\/\/www.plazatirana.com\/wp-content\/uploads\/sites\/378\/2021\/11\/Maritim-Hotel-Plaza-Tirana-Logo.png","width":300,"height":224,"caption":"Maritim Hotel Plaza Tirana"},"image":{"@id":"https:\/\/www.plazatirana.com\/sq\/#\/schema\/logo\/image\/"}}]}},"acf":[],"_links":{"self":[{"href":"https:\/\/www.plazatirana.com\/sq\/wp-json\/wp\/v2\/pages\/921","targetHints":{"allow":["GET"]}}],"collection":[{"href":"https:\/\/www.plazatirana.com\/sq\/wp-json\/wp\/v2\/pages"}],"about":[{"href":"https:\/\/www.plazatirana.com\/sq\/wp-json\/wp\/v2\/types\/page"}],"author":[{"embeddable":true,"href":"https:\/\/www.plazatirana.com\/sq\/wp-json\/wp\/v2\/users\/7"}],"replies":[{"embeddable":true,"href":"https:\/\/www.plazatirana.com\/sq\/wp-json\/wp\/v2\/comments?post=921"}],"version-history":[{"count":0,"href":"https:\/\/www.plazatirana.com\/sq\/wp-json\/wp\/v2\/pages\/921\/revisions"}],"wp:attachment":[{"href":"https:\/\/www.plazatirana.com\/sq\/wp-json\/wp\/v2\/media?parent=921"}],"curies":[{"name":"wp","href":"https:\/\/api.w.org\/{rel}","templated":true}]}}