{"id":533,"date":"2021-11-30T17:02:31","date_gmt":"2021-11-30T17:02:31","guid":{"rendered":"https:\/\/plaza-tirana.ms.decms.eu\/oblivion-spa\/"},"modified":"2022-01-19T17:05:30","modified_gmt":"2022-01-19T17:05:30","slug":"oblivion-spa","status":"publish","type":"page","link":"https:\/\/www.plazatirana.com\/sq\/oblivion-spa\/","title":{"rendered":"Oblivion Spa"},"content":{"rendered":"<p>Pas nj\u00eb udh\u00ebtimi t\u00eb lodhsh\u00ebm ose nj\u00eb dite t\u00eb v\u00ebshtir\u00eb pune ju ftojm\u00eb t\u00eb na bashkoheni n\u00eb tempullin ton\u00eb t\u00eb relaksit, ku \u00e7do shqis\u00eb kontribuon p\u00ebr nj\u00eb eksperienc\u00eb sa m\u00eb sensacionale t\u00eb mir\u00ebqenies. Nj\u00eb hap\u00ebsir\u00eb prej 600 metra katror\u00eb e cila g\u00ebrsheton teknologjin\u00eb m\u00eb t\u00eb fundit me qet\u00ebsin\u00eb dhe komfortin e nj\u00eb hap\u00ebsire luksoze.<\/p>\n<p>Ndjej relaksin n\u00eb vetvete fal\u00eb sh\u00ebrbimeve tona tradicionale Spa ose p\u00ebrk\u00ebdhel ndjenjat e tua n\u00ebp\u00ebrmjet trajtimeve tona unike p\u00ebr fytyr\u00ebn ose trupin.<\/p>\n","protected":false},"excerpt":{"rendered":"<p>Pas nj\u00eb udh\u00ebtimi t\u00eb lodhsh\u00ebm ose nj\u00eb dite t\u00eb v\u00ebshtir\u00eb pune ju ftojm\u00eb t\u00eb na bashkoheni n\u00eb tempullin ton\u00eb t\u00eb relaksit, ku \u00e7do shqis\u00eb kontribuon p\u00ebr nj\u00eb eksperienc\u00eb sa m\u00eb sensacionale t\u00eb mir\u00ebqenies. Nj\u00eb hap\u00ebsir\u00eb prej 600 metra katror\u00eb e cila g\u00ebrsheton teknologjin\u00eb m\u00eb t\u00eb fundit me qet\u00ebsin\u00eb dhe komfortin e nj\u00eb hap\u00ebsire luksoze. Ndjej [&hellip;]<\/p>\n","protected":false},"author":7,"featured_media":0,"parent":0,"menu_order":15,"comment_status":"closed","ping_status":"closed","template":"template-services.php","meta":{"footnotes":""},"class_list":["post-533","page","type-page","status-publish","hentry"],"yoast_head":"<!-- This site is optimized with the Yoast SEO plugin v26.9 - https:\/\/yoast.com\/product\/yoast-seo-wordpress\/ -->\n<title>Oblivion Spa &#8212; Maritim Hotel Plaza Tirana &#8212;<\/title>\n<meta name=\"description\" content=\"Pas nj\u00eb udh\u00ebtimi t\u00eb lodhsh\u00ebm ose nj\u00eb dite t\u00eb v\u00ebshtir\u00eb pune ju ftojm\u00eb t\u00eb na bashkoheni n\u00eb tempullin ton\u00eb t\u00eb relaksit, ku \u00e7do shqis\u00eb kontribuon p\u00ebr nj\u00eb eksperienc\u00eb sa m\u00eb sensacionale t\u00eb mir\u00ebqenies. Nj\u00eb hap\u00ebsir\u00eb prej 600 metra katror\u00eb e cila g\u00ebrsheton teknologjin\u00eb m\u00eb t\u00eb fundit me qet\u00ebsin\u00eb dhe komfortin e nj\u00eb hap\u00ebsire luksoze.  Ndjej relaksin n\u00eb vetvete fal\u00eb sh\u00ebrbimeve tona tradicionale Spa ose p\u00ebrk\u00ebdhel ndjenjat e tua n\u00ebp\u00ebrmjet trajtimeve tona unike p\u00ebr fytyr\u00ebn ose trupin.\" \/>\n<meta name=\"robots\" content=\"index, follow, max-snippet:-1, max-image-preview:large, max-video-preview:-1\" \/>\n<link rel=\"canonical\" href=\"https:\/\/www.plazatirana.com\/sq\/oblivion-spa\/\" \/>\n<meta property=\"og:locale\" content=\"sq_AL\" \/>\n<meta property=\"og:type\" content=\"article\" \/>\n<meta property=\"og:title\" content=\"Oblivion Spa &#8212; Maritim Hotel Plaza Tirana &#8212;\" \/>\n<meta property=\"og:description\" content=\"Pas nj\u00eb udh\u00ebtimi t\u00eb lodhsh\u00ebm ose nj\u00eb dite t\u00eb v\u00ebshtir\u00eb pune ju ftojm\u00eb t\u00eb na bashkoheni n\u00eb tempullin ton\u00eb t\u00eb relaksit, ku \u00e7do shqis\u00eb kontribuon p\u00ebr nj\u00eb eksperienc\u00eb sa m\u00eb sensacionale t\u00eb mir\u00ebqenies. Nj\u00eb hap\u00ebsir\u00eb prej 600 metra katror\u00eb e cila g\u00ebrsheton teknologjin\u00eb m\u00eb t\u00eb fundit me qet\u00ebsin\u00eb dhe komfortin e nj\u00eb hap\u00ebsire luksoze.  Ndjej relaksin n\u00eb vetvete fal\u00eb sh\u00ebrbimeve tona tradicionale Spa ose p\u00ebrk\u00ebdhel ndjenjat e tua n\u00ebp\u00ebrmjet trajtimeve tona unike p\u00ebr fytyr\u00ebn ose trupin.\" \/>\n<meta property=\"og:url\" content=\"https:\/\/www.plazatirana.com\/sq\/oblivion-spa\/\" \/>\n<meta property=\"og:site_name\" content=\"Maritim Hotel Plaza Tirana\" \/>\n<meta property=\"article:modified_time\" content=\"2022-01-19T17:05:30+00:00\" \/>\n<meta name=\"twitter:card\" content=\"summary_large_image\" \/>\n<meta name=\"twitter:label1\" content=\"Est. reading time\" \/>\n\t<meta name=\"twitter:data1\" content=\"1 minute\" \/>\n<script type=\"application\/ld+json\" class=\"yoast-schema-graph\">{\"@context\":\"https:\/\/schema.org\",\"@graph\":[{\"@type\":\"WebPage\",\"@id\":\"https:\/\/www.plazatirana.com\/sq\/oblivion-spa\/\",\"url\":\"https:\/\/www.plazatirana.com\/sq\/oblivion-spa\/\",\"name\":\"Oblivion Spa &#8212; Maritim Hotel Plaza Tirana &#8212;\",\"isPartOf\":{\"@id\":\"https:\/\/www.plazatirana.com\/sq\/#website\"},\"datePublished\":\"2021-11-30T17:02:31+00:00\",\"dateModified\":\"2022-01-19T17:05:30+00:00\",\"description\":\"Pas nj\u00eb udh\u00ebtimi t\u00eb lodhsh\u00ebm ose nj\u00eb dite t\u00eb v\u00ebshtir\u00eb pune ju ftojm\u00eb t\u00eb na bashkoheni n\u00eb tempullin ton\u00eb t\u00eb relaksit, ku \u00e7do shqis\u00eb kontribuon p\u00ebr nj\u00eb eksperienc\u00eb sa m\u00eb sensacionale t\u00eb mir\u00ebqenies. Nj\u00eb hap\u00ebsir\u00eb prej 600 metra katror\u00eb e cila g\u00ebrsheton teknologjin\u00eb m\u00eb t\u00eb fundit me qet\u00ebsin\u00eb dhe komfortin e nj\u00eb hap\u00ebsire luksoze. Ndjej relaksin n\u00eb vetvete fal\u00eb sh\u00ebrbimeve tona tradicionale Spa ose p\u00ebrk\u00ebdhel ndjenjat e tua n\u00ebp\u00ebrmjet trajtimeve tona unike p\u00ebr fytyr\u00ebn ose trupin.\",\"breadcrumb\":{\"@id\":\"https:\/\/www.plazatirana.com\/sq\/oblivion-spa\/#breadcrumb\"},\"inLanguage\":\"sq-AL\",\"potentialAction\":[{\"@type\":\"ReadAction\",\"target\":[\"https:\/\/www.plazatirana.com\/sq\/oblivion-spa\/\"]}]},{\"@type\":\"BreadcrumbList\",\"@id\":\"https:\/\/www.plazatirana.com\/sq\/oblivion-spa\/#breadcrumb\",\"itemListElement\":[{\"@type\":\"ListItem\",\"position\":1,\"name\":\"Home\",\"item\":\"https:\/\/www.plazatirana.com\/sq\/\"},{\"@type\":\"ListItem\",\"position\":2,\"name\":\"Oblivion Spa\"}]},{\"@type\":\"WebSite\",\"@id\":\"https:\/\/www.plazatirana.com\/sq\/#website\",\"url\":\"https:\/\/www.plazatirana.com\/sq\/\",\"name\":\"Maritim Hotel Plaza Tirana\",\"description\":\"Just another ms.decms.eu site\",\"publisher\":{\"@id\":\"https:\/\/www.plazatirana.com\/sq\/#organization\"},\"potentialAction\":[{\"@type\":\"SearchAction\",\"target\":{\"@type\":\"EntryPoint\",\"urlTemplate\":\"https:\/\/www.plazatirana.com\/sq\/?s={search_term_string}\"},\"query-input\":{\"@type\":\"PropertyValueSpecification\",\"valueRequired\":true,\"valueName\":\"search_term_string\"}}],\"inLanguage\":\"sq-AL\"},{\"@type\":\"Organization\",\"@id\":\"https:\/\/www.plazatirana.com\/sq\/#organization\",\"name\":\"Maritim Hotel Plaza Tirana\",\"url\":\"https:\/\/www.plazatirana.com\/sq\/\",\"logo\":{\"@type\":\"ImageObject\",\"inLanguage\":\"sq-AL\",\"@id\":\"https:\/\/www.plazatirana.com\/sq\/#\/schema\/logo\/image\/\",\"url\":\"https:\/\/www.plazatirana.com\/wp-content\/uploads\/sites\/378\/2021\/11\/Maritim-Hotel-Plaza-Tirana-Logo.png\",\"contentUrl\":\"https:\/\/www.plazatirana.com\/wp-content\/uploads\/sites\/378\/2021\/11\/Maritim-Hotel-Plaza-Tirana-Logo.png\",\"width\":300,\"height\":224,\"caption\":\"Maritim Hotel Plaza Tirana\"},\"image\":{\"@id\":\"https:\/\/www.plazatirana.com\/sq\/#\/schema\/logo\/image\/\"}}]}<\/script>\n<!-- \/ Yoast SEO plugin. -->","yoast_head_json":{"title":"Oblivion Spa &#8212; Maritim Hotel Plaza Tirana &#8212;","description":"Pas nj\u00eb udh\u00ebtimi t\u00eb lodhsh\u00ebm ose nj\u00eb dite t\u00eb v\u00ebshtir\u00eb pune ju ftojm\u00eb t\u00eb na bashkoheni n\u00eb tempullin ton\u00eb t\u00eb relaksit, ku \u00e7do shqis\u00eb kontribuon p\u00ebr nj\u00eb eksperienc\u00eb sa m\u00eb sensacionale t\u00eb mir\u00ebqenies. Nj\u00eb hap\u00ebsir\u00eb prej 600 metra katror\u00eb e cila g\u00ebrsheton teknologjin\u00eb m\u00eb t\u00eb fundit me qet\u00ebsin\u00eb dhe komfortin e nj\u00eb hap\u00ebsire luksoze.  Ndjej relaksin n\u00eb vetvete fal\u00eb sh\u00ebrbimeve tona tradicionale Spa ose p\u00ebrk\u00ebdhel ndjenjat e tua n\u00ebp\u00ebrmjet trajtimeve tona unike p\u00ebr fytyr\u00ebn ose trupin.","robots":{"index":"index","follow":"follow","max-snippet":"max-snippet:-1","max-image-preview":"max-image-preview:large","max-video-preview":"max-video-preview:-1"},"canonical":"https:\/\/www.plazatirana.com\/sq\/oblivion-spa\/","og_locale":"sq_AL","og_type":"article","og_title":"Oblivion Spa &#8212; Maritim Hotel Plaza Tirana &#8212;","og_description":"Pas nj\u00eb udh\u00ebtimi t\u00eb lodhsh\u00ebm ose nj\u00eb dite t\u00eb v\u00ebshtir\u00eb pune ju ftojm\u00eb t\u00eb na bashkoheni n\u00eb tempullin ton\u00eb t\u00eb relaksit, ku \u00e7do shqis\u00eb kontribuon p\u00ebr nj\u00eb eksperienc\u00eb sa m\u00eb sensacionale t\u00eb mir\u00ebqenies. Nj\u00eb hap\u00ebsir\u00eb prej 600 metra katror\u00eb e cila g\u00ebrsheton teknologjin\u00eb m\u00eb t\u00eb fundit me qet\u00ebsin\u00eb dhe komfortin e nj\u00eb hap\u00ebsire luksoze.  Ndjej relaksin n\u00eb vetvete fal\u00eb sh\u00ebrbimeve tona tradicionale Spa ose p\u00ebrk\u00ebdhel ndjenjat e tua n\u00ebp\u00ebrmjet trajtimeve tona unike p\u00ebr fytyr\u00ebn ose trupin.","og_url":"https:\/\/www.plazatirana.com\/sq\/oblivion-spa\/","og_site_name":"Maritim Hotel Plaza Tirana","article_modified_time":"2022-01-19T17:05:30+00:00","twitter_card":"summary_large_image","twitter_misc":{"Est. reading time":"1 minute"},"schema":{"@context":"https:\/\/schema.org","@graph":[{"@type":"WebPage","@id":"https:\/\/www.plazatirana.com\/sq\/oblivion-spa\/","url":"https:\/\/www.plazatirana.com\/sq\/oblivion-spa\/","name":"Oblivion Spa &#8212; Maritim Hotel Plaza Tirana &#8212;","isPartOf":{"@id":"https:\/\/www.plazatirana.com\/sq\/#website"},"datePublished":"2021-11-30T17:02:31+00:00","dateModified":"2022-01-19T17:05:30+00:00","description":"Pas nj\u00eb udh\u00ebtimi t\u00eb lodhsh\u00ebm ose nj\u00eb dite t\u00eb v\u00ebshtir\u00eb pune ju ftojm\u00eb t\u00eb na bashkoheni n\u00eb tempullin ton\u00eb t\u00eb relaksit, ku \u00e7do shqis\u00eb kontribuon p\u00ebr nj\u00eb eksperienc\u00eb sa m\u00eb sensacionale t\u00eb mir\u00ebqenies. Nj\u00eb hap\u00ebsir\u00eb prej 600 metra katror\u00eb e cila g\u00ebrsheton teknologjin\u00eb m\u00eb t\u00eb fundit me qet\u00ebsin\u00eb dhe komfortin e nj\u00eb hap\u00ebsire luksoze. Ndjej relaksin n\u00eb vetvete fal\u00eb sh\u00ebrbimeve tona tradicionale Spa ose p\u00ebrk\u00ebdhel ndjenjat e tua n\u00ebp\u00ebrmjet trajtimeve tona unike p\u00ebr fytyr\u00ebn ose trupin.","breadcrumb":{"@id":"https:\/\/www.plazatirana.com\/sq\/oblivion-spa\/#breadcrumb"},"inLanguage":"sq-AL","potentialAction":[{"@type":"ReadAction","target":["https:\/\/www.plazatirana.com\/sq\/oblivion-spa\/"]}]},{"@type":"BreadcrumbList","@id":"https:\/\/www.plazatirana.com\/sq\/oblivion-spa\/#breadcrumb","itemListElement":[{"@type":"ListItem","position":1,"name":"Home","item":"https:\/\/www.plazatirana.com\/sq\/"},{"@type":"ListItem","position":2,"name":"Oblivion Spa"}]},{"@type":"WebSite","@id":"https:\/\/www.plazatirana.com\/sq\/#website","url":"https:\/\/www.plazatirana.com\/sq\/","name":"Maritim Hotel Plaza Tirana","description":"Just another ms.decms.eu site","publisher":{"@id":"https:\/\/www.plazatirana.com\/sq\/#organization"},"potentialAction":[{"@type":"SearchAction","target":{"@type":"EntryPoint","urlTemplate":"https:\/\/www.plazatirana.com\/sq\/?s={search_term_string}"},"query-input":{"@type":"PropertyValueSpecification","valueRequired":true,"valueName":"search_term_string"}}],"inLanguage":"sq-AL"},{"@type":"Organization","@id":"https:\/\/www.plazatirana.com\/sq\/#organization","name":"Maritim Hotel Plaza Tirana","url":"https:\/\/www.plazatirana.com\/sq\/","logo":{"@type":"ImageObject","inLanguage":"sq-AL","@id":"https:\/\/www.plazatirana.com\/sq\/#\/schema\/logo\/image\/","url":"https:\/\/www.plazatirana.com\/wp-content\/uploads\/sites\/378\/2021\/11\/Maritim-Hotel-Plaza-Tirana-Logo.png","contentUrl":"https:\/\/www.plazatirana.com\/wp-content\/uploads\/sites\/378\/2021\/11\/Maritim-Hotel-Plaza-Tirana-Logo.png","width":300,"height":224,"caption":"Maritim Hotel Plaza Tirana"},"image":{"@id":"https:\/\/www.plazatirana.com\/sq\/#\/schema\/logo\/image\/"}}]}},"acf":[],"_links":{"self":[{"href":"https:\/\/www.plazatirana.com\/sq\/wp-json\/wp\/v2\/pages\/533","targetHints":{"allow":["GET"]}}],"collection":[{"href":"https:\/\/www.plazatirana.com\/sq\/wp-json\/wp\/v2\/pages"}],"about":[{"href":"https:\/\/www.plazatirana.com\/sq\/wp-json\/wp\/v2\/types\/page"}],"author":[{"embeddable":true,"href":"https:\/\/www.plazatirana.com\/sq\/wp-json\/wp\/v2\/users\/7"}],"replies":[{"embeddable":true,"href":"https:\/\/www.plazatirana.com\/sq\/wp-json\/wp\/v2\/comments?post=533"}],"version-history":[{"count":0,"href":"https:\/\/www.plazatirana.com\/sq\/wp-json\/wp\/v2\/pages\/533\/revisions"}],"wp:attachment":[{"href":"https:\/\/www.plazatirana.com\/sq\/wp-json\/wp\/v2\/media?parent=533"}],"curies":[{"name":"wp","href":"https:\/\/api.w.org\/{rel}","templated":true}]}}