{"id":474,"date":"2021-11-30T13:50:01","date_gmt":"2021-11-30T13:50:01","guid":{"rendered":"https:\/\/plaza-tirana.ms.decms.eu\/restaurants\/"},"modified":"2022-02-16T09:05:21","modified_gmt":"2022-02-16T09:05:21","slug":"restorantet-bar-dhe-restorante","status":"publish","type":"page","link":"https:\/\/www.plazatirana.com\/sq\/restorantet-bar-dhe-restorante\/","title":{"rendered":"Bar dhe Restorante"},"content":{"rendered":"<p>Maritim Hotel Plaza Tirana \u00ebsht\u00eb duke ju ofruar tre restorante t\u00eb ndryshme secili me stilin dhe karakteristikat e tij.<\/p>\n","protected":false},"excerpt":{"rendered":"<p>Maritim Hotel Plaza Tirana \u00ebsht\u00eb duke ju ofruar tre restorante t\u00eb ndryshme secili me stilin dhe karakteristikat e tij.<\/p>\n","protected":false},"author":7,"featured_media":0,"parent":0,"menu_order":18,"comment_status":"closed","ping_status":"closed","template":"template-single-restaurant-2.php","meta":{"footnotes":""},"class_list":["post-474","page","type-page","status-publish","hentry"],"yoast_head":"<!-- This site is optimized with the Yoast SEO plugin v26.9 - https:\/\/yoast.com\/product\/yoast-seo-wordpress\/ -->\n<title>Bar dhe Restorante &#8212; Maritim Hotel Plaza Tirana &#8212;<\/title>\n<meta name=\"description\" content=\"Maritim Hotel Plaza Tirana \u00ebsht\u00eb duke ju ofruar tre restorante t\u00eb ndryshme secili me stilin dhe karakteristikat e tij..\" \/>\n<meta name=\"robots\" content=\"index, follow, max-snippet:-1, max-image-preview:large, max-video-preview:-1\" \/>\n<link rel=\"canonical\" href=\"https:\/\/www.plazatirana.com\/sq\/restorantet-bar-dhe-restorante\/\" \/>\n<meta property=\"og:locale\" content=\"sq_AL\" \/>\n<meta property=\"og:type\" content=\"article\" \/>\n<meta property=\"og:title\" content=\"Bar dhe Restorante &#8212; Maritim Hotel Plaza Tirana &#8212;\" \/>\n<meta property=\"og:description\" content=\"Maritim Hotel Plaza Tirana \u00ebsht\u00eb duke ju ofruar tre restorante t\u00eb ndryshme secili me stilin dhe karakteristikat e tij..\" \/>\n<meta property=\"og:url\" content=\"https:\/\/www.plazatirana.com\/sq\/restorantet-bar-dhe-restorante\/\" \/>\n<meta property=\"og:site_name\" content=\"Maritim Hotel Plaza Tirana\" \/>\n<meta property=\"article:modified_time\" content=\"2022-02-16T09:05:21+00:00\" \/>\n<meta name=\"twitter:card\" content=\"summary_large_image\" \/>\n<meta name=\"twitter:label1\" content=\"Est. reading time\" \/>\n\t<meta name=\"twitter:data1\" content=\"1 minute\" \/>\n<script type=\"application\/ld+json\" class=\"yoast-schema-graph\">{\"@context\":\"https:\/\/schema.org\",\"@graph\":[{\"@type\":\"WebPage\",\"@id\":\"https:\/\/www.plazatirana.com\/sq\/restorantet-bar-dhe-restorante\/\",\"url\":\"https:\/\/www.plazatirana.com\/sq\/restorantet-bar-dhe-restorante\/\",\"name\":\"Bar dhe Restorante &#8212; Maritim Hotel Plaza Tirana &#8212;\",\"isPartOf\":{\"@id\":\"https:\/\/www.plazatirana.com\/sq\/#website\"},\"datePublished\":\"2021-11-30T13:50:01+00:00\",\"dateModified\":\"2022-02-16T09:05:21+00:00\",\"description\":\"Maritim Hotel Plaza Tirana \u00ebsht\u00eb duke ju ofruar tre restorante t\u00eb ndryshme secili me stilin dhe karakteristikat e tij..\",\"breadcrumb\":{\"@id\":\"https:\/\/www.plazatirana.com\/sq\/restorantet-bar-dhe-restorante\/#breadcrumb\"},\"inLanguage\":\"sq-AL\",\"potentialAction\":[{\"@type\":\"ReadAction\",\"target\":[\"https:\/\/www.plazatirana.com\/sq\/restorantet-bar-dhe-restorante\/\"]}]},{\"@type\":\"BreadcrumbList\",\"@id\":\"https:\/\/www.plazatirana.com\/sq\/restorantet-bar-dhe-restorante\/#breadcrumb\",\"itemListElement\":[{\"@type\":\"ListItem\",\"position\":1,\"name\":\"Home\",\"item\":\"https:\/\/www.plazatirana.com\/sq\/\"},{\"@type\":\"ListItem\",\"position\":2,\"name\":\"Bar dhe Restorante\"}]},{\"@type\":\"WebSite\",\"@id\":\"https:\/\/www.plazatirana.com\/sq\/#website\",\"url\":\"https:\/\/www.plazatirana.com\/sq\/\",\"name\":\"Maritim Hotel Plaza Tirana\",\"description\":\"Just another ms.decms.eu site\",\"publisher\":{\"@id\":\"https:\/\/www.plazatirana.com\/sq\/#organization\"},\"potentialAction\":[{\"@type\":\"SearchAction\",\"target\":{\"@type\":\"EntryPoint\",\"urlTemplate\":\"https:\/\/www.plazatirana.com\/sq\/?s={search_term_string}\"},\"query-input\":{\"@type\":\"PropertyValueSpecification\",\"valueRequired\":true,\"valueName\":\"search_term_string\"}}],\"inLanguage\":\"sq-AL\"},{\"@type\":\"Organization\",\"@id\":\"https:\/\/www.plazatirana.com\/sq\/#organization\",\"name\":\"Maritim Hotel Plaza Tirana\",\"url\":\"https:\/\/www.plazatirana.com\/sq\/\",\"logo\":{\"@type\":\"ImageObject\",\"inLanguage\":\"sq-AL\",\"@id\":\"https:\/\/www.plazatirana.com\/sq\/#\/schema\/logo\/image\/\",\"url\":\"https:\/\/www.plazatirana.com\/wp-content\/uploads\/sites\/378\/2021\/11\/Maritim-Hotel-Plaza-Tirana-Logo.png\",\"contentUrl\":\"https:\/\/www.plazatirana.com\/wp-content\/uploads\/sites\/378\/2021\/11\/Maritim-Hotel-Plaza-Tirana-Logo.png\",\"width\":300,\"height\":224,\"caption\":\"Maritim Hotel Plaza Tirana\"},\"image\":{\"@id\":\"https:\/\/www.plazatirana.com\/sq\/#\/schema\/logo\/image\/\"}}]}<\/script>\n<!-- \/ Yoast SEO plugin. -->","yoast_head_json":{"title":"Bar dhe Restorante &#8212; Maritim Hotel Plaza Tirana &#8212;","description":"Maritim Hotel Plaza Tirana \u00ebsht\u00eb duke ju ofruar tre restorante t\u00eb ndryshme secili me stilin dhe karakteristikat e tij..","robots":{"index":"index","follow":"follow","max-snippet":"max-snippet:-1","max-image-preview":"max-image-preview:large","max-video-preview":"max-video-preview:-1"},"canonical":"https:\/\/www.plazatirana.com\/sq\/restorantet-bar-dhe-restorante\/","og_locale":"sq_AL","og_type":"article","og_title":"Bar dhe Restorante &#8212; Maritim Hotel Plaza Tirana &#8212;","og_description":"Maritim Hotel Plaza Tirana \u00ebsht\u00eb duke ju ofruar tre restorante t\u00eb ndryshme secili me stilin dhe karakteristikat e tij..","og_url":"https:\/\/www.plazatirana.com\/sq\/restorantet-bar-dhe-restorante\/","og_site_name":"Maritim Hotel Plaza Tirana","article_modified_time":"2022-02-16T09:05:21+00:00","twitter_card":"summary_large_image","twitter_misc":{"Est. reading time":"1 minute"},"schema":{"@context":"https:\/\/schema.org","@graph":[{"@type":"WebPage","@id":"https:\/\/www.plazatirana.com\/sq\/restorantet-bar-dhe-restorante\/","url":"https:\/\/www.plazatirana.com\/sq\/restorantet-bar-dhe-restorante\/","name":"Bar dhe Restorante &#8212; Maritim Hotel Plaza Tirana &#8212;","isPartOf":{"@id":"https:\/\/www.plazatirana.com\/sq\/#website"},"datePublished":"2021-11-30T13:50:01+00:00","dateModified":"2022-02-16T09:05:21+00:00","description":"Maritim Hotel Plaza Tirana \u00ebsht\u00eb duke ju ofruar tre restorante t\u00eb ndryshme secili me stilin dhe karakteristikat e tij..","breadcrumb":{"@id":"https:\/\/www.plazatirana.com\/sq\/restorantet-bar-dhe-restorante\/#breadcrumb"},"inLanguage":"sq-AL","potentialAction":[{"@type":"ReadAction","target":["https:\/\/www.plazatirana.com\/sq\/restorantet-bar-dhe-restorante\/"]}]},{"@type":"BreadcrumbList","@id":"https:\/\/www.plazatirana.com\/sq\/restorantet-bar-dhe-restorante\/#breadcrumb","itemListElement":[{"@type":"ListItem","position":1,"name":"Home","item":"https:\/\/www.plazatirana.com\/sq\/"},{"@type":"ListItem","position":2,"name":"Bar dhe Restorante"}]},{"@type":"WebSite","@id":"https:\/\/www.plazatirana.com\/sq\/#website","url":"https:\/\/www.plazatirana.com\/sq\/","name":"Maritim Hotel Plaza Tirana","description":"Just another ms.decms.eu site","publisher":{"@id":"https:\/\/www.plazatirana.com\/sq\/#organization"},"potentialAction":[{"@type":"SearchAction","target":{"@type":"EntryPoint","urlTemplate":"https:\/\/www.plazatirana.com\/sq\/?s={search_term_string}"},"query-input":{"@type":"PropertyValueSpecification","valueRequired":true,"valueName":"search_term_string"}}],"inLanguage":"sq-AL"},{"@type":"Organization","@id":"https:\/\/www.plazatirana.com\/sq\/#organization","name":"Maritim Hotel Plaza Tirana","url":"https:\/\/www.plazatirana.com\/sq\/","logo":{"@type":"ImageObject","inLanguage":"sq-AL","@id":"https:\/\/www.plazatirana.com\/sq\/#\/schema\/logo\/image\/","url":"https:\/\/www.plazatirana.com\/wp-content\/uploads\/sites\/378\/2021\/11\/Maritim-Hotel-Plaza-Tirana-Logo.png","contentUrl":"https:\/\/www.plazatirana.com\/wp-content\/uploads\/sites\/378\/2021\/11\/Maritim-Hotel-Plaza-Tirana-Logo.png","width":300,"height":224,"caption":"Maritim Hotel Plaza Tirana"},"image":{"@id":"https:\/\/www.plazatirana.com\/sq\/#\/schema\/logo\/image\/"}}]}},"acf":[],"_links":{"self":[{"href":"https:\/\/www.plazatirana.com\/sq\/wp-json\/wp\/v2\/pages\/474","targetHints":{"allow":["GET"]}}],"collection":[{"href":"https:\/\/www.plazatirana.com\/sq\/wp-json\/wp\/v2\/pages"}],"about":[{"href":"https:\/\/www.plazatirana.com\/sq\/wp-json\/wp\/v2\/types\/page"}],"author":[{"embeddable":true,"href":"https:\/\/www.plazatirana.com\/sq\/wp-json\/wp\/v2\/users\/7"}],"replies":[{"embeddable":true,"href":"https:\/\/www.plazatirana.com\/sq\/wp-json\/wp\/v2\/comments?post=474"}],"version-history":[{"count":0,"href":"https:\/\/www.plazatirana.com\/sq\/wp-json\/wp\/v2\/pages\/474\/revisions"}],"wp:attachment":[{"href":"https:\/\/www.plazatirana.com\/sq\/wp-json\/wp\/v2\/media?parent=474"}],"curies":[{"name":"wp","href":"https:\/\/api.w.org\/{rel}","templated":true}]}}