{"id":428,"date":"2021-11-29T16:25:26","date_gmt":"2021-11-29T16:25:26","guid":{"rendered":"https:\/\/plaza-tirana.ms.decms.eu\/our-services\/"},"modified":"2021-11-29T16:39:42","modified_gmt":"2021-11-29T16:39:42","slug":"apartament-sherbimi","status":"publish","type":"page","link":"https:\/\/www.plazatirana.com\/sq\/apartament-sherbimi\/","title":{"rendered":"Apartament Sh\u00ebrbimi"},"content":{"rendered":"<p>P\u00ebr t\u00eb ftuarit t\u00eb cil\u00ebt synojn\u00eb ta zgjasin q\u00ebndrimit e tyre, Maritim Hotel Plaza Tirana ofron mund\u00ebsin\u00eb e Apartamenteve t\u00eb Sh\u00ebrbimit t\u00eb cilat p\u00ebrfshijn\u00eb nj\u00eb kuzhin\u00eb private. Nj\u00eb sht\u00ebpi larg nga sht\u00ebpia, ato ofrojn\u00eb gjith\u00e7ka q\u00eb ju nevojitet n\u00eb nj\u00eb apartament duke ju dh\u00ebn\u00eb edhe mund\u00ebsin\u00eb t\u00eb shijoni sh\u00ebrbimet e pafundme t\u00eb hotelit.<\/p>\n","protected":false},"excerpt":{"rendered":"<p>P\u00ebr t\u00eb ftuarit t\u00eb cil\u00ebt synojn\u00eb ta zgjasin q\u00ebndrimit e tyre, Maritim Hotel Plaza Tirana ofron mund\u00ebsin\u00eb e Apartamenteve t\u00eb Sh\u00ebrbimit t\u00eb cilat p\u00ebrfshijn\u00eb nj\u00eb kuzhin\u00eb private. Nj\u00eb sht\u00ebpi larg nga sht\u00ebpia, ato ofrojn\u00eb gjith\u00e7ka q\u00eb ju nevojitet n\u00eb nj\u00eb apartament duke ju dh\u00ebn\u00eb edhe mund\u00ebsin\u00eb t\u00eb shijoni sh\u00ebrbimet e pafundme t\u00eb hotelit.<\/p>\n","protected":false},"author":7,"featured_media":0,"parent":0,"menu_order":10,"comment_status":"closed","ping_status":"closed","template":"template-services.php","meta":{"footnotes":""},"class_list":["post-428","page","type-page","status-publish","hentry"],"yoast_head":"<!-- This site is optimized with the Yoast SEO plugin v26.9 - https:\/\/yoast.com\/product\/yoast-seo-wordpress\/ -->\n<title>Apartament Sh\u00ebrbimi &#8212; Maritim Hotel Plaza Tirana &#8212;<\/title>\n<meta name=\"description\" content=\"P\u00ebr t\u00eb ftuarit t\u00eb cil\u00ebt synojn\u00eb ta zgjasin q\u00ebndrimit e tyre, Maritim Hotel Plaza Tirana ofron mund\u00ebsin\u00eb e Apartamenteve t\u00eb Sh\u00ebrbimit t\u00eb cilat p\u00ebrfshijn\u00eb nj\u00eb kuzhin\u00eb private. Nj\u00eb sht\u00ebpi larg nga sht\u00ebpia, ato ofrojn\u00eb gjith\u00e7ka q\u00eb ju nevojitet n\u00eb nj\u00eb apartament duke ju dh\u00ebn\u00eb edhe mund\u00ebsin\u00eb t\u00eb shijoni sh\u00ebrbimet e pafundme t\u00eb hotelit.\" \/>\n<meta name=\"robots\" content=\"index, follow, max-snippet:-1, max-image-preview:large, max-video-preview:-1\" \/>\n<link rel=\"canonical\" href=\"https:\/\/www.plazatirana.com\/sq\/apartament-sherbimi\/\" \/>\n<meta property=\"og:locale\" content=\"sq_AL\" \/>\n<meta property=\"og:type\" content=\"article\" \/>\n<meta property=\"og:title\" content=\"Apartament Sh\u00ebrbimi &#8212; Maritim Hotel Plaza Tirana &#8212;\" \/>\n<meta property=\"og:description\" content=\"P\u00ebr t\u00eb ftuarit t\u00eb cil\u00ebt synojn\u00eb ta zgjasin q\u00ebndrimit e tyre, Maritim Hotel Plaza Tirana ofron mund\u00ebsin\u00eb e Apartamenteve t\u00eb Sh\u00ebrbimit t\u00eb cilat p\u00ebrfshijn\u00eb nj\u00eb kuzhin\u00eb private. Nj\u00eb sht\u00ebpi larg nga sht\u00ebpia, ato ofrojn\u00eb gjith\u00e7ka q\u00eb ju nevojitet n\u00eb nj\u00eb apartament duke ju dh\u00ebn\u00eb edhe mund\u00ebsin\u00eb t\u00eb shijoni sh\u00ebrbimet e pafundme t\u00eb hotelit.\" \/>\n<meta property=\"og:url\" content=\"https:\/\/www.plazatirana.com\/sq\/apartament-sherbimi\/\" \/>\n<meta property=\"og:site_name\" content=\"Maritim Hotel Plaza Tirana\" \/>\n<meta property=\"article:modified_time\" content=\"2021-11-29T16:39:42+00:00\" \/>\n<meta name=\"twitter:card\" content=\"summary_large_image\" \/>\n<meta name=\"twitter:label1\" content=\"Est. reading time\" \/>\n\t<meta name=\"twitter:data1\" content=\"1 minute\" \/>\n<script type=\"application\/ld+json\" class=\"yoast-schema-graph\">{\"@context\":\"https:\/\/schema.org\",\"@graph\":[{\"@type\":\"WebPage\",\"@id\":\"https:\/\/www.plazatirana.com\/sq\/apartament-sherbimi\/\",\"url\":\"https:\/\/www.plazatirana.com\/sq\/apartament-sherbimi\/\",\"name\":\"Apartament Sh\u00ebrbimi &#8212; Maritim Hotel Plaza Tirana &#8212;\",\"isPartOf\":{\"@id\":\"https:\/\/www.plazatirana.com\/sq\/#website\"},\"datePublished\":\"2021-11-29T16:25:26+00:00\",\"dateModified\":\"2021-11-29T16:39:42+00:00\",\"description\":\"P\u00ebr t\u00eb ftuarit t\u00eb cil\u00ebt synojn\u00eb ta zgjasin q\u00ebndrimit e tyre, Maritim Hotel Plaza Tirana ofron mund\u00ebsin\u00eb e Apartamenteve t\u00eb Sh\u00ebrbimit t\u00eb cilat p\u00ebrfshijn\u00eb nj\u00eb kuzhin\u00eb private. Nj\u00eb sht\u00ebpi larg nga sht\u00ebpia, ato ofrojn\u00eb gjith\u00e7ka q\u00eb ju nevojitet n\u00eb nj\u00eb apartament duke ju dh\u00ebn\u00eb edhe mund\u00ebsin\u00eb t\u00eb shijoni sh\u00ebrbimet e pafundme t\u00eb hotelit.\",\"breadcrumb\":{\"@id\":\"https:\/\/www.plazatirana.com\/sq\/apartament-sherbimi\/#breadcrumb\"},\"inLanguage\":\"sq-AL\",\"potentialAction\":[{\"@type\":\"ReadAction\",\"target\":[\"https:\/\/www.plazatirana.com\/sq\/apartament-sherbimi\/\"]}]},{\"@type\":\"BreadcrumbList\",\"@id\":\"https:\/\/www.plazatirana.com\/sq\/apartament-sherbimi\/#breadcrumb\",\"itemListElement\":[{\"@type\":\"ListItem\",\"position\":1,\"name\":\"Home\",\"item\":\"https:\/\/www.plazatirana.com\/sq\/\"},{\"@type\":\"ListItem\",\"position\":2,\"name\":\"Apartament Sh\u00ebrbimi\"}]},{\"@type\":\"WebSite\",\"@id\":\"https:\/\/www.plazatirana.com\/sq\/#website\",\"url\":\"https:\/\/www.plazatirana.com\/sq\/\",\"name\":\"Maritim Hotel Plaza Tirana\",\"description\":\"Just another ms.decms.eu site\",\"publisher\":{\"@id\":\"https:\/\/www.plazatirana.com\/sq\/#organization\"},\"potentialAction\":[{\"@type\":\"SearchAction\",\"target\":{\"@type\":\"EntryPoint\",\"urlTemplate\":\"https:\/\/www.plazatirana.com\/sq\/?s={search_term_string}\"},\"query-input\":{\"@type\":\"PropertyValueSpecification\",\"valueRequired\":true,\"valueName\":\"search_term_string\"}}],\"inLanguage\":\"sq-AL\"},{\"@type\":\"Organization\",\"@id\":\"https:\/\/www.plazatirana.com\/sq\/#organization\",\"name\":\"Maritim Hotel Plaza Tirana\",\"url\":\"https:\/\/www.plazatirana.com\/sq\/\",\"logo\":{\"@type\":\"ImageObject\",\"inLanguage\":\"sq-AL\",\"@id\":\"https:\/\/www.plazatirana.com\/sq\/#\/schema\/logo\/image\/\",\"url\":\"https:\/\/www.plazatirana.com\/wp-content\/uploads\/sites\/378\/2021\/11\/Maritim-Hotel-Plaza-Tirana-Logo.png\",\"contentUrl\":\"https:\/\/www.plazatirana.com\/wp-content\/uploads\/sites\/378\/2021\/11\/Maritim-Hotel-Plaza-Tirana-Logo.png\",\"width\":300,\"height\":224,\"caption\":\"Maritim Hotel Plaza Tirana\"},\"image\":{\"@id\":\"https:\/\/www.plazatirana.com\/sq\/#\/schema\/logo\/image\/\"}}]}<\/script>\n<!-- \/ Yoast SEO plugin. -->","yoast_head_json":{"title":"Apartament Sh\u00ebrbimi &#8212; Maritim Hotel Plaza Tirana &#8212;","description":"P\u00ebr t\u00eb ftuarit t\u00eb cil\u00ebt synojn\u00eb ta zgjasin q\u00ebndrimit e tyre, Maritim Hotel Plaza Tirana ofron mund\u00ebsin\u00eb e Apartamenteve t\u00eb Sh\u00ebrbimit t\u00eb cilat p\u00ebrfshijn\u00eb nj\u00eb kuzhin\u00eb private. Nj\u00eb sht\u00ebpi larg nga sht\u00ebpia, ato ofrojn\u00eb gjith\u00e7ka q\u00eb ju nevojitet n\u00eb nj\u00eb apartament duke ju dh\u00ebn\u00eb edhe mund\u00ebsin\u00eb t\u00eb shijoni sh\u00ebrbimet e pafundme t\u00eb hotelit.","robots":{"index":"index","follow":"follow","max-snippet":"max-snippet:-1","max-image-preview":"max-image-preview:large","max-video-preview":"max-video-preview:-1"},"canonical":"https:\/\/www.plazatirana.com\/sq\/apartament-sherbimi\/","og_locale":"sq_AL","og_type":"article","og_title":"Apartament Sh\u00ebrbimi &#8212; Maritim Hotel Plaza Tirana &#8212;","og_description":"P\u00ebr t\u00eb ftuarit t\u00eb cil\u00ebt synojn\u00eb ta zgjasin q\u00ebndrimit e tyre, Maritim Hotel Plaza Tirana ofron mund\u00ebsin\u00eb e Apartamenteve t\u00eb Sh\u00ebrbimit t\u00eb cilat p\u00ebrfshijn\u00eb nj\u00eb kuzhin\u00eb private. Nj\u00eb sht\u00ebpi larg nga sht\u00ebpia, ato ofrojn\u00eb gjith\u00e7ka q\u00eb ju nevojitet n\u00eb nj\u00eb apartament duke ju dh\u00ebn\u00eb edhe mund\u00ebsin\u00eb t\u00eb shijoni sh\u00ebrbimet e pafundme t\u00eb hotelit.","og_url":"https:\/\/www.plazatirana.com\/sq\/apartament-sherbimi\/","og_site_name":"Maritim Hotel Plaza Tirana","article_modified_time":"2021-11-29T16:39:42+00:00","twitter_card":"summary_large_image","twitter_misc":{"Est. reading time":"1 minute"},"schema":{"@context":"https:\/\/schema.org","@graph":[{"@type":"WebPage","@id":"https:\/\/www.plazatirana.com\/sq\/apartament-sherbimi\/","url":"https:\/\/www.plazatirana.com\/sq\/apartament-sherbimi\/","name":"Apartament Sh\u00ebrbimi &#8212; Maritim Hotel Plaza Tirana &#8212;","isPartOf":{"@id":"https:\/\/www.plazatirana.com\/sq\/#website"},"datePublished":"2021-11-29T16:25:26+00:00","dateModified":"2021-11-29T16:39:42+00:00","description":"P\u00ebr t\u00eb ftuarit t\u00eb cil\u00ebt synojn\u00eb ta zgjasin q\u00ebndrimit e tyre, Maritim Hotel Plaza Tirana ofron mund\u00ebsin\u00eb e Apartamenteve t\u00eb Sh\u00ebrbimit t\u00eb cilat p\u00ebrfshijn\u00eb nj\u00eb kuzhin\u00eb private. Nj\u00eb sht\u00ebpi larg nga sht\u00ebpia, ato ofrojn\u00eb gjith\u00e7ka q\u00eb ju nevojitet n\u00eb nj\u00eb apartament duke ju dh\u00ebn\u00eb edhe mund\u00ebsin\u00eb t\u00eb shijoni sh\u00ebrbimet e pafundme t\u00eb hotelit.","breadcrumb":{"@id":"https:\/\/www.plazatirana.com\/sq\/apartament-sherbimi\/#breadcrumb"},"inLanguage":"sq-AL","potentialAction":[{"@type":"ReadAction","target":["https:\/\/www.plazatirana.com\/sq\/apartament-sherbimi\/"]}]},{"@type":"BreadcrumbList","@id":"https:\/\/www.plazatirana.com\/sq\/apartament-sherbimi\/#breadcrumb","itemListElement":[{"@type":"ListItem","position":1,"name":"Home","item":"https:\/\/www.plazatirana.com\/sq\/"},{"@type":"ListItem","position":2,"name":"Apartament Sh\u00ebrbimi"}]},{"@type":"WebSite","@id":"https:\/\/www.plazatirana.com\/sq\/#website","url":"https:\/\/www.plazatirana.com\/sq\/","name":"Maritim Hotel Plaza Tirana","description":"Just another ms.decms.eu site","publisher":{"@id":"https:\/\/www.plazatirana.com\/sq\/#organization"},"potentialAction":[{"@type":"SearchAction","target":{"@type":"EntryPoint","urlTemplate":"https:\/\/www.plazatirana.com\/sq\/?s={search_term_string}"},"query-input":{"@type":"PropertyValueSpecification","valueRequired":true,"valueName":"search_term_string"}}],"inLanguage":"sq-AL"},{"@type":"Organization","@id":"https:\/\/www.plazatirana.com\/sq\/#organization","name":"Maritim Hotel Plaza Tirana","url":"https:\/\/www.plazatirana.com\/sq\/","logo":{"@type":"ImageObject","inLanguage":"sq-AL","@id":"https:\/\/www.plazatirana.com\/sq\/#\/schema\/logo\/image\/","url":"https:\/\/www.plazatirana.com\/wp-content\/uploads\/sites\/378\/2021\/11\/Maritim-Hotel-Plaza-Tirana-Logo.png","contentUrl":"https:\/\/www.plazatirana.com\/wp-content\/uploads\/sites\/378\/2021\/11\/Maritim-Hotel-Plaza-Tirana-Logo.png","width":300,"height":224,"caption":"Maritim Hotel Plaza Tirana"},"image":{"@id":"https:\/\/www.plazatirana.com\/sq\/#\/schema\/logo\/image\/"}}]}},"acf":[],"_links":{"self":[{"href":"https:\/\/www.plazatirana.com\/sq\/wp-json\/wp\/v2\/pages\/428","targetHints":{"allow":["GET"]}}],"collection":[{"href":"https:\/\/www.plazatirana.com\/sq\/wp-json\/wp\/v2\/pages"}],"about":[{"href":"https:\/\/www.plazatirana.com\/sq\/wp-json\/wp\/v2\/types\/page"}],"author":[{"embeddable":true,"href":"https:\/\/www.plazatirana.com\/sq\/wp-json\/wp\/v2\/users\/7"}],"replies":[{"embeddable":true,"href":"https:\/\/www.plazatirana.com\/sq\/wp-json\/wp\/v2\/comments?post=428"}],"version-history":[{"count":0,"href":"https:\/\/www.plazatirana.com\/sq\/wp-json\/wp\/v2\/pages\/428\/revisions"}],"wp:attachment":[{"href":"https:\/\/www.plazatirana.com\/sq\/wp-json\/wp\/v2\/media?parent=428"}],"curies":[{"name":"wp","href":"https:\/\/api.w.org\/{rel}","templated":true}]}}