{"id":3,"date":"2021-11-19T16:24:51","date_gmt":"2021-11-19T16:24:51","guid":{"rendered":"https:\/\/plaza-tirana.ms.decms.eu\/?page_id=3"},"modified":"2022-01-24T15:17:26","modified_gmt":"2022-01-24T15:17:26","slug":"maritim-hotel-plaza-tirana","status":"publish","type":"page","link":"https:\/\/www.plazatirana.com\/sq\/","title":{"rendered":"Maritim Hotel Plaza Tirana"},"content":{"rendered":"<p>I pozicionuar n\u00eb q\u00ebnd\u00ebr t\u00eb Tiran\u00ebs, brenda zon\u00ebs ideale tregtare edhe t\u00eb biznesit, vet\u00ebm 3 minuta nga Parlamenti i Shqip\u00ebris\u00eb, Galeris\u00eb Komb\u00ebtare t\u00eb Arteve, Operas dhe Baletit dhe Teatrit t\u00eb Ansamblit Popullor, Maritim Hotel Plaza Tirana \u00ebsht\u00eb hoteli m\u00eb i ri nd\u00ebrkomb\u00ebtar me 5 yje.<\/p>\n<p>Maritim Hotel Plaza Tirana \u00ebsht\u00eb gjithashtu nj\u00eb destinacion p\u00ebr adhuruesit e ushqimit: Tre restorantet tona &#8211; <strong>PANEVINO, CONVIVIUM dhe SAVOR<\/strong> \u2013 ofrojn\u00eb zgjedhje t\u00eb cilat u p\u00ebrshtaten t\u00eb gjitha shijeve tuaja.<\/p>\n<p>Maritim Hotel Plaza Tirana \u00ebsht\u00eb vendi ideal p\u00ebr t&#8217;u takuar dhe p\u00ebr t\u00eb festuar n\u00eb <strong>Tiran\u00eb<\/strong>. Zgjidhni nga 8 sallat e konferencave, t\u00eb cilat mund t\u00eb akomodojn\u00eb deri n\u00eb 350 t\u00eb ftuar n\u00ebse d\u00ebshironi nj\u00eb das\u00ebm, ose pritje m\u00eb pak formale, si\u00e7 mund t\u00eb jet\u00eb nj\u00eb takim pune, nj\u00eb koktej, nj\u00eb konferenc\u00eb ose evente shp\u00ebrblyese korporatash.<\/p>\n","protected":false},"excerpt":{"rendered":"<p>I pozicionuar n\u00eb q\u00ebnd\u00ebr t\u00eb Tiran\u00ebs, brenda zon\u00ebs ideale tregtare edhe t\u00eb biznesit, vet\u00ebm 3 minuta nga Parlamenti i Shqip\u00ebris\u00eb, Galeris\u00eb Komb\u00ebtare t\u00eb Arteve, Operas dhe Baletit dhe Teatrit t\u00eb Ansamblit Popullor, Maritim Hotel Plaza Tirana \u00ebsht\u00eb hoteli m\u00eb i ri nd\u00ebrkomb\u00ebtar me 5 yje. Maritim Hotel Plaza Tirana \u00ebsht\u00eb gjithashtu nj\u00eb destinacion p\u00ebr adhuruesit [&hellip;]<\/p>\n","protected":false},"author":7,"featured_media":0,"parent":0,"menu_order":0,"comment_status":"closed","ping_status":"closed","template":"","meta":{"footnotes":""},"class_list":["post-3","page","type-page","status-publish","hentry"],"yoast_head":"<!-- This site is optimized with the Yoast SEO plugin v26.9 - https:\/\/yoast.com\/product\/yoast-seo-wordpress\/ -->\n<title>Maritim Hotel Plaza Tirana &#8212; Maritim Hotel Plaza Tirana &#8212;<\/title>\n<meta name=\"description\" content=\"I pozicionuar n\u00eb q\u00ebnd\u00ebr t\u00eb Tiran\u00ebs, brenda zon\u00ebs ideale tregtare edhe t\u00eb biznesit, vet\u00ebm 3 minuta nga Parlamenti i Shqip\u00ebris\u00eb, Galeris\u00eb Komb\u00ebtare t\u00eb Arteve, Operas dhe Baletit dhe Teatrit t\u00eb Ansamblit Popullor, Maritim Hotel Plaza Tirana \u00ebsht\u00eb hoteli m\u00eb i ri nd\u00ebrkomb\u00ebtar me 5 yje.  Maritim Hotel Plaza Tirana \u00ebsht\u00eb gjithashtu nj\u00eb destinacion p\u00ebr adhuruesit e ushqimit: Tre restorantet tona - PANEVINO, CONVIVIUM dhe SAVOR \u2013 ofrojn\u00eb zgjedhje t\u00eb cilat u p\u00ebrshtaten t\u00eb gjitha shijeve tuaja.  Maritim Hotel Plaza Tirana \u00ebsht\u00eb vendi ideal p\u00ebr t&#039;u takuar dhe p\u00ebr t\u00eb festuar n\u00eb Tiran\u00eb. Zgjidhni nga 8 sallat e konferencave, t\u00eb cilat mund t\u00eb akomodojn\u00eb deri n\u00eb 350 t\u00eb ftuar n\u00ebse d\u00ebshironi nj\u00eb das\u00ebm, ose pritje m\u00eb pak formale, si\u00e7 mund t\u00eb jet\u00eb nj\u00eb takim pune, nj\u00eb koktej, nj\u00eb konferenc\u00eb ose evente shp\u00ebrblyese korporatash.\" \/>\n<meta name=\"robots\" content=\"index, follow, max-snippet:-1, max-image-preview:large, max-video-preview:-1\" \/>\n<link rel=\"canonical\" href=\"https:\/\/www.plazatirana.com\/sq\/\" \/>\n<meta property=\"og:locale\" content=\"sq_AL\" \/>\n<meta property=\"og:type\" content=\"article\" \/>\n<meta property=\"og:title\" content=\"Maritim Hotel Plaza Tirana &#8212; Maritim Hotel Plaza Tirana &#8212;\" \/>\n<meta property=\"og:description\" content=\"I pozicionuar n\u00eb q\u00ebnd\u00ebr t\u00eb Tiran\u00ebs, brenda zon\u00ebs ideale tregtare edhe t\u00eb biznesit, vet\u00ebm 3 minuta nga Parlamenti i Shqip\u00ebris\u00eb, Galeris\u00eb Komb\u00ebtare t\u00eb Arteve, Operas dhe Baletit dhe Teatrit t\u00eb Ansamblit Popullor, Maritim Hotel Plaza Tirana \u00ebsht\u00eb hoteli m\u00eb i ri nd\u00ebrkomb\u00ebtar me 5 yje.  Maritim Hotel Plaza Tirana \u00ebsht\u00eb gjithashtu nj\u00eb destinacion p\u00ebr adhuruesit e ushqimit: Tre restorantet tona - PANEVINO, CONVIVIUM dhe SAVOR \u2013 ofrojn\u00eb zgjedhje t\u00eb cilat u p\u00ebrshtaten t\u00eb gjitha shijeve tuaja.  Maritim Hotel Plaza Tirana \u00ebsht\u00eb vendi ideal p\u00ebr t&#039;u takuar dhe p\u00ebr t\u00eb festuar n\u00eb Tiran\u00eb. Zgjidhni nga 8 sallat e konferencave, t\u00eb cilat mund t\u00eb akomodojn\u00eb deri n\u00eb 350 t\u00eb ftuar n\u00ebse d\u00ebshironi nj\u00eb das\u00ebm, ose pritje m\u00eb pak formale, si\u00e7 mund t\u00eb jet\u00eb nj\u00eb takim pune, nj\u00eb koktej, nj\u00eb konferenc\u00eb ose evente shp\u00ebrblyese korporatash.\" \/>\n<meta property=\"og:url\" content=\"https:\/\/www.plazatirana.com\/sq\/\" \/>\n<meta property=\"og:site_name\" content=\"Maritim Hotel Plaza Tirana\" \/>\n<meta property=\"article:modified_time\" content=\"2022-01-24T15:17:26+00:00\" \/>\n<meta name=\"twitter:card\" content=\"summary_large_image\" \/>\n<meta name=\"twitter:label1\" content=\"Est. reading time\" \/>\n\t<meta name=\"twitter:data1\" content=\"1 minute\" \/>\n<script type=\"application\/ld+json\" class=\"yoast-schema-graph\">{\"@context\":\"https:\/\/schema.org\",\"@graph\":[{\"@type\":\"WebPage\",\"@id\":\"https:\/\/www.plazatirana.com\/sq\/\",\"url\":\"https:\/\/www.plazatirana.com\/sq\/\",\"name\":\"Maritim Hotel Plaza Tirana &#8212; Maritim Hotel Plaza Tirana &#8212;\",\"isPartOf\":{\"@id\":\"https:\/\/www.plazatirana.com\/sq\/#website\"},\"datePublished\":\"2021-11-19T16:24:51+00:00\",\"dateModified\":\"2022-01-24T15:17:26+00:00\",\"description\":\"I pozicionuar n\u00eb q\u00ebnd\u00ebr t\u00eb Tiran\u00ebs, brenda zon\u00ebs ideale tregtare edhe t\u00eb biznesit, vet\u00ebm 3 minuta nga Parlamenti i Shqip\u00ebris\u00eb, Galeris\u00eb Komb\u00ebtare t\u00eb Arteve, Operas dhe Baletit dhe Teatrit t\u00eb Ansamblit Popullor, Maritim Hotel Plaza Tirana \u00ebsht\u00eb hoteli m\u00eb i ri nd\u00ebrkomb\u00ebtar me 5 yje. Maritim Hotel Plaza Tirana \u00ebsht\u00eb gjithashtu nj\u00eb destinacion p\u00ebr adhuruesit e ushqimit: Tre restorantet tona - PANEVINO, CONVIVIUM dhe SAVOR \u2013 ofrojn\u00eb zgjedhje t\u00eb cilat u p\u00ebrshtaten t\u00eb gjitha shijeve tuaja. Maritim Hotel Plaza Tirana \u00ebsht\u00eb vendi ideal p\u00ebr t'u takuar dhe p\u00ebr t\u00eb festuar n\u00eb Tiran\u00eb. Zgjidhni nga 8 sallat e konferencave, t\u00eb cilat mund t\u00eb akomodojn\u00eb deri n\u00eb 350 t\u00eb ftuar n\u00ebse d\u00ebshironi nj\u00eb das\u00ebm, ose pritje m\u00eb pak formale, si\u00e7 mund t\u00eb jet\u00eb nj\u00eb takim pune, nj\u00eb koktej, nj\u00eb konferenc\u00eb ose evente shp\u00ebrblyese korporatash.\",\"breadcrumb\":{\"@id\":\"https:\/\/www.plazatirana.com\/sq\/#breadcrumb\"},\"inLanguage\":\"sq-AL\",\"potentialAction\":[{\"@type\":\"ReadAction\",\"target\":[\"https:\/\/www.plazatirana.com\/sq\/\"]}]},{\"@type\":\"BreadcrumbList\",\"@id\":\"https:\/\/www.plazatirana.com\/sq\/#breadcrumb\",\"itemListElement\":[{\"@type\":\"ListItem\",\"position\":1,\"name\":\"Home\",\"item\":\"https:\/\/www.plazatirana.com\/sq\/\"},{\"@type\":\"ListItem\",\"position\":2,\"name\":\"Maritim Hotel Plaza Tirana\"}]},{\"@type\":\"WebSite\",\"@id\":\"https:\/\/www.plazatirana.com\/sq\/#website\",\"url\":\"https:\/\/www.plazatirana.com\/sq\/\",\"name\":\"Maritim Hotel Plaza Tirana\",\"description\":\"Just another ms.decms.eu site\",\"publisher\":{\"@id\":\"https:\/\/www.plazatirana.com\/sq\/#organization\"},\"potentialAction\":[{\"@type\":\"SearchAction\",\"target\":{\"@type\":\"EntryPoint\",\"urlTemplate\":\"https:\/\/www.plazatirana.com\/sq\/?s={search_term_string}\"},\"query-input\":{\"@type\":\"PropertyValueSpecification\",\"valueRequired\":true,\"valueName\":\"search_term_string\"}}],\"inLanguage\":\"sq-AL\"},{\"@type\":\"Organization\",\"@id\":\"https:\/\/www.plazatirana.com\/sq\/#organization\",\"name\":\"Maritim Hotel Plaza Tirana\",\"url\":\"https:\/\/www.plazatirana.com\/sq\/\",\"logo\":{\"@type\":\"ImageObject\",\"inLanguage\":\"sq-AL\",\"@id\":\"https:\/\/www.plazatirana.com\/sq\/#\/schema\/logo\/image\/\",\"url\":\"https:\/\/www.plazatirana.com\/wp-content\/uploads\/sites\/378\/2021\/11\/Maritim-Hotel-Plaza-Tirana-Logo.png\",\"contentUrl\":\"https:\/\/www.plazatirana.com\/wp-content\/uploads\/sites\/378\/2021\/11\/Maritim-Hotel-Plaza-Tirana-Logo.png\",\"width\":300,\"height\":224,\"caption\":\"Maritim Hotel Plaza Tirana\"},\"image\":{\"@id\":\"https:\/\/www.plazatirana.com\/sq\/#\/schema\/logo\/image\/\"}}]}<\/script>\n<!-- \/ Yoast SEO plugin. -->","yoast_head_json":{"title":"Maritim Hotel Plaza Tirana &#8212; Maritim Hotel Plaza Tirana &#8212;","description":"I pozicionuar n\u00eb q\u00ebnd\u00ebr t\u00eb Tiran\u00ebs, brenda zon\u00ebs ideale tregtare edhe t\u00eb biznesit, vet\u00ebm 3 minuta nga Parlamenti i Shqip\u00ebris\u00eb, Galeris\u00eb Komb\u00ebtare t\u00eb Arteve, Operas dhe Baletit dhe Teatrit t\u00eb Ansamblit Popullor, Maritim Hotel Plaza Tirana \u00ebsht\u00eb hoteli m\u00eb i ri nd\u00ebrkomb\u00ebtar me 5 yje.  Maritim Hotel Plaza Tirana \u00ebsht\u00eb gjithashtu nj\u00eb destinacion p\u00ebr adhuruesit e ushqimit: Tre restorantet tona - PANEVINO, CONVIVIUM dhe SAVOR \u2013 ofrojn\u00eb zgjedhje t\u00eb cilat u p\u00ebrshtaten t\u00eb gjitha shijeve tuaja.  Maritim Hotel Plaza Tirana \u00ebsht\u00eb vendi ideal p\u00ebr t'u takuar dhe p\u00ebr t\u00eb festuar n\u00eb Tiran\u00eb. Zgjidhni nga 8 sallat e konferencave, t\u00eb cilat mund t\u00eb akomodojn\u00eb deri n\u00eb 350 t\u00eb ftuar n\u00ebse d\u00ebshironi nj\u00eb das\u00ebm, ose pritje m\u00eb pak formale, si\u00e7 mund t\u00eb jet\u00eb nj\u00eb takim pune, nj\u00eb koktej, nj\u00eb konferenc\u00eb ose evente shp\u00ebrblyese korporatash.","robots":{"index":"index","follow":"follow","max-snippet":"max-snippet:-1","max-image-preview":"max-image-preview:large","max-video-preview":"max-video-preview:-1"},"canonical":"https:\/\/www.plazatirana.com\/sq\/","og_locale":"sq_AL","og_type":"article","og_title":"Maritim Hotel Plaza Tirana &#8212; Maritim Hotel Plaza Tirana &#8212;","og_description":"I pozicionuar n\u00eb q\u00ebnd\u00ebr t\u00eb Tiran\u00ebs, brenda zon\u00ebs ideale tregtare edhe t\u00eb biznesit, vet\u00ebm 3 minuta nga Parlamenti i Shqip\u00ebris\u00eb, Galeris\u00eb Komb\u00ebtare t\u00eb Arteve, Operas dhe Baletit dhe Teatrit t\u00eb Ansamblit Popullor, Maritim Hotel Plaza Tirana \u00ebsht\u00eb hoteli m\u00eb i ri nd\u00ebrkomb\u00ebtar me 5 yje.  Maritim Hotel Plaza Tirana \u00ebsht\u00eb gjithashtu nj\u00eb destinacion p\u00ebr adhuruesit e ushqimit: Tre restorantet tona - PANEVINO, CONVIVIUM dhe SAVOR \u2013 ofrojn\u00eb zgjedhje t\u00eb cilat u p\u00ebrshtaten t\u00eb gjitha shijeve tuaja.  Maritim Hotel Plaza Tirana \u00ebsht\u00eb vendi ideal p\u00ebr t'u takuar dhe p\u00ebr t\u00eb festuar n\u00eb Tiran\u00eb. Zgjidhni nga 8 sallat e konferencave, t\u00eb cilat mund t\u00eb akomodojn\u00eb deri n\u00eb 350 t\u00eb ftuar n\u00ebse d\u00ebshironi nj\u00eb das\u00ebm, ose pritje m\u00eb pak formale, si\u00e7 mund t\u00eb jet\u00eb nj\u00eb takim pune, nj\u00eb koktej, nj\u00eb konferenc\u00eb ose evente shp\u00ebrblyese korporatash.","og_url":"https:\/\/www.plazatirana.com\/sq\/","og_site_name":"Maritim Hotel Plaza Tirana","article_modified_time":"2022-01-24T15:17:26+00:00","twitter_card":"summary_large_image","twitter_misc":{"Est. reading time":"1 minute"},"schema":{"@context":"https:\/\/schema.org","@graph":[{"@type":"WebPage","@id":"https:\/\/www.plazatirana.com\/sq\/","url":"https:\/\/www.plazatirana.com\/sq\/","name":"Maritim Hotel Plaza Tirana &#8212; Maritim Hotel Plaza Tirana &#8212;","isPartOf":{"@id":"https:\/\/www.plazatirana.com\/sq\/#website"},"datePublished":"2021-11-19T16:24:51+00:00","dateModified":"2022-01-24T15:17:26+00:00","description":"I pozicionuar n\u00eb q\u00ebnd\u00ebr t\u00eb Tiran\u00ebs, brenda zon\u00ebs ideale tregtare edhe t\u00eb biznesit, vet\u00ebm 3 minuta nga Parlamenti i Shqip\u00ebris\u00eb, Galeris\u00eb Komb\u00ebtare t\u00eb Arteve, Operas dhe Baletit dhe Teatrit t\u00eb Ansamblit Popullor, Maritim Hotel Plaza Tirana \u00ebsht\u00eb hoteli m\u00eb i ri nd\u00ebrkomb\u00ebtar me 5 yje. Maritim Hotel Plaza Tirana \u00ebsht\u00eb gjithashtu nj\u00eb destinacion p\u00ebr adhuruesit e ushqimit: Tre restorantet tona - PANEVINO, CONVIVIUM dhe SAVOR \u2013 ofrojn\u00eb zgjedhje t\u00eb cilat u p\u00ebrshtaten t\u00eb gjitha shijeve tuaja. Maritim Hotel Plaza Tirana \u00ebsht\u00eb vendi ideal p\u00ebr t'u takuar dhe p\u00ebr t\u00eb festuar n\u00eb Tiran\u00eb. Zgjidhni nga 8 sallat e konferencave, t\u00eb cilat mund t\u00eb akomodojn\u00eb deri n\u00eb 350 t\u00eb ftuar n\u00ebse d\u00ebshironi nj\u00eb das\u00ebm, ose pritje m\u00eb pak formale, si\u00e7 mund t\u00eb jet\u00eb nj\u00eb takim pune, nj\u00eb koktej, nj\u00eb konferenc\u00eb ose evente shp\u00ebrblyese korporatash.","breadcrumb":{"@id":"https:\/\/www.plazatirana.com\/sq\/#breadcrumb"},"inLanguage":"sq-AL","potentialAction":[{"@type":"ReadAction","target":["https:\/\/www.plazatirana.com\/sq\/"]}]},{"@type":"BreadcrumbList","@id":"https:\/\/www.plazatirana.com\/sq\/#breadcrumb","itemListElement":[{"@type":"ListItem","position":1,"name":"Home","item":"https:\/\/www.plazatirana.com\/sq\/"},{"@type":"ListItem","position":2,"name":"Maritim Hotel Plaza Tirana"}]},{"@type":"WebSite","@id":"https:\/\/www.plazatirana.com\/sq\/#website","url":"https:\/\/www.plazatirana.com\/sq\/","name":"Maritim Hotel Plaza Tirana","description":"Just another ms.decms.eu site","publisher":{"@id":"https:\/\/www.plazatirana.com\/sq\/#organization"},"potentialAction":[{"@type":"SearchAction","target":{"@type":"EntryPoint","urlTemplate":"https:\/\/www.plazatirana.com\/sq\/?s={search_term_string}"},"query-input":{"@type":"PropertyValueSpecification","valueRequired":true,"valueName":"search_term_string"}}],"inLanguage":"sq-AL"},{"@type":"Organization","@id":"https:\/\/www.plazatirana.com\/sq\/#organization","name":"Maritim Hotel Plaza Tirana","url":"https:\/\/www.plazatirana.com\/sq\/","logo":{"@type":"ImageObject","inLanguage":"sq-AL","@id":"https:\/\/www.plazatirana.com\/sq\/#\/schema\/logo\/image\/","url":"https:\/\/www.plazatirana.com\/wp-content\/uploads\/sites\/378\/2021\/11\/Maritim-Hotel-Plaza-Tirana-Logo.png","contentUrl":"https:\/\/www.plazatirana.com\/wp-content\/uploads\/sites\/378\/2021\/11\/Maritim-Hotel-Plaza-Tirana-Logo.png","width":300,"height":224,"caption":"Maritim Hotel Plaza Tirana"},"image":{"@id":"https:\/\/www.plazatirana.com\/sq\/#\/schema\/logo\/image\/"}}]}},"acf":[],"_links":{"self":[{"href":"https:\/\/www.plazatirana.com\/sq\/wp-json\/wp\/v2\/pages\/3","targetHints":{"allow":["GET"]}}],"collection":[{"href":"https:\/\/www.plazatirana.com\/sq\/wp-json\/wp\/v2\/pages"}],"about":[{"href":"https:\/\/www.plazatirana.com\/sq\/wp-json\/wp\/v2\/types\/page"}],"author":[{"embeddable":true,"href":"https:\/\/www.plazatirana.com\/sq\/wp-json\/wp\/v2\/users\/7"}],"replies":[{"embeddable":true,"href":"https:\/\/www.plazatirana.com\/sq\/wp-json\/wp\/v2\/comments?post=3"}],"version-history":[{"count":0,"href":"https:\/\/www.plazatirana.com\/sq\/wp-json\/wp\/v2\/pages\/3\/revisions"}],"wp:attachment":[{"href":"https:\/\/www.plazatirana.com\/sq\/wp-json\/wp\/v2\/media?parent=3"}],"curies":[{"name":"wp","href":"https:\/\/api.w.org\/{rel}","templated":true}]}}