{"id":202,"date":"2021-11-26T09:50:50","date_gmt":"2021-11-26T09:50:50","guid":{"rendered":"https:\/\/plaza-tirana.ms.decms.eu\/dhoma-dhe-suita\/spa-suite\/"},"modified":"2021-11-26T10:43:54","modified_gmt":"2021-11-26T10:43:54","slug":"suita-spa","status":"publish","type":"page","link":"https:\/\/www.plazatirana.com\/sq\/dhoma-dhe-suita\/suita-spa\/","title":{"rendered":"Suita SPA"},"content":{"rendered":"<p>Hyr n\u00eb p\u00ebrvoj\u00ebn p\u00ebrfundimtare t\u00eb relaksit. Suita SPA \u00ebsht\u00eb pik\u00ebrisht ajo q\u00eb ju d\u00ebshironi n\u00eb jet\u00eb. Q\u00ebndroni n\u00eb nj\u00eb oaz k\u00ebnaq\u00ebsie, n\u00eb nj\u00eb suit\u00eb me Vask\u00eb Hidromasazhi tuaj\u00ebn personale, dush emocional dhe dhoma me avull.<\/p>\n","protected":false},"excerpt":{"rendered":"<p>Hyr n\u00eb p\u00ebrvoj\u00ebn p\u00ebrfundimtare t\u00eb relaksit. Suita SPA \u00ebsht\u00eb pik\u00ebrisht ajo q\u00eb ju d\u00ebshironi n\u00eb jet\u00eb. Q\u00ebndroni n\u00eb nj\u00eb oaz k\u00ebnaq\u00ebsie, n\u00eb nj\u00eb suit\u00eb me Vask\u00eb Hidromasazhi tuaj\u00ebn personale, dush emocional dhe dhoma me avull.<\/p>\n","protected":false},"author":7,"featured_media":0,"parent":93,"menu_order":5,"comment_status":"closed","ping_status":"closed","template":"template-single-room.php","meta":{"footnotes":""},"class_list":["post-202","page","type-page","status-publish","hentry"],"yoast_head":"<!-- This site is optimized with the Yoast SEO plugin v26.9 - https:\/\/yoast.com\/product\/yoast-seo-wordpress\/ -->\n<title>Suita SPA &#8212; Maritim Hotel Plaza Tirana &#8212;<\/title>\n<meta name=\"description\" content=\"Hyr n\u00eb p\u00ebrvoj\u00ebn p\u00ebrfundimtare t\u00eb relaksit. Suita SPA \u00ebsht\u00eb pik\u00ebrisht ajo q\u00eb ju d\u00ebshironi n\u00eb jet\u00eb\" \/>\n<meta name=\"robots\" content=\"index, follow, max-snippet:-1, max-image-preview:large, max-video-preview:-1\" \/>\n<link rel=\"canonical\" href=\"https:\/\/www.plazatirana.com\/sq\/dhoma-dhe-suita\/suita-spa\/\" \/>\n<meta property=\"og:locale\" content=\"sq_AL\" \/>\n<meta property=\"og:type\" content=\"article\" \/>\n<meta property=\"og:title\" content=\"Suita SPA &#8212; Maritim Hotel Plaza Tirana &#8212;\" \/>\n<meta property=\"og:description\" content=\"Hyr n\u00eb p\u00ebrvoj\u00ebn p\u00ebrfundimtare t\u00eb relaksit. Suita SPA \u00ebsht\u00eb pik\u00ebrisht ajo q\u00eb ju d\u00ebshironi n\u00eb jet\u00eb\" \/>\n<meta property=\"og:url\" content=\"https:\/\/www.plazatirana.com\/sq\/dhoma-dhe-suita\/suita-spa\/\" \/>\n<meta property=\"og:site_name\" content=\"Maritim Hotel Plaza Tirana\" \/>\n<meta property=\"article:modified_time\" content=\"2021-11-26T10:43:54+00:00\" \/>\n<meta name=\"twitter:card\" content=\"summary_large_image\" \/>\n<script type=\"application\/ld+json\" class=\"yoast-schema-graph\">{\"@context\":\"https:\/\/schema.org\",\"@graph\":[{\"@type\":\"WebPage\",\"@id\":\"https:\/\/www.plazatirana.com\/sq\/dhoma-dhe-suita\/suita-spa\/\",\"url\":\"https:\/\/www.plazatirana.com\/sq\/dhoma-dhe-suita\/suita-spa\/\",\"name\":\"Suita SPA &#8212; Maritim Hotel Plaza Tirana &#8212;\",\"isPartOf\":{\"@id\":\"https:\/\/www.plazatirana.com\/sq\/#website\"},\"datePublished\":\"2021-11-26T09:50:50+00:00\",\"dateModified\":\"2021-11-26T10:43:54+00:00\",\"description\":\"Hyr n\u00eb p\u00ebrvoj\u00ebn p\u00ebrfundimtare t\u00eb relaksit. Suita SPA \u00ebsht\u00eb pik\u00ebrisht ajo q\u00eb ju d\u00ebshironi n\u00eb jet\u00eb\",\"breadcrumb\":{\"@id\":\"https:\/\/www.plazatirana.com\/sq\/dhoma-dhe-suita\/suita-spa\/#breadcrumb\"},\"inLanguage\":\"sq-AL\",\"potentialAction\":[{\"@type\":\"ReadAction\",\"target\":[\"https:\/\/www.plazatirana.com\/sq\/dhoma-dhe-suita\/suita-spa\/\"]}]},{\"@type\":\"BreadcrumbList\",\"@id\":\"https:\/\/www.plazatirana.com\/sq\/dhoma-dhe-suita\/suita-spa\/#breadcrumb\",\"itemListElement\":[{\"@type\":\"ListItem\",\"position\":1,\"name\":\"Home\",\"item\":\"https:\/\/www.plazatirana.com\/sq\/\"},{\"@type\":\"ListItem\",\"position\":2,\"name\":\"Dhoma dhe Suita\",\"item\":\"https:\/\/www.plazatirana.com\/sq\/dhoma-dhe-suita\/\"},{\"@type\":\"ListItem\",\"position\":3,\"name\":\"Suita SPA\"}]},{\"@type\":\"WebSite\",\"@id\":\"https:\/\/www.plazatirana.com\/sq\/#website\",\"url\":\"https:\/\/www.plazatirana.com\/sq\/\",\"name\":\"Maritim Hotel Plaza Tirana\",\"description\":\"Just another ms.decms.eu site\",\"publisher\":{\"@id\":\"https:\/\/www.plazatirana.com\/sq\/#organization\"},\"potentialAction\":[{\"@type\":\"SearchAction\",\"target\":{\"@type\":\"EntryPoint\",\"urlTemplate\":\"https:\/\/www.plazatirana.com\/sq\/?s={search_term_string}\"},\"query-input\":{\"@type\":\"PropertyValueSpecification\",\"valueRequired\":true,\"valueName\":\"search_term_string\"}}],\"inLanguage\":\"sq-AL\"},{\"@type\":\"Organization\",\"@id\":\"https:\/\/www.plazatirana.com\/sq\/#organization\",\"name\":\"Maritim Hotel Plaza Tirana\",\"url\":\"https:\/\/www.plazatirana.com\/sq\/\",\"logo\":{\"@type\":\"ImageObject\",\"inLanguage\":\"sq-AL\",\"@id\":\"https:\/\/www.plazatirana.com\/sq\/#\/schema\/logo\/image\/\",\"url\":\"https:\/\/www.plazatirana.com\/wp-content\/uploads\/sites\/378\/2021\/11\/Maritim-Hotel-Plaza-Tirana-Logo.png\",\"contentUrl\":\"https:\/\/www.plazatirana.com\/wp-content\/uploads\/sites\/378\/2021\/11\/Maritim-Hotel-Plaza-Tirana-Logo.png\",\"width\":300,\"height\":224,\"caption\":\"Maritim Hotel Plaza Tirana\"},\"image\":{\"@id\":\"https:\/\/www.plazatirana.com\/sq\/#\/schema\/logo\/image\/\"}}]}<\/script>\n<!-- \/ Yoast SEO plugin. -->","yoast_head_json":{"title":"Suita SPA &#8212; Maritim Hotel Plaza Tirana &#8212;","description":"Hyr n\u00eb p\u00ebrvoj\u00ebn p\u00ebrfundimtare t\u00eb relaksit. Suita SPA \u00ebsht\u00eb pik\u00ebrisht ajo q\u00eb ju d\u00ebshironi n\u00eb jet\u00eb","robots":{"index":"index","follow":"follow","max-snippet":"max-snippet:-1","max-image-preview":"max-image-preview:large","max-video-preview":"max-video-preview:-1"},"canonical":"https:\/\/www.plazatirana.com\/sq\/dhoma-dhe-suita\/suita-spa\/","og_locale":"sq_AL","og_type":"article","og_title":"Suita SPA &#8212; Maritim Hotel Plaza Tirana &#8212;","og_description":"Hyr n\u00eb p\u00ebrvoj\u00ebn p\u00ebrfundimtare t\u00eb relaksit. Suita SPA \u00ebsht\u00eb pik\u00ebrisht ajo q\u00eb ju d\u00ebshironi n\u00eb jet\u00eb","og_url":"https:\/\/www.plazatirana.com\/sq\/dhoma-dhe-suita\/suita-spa\/","og_site_name":"Maritim Hotel Plaza Tirana","article_modified_time":"2021-11-26T10:43:54+00:00","twitter_card":"summary_large_image","schema":{"@context":"https:\/\/schema.org","@graph":[{"@type":"WebPage","@id":"https:\/\/www.plazatirana.com\/sq\/dhoma-dhe-suita\/suita-spa\/","url":"https:\/\/www.plazatirana.com\/sq\/dhoma-dhe-suita\/suita-spa\/","name":"Suita SPA &#8212; Maritim Hotel Plaza Tirana &#8212;","isPartOf":{"@id":"https:\/\/www.plazatirana.com\/sq\/#website"},"datePublished":"2021-11-26T09:50:50+00:00","dateModified":"2021-11-26T10:43:54+00:00","description":"Hyr n\u00eb p\u00ebrvoj\u00ebn p\u00ebrfundimtare t\u00eb relaksit. Suita SPA \u00ebsht\u00eb pik\u00ebrisht ajo q\u00eb ju d\u00ebshironi n\u00eb jet\u00eb","breadcrumb":{"@id":"https:\/\/www.plazatirana.com\/sq\/dhoma-dhe-suita\/suita-spa\/#breadcrumb"},"inLanguage":"sq-AL","potentialAction":[{"@type":"ReadAction","target":["https:\/\/www.plazatirana.com\/sq\/dhoma-dhe-suita\/suita-spa\/"]}]},{"@type":"BreadcrumbList","@id":"https:\/\/www.plazatirana.com\/sq\/dhoma-dhe-suita\/suita-spa\/#breadcrumb","itemListElement":[{"@type":"ListItem","position":1,"name":"Home","item":"https:\/\/www.plazatirana.com\/sq\/"},{"@type":"ListItem","position":2,"name":"Dhoma dhe Suita","item":"https:\/\/www.plazatirana.com\/sq\/dhoma-dhe-suita\/"},{"@type":"ListItem","position":3,"name":"Suita SPA"}]},{"@type":"WebSite","@id":"https:\/\/www.plazatirana.com\/sq\/#website","url":"https:\/\/www.plazatirana.com\/sq\/","name":"Maritim Hotel Plaza Tirana","description":"Just another ms.decms.eu site","publisher":{"@id":"https:\/\/www.plazatirana.com\/sq\/#organization"},"potentialAction":[{"@type":"SearchAction","target":{"@type":"EntryPoint","urlTemplate":"https:\/\/www.plazatirana.com\/sq\/?s={search_term_string}"},"query-input":{"@type":"PropertyValueSpecification","valueRequired":true,"valueName":"search_term_string"}}],"inLanguage":"sq-AL"},{"@type":"Organization","@id":"https:\/\/www.plazatirana.com\/sq\/#organization","name":"Maritim Hotel Plaza Tirana","url":"https:\/\/www.plazatirana.com\/sq\/","logo":{"@type":"ImageObject","inLanguage":"sq-AL","@id":"https:\/\/www.plazatirana.com\/sq\/#\/schema\/logo\/image\/","url":"https:\/\/www.plazatirana.com\/wp-content\/uploads\/sites\/378\/2021\/11\/Maritim-Hotel-Plaza-Tirana-Logo.png","contentUrl":"https:\/\/www.plazatirana.com\/wp-content\/uploads\/sites\/378\/2021\/11\/Maritim-Hotel-Plaza-Tirana-Logo.png","width":300,"height":224,"caption":"Maritim Hotel Plaza Tirana"},"image":{"@id":"https:\/\/www.plazatirana.com\/sq\/#\/schema\/logo\/image\/"}}]}},"acf":[],"_links":{"self":[{"href":"https:\/\/www.plazatirana.com\/sq\/wp-json\/wp\/v2\/pages\/202","targetHints":{"allow":["GET"]}}],"collection":[{"href":"https:\/\/www.plazatirana.com\/sq\/wp-json\/wp\/v2\/pages"}],"about":[{"href":"https:\/\/www.plazatirana.com\/sq\/wp-json\/wp\/v2\/types\/page"}],"author":[{"embeddable":true,"href":"https:\/\/www.plazatirana.com\/sq\/wp-json\/wp\/v2\/users\/7"}],"replies":[{"embeddable":true,"href":"https:\/\/www.plazatirana.com\/sq\/wp-json\/wp\/v2\/comments?post=202"}],"version-history":[{"count":0,"href":"https:\/\/www.plazatirana.com\/sq\/wp-json\/wp\/v2\/pages\/202\/revisions"}],"up":[{"embeddable":true,"href":"https:\/\/www.plazatirana.com\/sq\/wp-json\/wp\/v2\/pages\/93"}],"wp:attachment":[{"href":"https:\/\/www.plazatirana.com\/sq\/wp-json\/wp\/v2\/media?parent=202"}],"curies":[{"name":"wp","href":"https:\/\/api.w.org\/{rel}","templated":true}]}}