{"id":116,"date":"2021-11-24T11:11:46","date_gmt":"2021-11-24T11:11:46","guid":{"rendered":"https:\/\/plaza-tirana.ms.decms.eu\/?page_id=116"},"modified":"2021-11-24T16:44:10","modified_gmt":"2021-11-24T16:44:10","slug":"dhomat-business","status":"publish","type":"page","link":"https:\/\/www.plazatirana.com\/sq\/dhoma-dhe-suita\/dhomat-business\/","title":{"rendered":"Dhomat Business"},"content":{"rendered":"<p>Biznes jo si zakonisht. T\u00eb projektuara n\u00eb m\u00ebnyr\u00eb elegante, moderne dhe t\u00eb ndezura, perfekte p\u00ebr nevojat tuaja me krevate teke ose dopio. Dhoma ideale p\u00ebr qet\u00ebsin\u00eb tuaj pas nj\u00eb dite t\u00eb ngarkuar n\u00eb qytet.<\/p>\n","protected":false},"excerpt":{"rendered":"<p>Biznes jo si zakonisht. T\u00eb projektuara n\u00eb m\u00ebnyr\u00eb elegante, moderne dhe t\u00eb ndezura, perfekte p\u00ebr nevojat tuaja me krevate teke ose dopio. Dhoma ideale p\u00ebr qet\u00ebsin\u00eb tuaj pas nj\u00eb dite t\u00eb ngarkuar n\u00eb qytet.<\/p>\n","protected":false},"author":7,"featured_media":0,"parent":93,"menu_order":0,"comment_status":"closed","ping_status":"closed","template":"template-single-room.php","meta":{"footnotes":""},"class_list":["post-116","page","type-page","status-publish","hentry"],"yoast_head":"<!-- This site is optimized with the Yoast SEO plugin v26.9 - https:\/\/yoast.com\/product\/yoast-seo-wordpress\/ -->\n<title>Dhomat Business &#8212; Maritim Hotel Plaza Tirana &#8212;<\/title>\n<meta name=\"description\" content=\"Biznes jo si zakonisht. T\u00eb projektuara n\u00eb m\u00ebnyr\u00eb elegante, moderne dhe t\u00eb ndezura, perfekte p\u00ebr nevojat tuaja me krevate teke ose dopio\" \/>\n<meta name=\"robots\" content=\"index, follow, max-snippet:-1, max-image-preview:large, max-video-preview:-1\" \/>\n<link rel=\"canonical\" href=\"https:\/\/www.plazatirana.com\/sq\/dhoma-dhe-suita\/dhomat-business\/\" \/>\n<meta property=\"og:locale\" content=\"sq_AL\" \/>\n<meta property=\"og:type\" content=\"article\" \/>\n<meta property=\"og:title\" content=\"Dhomat Business &#8212; Maritim Hotel Plaza Tirana &#8212;\" \/>\n<meta property=\"og:description\" content=\"Biznes jo si zakonisht. T\u00eb projektuara n\u00eb m\u00ebnyr\u00eb elegante, moderne dhe t\u00eb ndezura, perfekte p\u00ebr nevojat tuaja me krevate teke ose dopio\" \/>\n<meta property=\"og:url\" content=\"https:\/\/www.plazatirana.com\/sq\/dhoma-dhe-suita\/dhomat-business\/\" \/>\n<meta property=\"og:site_name\" content=\"Maritim Hotel Plaza Tirana\" \/>\n<meta property=\"article:modified_time\" content=\"2021-11-24T16:44:10+00:00\" \/>\n<meta name=\"twitter:card\" content=\"summary_large_image\" \/>\n<script type=\"application\/ld+json\" class=\"yoast-schema-graph\">{\"@context\":\"https:\/\/schema.org\",\"@graph\":[{\"@type\":\"WebPage\",\"@id\":\"https:\/\/www.plazatirana.com\/sq\/dhoma-dhe-suita\/dhomat-business\/\",\"url\":\"https:\/\/www.plazatirana.com\/sq\/dhoma-dhe-suita\/dhomat-business\/\",\"name\":\"Dhomat Business &#8212; Maritim Hotel Plaza Tirana &#8212;\",\"isPartOf\":{\"@id\":\"https:\/\/www.plazatirana.com\/sq\/#website\"},\"datePublished\":\"2021-11-24T11:11:46+00:00\",\"dateModified\":\"2021-11-24T16:44:10+00:00\",\"description\":\"Biznes jo si zakonisht. T\u00eb projektuara n\u00eb m\u00ebnyr\u00eb elegante, moderne dhe t\u00eb ndezura, perfekte p\u00ebr nevojat tuaja me krevate teke ose dopio\",\"breadcrumb\":{\"@id\":\"https:\/\/www.plazatirana.com\/sq\/dhoma-dhe-suita\/dhomat-business\/#breadcrumb\"},\"inLanguage\":\"sq-AL\",\"potentialAction\":[{\"@type\":\"ReadAction\",\"target\":[\"https:\/\/www.plazatirana.com\/sq\/dhoma-dhe-suita\/dhomat-business\/\"]}]},{\"@type\":\"BreadcrumbList\",\"@id\":\"https:\/\/www.plazatirana.com\/sq\/dhoma-dhe-suita\/dhomat-business\/#breadcrumb\",\"itemListElement\":[{\"@type\":\"ListItem\",\"position\":1,\"name\":\"Home\",\"item\":\"https:\/\/www.plazatirana.com\/sq\/\"},{\"@type\":\"ListItem\",\"position\":2,\"name\":\"Dhoma dhe Suita\",\"item\":\"https:\/\/www.plazatirana.com\/sq\/dhoma-dhe-suita\/\"},{\"@type\":\"ListItem\",\"position\":3,\"name\":\"Dhomat Business\"}]},{\"@type\":\"WebSite\",\"@id\":\"https:\/\/www.plazatirana.com\/sq\/#website\",\"url\":\"https:\/\/www.plazatirana.com\/sq\/\",\"name\":\"Maritim Hotel Plaza Tirana\",\"description\":\"Just another ms.decms.eu site\",\"publisher\":{\"@id\":\"https:\/\/www.plazatirana.com\/sq\/#organization\"},\"potentialAction\":[{\"@type\":\"SearchAction\",\"target\":{\"@type\":\"EntryPoint\",\"urlTemplate\":\"https:\/\/www.plazatirana.com\/sq\/?s={search_term_string}\"},\"query-input\":{\"@type\":\"PropertyValueSpecification\",\"valueRequired\":true,\"valueName\":\"search_term_string\"}}],\"inLanguage\":\"sq-AL\"},{\"@type\":\"Organization\",\"@id\":\"https:\/\/www.plazatirana.com\/sq\/#organization\",\"name\":\"Maritim Hotel Plaza Tirana\",\"url\":\"https:\/\/www.plazatirana.com\/sq\/\",\"logo\":{\"@type\":\"ImageObject\",\"inLanguage\":\"sq-AL\",\"@id\":\"https:\/\/www.plazatirana.com\/sq\/#\/schema\/logo\/image\/\",\"url\":\"https:\/\/www.plazatirana.com\/wp-content\/uploads\/sites\/378\/2021\/11\/Maritim-Hotel-Plaza-Tirana-Logo.png\",\"contentUrl\":\"https:\/\/www.plazatirana.com\/wp-content\/uploads\/sites\/378\/2021\/11\/Maritim-Hotel-Plaza-Tirana-Logo.png\",\"width\":300,\"height\":224,\"caption\":\"Maritim Hotel Plaza Tirana\"},\"image\":{\"@id\":\"https:\/\/www.plazatirana.com\/sq\/#\/schema\/logo\/image\/\"}}]}<\/script>\n<!-- \/ Yoast SEO plugin. -->","yoast_head_json":{"title":"Dhomat Business &#8212; Maritim Hotel Plaza Tirana &#8212;","description":"Biznes jo si zakonisht. T\u00eb projektuara n\u00eb m\u00ebnyr\u00eb elegante, moderne dhe t\u00eb ndezura, perfekte p\u00ebr nevojat tuaja me krevate teke ose dopio","robots":{"index":"index","follow":"follow","max-snippet":"max-snippet:-1","max-image-preview":"max-image-preview:large","max-video-preview":"max-video-preview:-1"},"canonical":"https:\/\/www.plazatirana.com\/sq\/dhoma-dhe-suita\/dhomat-business\/","og_locale":"sq_AL","og_type":"article","og_title":"Dhomat Business &#8212; Maritim Hotel Plaza Tirana &#8212;","og_description":"Biznes jo si zakonisht. T\u00eb projektuara n\u00eb m\u00ebnyr\u00eb elegante, moderne dhe t\u00eb ndezura, perfekte p\u00ebr nevojat tuaja me krevate teke ose dopio","og_url":"https:\/\/www.plazatirana.com\/sq\/dhoma-dhe-suita\/dhomat-business\/","og_site_name":"Maritim Hotel Plaza Tirana","article_modified_time":"2021-11-24T16:44:10+00:00","twitter_card":"summary_large_image","schema":{"@context":"https:\/\/schema.org","@graph":[{"@type":"WebPage","@id":"https:\/\/www.plazatirana.com\/sq\/dhoma-dhe-suita\/dhomat-business\/","url":"https:\/\/www.plazatirana.com\/sq\/dhoma-dhe-suita\/dhomat-business\/","name":"Dhomat Business &#8212; Maritim Hotel Plaza Tirana &#8212;","isPartOf":{"@id":"https:\/\/www.plazatirana.com\/sq\/#website"},"datePublished":"2021-11-24T11:11:46+00:00","dateModified":"2021-11-24T16:44:10+00:00","description":"Biznes jo si zakonisht. T\u00eb projektuara n\u00eb m\u00ebnyr\u00eb elegante, moderne dhe t\u00eb ndezura, perfekte p\u00ebr nevojat tuaja me krevate teke ose dopio","breadcrumb":{"@id":"https:\/\/www.plazatirana.com\/sq\/dhoma-dhe-suita\/dhomat-business\/#breadcrumb"},"inLanguage":"sq-AL","potentialAction":[{"@type":"ReadAction","target":["https:\/\/www.plazatirana.com\/sq\/dhoma-dhe-suita\/dhomat-business\/"]}]},{"@type":"BreadcrumbList","@id":"https:\/\/www.plazatirana.com\/sq\/dhoma-dhe-suita\/dhomat-business\/#breadcrumb","itemListElement":[{"@type":"ListItem","position":1,"name":"Home","item":"https:\/\/www.plazatirana.com\/sq\/"},{"@type":"ListItem","position":2,"name":"Dhoma dhe Suita","item":"https:\/\/www.plazatirana.com\/sq\/dhoma-dhe-suita\/"},{"@type":"ListItem","position":3,"name":"Dhomat Business"}]},{"@type":"WebSite","@id":"https:\/\/www.plazatirana.com\/sq\/#website","url":"https:\/\/www.plazatirana.com\/sq\/","name":"Maritim Hotel Plaza Tirana","description":"Just another ms.decms.eu site","publisher":{"@id":"https:\/\/www.plazatirana.com\/sq\/#organization"},"potentialAction":[{"@type":"SearchAction","target":{"@type":"EntryPoint","urlTemplate":"https:\/\/www.plazatirana.com\/sq\/?s={search_term_string}"},"query-input":{"@type":"PropertyValueSpecification","valueRequired":true,"valueName":"search_term_string"}}],"inLanguage":"sq-AL"},{"@type":"Organization","@id":"https:\/\/www.plazatirana.com\/sq\/#organization","name":"Maritim Hotel Plaza Tirana","url":"https:\/\/www.plazatirana.com\/sq\/","logo":{"@type":"ImageObject","inLanguage":"sq-AL","@id":"https:\/\/www.plazatirana.com\/sq\/#\/schema\/logo\/image\/","url":"https:\/\/www.plazatirana.com\/wp-content\/uploads\/sites\/378\/2021\/11\/Maritim-Hotel-Plaza-Tirana-Logo.png","contentUrl":"https:\/\/www.plazatirana.com\/wp-content\/uploads\/sites\/378\/2021\/11\/Maritim-Hotel-Plaza-Tirana-Logo.png","width":300,"height":224,"caption":"Maritim Hotel Plaza Tirana"},"image":{"@id":"https:\/\/www.plazatirana.com\/sq\/#\/schema\/logo\/image\/"}}]}},"acf":[],"_links":{"self":[{"href":"https:\/\/www.plazatirana.com\/sq\/wp-json\/wp\/v2\/pages\/116","targetHints":{"allow":["GET"]}}],"collection":[{"href":"https:\/\/www.plazatirana.com\/sq\/wp-json\/wp\/v2\/pages"}],"about":[{"href":"https:\/\/www.plazatirana.com\/sq\/wp-json\/wp\/v2\/types\/page"}],"author":[{"embeddable":true,"href":"https:\/\/www.plazatirana.com\/sq\/wp-json\/wp\/v2\/users\/7"}],"replies":[{"embeddable":true,"href":"https:\/\/www.plazatirana.com\/sq\/wp-json\/wp\/v2\/comments?post=116"}],"version-history":[{"count":0,"href":"https:\/\/www.plazatirana.com\/sq\/wp-json\/wp\/v2\/pages\/116\/revisions"}],"up":[{"embeddable":true,"href":"https:\/\/www.plazatirana.com\/sq\/wp-json\/wp\/v2\/pages\/93"}],"wp:attachment":[{"href":"https:\/\/www.plazatirana.com\/sq\/wp-json\/wp\/v2\/media?parent=116"}],"curies":[{"name":"wp","href":"https:\/\/api.w.org\/{rel}","templated":true}]}}