{"id":9,"date":"2021-11-19T16:25:20","date_gmt":"2021-11-19T16:25:20","guid":{"rendered":"https:\/\/plaza-tirana.ms.decms.eu\/?page_id=9"},"modified":"2022-01-24T15:22:34","modified_gmt":"2022-01-24T15:22:34","slug":"maritim-hotel-plaza-tirana","status":"publish","type":"page","link":"https:\/\/www.plazatirana.com\/it\/","title":{"rendered":"Maritim Hotel Plaza Tirana"},"content":{"rendered":"<p>Perfettamente inserito nel centro di Tirana, nel cuore del quartiere commerciale e finanziario, a circa 3 minuti dalla sede del Parlamento, la <strong>Galleria d&#8217;Arte Nazionale e il Teatro dell&#8217;Opera<\/strong>, Maritim Hotel Plaza Tirana \u00e8 il nuovo albergo 5 stelle della citt\u00e0.<\/p>\n<p>Maritim Hotel Plaza Tirana \u00e8 anche il luogo ideale per i buongustai: I nostri tre ristoranti &#8211; <strong>Panevino<\/strong>, <strong>CONVIVIUM and SAVOR<\/strong> &#8211; offrono scelte per accontentare i palati pi\u00fa esigenti.<\/p>\n<p>Potrete inoltre scegliere fra le nostre <strong>8 sale meeting<\/strong>, in grado di ospitare fino a 350 persone, se desiderate organizzare un banchetto o un ricevimento meno formale, un meeting di lavoro o un cocktail, una conferenza o un convegno; noi vi seguiremo per rendere il vostro evento unico ed indimenticabile.<\/p>\n","protected":false},"excerpt":{"rendered":"<p>Perfettamente inserito nel centro di Tirana, nel cuore del quartiere commerciale e finanziario, a circa 3 minuti dalla sede del Parlamento, la Galleria d&#8217;Arte Nazionale e il Teatro dell&#8217;Opera, Maritim Hotel Plaza Tirana \u00e8 il nuovo albergo 5 stelle della citt\u00e0. Maritim Hotel Plaza Tirana \u00e8 anche il luogo ideale per i buongustai: I nostri [&hellip;]<\/p>\n","protected":false},"author":7,"featured_media":0,"parent":0,"menu_order":0,"comment_status":"closed","ping_status":"closed","template":"","meta":{"footnotes":""},"class_list":["post-9","page","type-page","status-publish","hentry"],"yoast_head":"<!-- This site is optimized with the Yoast SEO plugin v26.9 - https:\/\/yoast.com\/product\/yoast-seo-wordpress\/ -->\n<title>Maritim Hotel Plaza Tirana &#8212; Maritim Hotel Plaza Tirana &#8212;<\/title>\n<meta name=\"description\" content=\"Perfettamente inserito nel centro di Tirana, nel cuore del quartiere commerciale e finanziario, a circa 3 minuti dalla sede del Parlamento, la Galleria d&#039;Arte Nazionale e il Teatro dell&#039;Opera, Maritim Hotel Plaza Tirana \u00e8 il nuovo albergo 5 stelle della citt\u00e0.  Maritim Hotel Plaza Tirana \u00e8 anche il luogo ideale per i buongustai: I nostri tre ristoranti - Panevino, CONVIVIUM and SAVOR - offrono scelte per accontentare i palati pi\u00fa esigenti.  Potrete inoltre scegliere fra le nostre 8 sale meeting, in grado di ospitare fino a 350 persone, se desiderate organizzare un banchetto o un ricevimento meno formale, un meeting di lavoro o un cocktail, una conferenza o un convegno; noi vi seguiremo per rendere il vostro evento unico ed indimenticabile..\" \/>\n<meta name=\"robots\" content=\"index, follow, max-snippet:-1, max-image-preview:large, max-video-preview:-1\" \/>\n<link rel=\"canonical\" href=\"https:\/\/www.plazatirana.com\/it\/\" \/>\n<meta property=\"og:locale\" content=\"it_IT\" \/>\n<meta property=\"og:type\" content=\"article\" \/>\n<meta property=\"og:title\" content=\"Maritim Hotel Plaza Tirana &#8212; Maritim Hotel Plaza Tirana &#8212;\" \/>\n<meta property=\"og:description\" content=\"Perfettamente inserito nel centro di Tirana, nel cuore del quartiere commerciale e finanziario, a circa 3 minuti dalla sede del Parlamento, la Galleria d&#039;Arte Nazionale e il Teatro dell&#039;Opera, Maritim Hotel Plaza Tirana \u00e8 il nuovo albergo 5 stelle della citt\u00e0.  Maritim Hotel Plaza Tirana \u00e8 anche il luogo ideale per i buongustai: I nostri tre ristoranti - Panevino, CONVIVIUM and SAVOR - offrono scelte per accontentare i palati pi\u00fa esigenti.  Potrete inoltre scegliere fra le nostre 8 sale meeting, in grado di ospitare fino a 350 persone, se desiderate organizzare un banchetto o un ricevimento meno formale, un meeting di lavoro o un cocktail, una conferenza o un convegno; noi vi seguiremo per rendere il vostro evento unico ed indimenticabile..\" \/>\n<meta property=\"og:url\" content=\"https:\/\/www.plazatirana.com\/it\/\" \/>\n<meta property=\"og:site_name\" content=\"Maritim Hotel Plaza Tirana\" \/>\n<meta property=\"article:modified_time\" content=\"2022-01-24T15:22:34+00:00\" \/>\n<meta name=\"twitter:card\" content=\"summary_large_image\" \/>\n<meta name=\"twitter:label1\" content=\"Tempo di lettura stimato\" \/>\n\t<meta name=\"twitter:data1\" content=\"1 minuto\" \/>\n<script type=\"application\/ld+json\" class=\"yoast-schema-graph\">{\"@context\":\"https:\/\/schema.org\",\"@graph\":[{\"@type\":\"WebPage\",\"@id\":\"https:\/\/www.plazatirana.com\/it\/\",\"url\":\"https:\/\/www.plazatirana.com\/it\/\",\"name\":\"Maritim Hotel Plaza Tirana &#8212; Maritim Hotel Plaza Tirana &#8212;\",\"isPartOf\":{\"@id\":\"https:\/\/www.plazatirana.com\/it\/#website\"},\"datePublished\":\"2021-11-19T16:25:20+00:00\",\"dateModified\":\"2022-01-24T15:22:34+00:00\",\"description\":\"Perfettamente inserito nel centro di Tirana, nel cuore del quartiere commerciale e finanziario, a circa 3 minuti dalla sede del Parlamento, la Galleria d'Arte Nazionale e il Teatro dell'Opera, Maritim Hotel Plaza Tirana \u00e8 il nuovo albergo 5 stelle della citt\u00e0. Maritim Hotel Plaza Tirana \u00e8 anche il luogo ideale per i buongustai: I nostri tre ristoranti - Panevino, CONVIVIUM and SAVOR - offrono scelte per accontentare i palati pi\u00fa esigenti. Potrete inoltre scegliere fra le nostre 8 sale meeting, in grado di ospitare fino a 350 persone, se desiderate organizzare un banchetto o un ricevimento meno formale, un meeting di lavoro o un cocktail, una conferenza o un convegno; noi vi seguiremo per rendere il vostro evento unico ed indimenticabile..\",\"breadcrumb\":{\"@id\":\"https:\/\/www.plazatirana.com\/it\/#breadcrumb\"},\"inLanguage\":\"it-IT\",\"potentialAction\":[{\"@type\":\"ReadAction\",\"target\":[\"https:\/\/www.plazatirana.com\/it\/\"]}]},{\"@type\":\"BreadcrumbList\",\"@id\":\"https:\/\/www.plazatirana.com\/it\/#breadcrumb\",\"itemListElement\":[{\"@type\":\"ListItem\",\"position\":1,\"name\":\"Home\",\"item\":\"https:\/\/www.plazatirana.com\/it\/\"},{\"@type\":\"ListItem\",\"position\":2,\"name\":\"Maritim Hotel Plaza Tirana\"}]},{\"@type\":\"WebSite\",\"@id\":\"https:\/\/www.plazatirana.com\/it\/#website\",\"url\":\"https:\/\/www.plazatirana.com\/it\/\",\"name\":\"Maritim Hotel Plaza Tirana\",\"description\":\"Just another ms.decms.eu site\",\"publisher\":{\"@id\":\"https:\/\/www.plazatirana.com\/it\/#organization\"},\"potentialAction\":[{\"@type\":\"SearchAction\",\"target\":{\"@type\":\"EntryPoint\",\"urlTemplate\":\"https:\/\/www.plazatirana.com\/it\/?s={search_term_string}\"},\"query-input\":{\"@type\":\"PropertyValueSpecification\",\"valueRequired\":true,\"valueName\":\"search_term_string\"}}],\"inLanguage\":\"it-IT\"},{\"@type\":\"Organization\",\"@id\":\"https:\/\/www.plazatirana.com\/it\/#organization\",\"name\":\"Maritim Hotel Plaza Tirana\",\"url\":\"https:\/\/www.plazatirana.com\/it\/\",\"logo\":{\"@type\":\"ImageObject\",\"inLanguage\":\"it-IT\",\"@id\":\"https:\/\/www.plazatirana.com\/it\/#\/schema\/logo\/image\/\",\"url\":\"https:\/\/www.plazatirana.com\/wp-content\/uploads\/sites\/378\/2021\/11\/Maritim-Hotel-Plaza-Tirana-Logo.png\",\"contentUrl\":\"https:\/\/www.plazatirana.com\/wp-content\/uploads\/sites\/378\/2021\/11\/Maritim-Hotel-Plaza-Tirana-Logo.png\",\"width\":300,\"height\":224,\"caption\":\"Maritim Hotel Plaza Tirana\"},\"image\":{\"@id\":\"https:\/\/www.plazatirana.com\/it\/#\/schema\/logo\/image\/\"}}]}<\/script>\n<!-- \/ Yoast SEO plugin. -->","yoast_head_json":{"title":"Maritim Hotel Plaza Tirana &#8212; Maritim Hotel Plaza Tirana &#8212;","description":"Perfettamente inserito nel centro di Tirana, nel cuore del quartiere commerciale e finanziario, a circa 3 minuti dalla sede del Parlamento, la Galleria d'Arte Nazionale e il Teatro dell'Opera, Maritim Hotel Plaza Tirana \u00e8 il nuovo albergo 5 stelle della citt\u00e0.  Maritim Hotel Plaza Tirana \u00e8 anche il luogo ideale per i buongustai: I nostri tre ristoranti - Panevino, CONVIVIUM and SAVOR - offrono scelte per accontentare i palati pi\u00fa esigenti.  Potrete inoltre scegliere fra le nostre 8 sale meeting, in grado di ospitare fino a 350 persone, se desiderate organizzare un banchetto o un ricevimento meno formale, un meeting di lavoro o un cocktail, una conferenza o un convegno; noi vi seguiremo per rendere il vostro evento unico ed indimenticabile..","robots":{"index":"index","follow":"follow","max-snippet":"max-snippet:-1","max-image-preview":"max-image-preview:large","max-video-preview":"max-video-preview:-1"},"canonical":"https:\/\/www.plazatirana.com\/it\/","og_locale":"it_IT","og_type":"article","og_title":"Maritim Hotel Plaza Tirana &#8212; Maritim Hotel Plaza Tirana &#8212;","og_description":"Perfettamente inserito nel centro di Tirana, nel cuore del quartiere commerciale e finanziario, a circa 3 minuti dalla sede del Parlamento, la Galleria d'Arte Nazionale e il Teatro dell'Opera, Maritim Hotel Plaza Tirana \u00e8 il nuovo albergo 5 stelle della citt\u00e0.  Maritim Hotel Plaza Tirana \u00e8 anche il luogo ideale per i buongustai: I nostri tre ristoranti - Panevino, CONVIVIUM and SAVOR - offrono scelte per accontentare i palati pi\u00fa esigenti.  Potrete inoltre scegliere fra le nostre 8 sale meeting, in grado di ospitare fino a 350 persone, se desiderate organizzare un banchetto o un ricevimento meno formale, un meeting di lavoro o un cocktail, una conferenza o un convegno; noi vi seguiremo per rendere il vostro evento unico ed indimenticabile..","og_url":"https:\/\/www.plazatirana.com\/it\/","og_site_name":"Maritim Hotel Plaza Tirana","article_modified_time":"2022-01-24T15:22:34+00:00","twitter_card":"summary_large_image","twitter_misc":{"Tempo di lettura stimato":"1 minuto"},"schema":{"@context":"https:\/\/schema.org","@graph":[{"@type":"WebPage","@id":"https:\/\/www.plazatirana.com\/it\/","url":"https:\/\/www.plazatirana.com\/it\/","name":"Maritim Hotel Plaza Tirana &#8212; Maritim Hotel Plaza Tirana &#8212;","isPartOf":{"@id":"https:\/\/www.plazatirana.com\/it\/#website"},"datePublished":"2021-11-19T16:25:20+00:00","dateModified":"2022-01-24T15:22:34+00:00","description":"Perfettamente inserito nel centro di Tirana, nel cuore del quartiere commerciale e finanziario, a circa 3 minuti dalla sede del Parlamento, la Galleria d'Arte Nazionale e il Teatro dell'Opera, Maritim Hotel Plaza Tirana \u00e8 il nuovo albergo 5 stelle della citt\u00e0. Maritim Hotel Plaza Tirana \u00e8 anche il luogo ideale per i buongustai: I nostri tre ristoranti - Panevino, CONVIVIUM and SAVOR - offrono scelte per accontentare i palati pi\u00fa esigenti. Potrete inoltre scegliere fra le nostre 8 sale meeting, in grado di ospitare fino a 350 persone, se desiderate organizzare un banchetto o un ricevimento meno formale, un meeting di lavoro o un cocktail, una conferenza o un convegno; noi vi seguiremo per rendere il vostro evento unico ed indimenticabile..","breadcrumb":{"@id":"https:\/\/www.plazatirana.com\/it\/#breadcrumb"},"inLanguage":"it-IT","potentialAction":[{"@type":"ReadAction","target":["https:\/\/www.plazatirana.com\/it\/"]}]},{"@type":"BreadcrumbList","@id":"https:\/\/www.plazatirana.com\/it\/#breadcrumb","itemListElement":[{"@type":"ListItem","position":1,"name":"Home","item":"https:\/\/www.plazatirana.com\/it\/"},{"@type":"ListItem","position":2,"name":"Maritim Hotel Plaza Tirana"}]},{"@type":"WebSite","@id":"https:\/\/www.plazatirana.com\/it\/#website","url":"https:\/\/www.plazatirana.com\/it\/","name":"Maritim Hotel Plaza Tirana","description":"Just another ms.decms.eu site","publisher":{"@id":"https:\/\/www.plazatirana.com\/it\/#organization"},"potentialAction":[{"@type":"SearchAction","target":{"@type":"EntryPoint","urlTemplate":"https:\/\/www.plazatirana.com\/it\/?s={search_term_string}"},"query-input":{"@type":"PropertyValueSpecification","valueRequired":true,"valueName":"search_term_string"}}],"inLanguage":"it-IT"},{"@type":"Organization","@id":"https:\/\/www.plazatirana.com\/it\/#organization","name":"Maritim Hotel Plaza Tirana","url":"https:\/\/www.plazatirana.com\/it\/","logo":{"@type":"ImageObject","inLanguage":"it-IT","@id":"https:\/\/www.plazatirana.com\/it\/#\/schema\/logo\/image\/","url":"https:\/\/www.plazatirana.com\/wp-content\/uploads\/sites\/378\/2021\/11\/Maritim-Hotel-Plaza-Tirana-Logo.png","contentUrl":"https:\/\/www.plazatirana.com\/wp-content\/uploads\/sites\/378\/2021\/11\/Maritim-Hotel-Plaza-Tirana-Logo.png","width":300,"height":224,"caption":"Maritim Hotel Plaza Tirana"},"image":{"@id":"https:\/\/www.plazatirana.com\/it\/#\/schema\/logo\/image\/"}}]}},"acf":[],"_links":{"self":[{"href":"https:\/\/www.plazatirana.com\/it\/wp-json\/wp\/v2\/pages\/9","targetHints":{"allow":["GET"]}}],"collection":[{"href":"https:\/\/www.plazatirana.com\/it\/wp-json\/wp\/v2\/pages"}],"about":[{"href":"https:\/\/www.plazatirana.com\/it\/wp-json\/wp\/v2\/types\/page"}],"author":[{"embeddable":true,"href":"https:\/\/www.plazatirana.com\/it\/wp-json\/wp\/v2\/users\/7"}],"replies":[{"embeddable":true,"href":"https:\/\/www.plazatirana.com\/it\/wp-json\/wp\/v2\/comments?post=9"}],"version-history":[{"count":0,"href":"https:\/\/www.plazatirana.com\/it\/wp-json\/wp\/v2\/pages\/9\/revisions"}],"wp:attachment":[{"href":"https:\/\/www.plazatirana.com\/it\/wp-json\/wp\/v2\/media?parent=9"}],"curies":[{"name":"wp","href":"https:\/\/api.w.org\/{rel}","templated":true}]}}