{"id":458,"date":"2021-11-30T11:36:56","date_gmt":"2021-11-30T11:36:56","guid":{"rendered":"https:\/\/plaza-tirana.ms.decms.eu\/?page_id=458"},"modified":"2021-11-30T11:36:56","modified_gmt":"2021-11-30T11:36:56","slug":"sale-riunioni","status":"publish","type":"page","link":"https:\/\/www.plazatirana.com\/it\/sale-riunioni\/","title":{"rendered":"Sale Riunioni"},"content":{"rendered":"<p>Maritim Hotel Plaza Tirana offre 760 m\u00b2 di spazio per riunioni e meeting, con la possibilit\u00e0 di ospitare fino a 2200 persone.<\/p>\n<p><strong>Personale esperto nell\u2019organizzazzione<\/strong> di eventi \u00e8 a vostra disposizione, per offrirvi men\u00f9 prelibati, un set-up personalizzato e ogni genere di intrattenimento, con un accento sulla originalit\u00e0, qualit\u00e0 e un servizio senza pari.<\/p>\n<p>Dalle piccole riunioni ai grandi banchetti, <strong>Maritim Hotel Plaza Tirana \u00e8 un luogo degno<\/strong> di nota per eventi di ogni genere.<\/p>\n","protected":false},"excerpt":{"rendered":"<p>Maritim Hotel Plaza Tirana offre 760 m\u00b2 di spazio per riunioni e meeting, con la possibilit\u00e0 di ospitare fino a 2200 persone. Personale esperto nell\u2019organizzazzione di eventi \u00e8 a vostra disposizione, per offrirvi men\u00f9 prelibati, un set-up personalizzato e ogni genere di intrattenimento, con un accento sulla originalit\u00e0, qualit\u00e0 e un servizio senza pari. Dalle [&hellip;]<\/p>\n","protected":false},"author":7,"featured_media":0,"parent":0,"menu_order":35,"comment_status":"closed","ping_status":"closed","template":"","meta":{"footnotes":""},"class_list":["post-458","page","type-page","status-publish","hentry"],"yoast_head":"<!-- This site is optimized with the Yoast SEO plugin v26.9 - https:\/\/yoast.com\/product\/yoast-seo-wordpress\/ -->\n<title>Sale Riunioni &#8212; Maritim Hotel Plaza Tirana &#8212;<\/title>\n<meta name=\"description\" content=\"Maritim Hotel Plaza Tirana offre 760 m\u00b2 di spazio per riunioni e meeting, con la possibilit\u00e0 di ospitare fino a 2200 persone.  Personale esperto nell\u2019organizzazzione di eventi \u00e8 a vostra disposizione, per offrirvi men\u00f9 prelibati, un set-up personalizzato e ogni genere di intrattenimento, con un accento sulla originalit\u00e0, qualit\u00e0 e un servizio senza pari.  Dalle piccole riunioni ai grandi banchetti, Maritim Hotel Plaza Tirana \u00e8 un luogo degno di nota per eventi di ogni genere..\" \/>\n<meta name=\"robots\" content=\"index, follow, max-snippet:-1, max-image-preview:large, max-video-preview:-1\" \/>\n<link rel=\"canonical\" href=\"https:\/\/www.plazatirana.com\/it\/sale-riunioni\/\" \/>\n<meta property=\"og:locale\" content=\"it_IT\" \/>\n<meta property=\"og:type\" content=\"article\" \/>\n<meta property=\"og:title\" content=\"Sale Riunioni &#8212; Maritim Hotel Plaza Tirana &#8212;\" \/>\n<meta property=\"og:description\" content=\"Maritim Hotel Plaza Tirana offre 760 m\u00b2 di spazio per riunioni e meeting, con la possibilit\u00e0 di ospitare fino a 2200 persone.  Personale esperto nell\u2019organizzazzione di eventi \u00e8 a vostra disposizione, per offrirvi men\u00f9 prelibati, un set-up personalizzato e ogni genere di intrattenimento, con un accento sulla originalit\u00e0, qualit\u00e0 e un servizio senza pari.  Dalle piccole riunioni ai grandi banchetti, Maritim Hotel Plaza Tirana \u00e8 un luogo degno di nota per eventi di ogni genere..\" \/>\n<meta property=\"og:url\" content=\"https:\/\/www.plazatirana.com\/it\/sale-riunioni\/\" \/>\n<meta property=\"og:site_name\" content=\"Maritim Hotel Plaza Tirana\" \/>\n<meta name=\"twitter:card\" content=\"summary_large_image\" \/>\n<meta name=\"twitter:label1\" content=\"Tempo di lettura stimato\" \/>\n\t<meta name=\"twitter:data1\" content=\"1 minuto\" \/>\n<script type=\"application\/ld+json\" class=\"yoast-schema-graph\">{\"@context\":\"https:\/\/schema.org\",\"@graph\":[{\"@type\":\"WebPage\",\"@id\":\"https:\/\/www.plazatirana.com\/it\/sale-riunioni\/\",\"url\":\"https:\/\/www.plazatirana.com\/it\/sale-riunioni\/\",\"name\":\"Sale Riunioni &#8212; Maritim Hotel Plaza Tirana &#8212;\",\"isPartOf\":{\"@id\":\"https:\/\/www.plazatirana.com\/it\/#website\"},\"datePublished\":\"2021-11-30T11:36:56+00:00\",\"description\":\"Maritim Hotel Plaza Tirana offre 760 m\u00b2 di spazio per riunioni e meeting, con la possibilit\u00e0 di ospitare fino a 2200 persone. Personale esperto nell\u2019organizzazzione di eventi \u00e8 a vostra disposizione, per offrirvi men\u00f9 prelibati, un set-up personalizzato e ogni genere di intrattenimento, con un accento sulla originalit\u00e0, qualit\u00e0 e un servizio senza pari. Dalle piccole riunioni ai grandi banchetti, Maritim Hotel Plaza Tirana \u00e8 un luogo degno di nota per eventi di ogni genere..\",\"breadcrumb\":{\"@id\":\"https:\/\/www.plazatirana.com\/it\/sale-riunioni\/#breadcrumb\"},\"inLanguage\":\"it-IT\",\"potentialAction\":[{\"@type\":\"ReadAction\",\"target\":[\"https:\/\/www.plazatirana.com\/it\/sale-riunioni\/\"]}]},{\"@type\":\"BreadcrumbList\",\"@id\":\"https:\/\/www.plazatirana.com\/it\/sale-riunioni\/#breadcrumb\",\"itemListElement\":[{\"@type\":\"ListItem\",\"position\":1,\"name\":\"Home\",\"item\":\"https:\/\/www.plazatirana.com\/it\/\"},{\"@type\":\"ListItem\",\"position\":2,\"name\":\"Sale Riunioni\"}]},{\"@type\":\"WebSite\",\"@id\":\"https:\/\/www.plazatirana.com\/it\/#website\",\"url\":\"https:\/\/www.plazatirana.com\/it\/\",\"name\":\"Maritim Hotel Plaza Tirana\",\"description\":\"Just another ms.decms.eu site\",\"publisher\":{\"@id\":\"https:\/\/www.plazatirana.com\/it\/#organization\"},\"potentialAction\":[{\"@type\":\"SearchAction\",\"target\":{\"@type\":\"EntryPoint\",\"urlTemplate\":\"https:\/\/www.plazatirana.com\/it\/?s={search_term_string}\"},\"query-input\":{\"@type\":\"PropertyValueSpecification\",\"valueRequired\":true,\"valueName\":\"search_term_string\"}}],\"inLanguage\":\"it-IT\"},{\"@type\":\"Organization\",\"@id\":\"https:\/\/www.plazatirana.com\/it\/#organization\",\"name\":\"Maritim Hotel Plaza Tirana\",\"url\":\"https:\/\/www.plazatirana.com\/it\/\",\"logo\":{\"@type\":\"ImageObject\",\"inLanguage\":\"it-IT\",\"@id\":\"https:\/\/www.plazatirana.com\/it\/#\/schema\/logo\/image\/\",\"url\":\"https:\/\/www.plazatirana.com\/wp-content\/uploads\/sites\/378\/2021\/11\/Maritim-Hotel-Plaza-Tirana-Logo.png\",\"contentUrl\":\"https:\/\/www.plazatirana.com\/wp-content\/uploads\/sites\/378\/2021\/11\/Maritim-Hotel-Plaza-Tirana-Logo.png\",\"width\":300,\"height\":224,\"caption\":\"Maritim Hotel Plaza Tirana\"},\"image\":{\"@id\":\"https:\/\/www.plazatirana.com\/it\/#\/schema\/logo\/image\/\"}}]}<\/script>\n<!-- \/ Yoast SEO plugin. -->","yoast_head_json":{"title":"Sale Riunioni &#8212; Maritim Hotel Plaza Tirana &#8212;","description":"Maritim Hotel Plaza Tirana offre 760 m\u00b2 di spazio per riunioni e meeting, con la possibilit\u00e0 di ospitare fino a 2200 persone.  Personale esperto nell\u2019organizzazzione di eventi \u00e8 a vostra disposizione, per offrirvi men\u00f9 prelibati, un set-up personalizzato e ogni genere di intrattenimento, con un accento sulla originalit\u00e0, qualit\u00e0 e un servizio senza pari.  Dalle piccole riunioni ai grandi banchetti, Maritim Hotel Plaza Tirana \u00e8 un luogo degno di nota per eventi di ogni genere..","robots":{"index":"index","follow":"follow","max-snippet":"max-snippet:-1","max-image-preview":"max-image-preview:large","max-video-preview":"max-video-preview:-1"},"canonical":"https:\/\/www.plazatirana.com\/it\/sale-riunioni\/","og_locale":"it_IT","og_type":"article","og_title":"Sale Riunioni &#8212; Maritim Hotel Plaza Tirana &#8212;","og_description":"Maritim Hotel Plaza Tirana offre 760 m\u00b2 di spazio per riunioni e meeting, con la possibilit\u00e0 di ospitare fino a 2200 persone.  Personale esperto nell\u2019organizzazzione di eventi \u00e8 a vostra disposizione, per offrirvi men\u00f9 prelibati, un set-up personalizzato e ogni genere di intrattenimento, con un accento sulla originalit\u00e0, qualit\u00e0 e un servizio senza pari.  Dalle piccole riunioni ai grandi banchetti, Maritim Hotel Plaza Tirana \u00e8 un luogo degno di nota per eventi di ogni genere..","og_url":"https:\/\/www.plazatirana.com\/it\/sale-riunioni\/","og_site_name":"Maritim Hotel Plaza Tirana","twitter_card":"summary_large_image","twitter_misc":{"Tempo di lettura stimato":"1 minuto"},"schema":{"@context":"https:\/\/schema.org","@graph":[{"@type":"WebPage","@id":"https:\/\/www.plazatirana.com\/it\/sale-riunioni\/","url":"https:\/\/www.plazatirana.com\/it\/sale-riunioni\/","name":"Sale Riunioni &#8212; Maritim Hotel Plaza Tirana &#8212;","isPartOf":{"@id":"https:\/\/www.plazatirana.com\/it\/#website"},"datePublished":"2021-11-30T11:36:56+00:00","description":"Maritim Hotel Plaza Tirana offre 760 m\u00b2 di spazio per riunioni e meeting, con la possibilit\u00e0 di ospitare fino a 2200 persone. Personale esperto nell\u2019organizzazzione di eventi \u00e8 a vostra disposizione, per offrirvi men\u00f9 prelibati, un set-up personalizzato e ogni genere di intrattenimento, con un accento sulla originalit\u00e0, qualit\u00e0 e un servizio senza pari. Dalle piccole riunioni ai grandi banchetti, Maritim Hotel Plaza Tirana \u00e8 un luogo degno di nota per eventi di ogni genere..","breadcrumb":{"@id":"https:\/\/www.plazatirana.com\/it\/sale-riunioni\/#breadcrumb"},"inLanguage":"it-IT","potentialAction":[{"@type":"ReadAction","target":["https:\/\/www.plazatirana.com\/it\/sale-riunioni\/"]}]},{"@type":"BreadcrumbList","@id":"https:\/\/www.plazatirana.com\/it\/sale-riunioni\/#breadcrumb","itemListElement":[{"@type":"ListItem","position":1,"name":"Home","item":"https:\/\/www.plazatirana.com\/it\/"},{"@type":"ListItem","position":2,"name":"Sale Riunioni"}]},{"@type":"WebSite","@id":"https:\/\/www.plazatirana.com\/it\/#website","url":"https:\/\/www.plazatirana.com\/it\/","name":"Maritim Hotel Plaza Tirana","description":"Just another ms.decms.eu site","publisher":{"@id":"https:\/\/www.plazatirana.com\/it\/#organization"},"potentialAction":[{"@type":"SearchAction","target":{"@type":"EntryPoint","urlTemplate":"https:\/\/www.plazatirana.com\/it\/?s={search_term_string}"},"query-input":{"@type":"PropertyValueSpecification","valueRequired":true,"valueName":"search_term_string"}}],"inLanguage":"it-IT"},{"@type":"Organization","@id":"https:\/\/www.plazatirana.com\/it\/#organization","name":"Maritim Hotel Plaza Tirana","url":"https:\/\/www.plazatirana.com\/it\/","logo":{"@type":"ImageObject","inLanguage":"it-IT","@id":"https:\/\/www.plazatirana.com\/it\/#\/schema\/logo\/image\/","url":"https:\/\/www.plazatirana.com\/wp-content\/uploads\/sites\/378\/2021\/11\/Maritim-Hotel-Plaza-Tirana-Logo.png","contentUrl":"https:\/\/www.plazatirana.com\/wp-content\/uploads\/sites\/378\/2021\/11\/Maritim-Hotel-Plaza-Tirana-Logo.png","width":300,"height":224,"caption":"Maritim Hotel Plaza Tirana"},"image":{"@id":"https:\/\/www.plazatirana.com\/it\/#\/schema\/logo\/image\/"}}]}},"acf":[],"_links":{"self":[{"href":"https:\/\/www.plazatirana.com\/it\/wp-json\/wp\/v2\/pages\/458","targetHints":{"allow":["GET"]}}],"collection":[{"href":"https:\/\/www.plazatirana.com\/it\/wp-json\/wp\/v2\/pages"}],"about":[{"href":"https:\/\/www.plazatirana.com\/it\/wp-json\/wp\/v2\/types\/page"}],"author":[{"embeddable":true,"href":"https:\/\/www.plazatirana.com\/it\/wp-json\/wp\/v2\/users\/7"}],"replies":[{"embeddable":true,"href":"https:\/\/www.plazatirana.com\/it\/wp-json\/wp\/v2\/comments?post=458"}],"version-history":[{"count":0,"href":"https:\/\/www.plazatirana.com\/it\/wp-json\/wp\/v2\/pages\/458\/revisions"}],"wp:attachment":[{"href":"https:\/\/www.plazatirana.com\/it\/wp-json\/wp\/v2\/media?parent=458"}],"curies":[{"name":"wp","href":"https:\/\/api.w.org\/{rel}","templated":true}]}}