{"id":6,"date":"2021-11-19T16:25:10","date_gmt":"2021-11-19T16:25:10","guid":{"rendered":"https:\/\/plaza-tirana.ms.decms.eu\/?page_id=6"},"modified":"2022-01-24T15:21:33","modified_gmt":"2022-01-24T15:21:33","slug":"maritim-hotel-plaza-tirana","status":"publish","type":"page","link":"https:\/\/www.plazatirana.com\/fr\/","title":{"rendered":"Maritim Hotel Plaza Tirana"},"content":{"rendered":"<p>Emplacement strat\u00e9gique situ\u00e9 au c\u0153ur de Tirana et \u00e0 proximit\u00e9 du centre commercial \u00e0 seulement 3 minutes de la chambre des d\u00e9put\u00e9s, de la Galerie d\u2019Art National et du Th\u00e9\u00e2tre d\u2019Op\u00e9ra et de Ballet, Maritim Hotel Plaza Tirana est le nouvel h\u00f4tel 5 \u00e9toiles de la capitale \u00e0 l\u2019\u00e9chelle internationale.<\/p>\n<p>Maritim Hotel Plaza Tirana est \u00e9galement une destination pour les amoureux de la cuisine : un choix de trois restaurants et bars pour tous les go\u00fbts \u2013 le <strong>Panevino<\/strong>, le Convivium et le <strong>Savor<\/strong>.<\/p>\n<p>Maritim Hotel Plaza Tirana est un endroit o\u00f9 il fait bon vivre, lieu de f\u00eate et de rencontre \u00e0 <strong>Tirana<\/strong>. Si vous souhaitez organiser votre mariage ou une r\u00e9ception moins formelle comme un rendez-vous d\u2019affaire, une conf\u00e9rence ou un incentive enrichissant, choisissez parmi nos 8 salles de s\u00e9minaires qui peuvent accueillir jusqu\u2019\u00e0 350 personnes.<\/p>\n","protected":false},"excerpt":{"rendered":"<p>Emplacement strat\u00e9gique situ\u00e9 au c\u0153ur de Tirana et \u00e0 proximit\u00e9 du centre commercial \u00e0 seulement 3 minutes de la chambre des d\u00e9put\u00e9s, de la Galerie d\u2019Art National et du Th\u00e9\u00e2tre d\u2019Op\u00e9ra et de Ballet, Maritim Hotel Plaza Tirana est le nouvel h\u00f4tel 5 \u00e9toiles de la capitale \u00e0 l\u2019\u00e9chelle internationale. Maritim Hotel Plaza Tirana est [&hellip;]<\/p>\n","protected":false},"author":7,"featured_media":0,"parent":0,"menu_order":0,"comment_status":"closed","ping_status":"closed","template":"","meta":{"footnotes":""},"class_list":["post-6","page","type-page","status-publish","hentry"],"yoast_head":"<!-- This site is optimized with the Yoast SEO plugin v26.9 - https:\/\/yoast.com\/product\/yoast-seo-wordpress\/ -->\n<title>Maritim Hotel Plaza Tirana &#8212; Maritim Hotel Plaza Tirana &#8212;<\/title>\n<meta name=\"description\" content=\"Emplacement strat\u00e9gique situ\u00e9 au c\u0153ur de Tirana et \u00e0 proximit\u00e9 du centre commercial \u00e0 seulement 3 minutes de la chambre des d\u00e9put\u00e9s, de la Galerie d\u2019Art National et du Th\u00e9\u00e2tre d\u2019Op\u00e9ra et de Ballet, Maritim Hotel Plaza Tirana est le nouvel h\u00f4tel 5 \u00e9toiles de la capitale \u00e0 l\u2019\u00e9chelle internationale.  Maritim Hotel Plaza Tirana est \u00e9galement une destination pour les amoureux de la cuisine : un choix de trois restaurants et bars pour tous les go\u00fbts \u2013 le Panevino, le Convivium et le Savor.  Maritim Hotel Plaza Tirana est un endroit o\u00f9 il fait bon vivre, lieu de f\u00eate et de rencontre \u00e0 Tirana. Si vous souhaitez organiser votre mariage ou une r\u00e9ception moins formelle comme un rendez-vous d\u2019affaire, une conf\u00e9rence ou un incentive enrichissant, choisissez parmi nos 8 salles de s\u00e9minaires qui peuvent accueillir jusqu\u2019\u00e0 350 personnes.\" \/>\n<meta name=\"robots\" content=\"index, follow, max-snippet:-1, max-image-preview:large, max-video-preview:-1\" \/>\n<link rel=\"canonical\" href=\"https:\/\/www.plazatirana.com\/fr\/\" \/>\n<meta property=\"og:locale\" content=\"fr_FR\" \/>\n<meta property=\"og:type\" content=\"article\" \/>\n<meta property=\"og:title\" content=\"Maritim Hotel Plaza Tirana &#8212; Maritim Hotel Plaza Tirana &#8212;\" \/>\n<meta property=\"og:description\" content=\"Emplacement strat\u00e9gique situ\u00e9 au c\u0153ur de Tirana et \u00e0 proximit\u00e9 du centre commercial \u00e0 seulement 3 minutes de la chambre des d\u00e9put\u00e9s, de la Galerie d\u2019Art National et du Th\u00e9\u00e2tre d\u2019Op\u00e9ra et de Ballet, Maritim Hotel Plaza Tirana est le nouvel h\u00f4tel 5 \u00e9toiles de la capitale \u00e0 l\u2019\u00e9chelle internationale.  Maritim Hotel Plaza Tirana est \u00e9galement une destination pour les amoureux de la cuisine : un choix de trois restaurants et bars pour tous les go\u00fbts \u2013 le Panevino, le Convivium et le Savor.  Maritim Hotel Plaza Tirana est un endroit o\u00f9 il fait bon vivre, lieu de f\u00eate et de rencontre \u00e0 Tirana. Si vous souhaitez organiser votre mariage ou une r\u00e9ception moins formelle comme un rendez-vous d\u2019affaire, une conf\u00e9rence ou un incentive enrichissant, choisissez parmi nos 8 salles de s\u00e9minaires qui peuvent accueillir jusqu\u2019\u00e0 350 personnes.\" \/>\n<meta property=\"og:url\" content=\"https:\/\/www.plazatirana.com\/fr\/\" \/>\n<meta property=\"og:site_name\" content=\"Maritim Hotel Plaza Tirana\" \/>\n<meta property=\"article:modified_time\" content=\"2022-01-24T15:21:33+00:00\" \/>\n<meta name=\"twitter:card\" content=\"summary_large_image\" \/>\n<meta name=\"twitter:label1\" content=\"Dur\u00e9e de lecture estim\u00e9e\" \/>\n\t<meta name=\"twitter:data1\" content=\"1 minute\" \/>\n<script type=\"application\/ld+json\" class=\"yoast-schema-graph\">{\"@context\":\"https:\/\/schema.org\",\"@graph\":[{\"@type\":\"WebPage\",\"@id\":\"https:\/\/www.plazatirana.com\/fr\/\",\"url\":\"https:\/\/www.plazatirana.com\/fr\/\",\"name\":\"Maritim Hotel Plaza Tirana &#8212; Maritim Hotel Plaza Tirana &#8212;\",\"isPartOf\":{\"@id\":\"https:\/\/www.plazatirana.com\/fr\/#website\"},\"datePublished\":\"2021-11-19T16:25:10+00:00\",\"dateModified\":\"2022-01-24T15:21:33+00:00\",\"description\":\"Emplacement strat\u00e9gique situ\u00e9 au c\u0153ur de Tirana et \u00e0 proximit\u00e9 du centre commercial \u00e0 seulement 3 minutes de la chambre des d\u00e9put\u00e9s, de la Galerie d\u2019Art National et du Th\u00e9\u00e2tre d\u2019Op\u00e9ra et de Ballet, Maritim Hotel Plaza Tirana est le nouvel h\u00f4tel 5 \u00e9toiles de la capitale \u00e0 l\u2019\u00e9chelle internationale. Maritim Hotel Plaza Tirana est \u00e9galement une destination pour les amoureux de la cuisine : un choix de trois restaurants et bars pour tous les go\u00fbts \u2013 le Panevino, le Convivium et le Savor. Maritim Hotel Plaza Tirana est un endroit o\u00f9 il fait bon vivre, lieu de f\u00eate et de rencontre \u00e0 Tirana. Si vous souhaitez organiser votre mariage ou une r\u00e9ception moins formelle comme un rendez-vous d\u2019affaire, une conf\u00e9rence ou un incentive enrichissant, choisissez parmi nos 8 salles de s\u00e9minaires qui peuvent accueillir jusqu\u2019\u00e0 350 personnes.\",\"breadcrumb\":{\"@id\":\"https:\/\/www.plazatirana.com\/fr\/#breadcrumb\"},\"inLanguage\":\"fr-FR\",\"potentialAction\":[{\"@type\":\"ReadAction\",\"target\":[\"https:\/\/www.plazatirana.com\/fr\/\"]}]},{\"@type\":\"BreadcrumbList\",\"@id\":\"https:\/\/www.plazatirana.com\/fr\/#breadcrumb\",\"itemListElement\":[{\"@type\":\"ListItem\",\"position\":1,\"name\":\"Home\",\"item\":\"https:\/\/www.plazatirana.com\/fr\/\"},{\"@type\":\"ListItem\",\"position\":2,\"name\":\"Maritim Hotel Plaza Tirana\"}]},{\"@type\":\"WebSite\",\"@id\":\"https:\/\/www.plazatirana.com\/fr\/#website\",\"url\":\"https:\/\/www.plazatirana.com\/fr\/\",\"name\":\"Maritim Hotel Plaza Tirana\",\"description\":\"Just another ms.decms.eu site\",\"publisher\":{\"@id\":\"https:\/\/www.plazatirana.com\/fr\/#organization\"},\"potentialAction\":[{\"@type\":\"SearchAction\",\"target\":{\"@type\":\"EntryPoint\",\"urlTemplate\":\"https:\/\/www.plazatirana.com\/fr\/?s={search_term_string}\"},\"query-input\":{\"@type\":\"PropertyValueSpecification\",\"valueRequired\":true,\"valueName\":\"search_term_string\"}}],\"inLanguage\":\"fr-FR\"},{\"@type\":\"Organization\",\"@id\":\"https:\/\/www.plazatirana.com\/fr\/#organization\",\"name\":\"Maritim Hotel Plaza Tirana\",\"url\":\"https:\/\/www.plazatirana.com\/fr\/\",\"logo\":{\"@type\":\"ImageObject\",\"inLanguage\":\"fr-FR\",\"@id\":\"https:\/\/www.plazatirana.com\/fr\/#\/schema\/logo\/image\/\",\"url\":\"https:\/\/www.plazatirana.com\/wp-content\/uploads\/sites\/378\/2021\/11\/Maritim-Hotel-Plaza-Tirana-Logo.png\",\"contentUrl\":\"https:\/\/www.plazatirana.com\/wp-content\/uploads\/sites\/378\/2021\/11\/Maritim-Hotel-Plaza-Tirana-Logo.png\",\"width\":300,\"height\":224,\"caption\":\"Maritim Hotel Plaza Tirana\"},\"image\":{\"@id\":\"https:\/\/www.plazatirana.com\/fr\/#\/schema\/logo\/image\/\"}}]}<\/script>\n<!-- \/ Yoast SEO plugin. -->","yoast_head_json":{"title":"Maritim Hotel Plaza Tirana &#8212; Maritim Hotel Plaza Tirana &#8212;","description":"Emplacement strat\u00e9gique situ\u00e9 au c\u0153ur de Tirana et \u00e0 proximit\u00e9 du centre commercial \u00e0 seulement 3 minutes de la chambre des d\u00e9put\u00e9s, de la Galerie d\u2019Art National et du Th\u00e9\u00e2tre d\u2019Op\u00e9ra et de Ballet, Maritim Hotel Plaza Tirana est le nouvel h\u00f4tel 5 \u00e9toiles de la capitale \u00e0 l\u2019\u00e9chelle internationale.  Maritim Hotel Plaza Tirana est \u00e9galement une destination pour les amoureux de la cuisine : un choix de trois restaurants et bars pour tous les go\u00fbts \u2013 le Panevino, le Convivium et le Savor.  Maritim Hotel Plaza Tirana est un endroit o\u00f9 il fait bon vivre, lieu de f\u00eate et de rencontre \u00e0 Tirana. Si vous souhaitez organiser votre mariage ou une r\u00e9ception moins formelle comme un rendez-vous d\u2019affaire, une conf\u00e9rence ou un incentive enrichissant, choisissez parmi nos 8 salles de s\u00e9minaires qui peuvent accueillir jusqu\u2019\u00e0 350 personnes.","robots":{"index":"index","follow":"follow","max-snippet":"max-snippet:-1","max-image-preview":"max-image-preview:large","max-video-preview":"max-video-preview:-1"},"canonical":"https:\/\/www.plazatirana.com\/fr\/","og_locale":"fr_FR","og_type":"article","og_title":"Maritim Hotel Plaza Tirana &#8212; Maritim Hotel Plaza Tirana &#8212;","og_description":"Emplacement strat\u00e9gique situ\u00e9 au c\u0153ur de Tirana et \u00e0 proximit\u00e9 du centre commercial \u00e0 seulement 3 minutes de la chambre des d\u00e9put\u00e9s, de la Galerie d\u2019Art National et du Th\u00e9\u00e2tre d\u2019Op\u00e9ra et de Ballet, Maritim Hotel Plaza Tirana est le nouvel h\u00f4tel 5 \u00e9toiles de la capitale \u00e0 l\u2019\u00e9chelle internationale.  Maritim Hotel Plaza Tirana est \u00e9galement une destination pour les amoureux de la cuisine : un choix de trois restaurants et bars pour tous les go\u00fbts \u2013 le Panevino, le Convivium et le Savor.  Maritim Hotel Plaza Tirana est un endroit o\u00f9 il fait bon vivre, lieu de f\u00eate et de rencontre \u00e0 Tirana. Si vous souhaitez organiser votre mariage ou une r\u00e9ception moins formelle comme un rendez-vous d\u2019affaire, une conf\u00e9rence ou un incentive enrichissant, choisissez parmi nos 8 salles de s\u00e9minaires qui peuvent accueillir jusqu\u2019\u00e0 350 personnes.","og_url":"https:\/\/www.plazatirana.com\/fr\/","og_site_name":"Maritim Hotel Plaza Tirana","article_modified_time":"2022-01-24T15:21:33+00:00","twitter_card":"summary_large_image","twitter_misc":{"Dur\u00e9e de lecture estim\u00e9e":"1 minute"},"schema":{"@context":"https:\/\/schema.org","@graph":[{"@type":"WebPage","@id":"https:\/\/www.plazatirana.com\/fr\/","url":"https:\/\/www.plazatirana.com\/fr\/","name":"Maritim Hotel Plaza Tirana &#8212; Maritim Hotel Plaza Tirana &#8212;","isPartOf":{"@id":"https:\/\/www.plazatirana.com\/fr\/#website"},"datePublished":"2021-11-19T16:25:10+00:00","dateModified":"2022-01-24T15:21:33+00:00","description":"Emplacement strat\u00e9gique situ\u00e9 au c\u0153ur de Tirana et \u00e0 proximit\u00e9 du centre commercial \u00e0 seulement 3 minutes de la chambre des d\u00e9put\u00e9s, de la Galerie d\u2019Art National et du Th\u00e9\u00e2tre d\u2019Op\u00e9ra et de Ballet, Maritim Hotel Plaza Tirana est le nouvel h\u00f4tel 5 \u00e9toiles de la capitale \u00e0 l\u2019\u00e9chelle internationale. Maritim Hotel Plaza Tirana est \u00e9galement une destination pour les amoureux de la cuisine : un choix de trois restaurants et bars pour tous les go\u00fbts \u2013 le Panevino, le Convivium et le Savor. Maritim Hotel Plaza Tirana est un endroit o\u00f9 il fait bon vivre, lieu de f\u00eate et de rencontre \u00e0 Tirana. Si vous souhaitez organiser votre mariage ou une r\u00e9ception moins formelle comme un rendez-vous d\u2019affaire, une conf\u00e9rence ou un incentive enrichissant, choisissez parmi nos 8 salles de s\u00e9minaires qui peuvent accueillir jusqu\u2019\u00e0 350 personnes.","breadcrumb":{"@id":"https:\/\/www.plazatirana.com\/fr\/#breadcrumb"},"inLanguage":"fr-FR","potentialAction":[{"@type":"ReadAction","target":["https:\/\/www.plazatirana.com\/fr\/"]}]},{"@type":"BreadcrumbList","@id":"https:\/\/www.plazatirana.com\/fr\/#breadcrumb","itemListElement":[{"@type":"ListItem","position":1,"name":"Home","item":"https:\/\/www.plazatirana.com\/fr\/"},{"@type":"ListItem","position":2,"name":"Maritim Hotel Plaza Tirana"}]},{"@type":"WebSite","@id":"https:\/\/www.plazatirana.com\/fr\/#website","url":"https:\/\/www.plazatirana.com\/fr\/","name":"Maritim Hotel Plaza Tirana","description":"Just another ms.decms.eu site","publisher":{"@id":"https:\/\/www.plazatirana.com\/fr\/#organization"},"potentialAction":[{"@type":"SearchAction","target":{"@type":"EntryPoint","urlTemplate":"https:\/\/www.plazatirana.com\/fr\/?s={search_term_string}"},"query-input":{"@type":"PropertyValueSpecification","valueRequired":true,"valueName":"search_term_string"}}],"inLanguage":"fr-FR"},{"@type":"Organization","@id":"https:\/\/www.plazatirana.com\/fr\/#organization","name":"Maritim Hotel Plaza Tirana","url":"https:\/\/www.plazatirana.com\/fr\/","logo":{"@type":"ImageObject","inLanguage":"fr-FR","@id":"https:\/\/www.plazatirana.com\/fr\/#\/schema\/logo\/image\/","url":"https:\/\/www.plazatirana.com\/wp-content\/uploads\/sites\/378\/2021\/11\/Maritim-Hotel-Plaza-Tirana-Logo.png","contentUrl":"https:\/\/www.plazatirana.com\/wp-content\/uploads\/sites\/378\/2021\/11\/Maritim-Hotel-Plaza-Tirana-Logo.png","width":300,"height":224,"caption":"Maritim Hotel Plaza Tirana"},"image":{"@id":"https:\/\/www.plazatirana.com\/fr\/#\/schema\/logo\/image\/"}}]}},"acf":[],"_links":{"self":[{"href":"https:\/\/www.plazatirana.com\/fr\/wp-json\/wp\/v2\/pages\/6","targetHints":{"allow":["GET"]}}],"collection":[{"href":"https:\/\/www.plazatirana.com\/fr\/wp-json\/wp\/v2\/pages"}],"about":[{"href":"https:\/\/www.plazatirana.com\/fr\/wp-json\/wp\/v2\/types\/page"}],"author":[{"embeddable":true,"href":"https:\/\/www.plazatirana.com\/fr\/wp-json\/wp\/v2\/users\/7"}],"replies":[{"embeddable":true,"href":"https:\/\/www.plazatirana.com\/fr\/wp-json\/wp\/v2\/comments?post=6"}],"version-history":[{"count":0,"href":"https:\/\/www.plazatirana.com\/fr\/wp-json\/wp\/v2\/pages\/6\/revisions"}],"wp:attachment":[{"href":"https:\/\/www.plazatirana.com\/fr\/wp-json\/wp\/v2\/media?parent=6"}],"curies":[{"name":"wp","href":"https:\/\/api.w.org\/{rel}","templated":true}]}}