{"id":538,"date":"2021-11-30T17:02:31","date_gmt":"2021-11-30T17:02:31","guid":{"rendered":"https:\/\/plaza-tirana.ms.decms.eu\/oblivion-spa\/"},"modified":"2022-01-19T17:15:09","modified_gmt":"2022-01-19T17:15:09","slug":"oblivion-spa","status":"publish","type":"page","link":"https:\/\/www.plazatirana.com\/fr\/oblivion-spa\/","title":{"rendered":"Oblivion Spa"},"content":{"rendered":"<p>Apr\u00e8s un vol difficile ou une journ\u00e9e de travail compliqu\u00e9e, nous vous invitons \u00e0 nous rejoindre au sein de ce <strong>temple de la relaxation<\/strong> o\u00f9 chaque sens vous transporte dans une sensation de bien-\u00eatre total. Un espace intemporel de 600 m\u00e8tres carr\u00e9s qui allie technologie innovante, calme et confort au sein de cet endroit luxueux.<\/p>\n<p>Laissez-vous aller en essayant les services traditionnels de ce SPA ou explorez vos sens gr\u00e2ce \u00e0 des soins visage et corps uniques.<\/p>\n<p>Le Spa Oblivion <strong>est l\u2019endroit id\u00e9al<\/strong> pour l\u2019organisation d\u2019<strong>\u00e9v\u00e8nements tels que des anniversaires<\/strong> ou des moments particuliers.<\/p>\n","protected":false},"excerpt":{"rendered":"<p>Apr\u00e8s un vol difficile ou une journ\u00e9e de travail compliqu\u00e9e, nous vous invitons \u00e0 nous rejoindre au sein de ce temple de la relaxation o\u00f9 chaque sens vous transporte dans une sensation de bien-\u00eatre total. Un espace intemporel de 600 m\u00e8tres carr\u00e9s qui allie technologie innovante, calme et confort au sein de cet endroit luxueux. [&hellip;]<\/p>\n","protected":false},"author":7,"featured_media":0,"parent":0,"menu_order":15,"comment_status":"closed","ping_status":"closed","template":"template-services.php","meta":{"footnotes":""},"class_list":["post-538","page","type-page","status-publish","hentry"],"yoast_head":"<!-- This site is optimized with the Yoast SEO plugin v26.9 - https:\/\/yoast.com\/product\/yoast-seo-wordpress\/ -->\n<title>Oblivion Spa &#8212; Maritim Hotel Plaza Tirana &#8212;<\/title>\n<meta name=\"description\" content=\"Apr\u00e8s un vol difficile ou une journ\u00e9e de travail compliqu\u00e9e, nous vous invitons \u00e0 nous rejoindre au sein de ce temple de la relaxation o\u00f9 chaque sens vous transporte dans une sensation de bien-\u00eatre total. Un espace intemporel de 600 m\u00e8tres carr\u00e9s qui allie technologie innovante, calme et confort au sein de cet endroit luxueux.  Laissez-vous aller en essayant les services traditionnels de ce SPA ou explorez vos sens gr\u00e2ce \u00e0 des soins visage et corps uniques.  Le Spa Oblivion est l\u2019endroit id\u00e9al pour l\u2019organisation d\u2019\u00e9v\u00e8nements tels que des anniversaires ou des moments particuliers.\" \/>\n<meta name=\"robots\" content=\"index, follow, max-snippet:-1, max-image-preview:large, max-video-preview:-1\" \/>\n<link rel=\"canonical\" href=\"https:\/\/www.plazatirana.com\/fr\/oblivion-spa\/\" \/>\n<meta property=\"og:locale\" content=\"fr_FR\" \/>\n<meta property=\"og:type\" content=\"article\" \/>\n<meta property=\"og:title\" content=\"Oblivion Spa &#8212; Maritim Hotel Plaza Tirana &#8212;\" \/>\n<meta property=\"og:description\" content=\"Apr\u00e8s un vol difficile ou une journ\u00e9e de travail compliqu\u00e9e, nous vous invitons \u00e0 nous rejoindre au sein de ce temple de la relaxation o\u00f9 chaque sens vous transporte dans une sensation de bien-\u00eatre total. Un espace intemporel de 600 m\u00e8tres carr\u00e9s qui allie technologie innovante, calme et confort au sein de cet endroit luxueux.  Laissez-vous aller en essayant les services traditionnels de ce SPA ou explorez vos sens gr\u00e2ce \u00e0 des soins visage et corps uniques.  Le Spa Oblivion est l\u2019endroit id\u00e9al pour l\u2019organisation d\u2019\u00e9v\u00e8nements tels que des anniversaires ou des moments particuliers.\" \/>\n<meta property=\"og:url\" content=\"https:\/\/www.plazatirana.com\/fr\/oblivion-spa\/\" \/>\n<meta property=\"og:site_name\" content=\"Maritim Hotel Plaza Tirana\" \/>\n<meta property=\"article:modified_time\" content=\"2022-01-19T17:15:09+00:00\" \/>\n<meta name=\"twitter:card\" content=\"summary_large_image\" \/>\n<meta name=\"twitter:label1\" content=\"Dur\u00e9e de lecture estim\u00e9e\" \/>\n\t<meta name=\"twitter:data1\" content=\"1 minute\" \/>\n<script type=\"application\/ld+json\" class=\"yoast-schema-graph\">{\"@context\":\"https:\/\/schema.org\",\"@graph\":[{\"@type\":\"WebPage\",\"@id\":\"https:\/\/www.plazatirana.com\/fr\/oblivion-spa\/\",\"url\":\"https:\/\/www.plazatirana.com\/fr\/oblivion-spa\/\",\"name\":\"Oblivion Spa &#8212; Maritim Hotel Plaza Tirana &#8212;\",\"isPartOf\":{\"@id\":\"https:\/\/www.plazatirana.com\/fr\/#website\"},\"datePublished\":\"2021-11-30T17:02:31+00:00\",\"dateModified\":\"2022-01-19T17:15:09+00:00\",\"description\":\"Apr\u00e8s un vol difficile ou une journ\u00e9e de travail compliqu\u00e9e, nous vous invitons \u00e0 nous rejoindre au sein de ce temple de la relaxation o\u00f9 chaque sens vous transporte dans une sensation de bien-\u00eatre total. Un espace intemporel de 600 m\u00e8tres carr\u00e9s qui allie technologie innovante, calme et confort au sein de cet endroit luxueux. Laissez-vous aller en essayant les services traditionnels de ce SPA ou explorez vos sens gr\u00e2ce \u00e0 des soins visage et corps uniques. Le Spa Oblivion est l\u2019endroit id\u00e9al pour l\u2019organisation d\u2019\u00e9v\u00e8nements tels que des anniversaires ou des moments particuliers.\",\"breadcrumb\":{\"@id\":\"https:\/\/www.plazatirana.com\/fr\/oblivion-spa\/#breadcrumb\"},\"inLanguage\":\"fr-FR\",\"potentialAction\":[{\"@type\":\"ReadAction\",\"target\":[\"https:\/\/www.plazatirana.com\/fr\/oblivion-spa\/\"]}]},{\"@type\":\"BreadcrumbList\",\"@id\":\"https:\/\/www.plazatirana.com\/fr\/oblivion-spa\/#breadcrumb\",\"itemListElement\":[{\"@type\":\"ListItem\",\"position\":1,\"name\":\"Home\",\"item\":\"https:\/\/www.plazatirana.com\/fr\/\"},{\"@type\":\"ListItem\",\"position\":2,\"name\":\"Oblivion Spa\"}]},{\"@type\":\"WebSite\",\"@id\":\"https:\/\/www.plazatirana.com\/fr\/#website\",\"url\":\"https:\/\/www.plazatirana.com\/fr\/\",\"name\":\"Maritim Hotel Plaza Tirana\",\"description\":\"Just another ms.decms.eu site\",\"publisher\":{\"@id\":\"https:\/\/www.plazatirana.com\/fr\/#organization\"},\"potentialAction\":[{\"@type\":\"SearchAction\",\"target\":{\"@type\":\"EntryPoint\",\"urlTemplate\":\"https:\/\/www.plazatirana.com\/fr\/?s={search_term_string}\"},\"query-input\":{\"@type\":\"PropertyValueSpecification\",\"valueRequired\":true,\"valueName\":\"search_term_string\"}}],\"inLanguage\":\"fr-FR\"},{\"@type\":\"Organization\",\"@id\":\"https:\/\/www.plazatirana.com\/fr\/#organization\",\"name\":\"Maritim Hotel Plaza Tirana\",\"url\":\"https:\/\/www.plazatirana.com\/fr\/\",\"logo\":{\"@type\":\"ImageObject\",\"inLanguage\":\"fr-FR\",\"@id\":\"https:\/\/www.plazatirana.com\/fr\/#\/schema\/logo\/image\/\",\"url\":\"https:\/\/www.plazatirana.com\/wp-content\/uploads\/sites\/378\/2021\/11\/Maritim-Hotel-Plaza-Tirana-Logo.png\",\"contentUrl\":\"https:\/\/www.plazatirana.com\/wp-content\/uploads\/sites\/378\/2021\/11\/Maritim-Hotel-Plaza-Tirana-Logo.png\",\"width\":300,\"height\":224,\"caption\":\"Maritim Hotel Plaza Tirana\"},\"image\":{\"@id\":\"https:\/\/www.plazatirana.com\/fr\/#\/schema\/logo\/image\/\"}}]}<\/script>\n<!-- \/ Yoast SEO plugin. -->","yoast_head_json":{"title":"Oblivion Spa &#8212; Maritim Hotel Plaza Tirana &#8212;","description":"Apr\u00e8s un vol difficile ou une journ\u00e9e de travail compliqu\u00e9e, nous vous invitons \u00e0 nous rejoindre au sein de ce temple de la relaxation o\u00f9 chaque sens vous transporte dans une sensation de bien-\u00eatre total. Un espace intemporel de 600 m\u00e8tres carr\u00e9s qui allie technologie innovante, calme et confort au sein de cet endroit luxueux.  Laissez-vous aller en essayant les services traditionnels de ce SPA ou explorez vos sens gr\u00e2ce \u00e0 des soins visage et corps uniques.  Le Spa Oblivion est l\u2019endroit id\u00e9al pour l\u2019organisation d\u2019\u00e9v\u00e8nements tels que des anniversaires ou des moments particuliers.","robots":{"index":"index","follow":"follow","max-snippet":"max-snippet:-1","max-image-preview":"max-image-preview:large","max-video-preview":"max-video-preview:-1"},"canonical":"https:\/\/www.plazatirana.com\/fr\/oblivion-spa\/","og_locale":"fr_FR","og_type":"article","og_title":"Oblivion Spa &#8212; Maritim Hotel Plaza Tirana &#8212;","og_description":"Apr\u00e8s un vol difficile ou une journ\u00e9e de travail compliqu\u00e9e, nous vous invitons \u00e0 nous rejoindre au sein de ce temple de la relaxation o\u00f9 chaque sens vous transporte dans une sensation de bien-\u00eatre total. Un espace intemporel de 600 m\u00e8tres carr\u00e9s qui allie technologie innovante, calme et confort au sein de cet endroit luxueux.  Laissez-vous aller en essayant les services traditionnels de ce SPA ou explorez vos sens gr\u00e2ce \u00e0 des soins visage et corps uniques.  Le Spa Oblivion est l\u2019endroit id\u00e9al pour l\u2019organisation d\u2019\u00e9v\u00e8nements tels que des anniversaires ou des moments particuliers.","og_url":"https:\/\/www.plazatirana.com\/fr\/oblivion-spa\/","og_site_name":"Maritim Hotel Plaza Tirana","article_modified_time":"2022-01-19T17:15:09+00:00","twitter_card":"summary_large_image","twitter_misc":{"Dur\u00e9e de lecture estim\u00e9e":"1 minute"},"schema":{"@context":"https:\/\/schema.org","@graph":[{"@type":"WebPage","@id":"https:\/\/www.plazatirana.com\/fr\/oblivion-spa\/","url":"https:\/\/www.plazatirana.com\/fr\/oblivion-spa\/","name":"Oblivion Spa &#8212; Maritim Hotel Plaza Tirana &#8212;","isPartOf":{"@id":"https:\/\/www.plazatirana.com\/fr\/#website"},"datePublished":"2021-11-30T17:02:31+00:00","dateModified":"2022-01-19T17:15:09+00:00","description":"Apr\u00e8s un vol difficile ou une journ\u00e9e de travail compliqu\u00e9e, nous vous invitons \u00e0 nous rejoindre au sein de ce temple de la relaxation o\u00f9 chaque sens vous transporte dans une sensation de bien-\u00eatre total. Un espace intemporel de 600 m\u00e8tres carr\u00e9s qui allie technologie innovante, calme et confort au sein de cet endroit luxueux. Laissez-vous aller en essayant les services traditionnels de ce SPA ou explorez vos sens gr\u00e2ce \u00e0 des soins visage et corps uniques. Le Spa Oblivion est l\u2019endroit id\u00e9al pour l\u2019organisation d\u2019\u00e9v\u00e8nements tels que des anniversaires ou des moments particuliers.","breadcrumb":{"@id":"https:\/\/www.plazatirana.com\/fr\/oblivion-spa\/#breadcrumb"},"inLanguage":"fr-FR","potentialAction":[{"@type":"ReadAction","target":["https:\/\/www.plazatirana.com\/fr\/oblivion-spa\/"]}]},{"@type":"BreadcrumbList","@id":"https:\/\/www.plazatirana.com\/fr\/oblivion-spa\/#breadcrumb","itemListElement":[{"@type":"ListItem","position":1,"name":"Home","item":"https:\/\/www.plazatirana.com\/fr\/"},{"@type":"ListItem","position":2,"name":"Oblivion Spa"}]},{"@type":"WebSite","@id":"https:\/\/www.plazatirana.com\/fr\/#website","url":"https:\/\/www.plazatirana.com\/fr\/","name":"Maritim Hotel Plaza Tirana","description":"Just another ms.decms.eu site","publisher":{"@id":"https:\/\/www.plazatirana.com\/fr\/#organization"},"potentialAction":[{"@type":"SearchAction","target":{"@type":"EntryPoint","urlTemplate":"https:\/\/www.plazatirana.com\/fr\/?s={search_term_string}"},"query-input":{"@type":"PropertyValueSpecification","valueRequired":true,"valueName":"search_term_string"}}],"inLanguage":"fr-FR"},{"@type":"Organization","@id":"https:\/\/www.plazatirana.com\/fr\/#organization","name":"Maritim Hotel Plaza Tirana","url":"https:\/\/www.plazatirana.com\/fr\/","logo":{"@type":"ImageObject","inLanguage":"fr-FR","@id":"https:\/\/www.plazatirana.com\/fr\/#\/schema\/logo\/image\/","url":"https:\/\/www.plazatirana.com\/wp-content\/uploads\/sites\/378\/2021\/11\/Maritim-Hotel-Plaza-Tirana-Logo.png","contentUrl":"https:\/\/www.plazatirana.com\/wp-content\/uploads\/sites\/378\/2021\/11\/Maritim-Hotel-Plaza-Tirana-Logo.png","width":300,"height":224,"caption":"Maritim Hotel Plaza Tirana"},"image":{"@id":"https:\/\/www.plazatirana.com\/fr\/#\/schema\/logo\/image\/"}}]}},"acf":[],"_links":{"self":[{"href":"https:\/\/www.plazatirana.com\/fr\/wp-json\/wp\/v2\/pages\/538","targetHints":{"allow":["GET"]}}],"collection":[{"href":"https:\/\/www.plazatirana.com\/fr\/wp-json\/wp\/v2\/pages"}],"about":[{"href":"https:\/\/www.plazatirana.com\/fr\/wp-json\/wp\/v2\/types\/page"}],"author":[{"embeddable":true,"href":"https:\/\/www.plazatirana.com\/fr\/wp-json\/wp\/v2\/users\/7"}],"replies":[{"embeddable":true,"href":"https:\/\/www.plazatirana.com\/fr\/wp-json\/wp\/v2\/comments?post=538"}],"version-history":[{"count":0,"href":"https:\/\/www.plazatirana.com\/fr\/wp-json\/wp\/v2\/pages\/538\/revisions"}],"wp:attachment":[{"href":"https:\/\/www.plazatirana.com\/fr\/wp-json\/wp\/v2\/media?parent=538"}],"curies":[{"name":"wp","href":"https:\/\/api.w.org\/{rel}","templated":true}]}}