{"id":431,"date":"2021-11-29T16:25:26","date_gmt":"2021-11-29T16:25:26","guid":{"rendered":"https:\/\/plaza-tirana.ms.decms.eu\/our-services\/"},"modified":"2021-11-29T16:52:09","modified_gmt":"2021-11-29T16:52:09","slug":"nos-services","status":"publish","type":"page","link":"https:\/\/www.plazatirana.com\/fr\/nos-services\/","title":{"rendered":"Nos services"},"content":{"rendered":"<p>Pour les clients qui souhaitent prolonger leur s\u00e9jour, <strong>Maritim Hotel Plaza Tirana offre la possibilit\u00e9 de louer<\/strong> \u00e0 la semaine des appartements de r\u00e9sidence avec un coin cuisine. <\/p>\n<p>Loin de chez vous mais \u00e0 la fois familier, vous trouverez tout ce dont vous avez besoin dans cet appartement \u00e9l\u00e9gant et vous aurez l\u2019opportunit\u00e9 de profiter de tous les services de l\u2019h\u00f4tel, comme le service de nettoyage, <strong>le service en chambre<\/strong>, la salle de fitness accessible 24h sur 24h, le Spa Oblivion et le service de conciergerie qui seront ravis de vous aider pour vos courses quotidiennes vous aidant \u00e0 trouver directement ce que vous avez command\u00e9 dans votre garde-manger ou votre r\u00e9frig\u00e9rateur.<\/p>\n","protected":false},"excerpt":{"rendered":"<p>Pour les clients qui souhaitent prolonger leur s\u00e9jour, Maritim Hotel Plaza Tirana offre la possibilit\u00e9 de louer \u00e0 la semaine des appartements de r\u00e9sidence avec un coin cuisine. Loin de chez vous mais \u00e0 la fois familier, vous trouverez tout ce dont vous avez besoin dans cet appartement \u00e9l\u00e9gant et vous aurez l\u2019opportunit\u00e9 de profiter [&hellip;]<\/p>\n","protected":false},"author":7,"featured_media":0,"parent":0,"menu_order":10,"comment_status":"closed","ping_status":"closed","template":"template-services.php","meta":{"footnotes":""},"class_list":["post-431","page","type-page","status-publish","hentry"],"yoast_head":"<!-- This site is optimized with the Yoast SEO plugin v26.9 - https:\/\/yoast.com\/product\/yoast-seo-wordpress\/ -->\n<title>Nos services &#8212; Maritim Hotel Plaza Tirana &#8212;<\/title>\n<meta name=\"description\" content=\"Pour les clients qui souhaitent prolonger leur s\u00e9jour, Maritim Hotel Plaza Tirana offre la possibilit\u00e9 de louer \u00e0 la semaine des appartements de r\u00e9sidence avec un coin cuisine.    Loin de chez vous mais \u00e0 la fois familier, vous trouverez tout ce dont vous avez besoin dans cet appartement \u00e9l\u00e9gant et vous aurez l\u2019opportunit\u00e9 de profiter de tous les services de l\u2019h\u00f4tel, comme le service de nettoyage, le service en chambre, la salle de fitness accessible 24h sur 24h, le Spa Oblivion et le service de conciergerie qui seront ravis de vous aider pour vos courses quotidiennes vous aidant \u00e0 trouver directement ce que vous avez command\u00e9 dans votre garde-manger ou votre r\u00e9frig\u00e9rateur.\" \/>\n<meta name=\"robots\" content=\"index, follow, max-snippet:-1, max-image-preview:large, max-video-preview:-1\" \/>\n<link rel=\"canonical\" href=\"https:\/\/www.plazatirana.com\/fr\/nos-services\/\" \/>\n<meta property=\"og:locale\" content=\"fr_FR\" \/>\n<meta property=\"og:type\" content=\"article\" \/>\n<meta property=\"og:title\" content=\"Nos services &#8212; Maritim Hotel Plaza Tirana &#8212;\" \/>\n<meta property=\"og:description\" content=\"Pour les clients qui souhaitent prolonger leur s\u00e9jour, Maritim Hotel Plaza Tirana offre la possibilit\u00e9 de louer \u00e0 la semaine des appartements de r\u00e9sidence avec un coin cuisine.    Loin de chez vous mais \u00e0 la fois familier, vous trouverez tout ce dont vous avez besoin dans cet appartement \u00e9l\u00e9gant et vous aurez l\u2019opportunit\u00e9 de profiter de tous les services de l\u2019h\u00f4tel, comme le service de nettoyage, le service en chambre, la salle de fitness accessible 24h sur 24h, le Spa Oblivion et le service de conciergerie qui seront ravis de vous aider pour vos courses quotidiennes vous aidant \u00e0 trouver directement ce que vous avez command\u00e9 dans votre garde-manger ou votre r\u00e9frig\u00e9rateur.\" \/>\n<meta property=\"og:url\" content=\"https:\/\/www.plazatirana.com\/fr\/nos-services\/\" \/>\n<meta property=\"og:site_name\" content=\"Maritim Hotel Plaza Tirana\" \/>\n<meta property=\"article:modified_time\" content=\"2021-11-29T16:52:09+00:00\" \/>\n<meta name=\"twitter:card\" content=\"summary_large_image\" \/>\n<meta name=\"twitter:label1\" content=\"Dur\u00e9e de lecture estim\u00e9e\" \/>\n\t<meta name=\"twitter:data1\" content=\"1 minute\" \/>\n<script type=\"application\/ld+json\" class=\"yoast-schema-graph\">{\"@context\":\"https:\/\/schema.org\",\"@graph\":[{\"@type\":\"WebPage\",\"@id\":\"https:\/\/www.plazatirana.com\/fr\/nos-services\/\",\"url\":\"https:\/\/www.plazatirana.com\/fr\/nos-services\/\",\"name\":\"Nos services &#8212; Maritim Hotel Plaza Tirana &#8212;\",\"isPartOf\":{\"@id\":\"https:\/\/www.plazatirana.com\/fr\/#website\"},\"datePublished\":\"2021-11-29T16:25:26+00:00\",\"dateModified\":\"2021-11-29T16:52:09+00:00\",\"description\":\"Pour les clients qui souhaitent prolonger leur s\u00e9jour, Maritim Hotel Plaza Tirana offre la possibilit\u00e9 de louer \u00e0 la semaine des appartements de r\u00e9sidence avec un coin cuisine. Loin de chez vous mais \u00e0 la fois familier, vous trouverez tout ce dont vous avez besoin dans cet appartement \u00e9l\u00e9gant et vous aurez l\u2019opportunit\u00e9 de profiter de tous les services de l\u2019h\u00f4tel, comme le service de nettoyage, le service en chambre, la salle de fitness accessible 24h sur 24h, le Spa Oblivion et le service de conciergerie qui seront ravis de vous aider pour vos courses quotidiennes vous aidant \u00e0 trouver directement ce que vous avez command\u00e9 dans votre garde-manger ou votre r\u00e9frig\u00e9rateur.\",\"breadcrumb\":{\"@id\":\"https:\/\/www.plazatirana.com\/fr\/nos-services\/#breadcrumb\"},\"inLanguage\":\"fr-FR\",\"potentialAction\":[{\"@type\":\"ReadAction\",\"target\":[\"https:\/\/www.plazatirana.com\/fr\/nos-services\/\"]}]},{\"@type\":\"BreadcrumbList\",\"@id\":\"https:\/\/www.plazatirana.com\/fr\/nos-services\/#breadcrumb\",\"itemListElement\":[{\"@type\":\"ListItem\",\"position\":1,\"name\":\"Home\",\"item\":\"https:\/\/www.plazatirana.com\/fr\/\"},{\"@type\":\"ListItem\",\"position\":2,\"name\":\"Nos services\"}]},{\"@type\":\"WebSite\",\"@id\":\"https:\/\/www.plazatirana.com\/fr\/#website\",\"url\":\"https:\/\/www.plazatirana.com\/fr\/\",\"name\":\"Maritim Hotel Plaza Tirana\",\"description\":\"Just another ms.decms.eu site\",\"publisher\":{\"@id\":\"https:\/\/www.plazatirana.com\/fr\/#organization\"},\"potentialAction\":[{\"@type\":\"SearchAction\",\"target\":{\"@type\":\"EntryPoint\",\"urlTemplate\":\"https:\/\/www.plazatirana.com\/fr\/?s={search_term_string}\"},\"query-input\":{\"@type\":\"PropertyValueSpecification\",\"valueRequired\":true,\"valueName\":\"search_term_string\"}}],\"inLanguage\":\"fr-FR\"},{\"@type\":\"Organization\",\"@id\":\"https:\/\/www.plazatirana.com\/fr\/#organization\",\"name\":\"Maritim Hotel Plaza Tirana\",\"url\":\"https:\/\/www.plazatirana.com\/fr\/\",\"logo\":{\"@type\":\"ImageObject\",\"inLanguage\":\"fr-FR\",\"@id\":\"https:\/\/www.plazatirana.com\/fr\/#\/schema\/logo\/image\/\",\"url\":\"https:\/\/www.plazatirana.com\/wp-content\/uploads\/sites\/378\/2021\/11\/Maritim-Hotel-Plaza-Tirana-Logo.png\",\"contentUrl\":\"https:\/\/www.plazatirana.com\/wp-content\/uploads\/sites\/378\/2021\/11\/Maritim-Hotel-Plaza-Tirana-Logo.png\",\"width\":300,\"height\":224,\"caption\":\"Maritim Hotel Plaza Tirana\"},\"image\":{\"@id\":\"https:\/\/www.plazatirana.com\/fr\/#\/schema\/logo\/image\/\"}}]}<\/script>\n<!-- \/ Yoast SEO plugin. -->","yoast_head_json":{"title":"Nos services &#8212; Maritim Hotel Plaza Tirana &#8212;","description":"Pour les clients qui souhaitent prolonger leur s\u00e9jour, Maritim Hotel Plaza Tirana offre la possibilit\u00e9 de louer \u00e0 la semaine des appartements de r\u00e9sidence avec un coin cuisine.    Loin de chez vous mais \u00e0 la fois familier, vous trouverez tout ce dont vous avez besoin dans cet appartement \u00e9l\u00e9gant et vous aurez l\u2019opportunit\u00e9 de profiter de tous les services de l\u2019h\u00f4tel, comme le service de nettoyage, le service en chambre, la salle de fitness accessible 24h sur 24h, le Spa Oblivion et le service de conciergerie qui seront ravis de vous aider pour vos courses quotidiennes vous aidant \u00e0 trouver directement ce que vous avez command\u00e9 dans votre garde-manger ou votre r\u00e9frig\u00e9rateur.","robots":{"index":"index","follow":"follow","max-snippet":"max-snippet:-1","max-image-preview":"max-image-preview:large","max-video-preview":"max-video-preview:-1"},"canonical":"https:\/\/www.plazatirana.com\/fr\/nos-services\/","og_locale":"fr_FR","og_type":"article","og_title":"Nos services &#8212; Maritim Hotel Plaza Tirana &#8212;","og_description":"Pour les clients qui souhaitent prolonger leur s\u00e9jour, Maritim Hotel Plaza Tirana offre la possibilit\u00e9 de louer \u00e0 la semaine des appartements de r\u00e9sidence avec un coin cuisine.    Loin de chez vous mais \u00e0 la fois familier, vous trouverez tout ce dont vous avez besoin dans cet appartement \u00e9l\u00e9gant et vous aurez l\u2019opportunit\u00e9 de profiter de tous les services de l\u2019h\u00f4tel, comme le service de nettoyage, le service en chambre, la salle de fitness accessible 24h sur 24h, le Spa Oblivion et le service de conciergerie qui seront ravis de vous aider pour vos courses quotidiennes vous aidant \u00e0 trouver directement ce que vous avez command\u00e9 dans votre garde-manger ou votre r\u00e9frig\u00e9rateur.","og_url":"https:\/\/www.plazatirana.com\/fr\/nos-services\/","og_site_name":"Maritim Hotel Plaza Tirana","article_modified_time":"2021-11-29T16:52:09+00:00","twitter_card":"summary_large_image","twitter_misc":{"Dur\u00e9e de lecture estim\u00e9e":"1 minute"},"schema":{"@context":"https:\/\/schema.org","@graph":[{"@type":"WebPage","@id":"https:\/\/www.plazatirana.com\/fr\/nos-services\/","url":"https:\/\/www.plazatirana.com\/fr\/nos-services\/","name":"Nos services &#8212; Maritim Hotel Plaza Tirana &#8212;","isPartOf":{"@id":"https:\/\/www.plazatirana.com\/fr\/#website"},"datePublished":"2021-11-29T16:25:26+00:00","dateModified":"2021-11-29T16:52:09+00:00","description":"Pour les clients qui souhaitent prolonger leur s\u00e9jour, Maritim Hotel Plaza Tirana offre la possibilit\u00e9 de louer \u00e0 la semaine des appartements de r\u00e9sidence avec un coin cuisine. Loin de chez vous mais \u00e0 la fois familier, vous trouverez tout ce dont vous avez besoin dans cet appartement \u00e9l\u00e9gant et vous aurez l\u2019opportunit\u00e9 de profiter de tous les services de l\u2019h\u00f4tel, comme le service de nettoyage, le service en chambre, la salle de fitness accessible 24h sur 24h, le Spa Oblivion et le service de conciergerie qui seront ravis de vous aider pour vos courses quotidiennes vous aidant \u00e0 trouver directement ce que vous avez command\u00e9 dans votre garde-manger ou votre r\u00e9frig\u00e9rateur.","breadcrumb":{"@id":"https:\/\/www.plazatirana.com\/fr\/nos-services\/#breadcrumb"},"inLanguage":"fr-FR","potentialAction":[{"@type":"ReadAction","target":["https:\/\/www.plazatirana.com\/fr\/nos-services\/"]}]},{"@type":"BreadcrumbList","@id":"https:\/\/www.plazatirana.com\/fr\/nos-services\/#breadcrumb","itemListElement":[{"@type":"ListItem","position":1,"name":"Home","item":"https:\/\/www.plazatirana.com\/fr\/"},{"@type":"ListItem","position":2,"name":"Nos services"}]},{"@type":"WebSite","@id":"https:\/\/www.plazatirana.com\/fr\/#website","url":"https:\/\/www.plazatirana.com\/fr\/","name":"Maritim Hotel Plaza Tirana","description":"Just another ms.decms.eu site","publisher":{"@id":"https:\/\/www.plazatirana.com\/fr\/#organization"},"potentialAction":[{"@type":"SearchAction","target":{"@type":"EntryPoint","urlTemplate":"https:\/\/www.plazatirana.com\/fr\/?s={search_term_string}"},"query-input":{"@type":"PropertyValueSpecification","valueRequired":true,"valueName":"search_term_string"}}],"inLanguage":"fr-FR"},{"@type":"Organization","@id":"https:\/\/www.plazatirana.com\/fr\/#organization","name":"Maritim Hotel Plaza Tirana","url":"https:\/\/www.plazatirana.com\/fr\/","logo":{"@type":"ImageObject","inLanguage":"fr-FR","@id":"https:\/\/www.plazatirana.com\/fr\/#\/schema\/logo\/image\/","url":"https:\/\/www.plazatirana.com\/wp-content\/uploads\/sites\/378\/2021\/11\/Maritim-Hotel-Plaza-Tirana-Logo.png","contentUrl":"https:\/\/www.plazatirana.com\/wp-content\/uploads\/sites\/378\/2021\/11\/Maritim-Hotel-Plaza-Tirana-Logo.png","width":300,"height":224,"caption":"Maritim Hotel Plaza Tirana"},"image":{"@id":"https:\/\/www.plazatirana.com\/fr\/#\/schema\/logo\/image\/"}}]}},"acf":[],"_links":{"self":[{"href":"https:\/\/www.plazatirana.com\/fr\/wp-json\/wp\/v2\/pages\/431","targetHints":{"allow":["GET"]}}],"collection":[{"href":"https:\/\/www.plazatirana.com\/fr\/wp-json\/wp\/v2\/pages"}],"about":[{"href":"https:\/\/www.plazatirana.com\/fr\/wp-json\/wp\/v2\/types\/page"}],"author":[{"embeddable":true,"href":"https:\/\/www.plazatirana.com\/fr\/wp-json\/wp\/v2\/users\/7"}],"replies":[{"embeddable":true,"href":"https:\/\/www.plazatirana.com\/fr\/wp-json\/wp\/v2\/comments?post=431"}],"version-history":[{"count":0,"href":"https:\/\/www.plazatirana.com\/fr\/wp-json\/wp\/v2\/pages\/431\/revisions"}],"wp:attachment":[{"href":"https:\/\/www.plazatirana.com\/fr\/wp-json\/wp\/v2\/media?parent=431"}],"curies":[{"name":"wp","href":"https:\/\/api.w.org\/{rel}","templated":true}]}}