{"id":410,"date":"2021-11-26T17:27:43","date_gmt":"2021-11-26T17:27:43","guid":{"rendered":"https:\/\/plaza-tirana.ms.decms.eu\/chambres-et-suites\/presidential-suite\/"},"modified":"2021-11-26T20:35:30","modified_gmt":"2021-11-26T20:35:30","slug":"suite-presidentielle","status":"publish","type":"page","link":"https:\/\/www.plazatirana.com\/fr\/chambres-et-suites\/suite-presidentielle\/","title":{"rendered":"Suite pr\u00e9sidentielle"},"content":{"rendered":"<p>Situ\u00e9e au 22\u00e8me \u00e9tage de l\u2019h\u00f4tel, la Suite pr\u00e9sidentielle vous fera vivre une exp\u00e9rience unique dans le monde de l\u2019h\u00f4tellerie. Cette suite est \u00e9l\u00e9gante, spacieuse et vous offre tous les services dont vous avez besoin. La chambre est compos\u00e9e d\u2019un lit grande taille, d\u2019un tapis indien en soie de bambou et d\u2019un dressing priv\u00e9. Les deux salles de bain exceptionnelles avec une immense baignoire, un bain turc et une douche \u00e9motionnelle vous permettront une relaxation en profondeur.<\/p>\n<p>La Suite pr\u00e9sidentielle est l\u2019endroit id\u00e9al pour m\u00e9langer travail et plaisir avec son espace m\u00e9dia ou son bureau enti\u00e8rement \u00e9quip\u00e9. Avec le grand espace salon et salle \u00e0 manger, vous aurez la sensation d\u2019\u00eatre le propri\u00e9taire d\u2019une r\u00e9sidence priv\u00e9e dans la capitale albanaise.<\/p>\n<p>Si vous souhaitez organiser un d\u00eener personnalis\u00e9 ou un \u00e9v\u00e8nement festif, faites appel \u00e0 notre service de ma\u00eetres d\u2019h\u00f4tels afin de rendre votre s\u00e9jour encore plus exceptionnel.<\/p>\n<p>Un s\u00e9jour dans la Suite pr\u00e9sidentielle vous fera reconsid\u00e9rer votre conception du luxe exceptionnel.<\/p>\n","protected":false},"excerpt":{"rendered":"<p>Situ\u00e9e au 22\u00e8me \u00e9tage de l\u2019h\u00f4tel, la Suite pr\u00e9sidentielle vous fera vivre une exp\u00e9rience unique dans le monde de l\u2019h\u00f4tellerie. Cette suite est \u00e9l\u00e9gante, spacieuse et vous offre tous les services dont vous avez besoin. La chambre est compos\u00e9e d\u2019un lit grande taille, d\u2019un tapis indien en soie de bambou et d\u2019un dressing priv\u00e9. Les [&hellip;]<\/p>\n","protected":false},"author":7,"featured_media":0,"parent":96,"menu_order":7,"comment_status":"closed","ping_status":"closed","template":"template-single-room.php","meta":{"footnotes":""},"class_list":["post-410","page","type-page","status-publish","hentry"],"yoast_head":"<!-- This site is optimized with the Yoast SEO plugin v26.9 - https:\/\/yoast.com\/product\/yoast-seo-wordpress\/ -->\n<title>Suite pr\u00e9sidentielle &#8212; Maritim Hotel Plaza Tirana &#8212;<\/title>\n<meta name=\"description\" content=\"Situ\u00e9e au 22\u00e8me \u00e9tage de l\u2019h\u00f4tel, la Suite pr\u00e9sidentielle vous fera vivre une exp\u00e9rience unique dans le monde de l\u2019h\u00f4tellerie. Cette suite est \u00e9l\u00e9gante, spacieuse et vous offre tous les services dont vous avez besoin\" \/>\n<meta name=\"robots\" content=\"index, follow, max-snippet:-1, max-image-preview:large, max-video-preview:-1\" \/>\n<link rel=\"canonical\" href=\"https:\/\/www.plazatirana.com\/fr\/chambres-et-suites\/suite-presidentielle\/\" \/>\n<meta property=\"og:locale\" content=\"fr_FR\" \/>\n<meta property=\"og:type\" content=\"article\" \/>\n<meta property=\"og:title\" content=\"Suite pr\u00e9sidentielle &#8212; Maritim Hotel Plaza Tirana &#8212;\" \/>\n<meta property=\"og:description\" content=\"Situ\u00e9e au 22\u00e8me \u00e9tage de l\u2019h\u00f4tel, la Suite pr\u00e9sidentielle vous fera vivre une exp\u00e9rience unique dans le monde de l\u2019h\u00f4tellerie. Cette suite est \u00e9l\u00e9gante, spacieuse et vous offre tous les services dont vous avez besoin\" \/>\n<meta property=\"og:url\" content=\"https:\/\/www.plazatirana.com\/fr\/chambres-et-suites\/suite-presidentielle\/\" \/>\n<meta property=\"og:site_name\" content=\"Maritim Hotel Plaza Tirana\" \/>\n<meta property=\"article:modified_time\" content=\"2021-11-26T20:35:30+00:00\" \/>\n<meta name=\"twitter:card\" content=\"summary_large_image\" \/>\n<meta name=\"twitter:label1\" content=\"Dur\u00e9e de lecture estim\u00e9e\" \/>\n\t<meta name=\"twitter:data1\" content=\"1 minute\" \/>\n<script type=\"application\/ld+json\" class=\"yoast-schema-graph\">{\"@context\":\"https:\/\/schema.org\",\"@graph\":[{\"@type\":\"WebPage\",\"@id\":\"https:\/\/www.plazatirana.com\/fr\/chambres-et-suites\/suite-presidentielle\/\",\"url\":\"https:\/\/www.plazatirana.com\/fr\/chambres-et-suites\/suite-presidentielle\/\",\"name\":\"Suite pr\u00e9sidentielle &#8212; Maritim Hotel Plaza Tirana &#8212;\",\"isPartOf\":{\"@id\":\"https:\/\/www.plazatirana.com\/fr\/#website\"},\"datePublished\":\"2021-11-26T17:27:43+00:00\",\"dateModified\":\"2021-11-26T20:35:30+00:00\",\"description\":\"Situ\u00e9e au 22\u00e8me \u00e9tage de l\u2019h\u00f4tel, la Suite pr\u00e9sidentielle vous fera vivre une exp\u00e9rience unique dans le monde de l\u2019h\u00f4tellerie. Cette suite est \u00e9l\u00e9gante, spacieuse et vous offre tous les services dont vous avez besoin\",\"breadcrumb\":{\"@id\":\"https:\/\/www.plazatirana.com\/fr\/chambres-et-suites\/suite-presidentielle\/#breadcrumb\"},\"inLanguage\":\"fr-FR\",\"potentialAction\":[{\"@type\":\"ReadAction\",\"target\":[\"https:\/\/www.plazatirana.com\/fr\/chambres-et-suites\/suite-presidentielle\/\"]}]},{\"@type\":\"BreadcrumbList\",\"@id\":\"https:\/\/www.plazatirana.com\/fr\/chambres-et-suites\/suite-presidentielle\/#breadcrumb\",\"itemListElement\":[{\"@type\":\"ListItem\",\"position\":1,\"name\":\"Home\",\"item\":\"https:\/\/www.plazatirana.com\/fr\/\"},{\"@type\":\"ListItem\",\"position\":2,\"name\":\"Chambres et Suites\",\"item\":\"https:\/\/www.plazatirana.com\/fr\/chambres-et-suites\/\"},{\"@type\":\"ListItem\",\"position\":3,\"name\":\"Suite pr\u00e9sidentielle\"}]},{\"@type\":\"WebSite\",\"@id\":\"https:\/\/www.plazatirana.com\/fr\/#website\",\"url\":\"https:\/\/www.plazatirana.com\/fr\/\",\"name\":\"Maritim Hotel Plaza Tirana\",\"description\":\"Just another ms.decms.eu site\",\"publisher\":{\"@id\":\"https:\/\/www.plazatirana.com\/fr\/#organization\"},\"potentialAction\":[{\"@type\":\"SearchAction\",\"target\":{\"@type\":\"EntryPoint\",\"urlTemplate\":\"https:\/\/www.plazatirana.com\/fr\/?s={search_term_string}\"},\"query-input\":{\"@type\":\"PropertyValueSpecification\",\"valueRequired\":true,\"valueName\":\"search_term_string\"}}],\"inLanguage\":\"fr-FR\"},{\"@type\":\"Organization\",\"@id\":\"https:\/\/www.plazatirana.com\/fr\/#organization\",\"name\":\"Maritim Hotel Plaza Tirana\",\"url\":\"https:\/\/www.plazatirana.com\/fr\/\",\"logo\":{\"@type\":\"ImageObject\",\"inLanguage\":\"fr-FR\",\"@id\":\"https:\/\/www.plazatirana.com\/fr\/#\/schema\/logo\/image\/\",\"url\":\"https:\/\/www.plazatirana.com\/wp-content\/uploads\/sites\/378\/2021\/11\/Maritim-Hotel-Plaza-Tirana-Logo.png\",\"contentUrl\":\"https:\/\/www.plazatirana.com\/wp-content\/uploads\/sites\/378\/2021\/11\/Maritim-Hotel-Plaza-Tirana-Logo.png\",\"width\":300,\"height\":224,\"caption\":\"Maritim Hotel Plaza Tirana\"},\"image\":{\"@id\":\"https:\/\/www.plazatirana.com\/fr\/#\/schema\/logo\/image\/\"}}]}<\/script>\n<!-- \/ Yoast SEO plugin. -->","yoast_head_json":{"title":"Suite pr\u00e9sidentielle &#8212; Maritim Hotel Plaza Tirana &#8212;","description":"Situ\u00e9e au 22\u00e8me \u00e9tage de l\u2019h\u00f4tel, la Suite pr\u00e9sidentielle vous fera vivre une exp\u00e9rience unique dans le monde de l\u2019h\u00f4tellerie. Cette suite est \u00e9l\u00e9gante, spacieuse et vous offre tous les services dont vous avez besoin","robots":{"index":"index","follow":"follow","max-snippet":"max-snippet:-1","max-image-preview":"max-image-preview:large","max-video-preview":"max-video-preview:-1"},"canonical":"https:\/\/www.plazatirana.com\/fr\/chambres-et-suites\/suite-presidentielle\/","og_locale":"fr_FR","og_type":"article","og_title":"Suite pr\u00e9sidentielle &#8212; Maritim Hotel Plaza Tirana &#8212;","og_description":"Situ\u00e9e au 22\u00e8me \u00e9tage de l\u2019h\u00f4tel, la Suite pr\u00e9sidentielle vous fera vivre une exp\u00e9rience unique dans le monde de l\u2019h\u00f4tellerie. Cette suite est \u00e9l\u00e9gante, spacieuse et vous offre tous les services dont vous avez besoin","og_url":"https:\/\/www.plazatirana.com\/fr\/chambres-et-suites\/suite-presidentielle\/","og_site_name":"Maritim Hotel Plaza Tirana","article_modified_time":"2021-11-26T20:35:30+00:00","twitter_card":"summary_large_image","twitter_misc":{"Dur\u00e9e de lecture estim\u00e9e":"1 minute"},"schema":{"@context":"https:\/\/schema.org","@graph":[{"@type":"WebPage","@id":"https:\/\/www.plazatirana.com\/fr\/chambres-et-suites\/suite-presidentielle\/","url":"https:\/\/www.plazatirana.com\/fr\/chambres-et-suites\/suite-presidentielle\/","name":"Suite pr\u00e9sidentielle &#8212; Maritim Hotel Plaza Tirana &#8212;","isPartOf":{"@id":"https:\/\/www.plazatirana.com\/fr\/#website"},"datePublished":"2021-11-26T17:27:43+00:00","dateModified":"2021-11-26T20:35:30+00:00","description":"Situ\u00e9e au 22\u00e8me \u00e9tage de l\u2019h\u00f4tel, la Suite pr\u00e9sidentielle vous fera vivre une exp\u00e9rience unique dans le monde de l\u2019h\u00f4tellerie. Cette suite est \u00e9l\u00e9gante, spacieuse et vous offre tous les services dont vous avez besoin","breadcrumb":{"@id":"https:\/\/www.plazatirana.com\/fr\/chambres-et-suites\/suite-presidentielle\/#breadcrumb"},"inLanguage":"fr-FR","potentialAction":[{"@type":"ReadAction","target":["https:\/\/www.plazatirana.com\/fr\/chambres-et-suites\/suite-presidentielle\/"]}]},{"@type":"BreadcrumbList","@id":"https:\/\/www.plazatirana.com\/fr\/chambres-et-suites\/suite-presidentielle\/#breadcrumb","itemListElement":[{"@type":"ListItem","position":1,"name":"Home","item":"https:\/\/www.plazatirana.com\/fr\/"},{"@type":"ListItem","position":2,"name":"Chambres et Suites","item":"https:\/\/www.plazatirana.com\/fr\/chambres-et-suites\/"},{"@type":"ListItem","position":3,"name":"Suite pr\u00e9sidentielle"}]},{"@type":"WebSite","@id":"https:\/\/www.plazatirana.com\/fr\/#website","url":"https:\/\/www.plazatirana.com\/fr\/","name":"Maritim Hotel Plaza Tirana","description":"Just another ms.decms.eu site","publisher":{"@id":"https:\/\/www.plazatirana.com\/fr\/#organization"},"potentialAction":[{"@type":"SearchAction","target":{"@type":"EntryPoint","urlTemplate":"https:\/\/www.plazatirana.com\/fr\/?s={search_term_string}"},"query-input":{"@type":"PropertyValueSpecification","valueRequired":true,"valueName":"search_term_string"}}],"inLanguage":"fr-FR"},{"@type":"Organization","@id":"https:\/\/www.plazatirana.com\/fr\/#organization","name":"Maritim Hotel Plaza Tirana","url":"https:\/\/www.plazatirana.com\/fr\/","logo":{"@type":"ImageObject","inLanguage":"fr-FR","@id":"https:\/\/www.plazatirana.com\/fr\/#\/schema\/logo\/image\/","url":"https:\/\/www.plazatirana.com\/wp-content\/uploads\/sites\/378\/2021\/11\/Maritim-Hotel-Plaza-Tirana-Logo.png","contentUrl":"https:\/\/www.plazatirana.com\/wp-content\/uploads\/sites\/378\/2021\/11\/Maritim-Hotel-Plaza-Tirana-Logo.png","width":300,"height":224,"caption":"Maritim Hotel Plaza Tirana"},"image":{"@id":"https:\/\/www.plazatirana.com\/fr\/#\/schema\/logo\/image\/"}}]}},"acf":[],"_links":{"self":[{"href":"https:\/\/www.plazatirana.com\/fr\/wp-json\/wp\/v2\/pages\/410","targetHints":{"allow":["GET"]}}],"collection":[{"href":"https:\/\/www.plazatirana.com\/fr\/wp-json\/wp\/v2\/pages"}],"about":[{"href":"https:\/\/www.plazatirana.com\/fr\/wp-json\/wp\/v2\/types\/page"}],"author":[{"embeddable":true,"href":"https:\/\/www.plazatirana.com\/fr\/wp-json\/wp\/v2\/users\/7"}],"replies":[{"embeddable":true,"href":"https:\/\/www.plazatirana.com\/fr\/wp-json\/wp\/v2\/comments?post=410"}],"version-history":[{"count":0,"href":"https:\/\/www.plazatirana.com\/fr\/wp-json\/wp\/v2\/pages\/410\/revisions"}],"up":[{"embeddable":true,"href":"https:\/\/www.plazatirana.com\/fr\/wp-json\/wp\/v2\/pages\/96"}],"wp:attachment":[{"href":"https:\/\/www.plazatirana.com\/fr\/wp-json\/wp\/v2\/media?parent=410"}],"curies":[{"name":"wp","href":"https:\/\/api.w.org\/{rel}","templated":true}]}}