{"id":387,"date":"2021-11-26T16:12:37","date_gmt":"2021-11-26T16:12:37","guid":{"rendered":"https:\/\/plaza-tirana.ms.decms.eu\/chambres-et-suites\/gym-suit\/"},"modified":"2021-11-26T19:24:25","modified_gmt":"2021-11-26T19:24:25","slug":"suite-gym","status":"publish","type":"page","link":"https:\/\/www.plazatirana.com\/fr\/chambres-et-suites\/suite-gym\/","title":{"rendered":"Suite Gym"},"content":{"rendered":"<p>Une nouveaut\u00e9 parmi les suites de l\u2019h\u00f4tel, vous fera b\u00e9n\u00e9ficier d\u2019une exp\u00e9rience de relaxation unique. Conservez un style de vie \u00e9quilibr\u00e9 tout en profitant de votre salle de fitness avec les tous derniers \u00e9quipements de Technogym.<\/p>\n","protected":false},"excerpt":{"rendered":"<p>Une nouveaut\u00e9 parmi les suites de l\u2019h\u00f4tel, vous fera b\u00e9n\u00e9ficier d\u2019une exp\u00e9rience de relaxation unique. Conservez un style de vie \u00e9quilibr\u00e9 tout en profitant de votre salle de fitness avec les tous derniers \u00e9quipements de Technogym.<\/p>\n","protected":false},"author":7,"featured_media":0,"parent":96,"menu_order":8,"comment_status":"closed","ping_status":"closed","template":"template-single-room.php","meta":{"footnotes":""},"class_list":["post-387","page","type-page","status-publish","hentry"],"yoast_head":"<!-- This site is optimized with the Yoast SEO plugin v26.9 - https:\/\/yoast.com\/product\/yoast-seo-wordpress\/ -->\n<title>Suite Gym &#8212; Maritim Hotel Plaza Tirana &#8212;<\/title>\n<meta name=\"description\" content=\"Une nouveaut\u00e9 parmi les suites de l\u2019h\u00f4tel, vous fera b\u00e9n\u00e9ficier d\u2019une exp\u00e9rience de relaxation unique. Conservez un style de vie \u00e9quilibr\u00e9 tout en profitant de votre salle de fitness avec les tous derniers \u00e9quipements de Technogym.\" \/>\n<meta name=\"robots\" content=\"index, follow, max-snippet:-1, max-image-preview:large, max-video-preview:-1\" \/>\n<link rel=\"canonical\" href=\"https:\/\/www.plazatirana.com\/fr\/chambres-et-suites\/suite-gym\/\" \/>\n<meta property=\"og:locale\" content=\"fr_FR\" \/>\n<meta property=\"og:type\" content=\"article\" \/>\n<meta property=\"og:title\" content=\"Suite Gym &#8212; Maritim Hotel Plaza Tirana &#8212;\" \/>\n<meta property=\"og:description\" content=\"Une nouveaut\u00e9 parmi les suites de l\u2019h\u00f4tel, vous fera b\u00e9n\u00e9ficier d\u2019une exp\u00e9rience de relaxation unique. Conservez un style de vie \u00e9quilibr\u00e9 tout en profitant de votre salle de fitness avec les tous derniers \u00e9quipements de Technogym.\" \/>\n<meta property=\"og:url\" content=\"https:\/\/www.plazatirana.com\/fr\/chambres-et-suites\/suite-gym\/\" \/>\n<meta property=\"og:site_name\" content=\"Maritim Hotel Plaza Tirana\" \/>\n<meta property=\"article:modified_time\" content=\"2021-11-26T19:24:25+00:00\" \/>\n<meta name=\"twitter:card\" content=\"summary_large_image\" \/>\n<script type=\"application\/ld+json\" class=\"yoast-schema-graph\">{\"@context\":\"https:\/\/schema.org\",\"@graph\":[{\"@type\":\"WebPage\",\"@id\":\"https:\/\/www.plazatirana.com\/fr\/chambres-et-suites\/suite-gym\/\",\"url\":\"https:\/\/www.plazatirana.com\/fr\/chambres-et-suites\/suite-gym\/\",\"name\":\"Suite Gym &#8212; Maritim Hotel Plaza Tirana &#8212;\",\"isPartOf\":{\"@id\":\"https:\/\/www.plazatirana.com\/fr\/#website\"},\"datePublished\":\"2021-11-26T16:12:37+00:00\",\"dateModified\":\"2021-11-26T19:24:25+00:00\",\"description\":\"Une nouveaut\u00e9 parmi les suites de l\u2019h\u00f4tel, vous fera b\u00e9n\u00e9ficier d\u2019une exp\u00e9rience de relaxation unique. Conservez un style de vie \u00e9quilibr\u00e9 tout en profitant de votre salle de fitness avec les tous derniers \u00e9quipements de Technogym.\",\"breadcrumb\":{\"@id\":\"https:\/\/www.plazatirana.com\/fr\/chambres-et-suites\/suite-gym\/#breadcrumb\"},\"inLanguage\":\"fr-FR\",\"potentialAction\":[{\"@type\":\"ReadAction\",\"target\":[\"https:\/\/www.plazatirana.com\/fr\/chambres-et-suites\/suite-gym\/\"]}]},{\"@type\":\"BreadcrumbList\",\"@id\":\"https:\/\/www.plazatirana.com\/fr\/chambres-et-suites\/suite-gym\/#breadcrumb\",\"itemListElement\":[{\"@type\":\"ListItem\",\"position\":1,\"name\":\"Home\",\"item\":\"https:\/\/www.plazatirana.com\/fr\/\"},{\"@type\":\"ListItem\",\"position\":2,\"name\":\"Chambres et Suites\",\"item\":\"https:\/\/www.plazatirana.com\/fr\/chambres-et-suites\/\"},{\"@type\":\"ListItem\",\"position\":3,\"name\":\"Suite Gym\"}]},{\"@type\":\"WebSite\",\"@id\":\"https:\/\/www.plazatirana.com\/fr\/#website\",\"url\":\"https:\/\/www.plazatirana.com\/fr\/\",\"name\":\"Maritim Hotel Plaza Tirana\",\"description\":\"Just another ms.decms.eu site\",\"publisher\":{\"@id\":\"https:\/\/www.plazatirana.com\/fr\/#organization\"},\"potentialAction\":[{\"@type\":\"SearchAction\",\"target\":{\"@type\":\"EntryPoint\",\"urlTemplate\":\"https:\/\/www.plazatirana.com\/fr\/?s={search_term_string}\"},\"query-input\":{\"@type\":\"PropertyValueSpecification\",\"valueRequired\":true,\"valueName\":\"search_term_string\"}}],\"inLanguage\":\"fr-FR\"},{\"@type\":\"Organization\",\"@id\":\"https:\/\/www.plazatirana.com\/fr\/#organization\",\"name\":\"Maritim Hotel Plaza Tirana\",\"url\":\"https:\/\/www.plazatirana.com\/fr\/\",\"logo\":{\"@type\":\"ImageObject\",\"inLanguage\":\"fr-FR\",\"@id\":\"https:\/\/www.plazatirana.com\/fr\/#\/schema\/logo\/image\/\",\"url\":\"https:\/\/www.plazatirana.com\/wp-content\/uploads\/sites\/378\/2021\/11\/Maritim-Hotel-Plaza-Tirana-Logo.png\",\"contentUrl\":\"https:\/\/www.plazatirana.com\/wp-content\/uploads\/sites\/378\/2021\/11\/Maritim-Hotel-Plaza-Tirana-Logo.png\",\"width\":300,\"height\":224,\"caption\":\"Maritim Hotel Plaza Tirana\"},\"image\":{\"@id\":\"https:\/\/www.plazatirana.com\/fr\/#\/schema\/logo\/image\/\"}}]}<\/script>\n<!-- \/ Yoast SEO plugin. -->","yoast_head_json":{"title":"Suite Gym &#8212; Maritim Hotel Plaza Tirana &#8212;","description":"Une nouveaut\u00e9 parmi les suites de l\u2019h\u00f4tel, vous fera b\u00e9n\u00e9ficier d\u2019une exp\u00e9rience de relaxation unique. Conservez un style de vie \u00e9quilibr\u00e9 tout en profitant de votre salle de fitness avec les tous derniers \u00e9quipements de Technogym.","robots":{"index":"index","follow":"follow","max-snippet":"max-snippet:-1","max-image-preview":"max-image-preview:large","max-video-preview":"max-video-preview:-1"},"canonical":"https:\/\/www.plazatirana.com\/fr\/chambres-et-suites\/suite-gym\/","og_locale":"fr_FR","og_type":"article","og_title":"Suite Gym &#8212; Maritim Hotel Plaza Tirana &#8212;","og_description":"Une nouveaut\u00e9 parmi les suites de l\u2019h\u00f4tel, vous fera b\u00e9n\u00e9ficier d\u2019une exp\u00e9rience de relaxation unique. Conservez un style de vie \u00e9quilibr\u00e9 tout en profitant de votre salle de fitness avec les tous derniers \u00e9quipements de Technogym.","og_url":"https:\/\/www.plazatirana.com\/fr\/chambres-et-suites\/suite-gym\/","og_site_name":"Maritim Hotel Plaza Tirana","article_modified_time":"2021-11-26T19:24:25+00:00","twitter_card":"summary_large_image","schema":{"@context":"https:\/\/schema.org","@graph":[{"@type":"WebPage","@id":"https:\/\/www.plazatirana.com\/fr\/chambres-et-suites\/suite-gym\/","url":"https:\/\/www.plazatirana.com\/fr\/chambres-et-suites\/suite-gym\/","name":"Suite Gym &#8212; Maritim Hotel Plaza Tirana &#8212;","isPartOf":{"@id":"https:\/\/www.plazatirana.com\/fr\/#website"},"datePublished":"2021-11-26T16:12:37+00:00","dateModified":"2021-11-26T19:24:25+00:00","description":"Une nouveaut\u00e9 parmi les suites de l\u2019h\u00f4tel, vous fera b\u00e9n\u00e9ficier d\u2019une exp\u00e9rience de relaxation unique. Conservez un style de vie \u00e9quilibr\u00e9 tout en profitant de votre salle de fitness avec les tous derniers \u00e9quipements de Technogym.","breadcrumb":{"@id":"https:\/\/www.plazatirana.com\/fr\/chambres-et-suites\/suite-gym\/#breadcrumb"},"inLanguage":"fr-FR","potentialAction":[{"@type":"ReadAction","target":["https:\/\/www.plazatirana.com\/fr\/chambres-et-suites\/suite-gym\/"]}]},{"@type":"BreadcrumbList","@id":"https:\/\/www.plazatirana.com\/fr\/chambres-et-suites\/suite-gym\/#breadcrumb","itemListElement":[{"@type":"ListItem","position":1,"name":"Home","item":"https:\/\/www.plazatirana.com\/fr\/"},{"@type":"ListItem","position":2,"name":"Chambres et Suites","item":"https:\/\/www.plazatirana.com\/fr\/chambres-et-suites\/"},{"@type":"ListItem","position":3,"name":"Suite Gym"}]},{"@type":"WebSite","@id":"https:\/\/www.plazatirana.com\/fr\/#website","url":"https:\/\/www.plazatirana.com\/fr\/","name":"Maritim Hotel Plaza Tirana","description":"Just another ms.decms.eu site","publisher":{"@id":"https:\/\/www.plazatirana.com\/fr\/#organization"},"potentialAction":[{"@type":"SearchAction","target":{"@type":"EntryPoint","urlTemplate":"https:\/\/www.plazatirana.com\/fr\/?s={search_term_string}"},"query-input":{"@type":"PropertyValueSpecification","valueRequired":true,"valueName":"search_term_string"}}],"inLanguage":"fr-FR"},{"@type":"Organization","@id":"https:\/\/www.plazatirana.com\/fr\/#organization","name":"Maritim Hotel Plaza Tirana","url":"https:\/\/www.plazatirana.com\/fr\/","logo":{"@type":"ImageObject","inLanguage":"fr-FR","@id":"https:\/\/www.plazatirana.com\/fr\/#\/schema\/logo\/image\/","url":"https:\/\/www.plazatirana.com\/wp-content\/uploads\/sites\/378\/2021\/11\/Maritim-Hotel-Plaza-Tirana-Logo.png","contentUrl":"https:\/\/www.plazatirana.com\/wp-content\/uploads\/sites\/378\/2021\/11\/Maritim-Hotel-Plaza-Tirana-Logo.png","width":300,"height":224,"caption":"Maritim Hotel Plaza Tirana"},"image":{"@id":"https:\/\/www.plazatirana.com\/fr\/#\/schema\/logo\/image\/"}}]}},"acf":[],"_links":{"self":[{"href":"https:\/\/www.plazatirana.com\/fr\/wp-json\/wp\/v2\/pages\/387","targetHints":{"allow":["GET"]}}],"collection":[{"href":"https:\/\/www.plazatirana.com\/fr\/wp-json\/wp\/v2\/pages"}],"about":[{"href":"https:\/\/www.plazatirana.com\/fr\/wp-json\/wp\/v2\/types\/page"}],"author":[{"embeddable":true,"href":"https:\/\/www.plazatirana.com\/fr\/wp-json\/wp\/v2\/users\/7"}],"replies":[{"embeddable":true,"href":"https:\/\/www.plazatirana.com\/fr\/wp-json\/wp\/v2\/comments?post=387"}],"version-history":[{"count":0,"href":"https:\/\/www.plazatirana.com\/fr\/wp-json\/wp\/v2\/pages\/387\/revisions"}],"up":[{"embeddable":true,"href":"https:\/\/www.plazatirana.com\/fr\/wp-json\/wp\/v2\/pages\/96"}],"wp:attachment":[{"href":"https:\/\/www.plazatirana.com\/fr\/wp-json\/wp\/v2\/media?parent=387"}],"curies":[{"name":"wp","href":"https:\/\/api.w.org\/{rel}","templated":true}]}}