{"id":179,"date":"2021-11-25T18:37:51","date_gmt":"2021-11-25T18:37:51","guid":{"rendered":"https:\/\/plaza-tirana.ms.decms.eu\/chambres-et-suites\/suites\/"},"modified":"2021-11-26T10:48:09","modified_gmt":"2021-11-26T10:48:09","slug":"suites","status":"publish","type":"page","link":"https:\/\/www.plazatirana.com\/fr\/chambres-et-suites\/suites\/","title":{"rendered":"Suites"},"content":{"rendered":"<p>Luxueuses, raffin\u00e9es et \u00e9l\u00e9gantes, les suites sont compos\u00e9es d\u2019un salon et d\u2019une chambre s\u00e9par\u00e9s, agenc\u00e9es de tel sorte que vous puissiez vous d\u00e9tendre tout en admirant la vue panoramique de la ville. Pour ceux qui souhaitent travailler, un grand espace de travail est disponible avec une machine \u00e0 caf\u00e9 Nespresso, des fauteuils confortables et un lit \u00e0 grande taille.<\/p>\n","protected":false},"excerpt":{"rendered":"<p>Luxueuses, raffin\u00e9es et \u00e9l\u00e9gantes, les suites sont compos\u00e9es d\u2019un salon et d\u2019une chambre s\u00e9par\u00e9s, agenc\u00e9es de tel sorte que vous puissiez vous d\u00e9tendre tout en admirant la vue panoramique de la ville. Pour ceux qui souhaitent travailler, un grand espace de travail est disponible avec une machine \u00e0 caf\u00e9 Nespresso, des fauteuils confortables et un [&hellip;]<\/p>\n","protected":false},"author":7,"featured_media":0,"parent":96,"menu_order":4,"comment_status":"closed","ping_status":"closed","template":"template-single-room.php","meta":{"footnotes":""},"class_list":["post-179","page","type-page","status-publish","hentry"],"yoast_head":"<!-- This site is optimized with the Yoast SEO plugin v26.9 - https:\/\/yoast.com\/product\/yoast-seo-wordpress\/ -->\n<title>Suites &#8212; Maritim Hotel Plaza Tirana &#8212;<\/title>\n<meta name=\"description\" content=\"Luxueuses, raffin\u00e9es et \u00e9l\u00e9gantes, les suites sont compos\u00e9es d\u2019un salon et d\u2019une chambre s\u00e9par\u00e9s, agenc\u00e9es de tel sorte que vous puissiez vous d\u00e9tendre tout en admirant la vue panoramique de la ville. Pour ceux qui souhaitent travailler, un grand espace de travail est disponible avec une machine \u00e0 caf\u00e9 Nespresso, des fauteuils confortables et un lit \u00e0 grande taille.\" \/>\n<meta name=\"robots\" content=\"index, follow, max-snippet:-1, max-image-preview:large, max-video-preview:-1\" \/>\n<link rel=\"canonical\" href=\"https:\/\/www.plazatirana.com\/fr\/chambres-et-suites\/suites\/\" \/>\n<meta property=\"og:locale\" content=\"fr_FR\" \/>\n<meta property=\"og:type\" content=\"article\" \/>\n<meta property=\"og:title\" content=\"Suites &#8212; Maritim Hotel Plaza Tirana &#8212;\" \/>\n<meta property=\"og:description\" content=\"Luxueuses, raffin\u00e9es et \u00e9l\u00e9gantes, les suites sont compos\u00e9es d\u2019un salon et d\u2019une chambre s\u00e9par\u00e9s, agenc\u00e9es de tel sorte que vous puissiez vous d\u00e9tendre tout en admirant la vue panoramique de la ville. Pour ceux qui souhaitent travailler, un grand espace de travail est disponible avec une machine \u00e0 caf\u00e9 Nespresso, des fauteuils confortables et un lit \u00e0 grande taille.\" \/>\n<meta property=\"og:url\" content=\"https:\/\/www.plazatirana.com\/fr\/chambres-et-suites\/suites\/\" \/>\n<meta property=\"og:site_name\" content=\"Maritim Hotel Plaza Tirana\" \/>\n<meta property=\"article:modified_time\" content=\"2021-11-26T10:48:09+00:00\" \/>\n<meta name=\"twitter:card\" content=\"summary_large_image\" \/>\n<script type=\"application\/ld+json\" class=\"yoast-schema-graph\">{\"@context\":\"https:\/\/schema.org\",\"@graph\":[{\"@type\":\"WebPage\",\"@id\":\"https:\/\/www.plazatirana.com\/fr\/chambres-et-suites\/suites\/\",\"url\":\"https:\/\/www.plazatirana.com\/fr\/chambres-et-suites\/suites\/\",\"name\":\"Suites &#8212; Maritim Hotel Plaza Tirana &#8212;\",\"isPartOf\":{\"@id\":\"https:\/\/www.plazatirana.com\/fr\/#website\"},\"datePublished\":\"2021-11-25T18:37:51+00:00\",\"dateModified\":\"2021-11-26T10:48:09+00:00\",\"description\":\"Luxueuses, raffin\u00e9es et \u00e9l\u00e9gantes, les suites sont compos\u00e9es d\u2019un salon et d\u2019une chambre s\u00e9par\u00e9s, agenc\u00e9es de tel sorte que vous puissiez vous d\u00e9tendre tout en admirant la vue panoramique de la ville. Pour ceux qui souhaitent travailler, un grand espace de travail est disponible avec une machine \u00e0 caf\u00e9 Nespresso, des fauteuils confortables et un lit \u00e0 grande taille.\",\"breadcrumb\":{\"@id\":\"https:\/\/www.plazatirana.com\/fr\/chambres-et-suites\/suites\/#breadcrumb\"},\"inLanguage\":\"fr-FR\",\"potentialAction\":[{\"@type\":\"ReadAction\",\"target\":[\"https:\/\/www.plazatirana.com\/fr\/chambres-et-suites\/suites\/\"]}]},{\"@type\":\"BreadcrumbList\",\"@id\":\"https:\/\/www.plazatirana.com\/fr\/chambres-et-suites\/suites\/#breadcrumb\",\"itemListElement\":[{\"@type\":\"ListItem\",\"position\":1,\"name\":\"Home\",\"item\":\"https:\/\/www.plazatirana.com\/fr\/\"},{\"@type\":\"ListItem\",\"position\":2,\"name\":\"Chambres et Suites\",\"item\":\"https:\/\/www.plazatirana.com\/fr\/chambres-et-suites\/\"},{\"@type\":\"ListItem\",\"position\":3,\"name\":\"Suites\"}]},{\"@type\":\"WebSite\",\"@id\":\"https:\/\/www.plazatirana.com\/fr\/#website\",\"url\":\"https:\/\/www.plazatirana.com\/fr\/\",\"name\":\"Maritim Hotel Plaza Tirana\",\"description\":\"Just another ms.decms.eu site\",\"publisher\":{\"@id\":\"https:\/\/www.plazatirana.com\/fr\/#organization\"},\"potentialAction\":[{\"@type\":\"SearchAction\",\"target\":{\"@type\":\"EntryPoint\",\"urlTemplate\":\"https:\/\/www.plazatirana.com\/fr\/?s={search_term_string}\"},\"query-input\":{\"@type\":\"PropertyValueSpecification\",\"valueRequired\":true,\"valueName\":\"search_term_string\"}}],\"inLanguage\":\"fr-FR\"},{\"@type\":\"Organization\",\"@id\":\"https:\/\/www.plazatirana.com\/fr\/#organization\",\"name\":\"Maritim Hotel Plaza Tirana\",\"url\":\"https:\/\/www.plazatirana.com\/fr\/\",\"logo\":{\"@type\":\"ImageObject\",\"inLanguage\":\"fr-FR\",\"@id\":\"https:\/\/www.plazatirana.com\/fr\/#\/schema\/logo\/image\/\",\"url\":\"https:\/\/www.plazatirana.com\/wp-content\/uploads\/sites\/378\/2021\/11\/Maritim-Hotel-Plaza-Tirana-Logo.png\",\"contentUrl\":\"https:\/\/www.plazatirana.com\/wp-content\/uploads\/sites\/378\/2021\/11\/Maritim-Hotel-Plaza-Tirana-Logo.png\",\"width\":300,\"height\":224,\"caption\":\"Maritim Hotel Plaza Tirana\"},\"image\":{\"@id\":\"https:\/\/www.plazatirana.com\/fr\/#\/schema\/logo\/image\/\"}}]}<\/script>\n<!-- \/ Yoast SEO plugin. -->","yoast_head_json":{"title":"Suites &#8212; Maritim Hotel Plaza Tirana &#8212;","description":"Luxueuses, raffin\u00e9es et \u00e9l\u00e9gantes, les suites sont compos\u00e9es d\u2019un salon et d\u2019une chambre s\u00e9par\u00e9s, agenc\u00e9es de tel sorte que vous puissiez vous d\u00e9tendre tout en admirant la vue panoramique de la ville. Pour ceux qui souhaitent travailler, un grand espace de travail est disponible avec une machine \u00e0 caf\u00e9 Nespresso, des fauteuils confortables et un lit \u00e0 grande taille.","robots":{"index":"index","follow":"follow","max-snippet":"max-snippet:-1","max-image-preview":"max-image-preview:large","max-video-preview":"max-video-preview:-1"},"canonical":"https:\/\/www.plazatirana.com\/fr\/chambres-et-suites\/suites\/","og_locale":"fr_FR","og_type":"article","og_title":"Suites &#8212; Maritim Hotel Plaza Tirana &#8212;","og_description":"Luxueuses, raffin\u00e9es et \u00e9l\u00e9gantes, les suites sont compos\u00e9es d\u2019un salon et d\u2019une chambre s\u00e9par\u00e9s, agenc\u00e9es de tel sorte que vous puissiez vous d\u00e9tendre tout en admirant la vue panoramique de la ville. Pour ceux qui souhaitent travailler, un grand espace de travail est disponible avec une machine \u00e0 caf\u00e9 Nespresso, des fauteuils confortables et un lit \u00e0 grande taille.","og_url":"https:\/\/www.plazatirana.com\/fr\/chambres-et-suites\/suites\/","og_site_name":"Maritim Hotel Plaza Tirana","article_modified_time":"2021-11-26T10:48:09+00:00","twitter_card":"summary_large_image","schema":{"@context":"https:\/\/schema.org","@graph":[{"@type":"WebPage","@id":"https:\/\/www.plazatirana.com\/fr\/chambres-et-suites\/suites\/","url":"https:\/\/www.plazatirana.com\/fr\/chambres-et-suites\/suites\/","name":"Suites &#8212; Maritim Hotel Plaza Tirana &#8212;","isPartOf":{"@id":"https:\/\/www.plazatirana.com\/fr\/#website"},"datePublished":"2021-11-25T18:37:51+00:00","dateModified":"2021-11-26T10:48:09+00:00","description":"Luxueuses, raffin\u00e9es et \u00e9l\u00e9gantes, les suites sont compos\u00e9es d\u2019un salon et d\u2019une chambre s\u00e9par\u00e9s, agenc\u00e9es de tel sorte que vous puissiez vous d\u00e9tendre tout en admirant la vue panoramique de la ville. Pour ceux qui souhaitent travailler, un grand espace de travail est disponible avec une machine \u00e0 caf\u00e9 Nespresso, des fauteuils confortables et un lit \u00e0 grande taille.","breadcrumb":{"@id":"https:\/\/www.plazatirana.com\/fr\/chambres-et-suites\/suites\/#breadcrumb"},"inLanguage":"fr-FR","potentialAction":[{"@type":"ReadAction","target":["https:\/\/www.plazatirana.com\/fr\/chambres-et-suites\/suites\/"]}]},{"@type":"BreadcrumbList","@id":"https:\/\/www.plazatirana.com\/fr\/chambres-et-suites\/suites\/#breadcrumb","itemListElement":[{"@type":"ListItem","position":1,"name":"Home","item":"https:\/\/www.plazatirana.com\/fr\/"},{"@type":"ListItem","position":2,"name":"Chambres et Suites","item":"https:\/\/www.plazatirana.com\/fr\/chambres-et-suites\/"},{"@type":"ListItem","position":3,"name":"Suites"}]},{"@type":"WebSite","@id":"https:\/\/www.plazatirana.com\/fr\/#website","url":"https:\/\/www.plazatirana.com\/fr\/","name":"Maritim Hotel Plaza Tirana","description":"Just another ms.decms.eu site","publisher":{"@id":"https:\/\/www.plazatirana.com\/fr\/#organization"},"potentialAction":[{"@type":"SearchAction","target":{"@type":"EntryPoint","urlTemplate":"https:\/\/www.plazatirana.com\/fr\/?s={search_term_string}"},"query-input":{"@type":"PropertyValueSpecification","valueRequired":true,"valueName":"search_term_string"}}],"inLanguage":"fr-FR"},{"@type":"Organization","@id":"https:\/\/www.plazatirana.com\/fr\/#organization","name":"Maritim Hotel Plaza Tirana","url":"https:\/\/www.plazatirana.com\/fr\/","logo":{"@type":"ImageObject","inLanguage":"fr-FR","@id":"https:\/\/www.plazatirana.com\/fr\/#\/schema\/logo\/image\/","url":"https:\/\/www.plazatirana.com\/wp-content\/uploads\/sites\/378\/2021\/11\/Maritim-Hotel-Plaza-Tirana-Logo.png","contentUrl":"https:\/\/www.plazatirana.com\/wp-content\/uploads\/sites\/378\/2021\/11\/Maritim-Hotel-Plaza-Tirana-Logo.png","width":300,"height":224,"caption":"Maritim Hotel Plaza Tirana"},"image":{"@id":"https:\/\/www.plazatirana.com\/fr\/#\/schema\/logo\/image\/"}}]}},"acf":[],"_links":{"self":[{"href":"https:\/\/www.plazatirana.com\/fr\/wp-json\/wp\/v2\/pages\/179","targetHints":{"allow":["GET"]}}],"collection":[{"href":"https:\/\/www.plazatirana.com\/fr\/wp-json\/wp\/v2\/pages"}],"about":[{"href":"https:\/\/www.plazatirana.com\/fr\/wp-json\/wp\/v2\/types\/page"}],"author":[{"embeddable":true,"href":"https:\/\/www.plazatirana.com\/fr\/wp-json\/wp\/v2\/users\/7"}],"replies":[{"embeddable":true,"href":"https:\/\/www.plazatirana.com\/fr\/wp-json\/wp\/v2\/comments?post=179"}],"version-history":[{"count":0,"href":"https:\/\/www.plazatirana.com\/fr\/wp-json\/wp\/v2\/pages\/179\/revisions"}],"up":[{"embeddable":true,"href":"https:\/\/www.plazatirana.com\/fr\/wp-json\/wp\/v2\/pages\/96"}],"wp:attachment":[{"href":"https:\/\/www.plazatirana.com\/fr\/wp-json\/wp\/v2\/media?parent=179"}],"curies":[{"name":"wp","href":"https:\/\/api.w.org\/{rel}","templated":true}]}}