{"id":131,"date":"2021-11-24T16:17:13","date_gmt":"2021-11-24T16:17:13","guid":{"rendered":"https:\/\/plaza-tirana.ms.decms.eu\/chambres-et-suites\/superior-rooms\/"},"modified":"2021-11-24T17:18:26","modified_gmt":"2021-11-24T17:18:26","slug":"chambres-superieures","status":"publish","type":"page","link":"https:\/\/www.plazatirana.com\/fr\/chambres-et-suites\/chambres-superieures\/","title":{"rendered":"Chambres Sup\u00e9rieures"},"content":{"rendered":"<p>A la fois \u00e9l\u00e9gantes mais \u00e9galement sophistiqu\u00e9es et modernes, ces chambres vous donneront tout l\u2019espace dont vous avez besoin pour votre s\u00e9jour \u00e0 Maritim Hotel Plaza Tirana, avec une salle de bain confortable \u00e9quip\u00e9e \u00e0 la fois d\u2019une douche et d\u2019une baignoire.<\/p>\n<p>Les Chambres Sup\u00e9rieures sont tout \u00e0 fait adapt\u00e9es \u00e0 la client\u00e8le d\u2019affaires mais aussi pour les familles qui souhaitent profiter d\u2019une visite inoubliable. Des chambres communicantes sont \u00e9galement disponibles sur demande.<\/p>\n","protected":false},"excerpt":{"rendered":"<p>A la fois \u00e9l\u00e9gantes mais \u00e9galement sophistiqu\u00e9es et modernes, ces chambres vous donneront tout l\u2019espace dont vous avez besoin pour votre s\u00e9jour \u00e0 Maritim Hotel Plaza Tirana, avec une salle de bain confortable \u00e9quip\u00e9e \u00e0 la fois d\u2019une douche et d\u2019une baignoire. Les Chambres Sup\u00e9rieures sont tout \u00e0 fait adapt\u00e9es \u00e0 la client\u00e8le d\u2019affaires mais [&hellip;]<\/p>\n","protected":false},"author":7,"featured_media":0,"parent":96,"menu_order":1,"comment_status":"closed","ping_status":"closed","template":"template-single-room.php","meta":{"footnotes":""},"class_list":["post-131","page","type-page","status-publish","hentry"],"yoast_head":"<!-- This site is optimized with the Yoast SEO plugin v26.9 - https:\/\/yoast.com\/product\/yoast-seo-wordpress\/ -->\n<title>Chambres Sup\u00e9rieures &#8212; Maritim Hotel Plaza Tirana &#8212;<\/title>\n<meta name=\"description\" content=\"A la fois \u00e9l\u00e9gantes mais \u00e9galement sophistiqu\u00e9es et modernes, ces chambres vous donneront tout l\u2019espace dont vous avez besoin pour votre s\u00e9jour \u00e0 Maritim Hotel Plaza Tirana, avec une salle de bain confortable \u00e9quip\u00e9e \u00e0 la fois d\u2019une douche et d\u2019une baignoire.  Les Chambres Sup\u00e9rieures sont tout \u00e0 fait adapt\u00e9es \u00e0 la client\u00e8le d\u2019affaires mais aussi pour les familles qui souhaitent profiter d\u2019une visite inoubliable. Des chambres communicantes sont \u00e9galement disponibles sur demande.\" \/>\n<meta name=\"robots\" content=\"index, follow, max-snippet:-1, max-image-preview:large, max-video-preview:-1\" \/>\n<link rel=\"canonical\" href=\"https:\/\/www.plazatirana.com\/fr\/chambres-et-suites\/chambres-superieures\/\" \/>\n<meta property=\"og:locale\" content=\"fr_FR\" \/>\n<meta property=\"og:type\" content=\"article\" \/>\n<meta property=\"og:title\" content=\"Chambres Sup\u00e9rieures &#8212; Maritim Hotel Plaza Tirana &#8212;\" \/>\n<meta property=\"og:description\" content=\"A la fois \u00e9l\u00e9gantes mais \u00e9galement sophistiqu\u00e9es et modernes, ces chambres vous donneront tout l\u2019espace dont vous avez besoin pour votre s\u00e9jour \u00e0 Maritim Hotel Plaza Tirana, avec une salle de bain confortable \u00e9quip\u00e9e \u00e0 la fois d\u2019une douche et d\u2019une baignoire.  Les Chambres Sup\u00e9rieures sont tout \u00e0 fait adapt\u00e9es \u00e0 la client\u00e8le d\u2019affaires mais aussi pour les familles qui souhaitent profiter d\u2019une visite inoubliable. Des chambres communicantes sont \u00e9galement disponibles sur demande.\" \/>\n<meta property=\"og:url\" content=\"https:\/\/www.plazatirana.com\/fr\/chambres-et-suites\/chambres-superieures\/\" \/>\n<meta property=\"og:site_name\" content=\"Maritim Hotel Plaza Tirana\" \/>\n<meta property=\"article:modified_time\" content=\"2021-11-24T17:18:26+00:00\" \/>\n<meta name=\"twitter:card\" content=\"summary_large_image\" \/>\n<meta name=\"twitter:label1\" content=\"Dur\u00e9e de lecture estim\u00e9e\" \/>\n\t<meta name=\"twitter:data1\" content=\"1 minute\" \/>\n<script type=\"application\/ld+json\" class=\"yoast-schema-graph\">{\"@context\":\"https:\/\/schema.org\",\"@graph\":[{\"@type\":\"WebPage\",\"@id\":\"https:\/\/www.plazatirana.com\/fr\/chambres-et-suites\/chambres-superieures\/\",\"url\":\"https:\/\/www.plazatirana.com\/fr\/chambres-et-suites\/chambres-superieures\/\",\"name\":\"Chambres Sup\u00e9rieures &#8212; Maritim Hotel Plaza Tirana &#8212;\",\"isPartOf\":{\"@id\":\"https:\/\/www.plazatirana.com\/fr\/#website\"},\"datePublished\":\"2021-11-24T16:17:13+00:00\",\"dateModified\":\"2021-11-24T17:18:26+00:00\",\"description\":\"A la fois \u00e9l\u00e9gantes mais \u00e9galement sophistiqu\u00e9es et modernes, ces chambres vous donneront tout l\u2019espace dont vous avez besoin pour votre s\u00e9jour \u00e0 Maritim Hotel Plaza Tirana, avec une salle de bain confortable \u00e9quip\u00e9e \u00e0 la fois d\u2019une douche et d\u2019une baignoire. Les Chambres Sup\u00e9rieures sont tout \u00e0 fait adapt\u00e9es \u00e0 la client\u00e8le d\u2019affaires mais aussi pour les familles qui souhaitent profiter d\u2019une visite inoubliable. Des chambres communicantes sont \u00e9galement disponibles sur demande.\",\"breadcrumb\":{\"@id\":\"https:\/\/www.plazatirana.com\/fr\/chambres-et-suites\/chambres-superieures\/#breadcrumb\"},\"inLanguage\":\"fr-FR\",\"potentialAction\":[{\"@type\":\"ReadAction\",\"target\":[\"https:\/\/www.plazatirana.com\/fr\/chambres-et-suites\/chambres-superieures\/\"]}]},{\"@type\":\"BreadcrumbList\",\"@id\":\"https:\/\/www.plazatirana.com\/fr\/chambres-et-suites\/chambres-superieures\/#breadcrumb\",\"itemListElement\":[{\"@type\":\"ListItem\",\"position\":1,\"name\":\"Home\",\"item\":\"https:\/\/www.plazatirana.com\/fr\/\"},{\"@type\":\"ListItem\",\"position\":2,\"name\":\"Chambres et Suites\",\"item\":\"https:\/\/www.plazatirana.com\/fr\/chambres-et-suites\/\"},{\"@type\":\"ListItem\",\"position\":3,\"name\":\"Chambres Sup\u00e9rieures\"}]},{\"@type\":\"WebSite\",\"@id\":\"https:\/\/www.plazatirana.com\/fr\/#website\",\"url\":\"https:\/\/www.plazatirana.com\/fr\/\",\"name\":\"Maritim Hotel Plaza Tirana\",\"description\":\"Just another ms.decms.eu site\",\"publisher\":{\"@id\":\"https:\/\/www.plazatirana.com\/fr\/#organization\"},\"potentialAction\":[{\"@type\":\"SearchAction\",\"target\":{\"@type\":\"EntryPoint\",\"urlTemplate\":\"https:\/\/www.plazatirana.com\/fr\/?s={search_term_string}\"},\"query-input\":{\"@type\":\"PropertyValueSpecification\",\"valueRequired\":true,\"valueName\":\"search_term_string\"}}],\"inLanguage\":\"fr-FR\"},{\"@type\":\"Organization\",\"@id\":\"https:\/\/www.plazatirana.com\/fr\/#organization\",\"name\":\"Maritim Hotel Plaza Tirana\",\"url\":\"https:\/\/www.plazatirana.com\/fr\/\",\"logo\":{\"@type\":\"ImageObject\",\"inLanguage\":\"fr-FR\",\"@id\":\"https:\/\/www.plazatirana.com\/fr\/#\/schema\/logo\/image\/\",\"url\":\"https:\/\/www.plazatirana.com\/wp-content\/uploads\/sites\/378\/2021\/11\/Maritim-Hotel-Plaza-Tirana-Logo.png\",\"contentUrl\":\"https:\/\/www.plazatirana.com\/wp-content\/uploads\/sites\/378\/2021\/11\/Maritim-Hotel-Plaza-Tirana-Logo.png\",\"width\":300,\"height\":224,\"caption\":\"Maritim Hotel Plaza Tirana\"},\"image\":{\"@id\":\"https:\/\/www.plazatirana.com\/fr\/#\/schema\/logo\/image\/\"}}]}<\/script>\n<!-- \/ Yoast SEO plugin. -->","yoast_head_json":{"title":"Chambres Sup\u00e9rieures &#8212; Maritim Hotel Plaza Tirana &#8212;","description":"A la fois \u00e9l\u00e9gantes mais \u00e9galement sophistiqu\u00e9es et modernes, ces chambres vous donneront tout l\u2019espace dont vous avez besoin pour votre s\u00e9jour \u00e0 Maritim Hotel Plaza Tirana, avec une salle de bain confortable \u00e9quip\u00e9e \u00e0 la fois d\u2019une douche et d\u2019une baignoire.  Les Chambres Sup\u00e9rieures sont tout \u00e0 fait adapt\u00e9es \u00e0 la client\u00e8le d\u2019affaires mais aussi pour les familles qui souhaitent profiter d\u2019une visite inoubliable. Des chambres communicantes sont \u00e9galement disponibles sur demande.","robots":{"index":"index","follow":"follow","max-snippet":"max-snippet:-1","max-image-preview":"max-image-preview:large","max-video-preview":"max-video-preview:-1"},"canonical":"https:\/\/www.plazatirana.com\/fr\/chambres-et-suites\/chambres-superieures\/","og_locale":"fr_FR","og_type":"article","og_title":"Chambres Sup\u00e9rieures &#8212; Maritim Hotel Plaza Tirana &#8212;","og_description":"A la fois \u00e9l\u00e9gantes mais \u00e9galement sophistiqu\u00e9es et modernes, ces chambres vous donneront tout l\u2019espace dont vous avez besoin pour votre s\u00e9jour \u00e0 Maritim Hotel Plaza Tirana, avec une salle de bain confortable \u00e9quip\u00e9e \u00e0 la fois d\u2019une douche et d\u2019une baignoire.  Les Chambres Sup\u00e9rieures sont tout \u00e0 fait adapt\u00e9es \u00e0 la client\u00e8le d\u2019affaires mais aussi pour les familles qui souhaitent profiter d\u2019une visite inoubliable. Des chambres communicantes sont \u00e9galement disponibles sur demande.","og_url":"https:\/\/www.plazatirana.com\/fr\/chambres-et-suites\/chambres-superieures\/","og_site_name":"Maritim Hotel Plaza Tirana","article_modified_time":"2021-11-24T17:18:26+00:00","twitter_card":"summary_large_image","twitter_misc":{"Dur\u00e9e de lecture estim\u00e9e":"1 minute"},"schema":{"@context":"https:\/\/schema.org","@graph":[{"@type":"WebPage","@id":"https:\/\/www.plazatirana.com\/fr\/chambres-et-suites\/chambres-superieures\/","url":"https:\/\/www.plazatirana.com\/fr\/chambres-et-suites\/chambres-superieures\/","name":"Chambres Sup\u00e9rieures &#8212; Maritim Hotel Plaza Tirana &#8212;","isPartOf":{"@id":"https:\/\/www.plazatirana.com\/fr\/#website"},"datePublished":"2021-11-24T16:17:13+00:00","dateModified":"2021-11-24T17:18:26+00:00","description":"A la fois \u00e9l\u00e9gantes mais \u00e9galement sophistiqu\u00e9es et modernes, ces chambres vous donneront tout l\u2019espace dont vous avez besoin pour votre s\u00e9jour \u00e0 Maritim Hotel Plaza Tirana, avec une salle de bain confortable \u00e9quip\u00e9e \u00e0 la fois d\u2019une douche et d\u2019une baignoire. Les Chambres Sup\u00e9rieures sont tout \u00e0 fait adapt\u00e9es \u00e0 la client\u00e8le d\u2019affaires mais aussi pour les familles qui souhaitent profiter d\u2019une visite inoubliable. Des chambres communicantes sont \u00e9galement disponibles sur demande.","breadcrumb":{"@id":"https:\/\/www.plazatirana.com\/fr\/chambres-et-suites\/chambres-superieures\/#breadcrumb"},"inLanguage":"fr-FR","potentialAction":[{"@type":"ReadAction","target":["https:\/\/www.plazatirana.com\/fr\/chambres-et-suites\/chambres-superieures\/"]}]},{"@type":"BreadcrumbList","@id":"https:\/\/www.plazatirana.com\/fr\/chambres-et-suites\/chambres-superieures\/#breadcrumb","itemListElement":[{"@type":"ListItem","position":1,"name":"Home","item":"https:\/\/www.plazatirana.com\/fr\/"},{"@type":"ListItem","position":2,"name":"Chambres et Suites","item":"https:\/\/www.plazatirana.com\/fr\/chambres-et-suites\/"},{"@type":"ListItem","position":3,"name":"Chambres Sup\u00e9rieures"}]},{"@type":"WebSite","@id":"https:\/\/www.plazatirana.com\/fr\/#website","url":"https:\/\/www.plazatirana.com\/fr\/","name":"Maritim Hotel Plaza Tirana","description":"Just another ms.decms.eu site","publisher":{"@id":"https:\/\/www.plazatirana.com\/fr\/#organization"},"potentialAction":[{"@type":"SearchAction","target":{"@type":"EntryPoint","urlTemplate":"https:\/\/www.plazatirana.com\/fr\/?s={search_term_string}"},"query-input":{"@type":"PropertyValueSpecification","valueRequired":true,"valueName":"search_term_string"}}],"inLanguage":"fr-FR"},{"@type":"Organization","@id":"https:\/\/www.plazatirana.com\/fr\/#organization","name":"Maritim Hotel Plaza Tirana","url":"https:\/\/www.plazatirana.com\/fr\/","logo":{"@type":"ImageObject","inLanguage":"fr-FR","@id":"https:\/\/www.plazatirana.com\/fr\/#\/schema\/logo\/image\/","url":"https:\/\/www.plazatirana.com\/wp-content\/uploads\/sites\/378\/2021\/11\/Maritim-Hotel-Plaza-Tirana-Logo.png","contentUrl":"https:\/\/www.plazatirana.com\/wp-content\/uploads\/sites\/378\/2021\/11\/Maritim-Hotel-Plaza-Tirana-Logo.png","width":300,"height":224,"caption":"Maritim Hotel Plaza Tirana"},"image":{"@id":"https:\/\/www.plazatirana.com\/fr\/#\/schema\/logo\/image\/"}}]}},"acf":[],"_links":{"self":[{"href":"https:\/\/www.plazatirana.com\/fr\/wp-json\/wp\/v2\/pages\/131","targetHints":{"allow":["GET"]}}],"collection":[{"href":"https:\/\/www.plazatirana.com\/fr\/wp-json\/wp\/v2\/pages"}],"about":[{"href":"https:\/\/www.plazatirana.com\/fr\/wp-json\/wp\/v2\/types\/page"}],"author":[{"embeddable":true,"href":"https:\/\/www.plazatirana.com\/fr\/wp-json\/wp\/v2\/users\/7"}],"replies":[{"embeddable":true,"href":"https:\/\/www.plazatirana.com\/fr\/wp-json\/wp\/v2\/comments?post=131"}],"version-history":[{"count":0,"href":"https:\/\/www.plazatirana.com\/fr\/wp-json\/wp\/v2\/pages\/131\/revisions"}],"up":[{"embeddable":true,"href":"https:\/\/www.plazatirana.com\/fr\/wp-json\/wp\/v2\/pages\/96"}],"wp:attachment":[{"href":"https:\/\/www.plazatirana.com\/fr\/wp-json\/wp\/v2\/media?parent=131"}],"curies":[{"name":"wp","href":"https:\/\/api.w.org\/{rel}","templated":true}]}}