{"id":119,"date":"2021-11-24T13:27:30","date_gmt":"2021-11-24T13:27:30","guid":{"rendered":"https:\/\/plaza-tirana.ms.decms.eu\/?page_id=119"},"modified":"2021-11-24T17:19:39","modified_gmt":"2021-11-24T17:19:39","slug":"chambres-business","status":"publish","type":"page","link":"https:\/\/www.plazatirana.com\/fr\/chambres-et-suites\/chambres-business\/","title":{"rendered":"Chambres Business"},"content":{"rendered":"<p>Diff\u00e9rentes des chambres Business habituelles, ces chambres modernes, \u00e9l\u00e9gantes et attractives peuvent r\u00e9pondent \u00e0 toutes vos besoins, et sont disponibles avec un grand lit ou lits jumeaux. La chambre id\u00e9ale pour pouvoir s\u2019\u00e9vader apr\u00e8s une dure journ\u00e9e de travail en ville.<\/p>\n","protected":false},"excerpt":{"rendered":"<p>Diff\u00e9rentes des chambres Business habituelles, ces chambres modernes, \u00e9l\u00e9gantes et attractives peuvent r\u00e9pondent \u00e0 toutes vos besoins, et sont disponibles avec un grand lit ou lits jumeaux. La chambre id\u00e9ale pour pouvoir s\u2019\u00e9vader apr\u00e8s une dure journ\u00e9e de travail en ville.<\/p>\n","protected":false},"author":7,"featured_media":0,"parent":96,"menu_order":0,"comment_status":"closed","ping_status":"closed","template":"template-single-room.php","meta":{"footnotes":""},"class_list":["post-119","page","type-page","status-publish","hentry"],"yoast_head":"<!-- This site is optimized with the Yoast SEO plugin v26.9 - https:\/\/yoast.com\/product\/yoast-seo-wordpress\/ -->\n<title>Chambres Business &#8212; Maritim Hotel Plaza Tirana &#8212;<\/title>\n<meta name=\"description\" content=\"Diff\u00e9rentes des chambres Business habituelles, ces chambres modernes, \u00e9l\u00e9gantes et attractives peuvent r\u00e9pondent \u00e0 toutes vos besoins, et sont disponibles avec un grand lit ou lits jumeaux. La chambre id\u00e9ale pour pouvoir s\u2019\u00e9vader apr\u00e8s une dure journ\u00e9e de travail en ville.\" \/>\n<meta name=\"robots\" content=\"index, follow, max-snippet:-1, max-image-preview:large, max-video-preview:-1\" \/>\n<link rel=\"canonical\" href=\"https:\/\/www.plazatirana.com\/fr\/chambres-et-suites\/chambres-business\/\" \/>\n<meta property=\"og:locale\" content=\"fr_FR\" \/>\n<meta property=\"og:type\" content=\"article\" \/>\n<meta property=\"og:title\" content=\"Chambres Business &#8212; Maritim Hotel Plaza Tirana &#8212;\" \/>\n<meta property=\"og:description\" content=\"Diff\u00e9rentes des chambres Business habituelles, ces chambres modernes, \u00e9l\u00e9gantes et attractives peuvent r\u00e9pondent \u00e0 toutes vos besoins, et sont disponibles avec un grand lit ou lits jumeaux. La chambre id\u00e9ale pour pouvoir s\u2019\u00e9vader apr\u00e8s une dure journ\u00e9e de travail en ville.\" \/>\n<meta property=\"og:url\" content=\"https:\/\/www.plazatirana.com\/fr\/chambres-et-suites\/chambres-business\/\" \/>\n<meta property=\"og:site_name\" content=\"Maritim Hotel Plaza Tirana\" \/>\n<meta property=\"article:modified_time\" content=\"2021-11-24T17:19:39+00:00\" \/>\n<meta name=\"twitter:card\" content=\"summary_large_image\" \/>\n<script type=\"application\/ld+json\" class=\"yoast-schema-graph\">{\"@context\":\"https:\/\/schema.org\",\"@graph\":[{\"@type\":\"WebPage\",\"@id\":\"https:\/\/www.plazatirana.com\/fr\/chambres-et-suites\/chambres-business\/\",\"url\":\"https:\/\/www.plazatirana.com\/fr\/chambres-et-suites\/chambres-business\/\",\"name\":\"Chambres Business &#8212; Maritim Hotel Plaza Tirana &#8212;\",\"isPartOf\":{\"@id\":\"https:\/\/www.plazatirana.com\/fr\/#website\"},\"datePublished\":\"2021-11-24T13:27:30+00:00\",\"dateModified\":\"2021-11-24T17:19:39+00:00\",\"description\":\"Diff\u00e9rentes des chambres Business habituelles, ces chambres modernes, \u00e9l\u00e9gantes et attractives peuvent r\u00e9pondent \u00e0 toutes vos besoins, et sont disponibles avec un grand lit ou lits jumeaux. La chambre id\u00e9ale pour pouvoir s\u2019\u00e9vader apr\u00e8s une dure journ\u00e9e de travail en ville.\",\"breadcrumb\":{\"@id\":\"https:\/\/www.plazatirana.com\/fr\/chambres-et-suites\/chambres-business\/#breadcrumb\"},\"inLanguage\":\"fr-FR\",\"potentialAction\":[{\"@type\":\"ReadAction\",\"target\":[\"https:\/\/www.plazatirana.com\/fr\/chambres-et-suites\/chambres-business\/\"]}]},{\"@type\":\"BreadcrumbList\",\"@id\":\"https:\/\/www.plazatirana.com\/fr\/chambres-et-suites\/chambres-business\/#breadcrumb\",\"itemListElement\":[{\"@type\":\"ListItem\",\"position\":1,\"name\":\"Home\",\"item\":\"https:\/\/www.plazatirana.com\/fr\/\"},{\"@type\":\"ListItem\",\"position\":2,\"name\":\"Chambres et Suites\",\"item\":\"https:\/\/www.plazatirana.com\/fr\/chambres-et-suites\/\"},{\"@type\":\"ListItem\",\"position\":3,\"name\":\"Chambres Business\"}]},{\"@type\":\"WebSite\",\"@id\":\"https:\/\/www.plazatirana.com\/fr\/#website\",\"url\":\"https:\/\/www.plazatirana.com\/fr\/\",\"name\":\"Maritim Hotel Plaza Tirana\",\"description\":\"Just another ms.decms.eu site\",\"publisher\":{\"@id\":\"https:\/\/www.plazatirana.com\/fr\/#organization\"},\"potentialAction\":[{\"@type\":\"SearchAction\",\"target\":{\"@type\":\"EntryPoint\",\"urlTemplate\":\"https:\/\/www.plazatirana.com\/fr\/?s={search_term_string}\"},\"query-input\":{\"@type\":\"PropertyValueSpecification\",\"valueRequired\":true,\"valueName\":\"search_term_string\"}}],\"inLanguage\":\"fr-FR\"},{\"@type\":\"Organization\",\"@id\":\"https:\/\/www.plazatirana.com\/fr\/#organization\",\"name\":\"Maritim Hotel Plaza Tirana\",\"url\":\"https:\/\/www.plazatirana.com\/fr\/\",\"logo\":{\"@type\":\"ImageObject\",\"inLanguage\":\"fr-FR\",\"@id\":\"https:\/\/www.plazatirana.com\/fr\/#\/schema\/logo\/image\/\",\"url\":\"https:\/\/www.plazatirana.com\/wp-content\/uploads\/sites\/378\/2021\/11\/Maritim-Hotel-Plaza-Tirana-Logo.png\",\"contentUrl\":\"https:\/\/www.plazatirana.com\/wp-content\/uploads\/sites\/378\/2021\/11\/Maritim-Hotel-Plaza-Tirana-Logo.png\",\"width\":300,\"height\":224,\"caption\":\"Maritim Hotel Plaza Tirana\"},\"image\":{\"@id\":\"https:\/\/www.plazatirana.com\/fr\/#\/schema\/logo\/image\/\"}}]}<\/script>\n<!-- \/ Yoast SEO plugin. -->","yoast_head_json":{"title":"Chambres Business &#8212; Maritim Hotel Plaza Tirana &#8212;","description":"Diff\u00e9rentes des chambres Business habituelles, ces chambres modernes, \u00e9l\u00e9gantes et attractives peuvent r\u00e9pondent \u00e0 toutes vos besoins, et sont disponibles avec un grand lit ou lits jumeaux. La chambre id\u00e9ale pour pouvoir s\u2019\u00e9vader apr\u00e8s une dure journ\u00e9e de travail en ville.","robots":{"index":"index","follow":"follow","max-snippet":"max-snippet:-1","max-image-preview":"max-image-preview:large","max-video-preview":"max-video-preview:-1"},"canonical":"https:\/\/www.plazatirana.com\/fr\/chambres-et-suites\/chambres-business\/","og_locale":"fr_FR","og_type":"article","og_title":"Chambres Business &#8212; Maritim Hotel Plaza Tirana &#8212;","og_description":"Diff\u00e9rentes des chambres Business habituelles, ces chambres modernes, \u00e9l\u00e9gantes et attractives peuvent r\u00e9pondent \u00e0 toutes vos besoins, et sont disponibles avec un grand lit ou lits jumeaux. La chambre id\u00e9ale pour pouvoir s\u2019\u00e9vader apr\u00e8s une dure journ\u00e9e de travail en ville.","og_url":"https:\/\/www.plazatirana.com\/fr\/chambres-et-suites\/chambres-business\/","og_site_name":"Maritim Hotel Plaza Tirana","article_modified_time":"2021-11-24T17:19:39+00:00","twitter_card":"summary_large_image","schema":{"@context":"https:\/\/schema.org","@graph":[{"@type":"WebPage","@id":"https:\/\/www.plazatirana.com\/fr\/chambres-et-suites\/chambres-business\/","url":"https:\/\/www.plazatirana.com\/fr\/chambres-et-suites\/chambres-business\/","name":"Chambres Business &#8212; Maritim Hotel Plaza Tirana &#8212;","isPartOf":{"@id":"https:\/\/www.plazatirana.com\/fr\/#website"},"datePublished":"2021-11-24T13:27:30+00:00","dateModified":"2021-11-24T17:19:39+00:00","description":"Diff\u00e9rentes des chambres Business habituelles, ces chambres modernes, \u00e9l\u00e9gantes et attractives peuvent r\u00e9pondent \u00e0 toutes vos besoins, et sont disponibles avec un grand lit ou lits jumeaux. La chambre id\u00e9ale pour pouvoir s\u2019\u00e9vader apr\u00e8s une dure journ\u00e9e de travail en ville.","breadcrumb":{"@id":"https:\/\/www.plazatirana.com\/fr\/chambres-et-suites\/chambres-business\/#breadcrumb"},"inLanguage":"fr-FR","potentialAction":[{"@type":"ReadAction","target":["https:\/\/www.plazatirana.com\/fr\/chambres-et-suites\/chambres-business\/"]}]},{"@type":"BreadcrumbList","@id":"https:\/\/www.plazatirana.com\/fr\/chambres-et-suites\/chambres-business\/#breadcrumb","itemListElement":[{"@type":"ListItem","position":1,"name":"Home","item":"https:\/\/www.plazatirana.com\/fr\/"},{"@type":"ListItem","position":2,"name":"Chambres et Suites","item":"https:\/\/www.plazatirana.com\/fr\/chambres-et-suites\/"},{"@type":"ListItem","position":3,"name":"Chambres Business"}]},{"@type":"WebSite","@id":"https:\/\/www.plazatirana.com\/fr\/#website","url":"https:\/\/www.plazatirana.com\/fr\/","name":"Maritim Hotel Plaza Tirana","description":"Just another ms.decms.eu site","publisher":{"@id":"https:\/\/www.plazatirana.com\/fr\/#organization"},"potentialAction":[{"@type":"SearchAction","target":{"@type":"EntryPoint","urlTemplate":"https:\/\/www.plazatirana.com\/fr\/?s={search_term_string}"},"query-input":{"@type":"PropertyValueSpecification","valueRequired":true,"valueName":"search_term_string"}}],"inLanguage":"fr-FR"},{"@type":"Organization","@id":"https:\/\/www.plazatirana.com\/fr\/#organization","name":"Maritim Hotel Plaza Tirana","url":"https:\/\/www.plazatirana.com\/fr\/","logo":{"@type":"ImageObject","inLanguage":"fr-FR","@id":"https:\/\/www.plazatirana.com\/fr\/#\/schema\/logo\/image\/","url":"https:\/\/www.plazatirana.com\/wp-content\/uploads\/sites\/378\/2021\/11\/Maritim-Hotel-Plaza-Tirana-Logo.png","contentUrl":"https:\/\/www.plazatirana.com\/wp-content\/uploads\/sites\/378\/2021\/11\/Maritim-Hotel-Plaza-Tirana-Logo.png","width":300,"height":224,"caption":"Maritim Hotel Plaza Tirana"},"image":{"@id":"https:\/\/www.plazatirana.com\/fr\/#\/schema\/logo\/image\/"}}]}},"acf":[],"_links":{"self":[{"href":"https:\/\/www.plazatirana.com\/fr\/wp-json\/wp\/v2\/pages\/119","targetHints":{"allow":["GET"]}}],"collection":[{"href":"https:\/\/www.plazatirana.com\/fr\/wp-json\/wp\/v2\/pages"}],"about":[{"href":"https:\/\/www.plazatirana.com\/fr\/wp-json\/wp\/v2\/types\/page"}],"author":[{"embeddable":true,"href":"https:\/\/www.plazatirana.com\/fr\/wp-json\/wp\/v2\/users\/7"}],"replies":[{"embeddable":true,"href":"https:\/\/www.plazatirana.com\/fr\/wp-json\/wp\/v2\/comments?post=119"}],"version-history":[{"count":0,"href":"https:\/\/www.plazatirana.com\/fr\/wp-json\/wp\/v2\/pages\/119\/revisions"}],"up":[{"embeddable":true,"href":"https:\/\/www.plazatirana.com\/fr\/wp-json\/wp\/v2\/pages\/96"}],"wp:attachment":[{"href":"https:\/\/www.plazatirana.com\/fr\/wp-json\/wp\/v2\/media?parent=119"}],"curies":[{"name":"wp","href":"https:\/\/api.w.org\/{rel}","templated":true}]}}