{"id":930,"date":"2022-01-20T16:05:57","date_gmt":"2022-01-20T16:05:57","guid":{"rendered":"https:\/\/plaza-tirana.ms.decms.eu\/?page_id=930"},"modified":"2022-01-20T16:10:52","modified_gmt":"2022-01-20T16:10:52","slug":"gimnasio","status":"publish","type":"page","link":"https:\/\/www.plazatirana.com\/es\/gimnasio\/","title":{"rendered":"Gimnasio"},"content":{"rendered":"<p>Un espacio completo donde podr\u00e1 disfrutar de una experiencia \u00e9lite de entrenamiento, para frecuentadores casuales o tambi\u00e9n para vosotros que dese\u00e1is <strong>seguir vuestros objetivos<\/strong> donde quiera que est\u00e9is.<\/p>\n<p>Nuestro gimnasio ofrece la <strong>nueva l\u00ednea cardio personal<\/strong> de la marca Technogym y la l\u00ednea Plurima para las m\u00e1quinas de fuerza, con una imagen de la \u00faltima palabra de la tecnolog\u00eda y del ahorro de la energ\u00eda.<\/p>\n<p>Para disfrutar de una experiencia m\u00e1s personalizada pruebe <strong>nuestra sala de bienestar<\/strong> equipada con las herramientas funcionales Technogym ARKE.<\/p>\n","protected":false},"excerpt":{"rendered":"<p>Un espacio completo donde podr\u00e1 disfrutar de una experiencia \u00e9lite de entrenamiento, para frecuentadores casuales o tambi\u00e9n para vosotros que dese\u00e1is seguir vuestros objetivos donde quiera que est\u00e9is. Nuestro gimnasio ofrece la nueva l\u00ednea cardio personal de la marca Technogym y la l\u00ednea Plurima para las m\u00e1quinas de fuerza, con una imagen de la \u00faltima [&hellip;]<\/p>\n","protected":false},"author":7,"featured_media":0,"parent":0,"menu_order":16,"comment_status":"closed","ping_status":"closed","template":"template-default-4.php","meta":{"footnotes":""},"class_list":["post-930","page","type-page","status-publish","hentry"],"yoast_head":"<!-- This site is optimized with the Yoast SEO plugin v26.9 - https:\/\/yoast.com\/product\/yoast-seo-wordpress\/ -->\n<title>Gimnasio &#8212; Maritim Hotel Plaza Tirana &#8212;<\/title>\n<meta name=\"description\" content=\"Un espacio completo donde podr\u00e1 disfrutar de una experiencia \u00e9lite de entrenamiento, para frecuentadores casuales o tambi\u00e9n para vosotros que dese\u00e1is seguir vuestros objetivos donde quiera que est\u00e9is.  Nuestro gimnasio ofrece la nueva l\u00ednea cardio personal de la marca Technogym y la l\u00ednea Plurima para las m\u00e1quinas de fuerza, con una imagen de la \u00faltima palabra de la tecnolog\u00eda y del ahorro de la energ\u00eda.  Para disfrutar de una experiencia m\u00e1s personalizada pruebe nuestra sala de bienestar equipada con las herramientas funcionales Technogym ARKE..\" \/>\n<meta name=\"robots\" content=\"index, follow, max-snippet:-1, max-image-preview:large, max-video-preview:-1\" \/>\n<link rel=\"canonical\" href=\"https:\/\/www.plazatirana.com\/es\/gimnasio\/\" \/>\n<meta property=\"og:locale\" content=\"es_ES\" \/>\n<meta property=\"og:type\" content=\"article\" \/>\n<meta property=\"og:title\" content=\"Gimnasio &#8212; Maritim Hotel Plaza Tirana &#8212;\" \/>\n<meta property=\"og:description\" content=\"Un espacio completo donde podr\u00e1 disfrutar de una experiencia \u00e9lite de entrenamiento, para frecuentadores casuales o tambi\u00e9n para vosotros que dese\u00e1is seguir vuestros objetivos donde quiera que est\u00e9is.  Nuestro gimnasio ofrece la nueva l\u00ednea cardio personal de la marca Technogym y la l\u00ednea Plurima para las m\u00e1quinas de fuerza, con una imagen de la \u00faltima palabra de la tecnolog\u00eda y del ahorro de la energ\u00eda.  Para disfrutar de una experiencia m\u00e1s personalizada pruebe nuestra sala de bienestar equipada con las herramientas funcionales Technogym ARKE..\" \/>\n<meta property=\"og:url\" content=\"https:\/\/www.plazatirana.com\/es\/gimnasio\/\" \/>\n<meta property=\"og:site_name\" content=\"Maritim Hotel Plaza Tirana\" \/>\n<meta property=\"article:modified_time\" content=\"2022-01-20T16:10:52+00:00\" \/>\n<meta name=\"twitter:card\" content=\"summary_large_image\" \/>\n<meta name=\"twitter:label1\" content=\"Tiempo de lectura\" \/>\n\t<meta name=\"twitter:data1\" content=\"1 minuto\" \/>\n<script type=\"application\/ld+json\" class=\"yoast-schema-graph\">{\"@context\":\"https:\/\/schema.org\",\"@graph\":[{\"@type\":\"WebPage\",\"@id\":\"https:\/\/www.plazatirana.com\/es\/gimnasio\/\",\"url\":\"https:\/\/www.plazatirana.com\/es\/gimnasio\/\",\"name\":\"Gimnasio &#8212; Maritim Hotel Plaza Tirana &#8212;\",\"isPartOf\":{\"@id\":\"https:\/\/www.plazatirana.com\/es\/#website\"},\"datePublished\":\"2022-01-20T16:05:57+00:00\",\"dateModified\":\"2022-01-20T16:10:52+00:00\",\"description\":\"Un espacio completo donde podr\u00e1 disfrutar de una experiencia \u00e9lite de entrenamiento, para frecuentadores casuales o tambi\u00e9n para vosotros que dese\u00e1is seguir vuestros objetivos donde quiera que est\u00e9is. Nuestro gimnasio ofrece la nueva l\u00ednea cardio personal de la marca Technogym y la l\u00ednea Plurima para las m\u00e1quinas de fuerza, con una imagen de la \u00faltima palabra de la tecnolog\u00eda y del ahorro de la energ\u00eda. Para disfrutar de una experiencia m\u00e1s personalizada pruebe nuestra sala de bienestar equipada con las herramientas funcionales Technogym ARKE..\",\"breadcrumb\":{\"@id\":\"https:\/\/www.plazatirana.com\/es\/gimnasio\/#breadcrumb\"},\"inLanguage\":\"es\",\"potentialAction\":[{\"@type\":\"ReadAction\",\"target\":[\"https:\/\/www.plazatirana.com\/es\/gimnasio\/\"]}]},{\"@type\":\"BreadcrumbList\",\"@id\":\"https:\/\/www.plazatirana.com\/es\/gimnasio\/#breadcrumb\",\"itemListElement\":[{\"@type\":\"ListItem\",\"position\":1,\"name\":\"Home\",\"item\":\"https:\/\/www.plazatirana.com\/es\/\"},{\"@type\":\"ListItem\",\"position\":2,\"name\":\"Gimnasio\"}]},{\"@type\":\"WebSite\",\"@id\":\"https:\/\/www.plazatirana.com\/es\/#website\",\"url\":\"https:\/\/www.plazatirana.com\/es\/\",\"name\":\"Maritim Hotel Plaza Tirana\",\"description\":\"Just another ms.decms.eu site\",\"publisher\":{\"@id\":\"https:\/\/www.plazatirana.com\/es\/#organization\"},\"potentialAction\":[{\"@type\":\"SearchAction\",\"target\":{\"@type\":\"EntryPoint\",\"urlTemplate\":\"https:\/\/www.plazatirana.com\/es\/?s={search_term_string}\"},\"query-input\":{\"@type\":\"PropertyValueSpecification\",\"valueRequired\":true,\"valueName\":\"search_term_string\"}}],\"inLanguage\":\"es\"},{\"@type\":\"Organization\",\"@id\":\"https:\/\/www.plazatirana.com\/es\/#organization\",\"name\":\"Maritim Hotel Plaza Tirana\",\"url\":\"https:\/\/www.plazatirana.com\/es\/\",\"logo\":{\"@type\":\"ImageObject\",\"inLanguage\":\"es\",\"@id\":\"https:\/\/www.plazatirana.com\/es\/#\/schema\/logo\/image\/\",\"url\":\"https:\/\/www.plazatirana.com\/wp-content\/uploads\/sites\/378\/2021\/11\/Maritim-Hotel-Plaza-Tirana-Logo.png\",\"contentUrl\":\"https:\/\/www.plazatirana.com\/wp-content\/uploads\/sites\/378\/2021\/11\/Maritim-Hotel-Plaza-Tirana-Logo.png\",\"width\":300,\"height\":224,\"caption\":\"Maritim Hotel Plaza Tirana\"},\"image\":{\"@id\":\"https:\/\/www.plazatirana.com\/es\/#\/schema\/logo\/image\/\"}}]}<\/script>\n<!-- \/ Yoast SEO plugin. -->","yoast_head_json":{"title":"Gimnasio &#8212; Maritim Hotel Plaza Tirana &#8212;","description":"Un espacio completo donde podr\u00e1 disfrutar de una experiencia \u00e9lite de entrenamiento, para frecuentadores casuales o tambi\u00e9n para vosotros que dese\u00e1is seguir vuestros objetivos donde quiera que est\u00e9is.  Nuestro gimnasio ofrece la nueva l\u00ednea cardio personal de la marca Technogym y la l\u00ednea Plurima para las m\u00e1quinas de fuerza, con una imagen de la \u00faltima palabra de la tecnolog\u00eda y del ahorro de la energ\u00eda.  Para disfrutar de una experiencia m\u00e1s personalizada pruebe nuestra sala de bienestar equipada con las herramientas funcionales Technogym ARKE..","robots":{"index":"index","follow":"follow","max-snippet":"max-snippet:-1","max-image-preview":"max-image-preview:large","max-video-preview":"max-video-preview:-1"},"canonical":"https:\/\/www.plazatirana.com\/es\/gimnasio\/","og_locale":"es_ES","og_type":"article","og_title":"Gimnasio &#8212; Maritim Hotel Plaza Tirana &#8212;","og_description":"Un espacio completo donde podr\u00e1 disfrutar de una experiencia \u00e9lite de entrenamiento, para frecuentadores casuales o tambi\u00e9n para vosotros que dese\u00e1is seguir vuestros objetivos donde quiera que est\u00e9is.  Nuestro gimnasio ofrece la nueva l\u00ednea cardio personal de la marca Technogym y la l\u00ednea Plurima para las m\u00e1quinas de fuerza, con una imagen de la \u00faltima palabra de la tecnolog\u00eda y del ahorro de la energ\u00eda.  Para disfrutar de una experiencia m\u00e1s personalizada pruebe nuestra sala de bienestar equipada con las herramientas funcionales Technogym ARKE..","og_url":"https:\/\/www.plazatirana.com\/es\/gimnasio\/","og_site_name":"Maritim Hotel Plaza Tirana","article_modified_time":"2022-01-20T16:10:52+00:00","twitter_card":"summary_large_image","twitter_misc":{"Tiempo de lectura":"1 minuto"},"schema":{"@context":"https:\/\/schema.org","@graph":[{"@type":"WebPage","@id":"https:\/\/www.plazatirana.com\/es\/gimnasio\/","url":"https:\/\/www.plazatirana.com\/es\/gimnasio\/","name":"Gimnasio &#8212; Maritim Hotel Plaza Tirana &#8212;","isPartOf":{"@id":"https:\/\/www.plazatirana.com\/es\/#website"},"datePublished":"2022-01-20T16:05:57+00:00","dateModified":"2022-01-20T16:10:52+00:00","description":"Un espacio completo donde podr\u00e1 disfrutar de una experiencia \u00e9lite de entrenamiento, para frecuentadores casuales o tambi\u00e9n para vosotros que dese\u00e1is seguir vuestros objetivos donde quiera que est\u00e9is. Nuestro gimnasio ofrece la nueva l\u00ednea cardio personal de la marca Technogym y la l\u00ednea Plurima para las m\u00e1quinas de fuerza, con una imagen de la \u00faltima palabra de la tecnolog\u00eda y del ahorro de la energ\u00eda. Para disfrutar de una experiencia m\u00e1s personalizada pruebe nuestra sala de bienestar equipada con las herramientas funcionales Technogym ARKE..","breadcrumb":{"@id":"https:\/\/www.plazatirana.com\/es\/gimnasio\/#breadcrumb"},"inLanguage":"es","potentialAction":[{"@type":"ReadAction","target":["https:\/\/www.plazatirana.com\/es\/gimnasio\/"]}]},{"@type":"BreadcrumbList","@id":"https:\/\/www.plazatirana.com\/es\/gimnasio\/#breadcrumb","itemListElement":[{"@type":"ListItem","position":1,"name":"Home","item":"https:\/\/www.plazatirana.com\/es\/"},{"@type":"ListItem","position":2,"name":"Gimnasio"}]},{"@type":"WebSite","@id":"https:\/\/www.plazatirana.com\/es\/#website","url":"https:\/\/www.plazatirana.com\/es\/","name":"Maritim Hotel Plaza Tirana","description":"Just another ms.decms.eu site","publisher":{"@id":"https:\/\/www.plazatirana.com\/es\/#organization"},"potentialAction":[{"@type":"SearchAction","target":{"@type":"EntryPoint","urlTemplate":"https:\/\/www.plazatirana.com\/es\/?s={search_term_string}"},"query-input":{"@type":"PropertyValueSpecification","valueRequired":true,"valueName":"search_term_string"}}],"inLanguage":"es"},{"@type":"Organization","@id":"https:\/\/www.plazatirana.com\/es\/#organization","name":"Maritim Hotel Plaza Tirana","url":"https:\/\/www.plazatirana.com\/es\/","logo":{"@type":"ImageObject","inLanguage":"es","@id":"https:\/\/www.plazatirana.com\/es\/#\/schema\/logo\/image\/","url":"https:\/\/www.plazatirana.com\/wp-content\/uploads\/sites\/378\/2021\/11\/Maritim-Hotel-Plaza-Tirana-Logo.png","contentUrl":"https:\/\/www.plazatirana.com\/wp-content\/uploads\/sites\/378\/2021\/11\/Maritim-Hotel-Plaza-Tirana-Logo.png","width":300,"height":224,"caption":"Maritim Hotel Plaza Tirana"},"image":{"@id":"https:\/\/www.plazatirana.com\/es\/#\/schema\/logo\/image\/"}}]}},"acf":[],"_links":{"self":[{"href":"https:\/\/www.plazatirana.com\/es\/wp-json\/wp\/v2\/pages\/930","targetHints":{"allow":["GET"]}}],"collection":[{"href":"https:\/\/www.plazatirana.com\/es\/wp-json\/wp\/v2\/pages"}],"about":[{"href":"https:\/\/www.plazatirana.com\/es\/wp-json\/wp\/v2\/types\/page"}],"author":[{"embeddable":true,"href":"https:\/\/www.plazatirana.com\/es\/wp-json\/wp\/v2\/users\/7"}],"replies":[{"embeddable":true,"href":"https:\/\/www.plazatirana.com\/es\/wp-json\/wp\/v2\/comments?post=930"}],"version-history":[{"count":0,"href":"https:\/\/www.plazatirana.com\/es\/wp-json\/wp\/v2\/pages\/930\/revisions"}],"wp:attachment":[{"href":"https:\/\/www.plazatirana.com\/es\/wp-json\/wp\/v2\/media?parent=930"}],"curies":[{"name":"wp","href":"https:\/\/api.w.org\/{rel}","templated":true}]}}