{"id":460,"date":"2021-11-30T11:41:31","date_gmt":"2021-11-30T11:41:31","guid":{"rendered":"https:\/\/plaza-tirana.ms.decms.eu\/?page_id=460"},"modified":"2021-11-30T11:41:31","modified_gmt":"2021-11-30T11:41:31","slug":"salas-de-conferencias","status":"publish","type":"page","link":"https:\/\/www.plazatirana.com\/es\/salas-de-conferencias\/","title":{"rendered":"Salas De Conferencias"},"content":{"rendered":"<p>Maritim Hotel Plaza Tirana ofrece un espacio de 760 m2 para conferencias, reuniones o eventos hasta 2200 personas. <strong>Todas las salas est\u00e1n equipadas con la \u00faltima tecnolog\u00eda<\/strong>, as\u00ed como la conexi\u00f3n inal\u00e1mbrica. El personal profesional del banquete se distingue por la realizaci\u00f3n de men\u00fas especiales, decoraci\u00f3n y organizaci\u00f3n de eventos, con \u00e9nfasis en la originalidad, calidad y un servicio incomparable.<\/p>\n<p>Empezando desde las peque\u00f1as reuniones hasta las veladas extravagantes, <strong>Maritim Hotel Plaza Tirana es el destino m\u00e1s especial<\/strong> para eventos de todo tipo.<\/p>\n","protected":false},"excerpt":{"rendered":"<p>Maritim Hotel Plaza Tirana ofrece un espacio de 760 m2 para conferencias, reuniones o eventos hasta 2200 personas. Todas las salas est\u00e1n equipadas con la \u00faltima tecnolog\u00eda, as\u00ed como la conexi\u00f3n inal\u00e1mbrica. El personal profesional del banquete se distingue por la realizaci\u00f3n de men\u00fas especiales, decoraci\u00f3n y organizaci\u00f3n de eventos, con \u00e9nfasis en la originalidad, [&hellip;]<\/p>\n","protected":false},"author":7,"featured_media":0,"parent":0,"menu_order":35,"comment_status":"closed","ping_status":"closed","template":"","meta":{"footnotes":""},"class_list":["post-460","page","type-page","status-publish","hentry"],"yoast_head":"<!-- This site is optimized with the Yoast SEO plugin v26.9 - https:\/\/yoast.com\/product\/yoast-seo-wordpress\/ -->\n<title>Salas De Conferencias &#8212; Maritim Hotel Plaza Tirana &#8212;<\/title>\n<meta name=\"description\" content=\"Maritim Hotel Plaza Tirana ofrece un espacio de 760 m2 para conferencias, reuniones o eventos hasta 2200 personas. Todas las salas est\u00e1n equipadas con la \u00faltima tecnolog\u00eda, as\u00ed como la conexi\u00f3n inal\u00e1mbrica\" \/>\n<meta name=\"robots\" content=\"index, follow, max-snippet:-1, max-image-preview:large, max-video-preview:-1\" \/>\n<link rel=\"canonical\" href=\"https:\/\/www.plazatirana.com\/es\/salas-de-conferencias\/\" \/>\n<meta property=\"og:locale\" content=\"es_ES\" \/>\n<meta property=\"og:type\" content=\"article\" \/>\n<meta property=\"og:title\" content=\"Salas De Conferencias &#8212; Maritim Hotel Plaza Tirana &#8212;\" \/>\n<meta property=\"og:description\" content=\"Maritim Hotel Plaza Tirana ofrece un espacio de 760 m2 para conferencias, reuniones o eventos hasta 2200 personas. Todas las salas est\u00e1n equipadas con la \u00faltima tecnolog\u00eda, as\u00ed como la conexi\u00f3n inal\u00e1mbrica\" \/>\n<meta property=\"og:url\" content=\"https:\/\/www.plazatirana.com\/es\/salas-de-conferencias\/\" \/>\n<meta property=\"og:site_name\" content=\"Maritim Hotel Plaza Tirana\" \/>\n<meta name=\"twitter:card\" content=\"summary_large_image\" \/>\n<meta name=\"twitter:label1\" content=\"Tiempo de lectura\" \/>\n\t<meta name=\"twitter:data1\" content=\"1 minuto\" \/>\n<script type=\"application\/ld+json\" class=\"yoast-schema-graph\">{\"@context\":\"https:\/\/schema.org\",\"@graph\":[{\"@type\":\"WebPage\",\"@id\":\"https:\/\/www.plazatirana.com\/es\/salas-de-conferencias\/\",\"url\":\"https:\/\/www.plazatirana.com\/es\/salas-de-conferencias\/\",\"name\":\"Salas De Conferencias &#8212; Maritim Hotel Plaza Tirana &#8212;\",\"isPartOf\":{\"@id\":\"https:\/\/www.plazatirana.com\/es\/#website\"},\"datePublished\":\"2021-11-30T11:41:31+00:00\",\"description\":\"Maritim Hotel Plaza Tirana ofrece un espacio de 760 m2 para conferencias, reuniones o eventos hasta 2200 personas. Todas las salas est\u00e1n equipadas con la \u00faltima tecnolog\u00eda, as\u00ed como la conexi\u00f3n inal\u00e1mbrica\",\"breadcrumb\":{\"@id\":\"https:\/\/www.plazatirana.com\/es\/salas-de-conferencias\/#breadcrumb\"},\"inLanguage\":\"es\",\"potentialAction\":[{\"@type\":\"ReadAction\",\"target\":[\"https:\/\/www.plazatirana.com\/es\/salas-de-conferencias\/\"]}]},{\"@type\":\"BreadcrumbList\",\"@id\":\"https:\/\/www.plazatirana.com\/es\/salas-de-conferencias\/#breadcrumb\",\"itemListElement\":[{\"@type\":\"ListItem\",\"position\":1,\"name\":\"Home\",\"item\":\"https:\/\/www.plazatirana.com\/es\/\"},{\"@type\":\"ListItem\",\"position\":2,\"name\":\"Salas De Conferencias\"}]},{\"@type\":\"WebSite\",\"@id\":\"https:\/\/www.plazatirana.com\/es\/#website\",\"url\":\"https:\/\/www.plazatirana.com\/es\/\",\"name\":\"Maritim Hotel Plaza Tirana\",\"description\":\"Just another ms.decms.eu site\",\"publisher\":{\"@id\":\"https:\/\/www.plazatirana.com\/es\/#organization\"},\"potentialAction\":[{\"@type\":\"SearchAction\",\"target\":{\"@type\":\"EntryPoint\",\"urlTemplate\":\"https:\/\/www.plazatirana.com\/es\/?s={search_term_string}\"},\"query-input\":{\"@type\":\"PropertyValueSpecification\",\"valueRequired\":true,\"valueName\":\"search_term_string\"}}],\"inLanguage\":\"es\"},{\"@type\":\"Organization\",\"@id\":\"https:\/\/www.plazatirana.com\/es\/#organization\",\"name\":\"Maritim Hotel Plaza Tirana\",\"url\":\"https:\/\/www.plazatirana.com\/es\/\",\"logo\":{\"@type\":\"ImageObject\",\"inLanguage\":\"es\",\"@id\":\"https:\/\/www.plazatirana.com\/es\/#\/schema\/logo\/image\/\",\"url\":\"https:\/\/www.plazatirana.com\/wp-content\/uploads\/sites\/378\/2021\/11\/Maritim-Hotel-Plaza-Tirana-Logo.png\",\"contentUrl\":\"https:\/\/www.plazatirana.com\/wp-content\/uploads\/sites\/378\/2021\/11\/Maritim-Hotel-Plaza-Tirana-Logo.png\",\"width\":300,\"height\":224,\"caption\":\"Maritim Hotel Plaza Tirana\"},\"image\":{\"@id\":\"https:\/\/www.plazatirana.com\/es\/#\/schema\/logo\/image\/\"}}]}<\/script>\n<!-- \/ Yoast SEO plugin. -->","yoast_head_json":{"title":"Salas De Conferencias &#8212; Maritim Hotel Plaza Tirana &#8212;","description":"Maritim Hotel Plaza Tirana ofrece un espacio de 760 m2 para conferencias, reuniones o eventos hasta 2200 personas. Todas las salas est\u00e1n equipadas con la \u00faltima tecnolog\u00eda, as\u00ed como la conexi\u00f3n inal\u00e1mbrica","robots":{"index":"index","follow":"follow","max-snippet":"max-snippet:-1","max-image-preview":"max-image-preview:large","max-video-preview":"max-video-preview:-1"},"canonical":"https:\/\/www.plazatirana.com\/es\/salas-de-conferencias\/","og_locale":"es_ES","og_type":"article","og_title":"Salas De Conferencias &#8212; Maritim Hotel Plaza Tirana &#8212;","og_description":"Maritim Hotel Plaza Tirana ofrece un espacio de 760 m2 para conferencias, reuniones o eventos hasta 2200 personas. Todas las salas est\u00e1n equipadas con la \u00faltima tecnolog\u00eda, as\u00ed como la conexi\u00f3n inal\u00e1mbrica","og_url":"https:\/\/www.plazatirana.com\/es\/salas-de-conferencias\/","og_site_name":"Maritim Hotel Plaza Tirana","twitter_card":"summary_large_image","twitter_misc":{"Tiempo de lectura":"1 minuto"},"schema":{"@context":"https:\/\/schema.org","@graph":[{"@type":"WebPage","@id":"https:\/\/www.plazatirana.com\/es\/salas-de-conferencias\/","url":"https:\/\/www.plazatirana.com\/es\/salas-de-conferencias\/","name":"Salas De Conferencias &#8212; Maritim Hotel Plaza Tirana &#8212;","isPartOf":{"@id":"https:\/\/www.plazatirana.com\/es\/#website"},"datePublished":"2021-11-30T11:41:31+00:00","description":"Maritim Hotel Plaza Tirana ofrece un espacio de 760 m2 para conferencias, reuniones o eventos hasta 2200 personas. Todas las salas est\u00e1n equipadas con la \u00faltima tecnolog\u00eda, as\u00ed como la conexi\u00f3n inal\u00e1mbrica","breadcrumb":{"@id":"https:\/\/www.plazatirana.com\/es\/salas-de-conferencias\/#breadcrumb"},"inLanguage":"es","potentialAction":[{"@type":"ReadAction","target":["https:\/\/www.plazatirana.com\/es\/salas-de-conferencias\/"]}]},{"@type":"BreadcrumbList","@id":"https:\/\/www.plazatirana.com\/es\/salas-de-conferencias\/#breadcrumb","itemListElement":[{"@type":"ListItem","position":1,"name":"Home","item":"https:\/\/www.plazatirana.com\/es\/"},{"@type":"ListItem","position":2,"name":"Salas De Conferencias"}]},{"@type":"WebSite","@id":"https:\/\/www.plazatirana.com\/es\/#website","url":"https:\/\/www.plazatirana.com\/es\/","name":"Maritim Hotel Plaza Tirana","description":"Just another ms.decms.eu site","publisher":{"@id":"https:\/\/www.plazatirana.com\/es\/#organization"},"potentialAction":[{"@type":"SearchAction","target":{"@type":"EntryPoint","urlTemplate":"https:\/\/www.plazatirana.com\/es\/?s={search_term_string}"},"query-input":{"@type":"PropertyValueSpecification","valueRequired":true,"valueName":"search_term_string"}}],"inLanguage":"es"},{"@type":"Organization","@id":"https:\/\/www.plazatirana.com\/es\/#organization","name":"Maritim Hotel Plaza Tirana","url":"https:\/\/www.plazatirana.com\/es\/","logo":{"@type":"ImageObject","inLanguage":"es","@id":"https:\/\/www.plazatirana.com\/es\/#\/schema\/logo\/image\/","url":"https:\/\/www.plazatirana.com\/wp-content\/uploads\/sites\/378\/2021\/11\/Maritim-Hotel-Plaza-Tirana-Logo.png","contentUrl":"https:\/\/www.plazatirana.com\/wp-content\/uploads\/sites\/378\/2021\/11\/Maritim-Hotel-Plaza-Tirana-Logo.png","width":300,"height":224,"caption":"Maritim Hotel Plaza Tirana"},"image":{"@id":"https:\/\/www.plazatirana.com\/es\/#\/schema\/logo\/image\/"}}]}},"acf":[],"_links":{"self":[{"href":"https:\/\/www.plazatirana.com\/es\/wp-json\/wp\/v2\/pages\/460","targetHints":{"allow":["GET"]}}],"collection":[{"href":"https:\/\/www.plazatirana.com\/es\/wp-json\/wp\/v2\/pages"}],"about":[{"href":"https:\/\/www.plazatirana.com\/es\/wp-json\/wp\/v2\/types\/page"}],"author":[{"embeddable":true,"href":"https:\/\/www.plazatirana.com\/es\/wp-json\/wp\/v2\/users\/7"}],"replies":[{"embeddable":true,"href":"https:\/\/www.plazatirana.com\/es\/wp-json\/wp\/v2\/comments?post=460"}],"version-history":[{"count":0,"href":"https:\/\/www.plazatirana.com\/es\/wp-json\/wp\/v2\/pages\/460\/revisions"}],"wp:attachment":[{"href":"https:\/\/www.plazatirana.com\/es\/wp-json\/wp\/v2\/media?parent=460"}],"curies":[{"name":"wp","href":"https:\/\/api.w.org\/{rel}","templated":true}]}}