{"id":392,"date":"2021-11-26T16:12:37","date_gmt":"2021-11-26T16:12:37","guid":{"rendered":"https:\/\/plaza-tirana.ms.decms.eu\/habitaciones-y-suites\/gym-suit\/"},"modified":"2021-11-26T19:49:11","modified_gmt":"2021-11-26T19:49:11","slug":"suite-de-gimnasio","status":"publish","type":"page","link":"https:\/\/www.plazatirana.com\/es\/habitaciones-y-suites\/suite-de-gimnasio\/","title":{"rendered":"Suite de Gimnasio"},"content":{"rendered":"<p>La Suite de Gimnasio, una novedad en las suites de hospitalidad, ofrece la \u00faltima experiencia en t\u00e9rminos de bienestar. Para mantener un estilo de vida saludable ejerciendo en su habitaci\u00f3n personal Fitness con los m\u00e1s modernos equipos Technogym.<\/p>\n","protected":false},"excerpt":{"rendered":"<p>La Suite de Gimnasio, una novedad en las suites de hospitalidad, ofrece la \u00faltima experiencia en t\u00e9rminos de bienestar. Para mantener un estilo de vida saludable ejerciendo en su habitaci\u00f3n personal Fitness con los m\u00e1s modernos equipos Technogym.<\/p>\n","protected":false},"author":7,"featured_media":0,"parent":101,"menu_order":8,"comment_status":"closed","ping_status":"closed","template":"template-single-room.php","meta":{"footnotes":""},"class_list":["post-392","page","type-page","status-publish","hentry"],"yoast_head":"<!-- This site is optimized with the Yoast SEO plugin v26.9 - https:\/\/yoast.com\/product\/yoast-seo-wordpress\/ -->\n<title>Suite de Gimnasio &#8212; Maritim Hotel Plaza Tirana &#8212;<\/title>\n<meta name=\"description\" content=\"La Suite de Gimnasio, una novedad en las suites de hospitalidad, ofrece la \u00faltima experiencia en t\u00e9rminos de bienestar. Para mantener un estilo de vida saludable ejerciendo en su habitaci\u00f3n personal Fitness con los m\u00e1s modernos equipos Technogym.\" \/>\n<meta name=\"robots\" content=\"index, follow, max-snippet:-1, max-image-preview:large, max-video-preview:-1\" \/>\n<link rel=\"canonical\" href=\"https:\/\/www.plazatirana.com\/es\/habitaciones-y-suites\/suite-de-gimnasio\/\" \/>\n<meta property=\"og:locale\" content=\"es_ES\" \/>\n<meta property=\"og:type\" content=\"article\" \/>\n<meta property=\"og:title\" content=\"Suite de Gimnasio &#8212; Maritim Hotel Plaza Tirana &#8212;\" \/>\n<meta property=\"og:description\" content=\"La Suite de Gimnasio, una novedad en las suites de hospitalidad, ofrece la \u00faltima experiencia en t\u00e9rminos de bienestar. Para mantener un estilo de vida saludable ejerciendo en su habitaci\u00f3n personal Fitness con los m\u00e1s modernos equipos Technogym.\" \/>\n<meta property=\"og:url\" content=\"https:\/\/www.plazatirana.com\/es\/habitaciones-y-suites\/suite-de-gimnasio\/\" \/>\n<meta property=\"og:site_name\" content=\"Maritim Hotel Plaza Tirana\" \/>\n<meta property=\"article:modified_time\" content=\"2021-11-26T19:49:11+00:00\" \/>\n<meta name=\"twitter:card\" content=\"summary_large_image\" \/>\n<script type=\"application\/ld+json\" class=\"yoast-schema-graph\">{\"@context\":\"https:\/\/schema.org\",\"@graph\":[{\"@type\":\"WebPage\",\"@id\":\"https:\/\/www.plazatirana.com\/es\/habitaciones-y-suites\/suite-de-gimnasio\/\",\"url\":\"https:\/\/www.plazatirana.com\/es\/habitaciones-y-suites\/suite-de-gimnasio\/\",\"name\":\"Suite de Gimnasio &#8212; Maritim Hotel Plaza Tirana &#8212;\",\"isPartOf\":{\"@id\":\"https:\/\/www.plazatirana.com\/es\/#website\"},\"datePublished\":\"2021-11-26T16:12:37+00:00\",\"dateModified\":\"2021-11-26T19:49:11+00:00\",\"description\":\"La Suite de Gimnasio, una novedad en las suites de hospitalidad, ofrece la \u00faltima experiencia en t\u00e9rminos de bienestar. Para mantener un estilo de vida saludable ejerciendo en su habitaci\u00f3n personal Fitness con los m\u00e1s modernos equipos Technogym.\",\"breadcrumb\":{\"@id\":\"https:\/\/www.plazatirana.com\/es\/habitaciones-y-suites\/suite-de-gimnasio\/#breadcrumb\"},\"inLanguage\":\"es\",\"potentialAction\":[{\"@type\":\"ReadAction\",\"target\":[\"https:\/\/www.plazatirana.com\/es\/habitaciones-y-suites\/suite-de-gimnasio\/\"]}]},{\"@type\":\"BreadcrumbList\",\"@id\":\"https:\/\/www.plazatirana.com\/es\/habitaciones-y-suites\/suite-de-gimnasio\/#breadcrumb\",\"itemListElement\":[{\"@type\":\"ListItem\",\"position\":1,\"name\":\"Home\",\"item\":\"https:\/\/www.plazatirana.com\/es\/\"},{\"@type\":\"ListItem\",\"position\":2,\"name\":\"Habitaciones y suites\",\"item\":\"https:\/\/www.plazatirana.com\/es\/habitaciones-y-suites\/\"},{\"@type\":\"ListItem\",\"position\":3,\"name\":\"Suite de Gimnasio\"}]},{\"@type\":\"WebSite\",\"@id\":\"https:\/\/www.plazatirana.com\/es\/#website\",\"url\":\"https:\/\/www.plazatirana.com\/es\/\",\"name\":\"Maritim Hotel Plaza Tirana\",\"description\":\"Just another ms.decms.eu site\",\"publisher\":{\"@id\":\"https:\/\/www.plazatirana.com\/es\/#organization\"},\"potentialAction\":[{\"@type\":\"SearchAction\",\"target\":{\"@type\":\"EntryPoint\",\"urlTemplate\":\"https:\/\/www.plazatirana.com\/es\/?s={search_term_string}\"},\"query-input\":{\"@type\":\"PropertyValueSpecification\",\"valueRequired\":true,\"valueName\":\"search_term_string\"}}],\"inLanguage\":\"es\"},{\"@type\":\"Organization\",\"@id\":\"https:\/\/www.plazatirana.com\/es\/#organization\",\"name\":\"Maritim Hotel Plaza Tirana\",\"url\":\"https:\/\/www.plazatirana.com\/es\/\",\"logo\":{\"@type\":\"ImageObject\",\"inLanguage\":\"es\",\"@id\":\"https:\/\/www.plazatirana.com\/es\/#\/schema\/logo\/image\/\",\"url\":\"https:\/\/www.plazatirana.com\/wp-content\/uploads\/sites\/378\/2021\/11\/Maritim-Hotel-Plaza-Tirana-Logo.png\",\"contentUrl\":\"https:\/\/www.plazatirana.com\/wp-content\/uploads\/sites\/378\/2021\/11\/Maritim-Hotel-Plaza-Tirana-Logo.png\",\"width\":300,\"height\":224,\"caption\":\"Maritim Hotel Plaza Tirana\"},\"image\":{\"@id\":\"https:\/\/www.plazatirana.com\/es\/#\/schema\/logo\/image\/\"}}]}<\/script>\n<!-- \/ Yoast SEO plugin. -->","yoast_head_json":{"title":"Suite de Gimnasio &#8212; Maritim Hotel Plaza Tirana &#8212;","description":"La Suite de Gimnasio, una novedad en las suites de hospitalidad, ofrece la \u00faltima experiencia en t\u00e9rminos de bienestar. Para mantener un estilo de vida saludable ejerciendo en su habitaci\u00f3n personal Fitness con los m\u00e1s modernos equipos Technogym.","robots":{"index":"index","follow":"follow","max-snippet":"max-snippet:-1","max-image-preview":"max-image-preview:large","max-video-preview":"max-video-preview:-1"},"canonical":"https:\/\/www.plazatirana.com\/es\/habitaciones-y-suites\/suite-de-gimnasio\/","og_locale":"es_ES","og_type":"article","og_title":"Suite de Gimnasio &#8212; Maritim Hotel Plaza Tirana &#8212;","og_description":"La Suite de Gimnasio, una novedad en las suites de hospitalidad, ofrece la \u00faltima experiencia en t\u00e9rminos de bienestar. Para mantener un estilo de vida saludable ejerciendo en su habitaci\u00f3n personal Fitness con los m\u00e1s modernos equipos Technogym.","og_url":"https:\/\/www.plazatirana.com\/es\/habitaciones-y-suites\/suite-de-gimnasio\/","og_site_name":"Maritim Hotel Plaza Tirana","article_modified_time":"2021-11-26T19:49:11+00:00","twitter_card":"summary_large_image","schema":{"@context":"https:\/\/schema.org","@graph":[{"@type":"WebPage","@id":"https:\/\/www.plazatirana.com\/es\/habitaciones-y-suites\/suite-de-gimnasio\/","url":"https:\/\/www.plazatirana.com\/es\/habitaciones-y-suites\/suite-de-gimnasio\/","name":"Suite de Gimnasio &#8212; Maritim Hotel Plaza Tirana &#8212;","isPartOf":{"@id":"https:\/\/www.plazatirana.com\/es\/#website"},"datePublished":"2021-11-26T16:12:37+00:00","dateModified":"2021-11-26T19:49:11+00:00","description":"La Suite de Gimnasio, una novedad en las suites de hospitalidad, ofrece la \u00faltima experiencia en t\u00e9rminos de bienestar. Para mantener un estilo de vida saludable ejerciendo en su habitaci\u00f3n personal Fitness con los m\u00e1s modernos equipos Technogym.","breadcrumb":{"@id":"https:\/\/www.plazatirana.com\/es\/habitaciones-y-suites\/suite-de-gimnasio\/#breadcrumb"},"inLanguage":"es","potentialAction":[{"@type":"ReadAction","target":["https:\/\/www.plazatirana.com\/es\/habitaciones-y-suites\/suite-de-gimnasio\/"]}]},{"@type":"BreadcrumbList","@id":"https:\/\/www.plazatirana.com\/es\/habitaciones-y-suites\/suite-de-gimnasio\/#breadcrumb","itemListElement":[{"@type":"ListItem","position":1,"name":"Home","item":"https:\/\/www.plazatirana.com\/es\/"},{"@type":"ListItem","position":2,"name":"Habitaciones y suites","item":"https:\/\/www.plazatirana.com\/es\/habitaciones-y-suites\/"},{"@type":"ListItem","position":3,"name":"Suite de Gimnasio"}]},{"@type":"WebSite","@id":"https:\/\/www.plazatirana.com\/es\/#website","url":"https:\/\/www.plazatirana.com\/es\/","name":"Maritim Hotel Plaza Tirana","description":"Just another ms.decms.eu site","publisher":{"@id":"https:\/\/www.plazatirana.com\/es\/#organization"},"potentialAction":[{"@type":"SearchAction","target":{"@type":"EntryPoint","urlTemplate":"https:\/\/www.plazatirana.com\/es\/?s={search_term_string}"},"query-input":{"@type":"PropertyValueSpecification","valueRequired":true,"valueName":"search_term_string"}}],"inLanguage":"es"},{"@type":"Organization","@id":"https:\/\/www.plazatirana.com\/es\/#organization","name":"Maritim Hotel Plaza Tirana","url":"https:\/\/www.plazatirana.com\/es\/","logo":{"@type":"ImageObject","inLanguage":"es","@id":"https:\/\/www.plazatirana.com\/es\/#\/schema\/logo\/image\/","url":"https:\/\/www.plazatirana.com\/wp-content\/uploads\/sites\/378\/2021\/11\/Maritim-Hotel-Plaza-Tirana-Logo.png","contentUrl":"https:\/\/www.plazatirana.com\/wp-content\/uploads\/sites\/378\/2021\/11\/Maritim-Hotel-Plaza-Tirana-Logo.png","width":300,"height":224,"caption":"Maritim Hotel Plaza Tirana"},"image":{"@id":"https:\/\/www.plazatirana.com\/es\/#\/schema\/logo\/image\/"}}]}},"acf":[],"_links":{"self":[{"href":"https:\/\/www.plazatirana.com\/es\/wp-json\/wp\/v2\/pages\/392","targetHints":{"allow":["GET"]}}],"collection":[{"href":"https:\/\/www.plazatirana.com\/es\/wp-json\/wp\/v2\/pages"}],"about":[{"href":"https:\/\/www.plazatirana.com\/es\/wp-json\/wp\/v2\/types\/page"}],"author":[{"embeddable":true,"href":"https:\/\/www.plazatirana.com\/es\/wp-json\/wp\/v2\/users\/7"}],"replies":[{"embeddable":true,"href":"https:\/\/www.plazatirana.com\/es\/wp-json\/wp\/v2\/comments?post=392"}],"version-history":[{"count":0,"href":"https:\/\/www.plazatirana.com\/es\/wp-json\/wp\/v2\/pages\/392\/revisions"}],"up":[{"embeddable":true,"href":"https:\/\/www.plazatirana.com\/es\/wp-json\/wp\/v2\/pages\/101"}],"wp:attachment":[{"href":"https:\/\/www.plazatirana.com\/es\/wp-json\/wp\/v2\/media?parent=392"}],"curies":[{"name":"wp","href":"https:\/\/api.w.org\/{rel}","templated":true}]}}