{"id":161,"date":"2021-11-25T13:46:22","date_gmt":"2021-11-25T13:46:22","guid":{"rendered":"https:\/\/plaza-tirana.ms.decms.eu\/habitaciones-y-suites\/deluxe-room\/"},"modified":"2021-11-25T18:06:19","modified_gmt":"2021-11-25T18:06:19","slug":"deluxe-room","status":"publish","type":"page","link":"https:\/\/www.plazatirana.com\/es\/habitaciones-y-suites\/deluxe-room\/","title":{"rendered":"Habitaci\u00f3n Deluxe"},"content":{"rendered":"<p>Vuelve en un ambiente c\u00f3modo despu\u00e9s de un d\u00eda de negocios o placer. Nuestras habitaciones de lujo (Deluxe) combinan la comodidad con el estilo contempor\u00e1neo, tambi\u00e9n proporcionan una gran vista de la ciudad. Cada habitaci\u00f3n le da la comodidad que usted est\u00e1 buscando, incluyendo una sala de estar, y camas de tama\u00f1o queen.<\/p>\n","protected":false},"excerpt":{"rendered":"<p>Vuelve en un ambiente c\u00f3modo despu\u00e9s de un d\u00eda de negocios o placer. Nuestras habitaciones de lujo (Deluxe) combinan la comodidad con el estilo contempor\u00e1neo, tambi\u00e9n proporcionan una gran vista de la ciudad. Cada habitaci\u00f3n le da la comodidad que usted est\u00e1 buscando, incluyendo una sala de estar, y camas de tama\u00f1o queen.<\/p>\n","protected":false},"author":7,"featured_media":0,"parent":101,"menu_order":3,"comment_status":"closed","ping_status":"closed","template":"template-single-room.php","meta":{"footnotes":""},"class_list":["post-161","page","type-page","status-publish","hentry"],"yoast_head":"<!-- This site is optimized with the Yoast SEO plugin v26.9 - https:\/\/yoast.com\/product\/yoast-seo-wordpress\/ -->\n<title>Habitaci\u00f3n Deluxe &#8212; Maritim Hotel Plaza Tirana &#8212;<\/title>\n<meta name=\"description\" content=\"Vuelve en un ambiente c\u00f3modo despu\u00e9s de un d\u00eda de negocios o placer. Nuestras habitaciones de lujo (Deluxe) combinan la comodidad con el estilo contempor\u00e1neo, tambi\u00e9n proporcionan una gran vista de la ciudad\" \/>\n<meta name=\"robots\" content=\"index, follow, max-snippet:-1, max-image-preview:large, max-video-preview:-1\" \/>\n<link rel=\"canonical\" href=\"https:\/\/www.plazatirana.com\/es\/habitaciones-y-suites\/deluxe-room\/\" \/>\n<meta property=\"og:locale\" content=\"es_ES\" \/>\n<meta property=\"og:type\" content=\"article\" \/>\n<meta property=\"og:title\" content=\"Habitaci\u00f3n Deluxe &#8212; Maritim Hotel Plaza Tirana &#8212;\" \/>\n<meta property=\"og:description\" content=\"Vuelve en un ambiente c\u00f3modo despu\u00e9s de un d\u00eda de negocios o placer. Nuestras habitaciones de lujo (Deluxe) combinan la comodidad con el estilo contempor\u00e1neo, tambi\u00e9n proporcionan una gran vista de la ciudad\" \/>\n<meta property=\"og:url\" content=\"https:\/\/www.plazatirana.com\/es\/habitaciones-y-suites\/deluxe-room\/\" \/>\n<meta property=\"og:site_name\" content=\"Maritim Hotel Plaza Tirana\" \/>\n<meta property=\"article:modified_time\" content=\"2021-11-25T18:06:19+00:00\" \/>\n<meta name=\"twitter:card\" content=\"summary_large_image\" \/>\n<script type=\"application\/ld+json\" class=\"yoast-schema-graph\">{\"@context\":\"https:\/\/schema.org\",\"@graph\":[{\"@type\":\"WebPage\",\"@id\":\"https:\/\/www.plazatirana.com\/es\/habitaciones-y-suites\/deluxe-room\/\",\"url\":\"https:\/\/www.plazatirana.com\/es\/habitaciones-y-suites\/deluxe-room\/\",\"name\":\"Habitaci\u00f3n Deluxe &#8212; Maritim Hotel Plaza Tirana &#8212;\",\"isPartOf\":{\"@id\":\"https:\/\/www.plazatirana.com\/es\/#website\"},\"datePublished\":\"2021-11-25T13:46:22+00:00\",\"dateModified\":\"2021-11-25T18:06:19+00:00\",\"description\":\"Vuelve en un ambiente c\u00f3modo despu\u00e9s de un d\u00eda de negocios o placer. Nuestras habitaciones de lujo (Deluxe) combinan la comodidad con el estilo contempor\u00e1neo, tambi\u00e9n proporcionan una gran vista de la ciudad\",\"breadcrumb\":{\"@id\":\"https:\/\/www.plazatirana.com\/es\/habitaciones-y-suites\/deluxe-room\/#breadcrumb\"},\"inLanguage\":\"es\",\"potentialAction\":[{\"@type\":\"ReadAction\",\"target\":[\"https:\/\/www.plazatirana.com\/es\/habitaciones-y-suites\/deluxe-room\/\"]}]},{\"@type\":\"BreadcrumbList\",\"@id\":\"https:\/\/www.plazatirana.com\/es\/habitaciones-y-suites\/deluxe-room\/#breadcrumb\",\"itemListElement\":[{\"@type\":\"ListItem\",\"position\":1,\"name\":\"Home\",\"item\":\"https:\/\/www.plazatirana.com\/es\/\"},{\"@type\":\"ListItem\",\"position\":2,\"name\":\"Habitaciones y suites\",\"item\":\"https:\/\/www.plazatirana.com\/es\/habitaciones-y-suites\/\"},{\"@type\":\"ListItem\",\"position\":3,\"name\":\"Habitaci\u00f3n Deluxe\"}]},{\"@type\":\"WebSite\",\"@id\":\"https:\/\/www.plazatirana.com\/es\/#website\",\"url\":\"https:\/\/www.plazatirana.com\/es\/\",\"name\":\"Maritim Hotel Plaza Tirana\",\"description\":\"Just another ms.decms.eu site\",\"publisher\":{\"@id\":\"https:\/\/www.plazatirana.com\/es\/#organization\"},\"potentialAction\":[{\"@type\":\"SearchAction\",\"target\":{\"@type\":\"EntryPoint\",\"urlTemplate\":\"https:\/\/www.plazatirana.com\/es\/?s={search_term_string}\"},\"query-input\":{\"@type\":\"PropertyValueSpecification\",\"valueRequired\":true,\"valueName\":\"search_term_string\"}}],\"inLanguage\":\"es\"},{\"@type\":\"Organization\",\"@id\":\"https:\/\/www.plazatirana.com\/es\/#organization\",\"name\":\"Maritim Hotel Plaza Tirana\",\"url\":\"https:\/\/www.plazatirana.com\/es\/\",\"logo\":{\"@type\":\"ImageObject\",\"inLanguage\":\"es\",\"@id\":\"https:\/\/www.plazatirana.com\/es\/#\/schema\/logo\/image\/\",\"url\":\"https:\/\/www.plazatirana.com\/wp-content\/uploads\/sites\/378\/2021\/11\/Maritim-Hotel-Plaza-Tirana-Logo.png\",\"contentUrl\":\"https:\/\/www.plazatirana.com\/wp-content\/uploads\/sites\/378\/2021\/11\/Maritim-Hotel-Plaza-Tirana-Logo.png\",\"width\":300,\"height\":224,\"caption\":\"Maritim Hotel Plaza Tirana\"},\"image\":{\"@id\":\"https:\/\/www.plazatirana.com\/es\/#\/schema\/logo\/image\/\"}}]}<\/script>\n<!-- \/ Yoast SEO plugin. -->","yoast_head_json":{"title":"Habitaci\u00f3n Deluxe &#8212; Maritim Hotel Plaza Tirana &#8212;","description":"Vuelve en un ambiente c\u00f3modo despu\u00e9s de un d\u00eda de negocios o placer. Nuestras habitaciones de lujo (Deluxe) combinan la comodidad con el estilo contempor\u00e1neo, tambi\u00e9n proporcionan una gran vista de la ciudad","robots":{"index":"index","follow":"follow","max-snippet":"max-snippet:-1","max-image-preview":"max-image-preview:large","max-video-preview":"max-video-preview:-1"},"canonical":"https:\/\/www.plazatirana.com\/es\/habitaciones-y-suites\/deluxe-room\/","og_locale":"es_ES","og_type":"article","og_title":"Habitaci\u00f3n Deluxe &#8212; Maritim Hotel Plaza Tirana &#8212;","og_description":"Vuelve en un ambiente c\u00f3modo despu\u00e9s de un d\u00eda de negocios o placer. Nuestras habitaciones de lujo (Deluxe) combinan la comodidad con el estilo contempor\u00e1neo, tambi\u00e9n proporcionan una gran vista de la ciudad","og_url":"https:\/\/www.plazatirana.com\/es\/habitaciones-y-suites\/deluxe-room\/","og_site_name":"Maritim Hotel Plaza Tirana","article_modified_time":"2021-11-25T18:06:19+00:00","twitter_card":"summary_large_image","schema":{"@context":"https:\/\/schema.org","@graph":[{"@type":"WebPage","@id":"https:\/\/www.plazatirana.com\/es\/habitaciones-y-suites\/deluxe-room\/","url":"https:\/\/www.plazatirana.com\/es\/habitaciones-y-suites\/deluxe-room\/","name":"Habitaci\u00f3n Deluxe &#8212; Maritim Hotel Plaza Tirana &#8212;","isPartOf":{"@id":"https:\/\/www.plazatirana.com\/es\/#website"},"datePublished":"2021-11-25T13:46:22+00:00","dateModified":"2021-11-25T18:06:19+00:00","description":"Vuelve en un ambiente c\u00f3modo despu\u00e9s de un d\u00eda de negocios o placer. Nuestras habitaciones de lujo (Deluxe) combinan la comodidad con el estilo contempor\u00e1neo, tambi\u00e9n proporcionan una gran vista de la ciudad","breadcrumb":{"@id":"https:\/\/www.plazatirana.com\/es\/habitaciones-y-suites\/deluxe-room\/#breadcrumb"},"inLanguage":"es","potentialAction":[{"@type":"ReadAction","target":["https:\/\/www.plazatirana.com\/es\/habitaciones-y-suites\/deluxe-room\/"]}]},{"@type":"BreadcrumbList","@id":"https:\/\/www.plazatirana.com\/es\/habitaciones-y-suites\/deluxe-room\/#breadcrumb","itemListElement":[{"@type":"ListItem","position":1,"name":"Home","item":"https:\/\/www.plazatirana.com\/es\/"},{"@type":"ListItem","position":2,"name":"Habitaciones y suites","item":"https:\/\/www.plazatirana.com\/es\/habitaciones-y-suites\/"},{"@type":"ListItem","position":3,"name":"Habitaci\u00f3n Deluxe"}]},{"@type":"WebSite","@id":"https:\/\/www.plazatirana.com\/es\/#website","url":"https:\/\/www.plazatirana.com\/es\/","name":"Maritim Hotel Plaza Tirana","description":"Just another ms.decms.eu site","publisher":{"@id":"https:\/\/www.plazatirana.com\/es\/#organization"},"potentialAction":[{"@type":"SearchAction","target":{"@type":"EntryPoint","urlTemplate":"https:\/\/www.plazatirana.com\/es\/?s={search_term_string}"},"query-input":{"@type":"PropertyValueSpecification","valueRequired":true,"valueName":"search_term_string"}}],"inLanguage":"es"},{"@type":"Organization","@id":"https:\/\/www.plazatirana.com\/es\/#organization","name":"Maritim Hotel Plaza Tirana","url":"https:\/\/www.plazatirana.com\/es\/","logo":{"@type":"ImageObject","inLanguage":"es","@id":"https:\/\/www.plazatirana.com\/es\/#\/schema\/logo\/image\/","url":"https:\/\/www.plazatirana.com\/wp-content\/uploads\/sites\/378\/2021\/11\/Maritim-Hotel-Plaza-Tirana-Logo.png","contentUrl":"https:\/\/www.plazatirana.com\/wp-content\/uploads\/sites\/378\/2021\/11\/Maritim-Hotel-Plaza-Tirana-Logo.png","width":300,"height":224,"caption":"Maritim Hotel Plaza Tirana"},"image":{"@id":"https:\/\/www.plazatirana.com\/es\/#\/schema\/logo\/image\/"}}]}},"acf":[],"_links":{"self":[{"href":"https:\/\/www.plazatirana.com\/es\/wp-json\/wp\/v2\/pages\/161","targetHints":{"allow":["GET"]}}],"collection":[{"href":"https:\/\/www.plazatirana.com\/es\/wp-json\/wp\/v2\/pages"}],"about":[{"href":"https:\/\/www.plazatirana.com\/es\/wp-json\/wp\/v2\/types\/page"}],"author":[{"embeddable":true,"href":"https:\/\/www.plazatirana.com\/es\/wp-json\/wp\/v2\/users\/7"}],"replies":[{"embeddable":true,"href":"https:\/\/www.plazatirana.com\/es\/wp-json\/wp\/v2\/comments?post=161"}],"version-history":[{"count":0,"href":"https:\/\/www.plazatirana.com\/es\/wp-json\/wp\/v2\/pages\/161\/revisions"}],"up":[{"embeddable":true,"href":"https:\/\/www.plazatirana.com\/es\/wp-json\/wp\/v2\/pages\/101"}],"wp:attachment":[{"href":"https:\/\/www.plazatirana.com\/es\/wp-json\/wp\/v2\/media?parent=161"}],"curies":[{"name":"wp","href":"https:\/\/api.w.org\/{rel}","templated":true}]}}