{"id":11,"date":"2021-11-19T16:26:08","date_gmt":"2021-11-19T16:26:08","guid":{"rendered":"https:\/\/plaza-tirana.ms.decms.eu\/?page_id=11"},"modified":"2022-01-24T15:24:23","modified_gmt":"2022-01-24T15:24:23","slug":"maritim-hotel-plaza-tirana","status":"publish","type":"page","link":"https:\/\/www.plazatirana.com\/es\/","title":{"rendered":"Maritim Hotel Plaza Tirana"},"content":{"rendered":"<p>Situado en el centro de <strong>Tirana<\/strong>, en la mejor zona comercial y del negocio, s\u00f3lo a 3 minutos del Parlamento de Albania, Galer\u00eda Nacional de Arte, \u00d3pera y Ballet y el Teatro de la Asamblea Popular, Maritim Hotel Plaza Tirana es el nuevo hotel internacional de 5 estrellas.<\/p>\n<p>Maritim Hotel Plaza Tirana es tambi\u00e9n un destino para los amantes de la comida: tres de nuestros restaurantes \u2013 <strong>PANEVINO, CONVIVIUM y SAVOR<\/strong> \u2013 ofrecen opciones que se adaptan a todos sus gustos.<\/p>\n<p>Maritim Hotel Plaza Tirana es el lugar <strong>ideal para reunirse y celebrar en Tirana<\/strong>. Elija entre 8 salas de conferencias, las cuales pueden acomodar hasta a 350 invitados si quiere una boda, o una recepci\u00f3n menos formal, como puede ser una reuni\u00f3n de negocios, un c\u00f3ctel, una conferencia o eventos corporativos gratificantes.<\/p>\n","protected":false},"excerpt":{"rendered":"<p>Situado en el centro de Tirana, en la mejor zona comercial y del negocio, s\u00f3lo a 3 minutos del Parlamento de Albania, Galer\u00eda Nacional de Arte, \u00d3pera y Ballet y el Teatro de la Asamblea Popular, Maritim Hotel Plaza Tirana es el nuevo hotel internacional de 5 estrellas. Maritim Hotel Plaza Tirana es tambi\u00e9n un [&hellip;]<\/p>\n","protected":false},"author":7,"featured_media":0,"parent":0,"menu_order":0,"comment_status":"closed","ping_status":"closed","template":"","meta":{"footnotes":""},"class_list":["post-11","page","type-page","status-publish","hentry"],"yoast_head":"<!-- This site is optimized with the Yoast SEO plugin v26.9 - https:\/\/yoast.com\/product\/yoast-seo-wordpress\/ -->\n<title>Maritim Hotel Plaza Tirana &#8212; Maritim Hotel Plaza Tirana &#8212;<\/title>\n<meta name=\"description\" content=\"Situado en el centro de Tirana, en la mejor zona comercial y del negocio, s\u00f3lo a 3 minutos del Parlamento de Albania, Galer\u00eda Nacional de Arte, \u00d3pera y Ballet y el Teatro de la Asamblea Popular, Maritim Hotel Plaza Tirana es el nuevo hotel internacional de 5 estrellas.  Maritim Hotel Plaza Tirana es tambi\u00e9n un destino para los amantes de la comida: tres de nuestros restaurantes \u2013 PANEVINO, CONVIVIUM y SAVOR \u2013 ofrecen opciones que se adaptan a todos sus gustos.  Maritim Hotel Plaza Tirana es el lugar ideal para reunirse y celebrar en Tirana. Elija entre 8 salas de conferencias, las cuales pueden acomodar hasta a 350 invitados si quiere una boda, o una recepci\u00f3n menos formal, como puede ser una reuni\u00f3n de negocios, un c\u00f3ctel, una conferencia o eventos corporativos gratificantes.\" \/>\n<meta name=\"robots\" content=\"index, follow, max-snippet:-1, max-image-preview:large, max-video-preview:-1\" \/>\n<link rel=\"canonical\" href=\"https:\/\/www.plazatirana.com\/es\/\" \/>\n<meta property=\"og:locale\" content=\"es_ES\" \/>\n<meta property=\"og:type\" content=\"article\" \/>\n<meta property=\"og:title\" content=\"Maritim Hotel Plaza Tirana &#8212; Maritim Hotel Plaza Tirana &#8212;\" \/>\n<meta property=\"og:description\" content=\"Situado en el centro de Tirana, en la mejor zona comercial y del negocio, s\u00f3lo a 3 minutos del Parlamento de Albania, Galer\u00eda Nacional de Arte, \u00d3pera y Ballet y el Teatro de la Asamblea Popular, Maritim Hotel Plaza Tirana es el nuevo hotel internacional de 5 estrellas.  Maritim Hotel Plaza Tirana es tambi\u00e9n un destino para los amantes de la comida: tres de nuestros restaurantes \u2013 PANEVINO, CONVIVIUM y SAVOR \u2013 ofrecen opciones que se adaptan a todos sus gustos.  Maritim Hotel Plaza Tirana es el lugar ideal para reunirse y celebrar en Tirana. Elija entre 8 salas de conferencias, las cuales pueden acomodar hasta a 350 invitados si quiere una boda, o una recepci\u00f3n menos formal, como puede ser una reuni\u00f3n de negocios, un c\u00f3ctel, una conferencia o eventos corporativos gratificantes.\" \/>\n<meta property=\"og:url\" content=\"https:\/\/www.plazatirana.com\/es\/\" \/>\n<meta property=\"og:site_name\" content=\"Maritim Hotel Plaza Tirana\" \/>\n<meta property=\"article:modified_time\" content=\"2022-01-24T15:24:23+00:00\" \/>\n<meta name=\"twitter:card\" content=\"summary_large_image\" \/>\n<meta name=\"twitter:label1\" content=\"Tiempo de lectura\" \/>\n\t<meta name=\"twitter:data1\" content=\"1 minuto\" \/>\n<script type=\"application\/ld+json\" class=\"yoast-schema-graph\">{\"@context\":\"https:\/\/schema.org\",\"@graph\":[{\"@type\":\"WebPage\",\"@id\":\"https:\/\/www.plazatirana.com\/es\/\",\"url\":\"https:\/\/www.plazatirana.com\/es\/\",\"name\":\"Maritim Hotel Plaza Tirana &#8212; Maritim Hotel Plaza Tirana &#8212;\",\"isPartOf\":{\"@id\":\"https:\/\/www.plazatirana.com\/es\/#website\"},\"datePublished\":\"2021-11-19T16:26:08+00:00\",\"dateModified\":\"2022-01-24T15:24:23+00:00\",\"description\":\"Situado en el centro de Tirana, en la mejor zona comercial y del negocio, s\u00f3lo a 3 minutos del Parlamento de Albania, Galer\u00eda Nacional de Arte, \u00d3pera y Ballet y el Teatro de la Asamblea Popular, Maritim Hotel Plaza Tirana es el nuevo hotel internacional de 5 estrellas. Maritim Hotel Plaza Tirana es tambi\u00e9n un destino para los amantes de la comida: tres de nuestros restaurantes \u2013 PANEVINO, CONVIVIUM y SAVOR \u2013 ofrecen opciones que se adaptan a todos sus gustos. Maritim Hotel Plaza Tirana es el lugar ideal para reunirse y celebrar en Tirana. Elija entre 8 salas de conferencias, las cuales pueden acomodar hasta a 350 invitados si quiere una boda, o una recepci\u00f3n menos formal, como puede ser una reuni\u00f3n de negocios, un c\u00f3ctel, una conferencia o eventos corporativos gratificantes.\",\"breadcrumb\":{\"@id\":\"https:\/\/www.plazatirana.com\/es\/#breadcrumb\"},\"inLanguage\":\"es\",\"potentialAction\":[{\"@type\":\"ReadAction\",\"target\":[\"https:\/\/www.plazatirana.com\/es\/\"]}]},{\"@type\":\"BreadcrumbList\",\"@id\":\"https:\/\/www.plazatirana.com\/es\/#breadcrumb\",\"itemListElement\":[{\"@type\":\"ListItem\",\"position\":1,\"name\":\"Home\",\"item\":\"https:\/\/www.plazatirana.com\/es\/\"},{\"@type\":\"ListItem\",\"position\":2,\"name\":\"Maritim Hotel Plaza Tirana\"}]},{\"@type\":\"WebSite\",\"@id\":\"https:\/\/www.plazatirana.com\/es\/#website\",\"url\":\"https:\/\/www.plazatirana.com\/es\/\",\"name\":\"Maritim Hotel Plaza Tirana\",\"description\":\"Just another ms.decms.eu site\",\"publisher\":{\"@id\":\"https:\/\/www.plazatirana.com\/es\/#organization\"},\"potentialAction\":[{\"@type\":\"SearchAction\",\"target\":{\"@type\":\"EntryPoint\",\"urlTemplate\":\"https:\/\/www.plazatirana.com\/es\/?s={search_term_string}\"},\"query-input\":{\"@type\":\"PropertyValueSpecification\",\"valueRequired\":true,\"valueName\":\"search_term_string\"}}],\"inLanguage\":\"es\"},{\"@type\":\"Organization\",\"@id\":\"https:\/\/www.plazatirana.com\/es\/#organization\",\"name\":\"Maritim Hotel Plaza Tirana\",\"url\":\"https:\/\/www.plazatirana.com\/es\/\",\"logo\":{\"@type\":\"ImageObject\",\"inLanguage\":\"es\",\"@id\":\"https:\/\/www.plazatirana.com\/es\/#\/schema\/logo\/image\/\",\"url\":\"https:\/\/www.plazatirana.com\/wp-content\/uploads\/sites\/378\/2021\/11\/Maritim-Hotel-Plaza-Tirana-Logo.png\",\"contentUrl\":\"https:\/\/www.plazatirana.com\/wp-content\/uploads\/sites\/378\/2021\/11\/Maritim-Hotel-Plaza-Tirana-Logo.png\",\"width\":300,\"height\":224,\"caption\":\"Maritim Hotel Plaza Tirana\"},\"image\":{\"@id\":\"https:\/\/www.plazatirana.com\/es\/#\/schema\/logo\/image\/\"}}]}<\/script>\n<!-- \/ Yoast SEO plugin. -->","yoast_head_json":{"title":"Maritim Hotel Plaza Tirana &#8212; Maritim Hotel Plaza Tirana &#8212;","description":"Situado en el centro de Tirana, en la mejor zona comercial y del negocio, s\u00f3lo a 3 minutos del Parlamento de Albania, Galer\u00eda Nacional de Arte, \u00d3pera y Ballet y el Teatro de la Asamblea Popular, Maritim Hotel Plaza Tirana es el nuevo hotel internacional de 5 estrellas.  Maritim Hotel Plaza Tirana es tambi\u00e9n un destino para los amantes de la comida: tres de nuestros restaurantes \u2013 PANEVINO, CONVIVIUM y SAVOR \u2013 ofrecen opciones que se adaptan a todos sus gustos.  Maritim Hotel Plaza Tirana es el lugar ideal para reunirse y celebrar en Tirana. Elija entre 8 salas de conferencias, las cuales pueden acomodar hasta a 350 invitados si quiere una boda, o una recepci\u00f3n menos formal, como puede ser una reuni\u00f3n de negocios, un c\u00f3ctel, una conferencia o eventos corporativos gratificantes.","robots":{"index":"index","follow":"follow","max-snippet":"max-snippet:-1","max-image-preview":"max-image-preview:large","max-video-preview":"max-video-preview:-1"},"canonical":"https:\/\/www.plazatirana.com\/es\/","og_locale":"es_ES","og_type":"article","og_title":"Maritim Hotel Plaza Tirana &#8212; Maritim Hotel Plaza Tirana &#8212;","og_description":"Situado en el centro de Tirana, en la mejor zona comercial y del negocio, s\u00f3lo a 3 minutos del Parlamento de Albania, Galer\u00eda Nacional de Arte, \u00d3pera y Ballet y el Teatro de la Asamblea Popular, Maritim Hotel Plaza Tirana es el nuevo hotel internacional de 5 estrellas.  Maritim Hotel Plaza Tirana es tambi\u00e9n un destino para los amantes de la comida: tres de nuestros restaurantes \u2013 PANEVINO, CONVIVIUM y SAVOR \u2013 ofrecen opciones que se adaptan a todos sus gustos.  Maritim Hotel Plaza Tirana es el lugar ideal para reunirse y celebrar en Tirana. Elija entre 8 salas de conferencias, las cuales pueden acomodar hasta a 350 invitados si quiere una boda, o una recepci\u00f3n menos formal, como puede ser una reuni\u00f3n de negocios, un c\u00f3ctel, una conferencia o eventos corporativos gratificantes.","og_url":"https:\/\/www.plazatirana.com\/es\/","og_site_name":"Maritim Hotel Plaza Tirana","article_modified_time":"2022-01-24T15:24:23+00:00","twitter_card":"summary_large_image","twitter_misc":{"Tiempo de lectura":"1 minuto"},"schema":{"@context":"https:\/\/schema.org","@graph":[{"@type":"WebPage","@id":"https:\/\/www.plazatirana.com\/es\/","url":"https:\/\/www.plazatirana.com\/es\/","name":"Maritim Hotel Plaza Tirana &#8212; Maritim Hotel Plaza Tirana &#8212;","isPartOf":{"@id":"https:\/\/www.plazatirana.com\/es\/#website"},"datePublished":"2021-11-19T16:26:08+00:00","dateModified":"2022-01-24T15:24:23+00:00","description":"Situado en el centro de Tirana, en la mejor zona comercial y del negocio, s\u00f3lo a 3 minutos del Parlamento de Albania, Galer\u00eda Nacional de Arte, \u00d3pera y Ballet y el Teatro de la Asamblea Popular, Maritim Hotel Plaza Tirana es el nuevo hotel internacional de 5 estrellas. Maritim Hotel Plaza Tirana es tambi\u00e9n un destino para los amantes de la comida: tres de nuestros restaurantes \u2013 PANEVINO, CONVIVIUM y SAVOR \u2013 ofrecen opciones que se adaptan a todos sus gustos. Maritim Hotel Plaza Tirana es el lugar ideal para reunirse y celebrar en Tirana. Elija entre 8 salas de conferencias, las cuales pueden acomodar hasta a 350 invitados si quiere una boda, o una recepci\u00f3n menos formal, como puede ser una reuni\u00f3n de negocios, un c\u00f3ctel, una conferencia o eventos corporativos gratificantes.","breadcrumb":{"@id":"https:\/\/www.plazatirana.com\/es\/#breadcrumb"},"inLanguage":"es","potentialAction":[{"@type":"ReadAction","target":["https:\/\/www.plazatirana.com\/es\/"]}]},{"@type":"BreadcrumbList","@id":"https:\/\/www.plazatirana.com\/es\/#breadcrumb","itemListElement":[{"@type":"ListItem","position":1,"name":"Home","item":"https:\/\/www.plazatirana.com\/es\/"},{"@type":"ListItem","position":2,"name":"Maritim Hotel Plaza Tirana"}]},{"@type":"WebSite","@id":"https:\/\/www.plazatirana.com\/es\/#website","url":"https:\/\/www.plazatirana.com\/es\/","name":"Maritim Hotel Plaza Tirana","description":"Just another ms.decms.eu site","publisher":{"@id":"https:\/\/www.plazatirana.com\/es\/#organization"},"potentialAction":[{"@type":"SearchAction","target":{"@type":"EntryPoint","urlTemplate":"https:\/\/www.plazatirana.com\/es\/?s={search_term_string}"},"query-input":{"@type":"PropertyValueSpecification","valueRequired":true,"valueName":"search_term_string"}}],"inLanguage":"es"},{"@type":"Organization","@id":"https:\/\/www.plazatirana.com\/es\/#organization","name":"Maritim Hotel Plaza Tirana","url":"https:\/\/www.plazatirana.com\/es\/","logo":{"@type":"ImageObject","inLanguage":"es","@id":"https:\/\/www.plazatirana.com\/es\/#\/schema\/logo\/image\/","url":"https:\/\/www.plazatirana.com\/wp-content\/uploads\/sites\/378\/2021\/11\/Maritim-Hotel-Plaza-Tirana-Logo.png","contentUrl":"https:\/\/www.plazatirana.com\/wp-content\/uploads\/sites\/378\/2021\/11\/Maritim-Hotel-Plaza-Tirana-Logo.png","width":300,"height":224,"caption":"Maritim Hotel Plaza Tirana"},"image":{"@id":"https:\/\/www.plazatirana.com\/es\/#\/schema\/logo\/image\/"}}]}},"acf":[],"_links":{"self":[{"href":"https:\/\/www.plazatirana.com\/es\/wp-json\/wp\/v2\/pages\/11","targetHints":{"allow":["GET"]}}],"collection":[{"href":"https:\/\/www.plazatirana.com\/es\/wp-json\/wp\/v2\/pages"}],"about":[{"href":"https:\/\/www.plazatirana.com\/es\/wp-json\/wp\/v2\/types\/page"}],"author":[{"embeddable":true,"href":"https:\/\/www.plazatirana.com\/es\/wp-json\/wp\/v2\/users\/7"}],"replies":[{"embeddable":true,"href":"https:\/\/www.plazatirana.com\/es\/wp-json\/wp\/v2\/comments?post=11"}],"version-history":[{"count":0,"href":"https:\/\/www.plazatirana.com\/es\/wp-json\/wp\/v2\/pages\/11\/revisions"}],"wp:attachment":[{"href":"https:\/\/www.plazatirana.com\/es\/wp-json\/wp\/v2\/media?parent=11"}],"curies":[{"name":"wp","href":"https:\/\/api.w.org\/{rel}","templated":true}]}}