{"id":926,"date":"2022-01-19T17:13:15","date_gmt":"2022-01-19T17:13:15","guid":{"rendered":"https:\/\/plaza-tirana.ms.decms.eu\/?page_id=926"},"modified":"2022-01-19T17:14:14","modified_gmt":"2022-01-19T17:14:14","slug":"fitnessstudio","status":"publish","type":"page","link":"https:\/\/www.plazatirana.com\/de\/fitnessstudio\/","title":{"rendered":"Fitnessstudio"},"content":{"rendered":"<p>Eine komplette Fitness-Studio-Umgebung, <strong>wo Sie eine Premium- Trainingserfahrung<\/strong> genie\u00dfen k\u00f6nnen sowohl f\u00fcr gelegentliche Fitness-Studio \u2013 G\u00e4nger und diejenigen die immer im Einklang mit ihren Fitness-Ziele halten wollen. <\/p>\n<p><strong>Unser Fitnessraum bietet die neue stilvolle<\/strong> Technogym Personal Reihe von Cardio, die Plurima Kraft und funktionelle Ausstattung mit innovativem Design und Energiespartechnik.<\/p>\n<p>Eine sehr pers\u00f6nliche Erfahrung mit unserer Wellness-Studio mit ARKE Tools, <strong>unserer Wellness-Studio<\/strong>, um funktionelles Training ausgestattet zu genie\u00dfen.<\/p>\n","protected":false},"excerpt":{"rendered":"<p>Eine komplette Fitness-Studio-Umgebung, wo Sie eine Premium- Trainingserfahrung genie\u00dfen k\u00f6nnen sowohl f\u00fcr gelegentliche Fitness-Studio \u2013 G\u00e4nger und diejenigen die immer im Einklang mit ihren Fitness-Ziele halten wollen. Unser Fitnessraum bietet die neue stilvolle Technogym Personal Reihe von Cardio, die Plurima Kraft und funktionelle Ausstattung mit innovativem Design und Energiespartechnik. Eine sehr pers\u00f6nliche Erfahrung mit unserer [&hellip;]<\/p>\n","protected":false},"author":7,"featured_media":0,"parent":0,"menu_order":16,"comment_status":"closed","ping_status":"closed","template":"template-default-4.php","meta":{"footnotes":""},"class_list":["post-926","page","type-page","status-publish","hentry"],"yoast_head":"<!-- This site is optimized with the Yoast SEO plugin v26.9 - https:\/\/yoast.com\/product\/yoast-seo-wordpress\/ -->\n<title>Fitnessstudio &#8212; Maritim Hotel Plaza Tirana &#8212;<\/title>\n<meta name=\"description\" content=\"Eine komplette Fitness-Studio-Umgebung, wo Sie eine Premium- Trainingserfahrung genie\u00dfen k\u00f6nnen sowohl f\u00fcr gelegentliche Fitness-Studio \u2013 G\u00e4nger und diejenigen die immer im Einklang mit ihren Fitness-Ziele halten wollen.    Unser Fitnessraum bietet die neue stilvolle Technogym Personal Reihe von Cardio, die Plurima Kraft und funktionelle Ausstattung mit innovativem Design und Energiespartechnik.  Eine sehr pers\u00f6nliche Erfahrung mit unserer Wellness-Studio mit ARKE Tools, unserer Wellness-Studio, um funktionelles Training ausgestattet zu genie\u00dfen.\" \/>\n<meta name=\"robots\" content=\"index, follow, max-snippet:-1, max-image-preview:large, max-video-preview:-1\" \/>\n<link rel=\"canonical\" href=\"https:\/\/www.plazatirana.com\/de\/fitnessstudio\/\" \/>\n<meta property=\"og:locale\" content=\"de_DE\" \/>\n<meta property=\"og:type\" content=\"article\" \/>\n<meta property=\"og:title\" content=\"Fitnessstudio &#8212; Maritim Hotel Plaza Tirana &#8212;\" \/>\n<meta property=\"og:description\" content=\"Eine komplette Fitness-Studio-Umgebung, wo Sie eine Premium- Trainingserfahrung genie\u00dfen k\u00f6nnen sowohl f\u00fcr gelegentliche Fitness-Studio \u2013 G\u00e4nger und diejenigen die immer im Einklang mit ihren Fitness-Ziele halten wollen.    Unser Fitnessraum bietet die neue stilvolle Technogym Personal Reihe von Cardio, die Plurima Kraft und funktionelle Ausstattung mit innovativem Design und Energiespartechnik.  Eine sehr pers\u00f6nliche Erfahrung mit unserer Wellness-Studio mit ARKE Tools, unserer Wellness-Studio, um funktionelles Training ausgestattet zu genie\u00dfen.\" \/>\n<meta property=\"og:url\" content=\"https:\/\/www.plazatirana.com\/de\/fitnessstudio\/\" \/>\n<meta property=\"og:site_name\" content=\"Maritim Hotel Plaza Tirana\" \/>\n<meta property=\"article:modified_time\" content=\"2022-01-19T17:14:14+00:00\" \/>\n<meta name=\"twitter:card\" content=\"summary_large_image\" \/>\n<script type=\"application\/ld+json\" class=\"yoast-schema-graph\">{\"@context\":\"https:\/\/schema.org\",\"@graph\":[{\"@type\":\"WebPage\",\"@id\":\"https:\/\/www.plazatirana.com\/de\/fitnessstudio\/\",\"url\":\"https:\/\/www.plazatirana.com\/de\/fitnessstudio\/\",\"name\":\"Fitnessstudio &#8212; Maritim Hotel Plaza Tirana &#8212;\",\"isPartOf\":{\"@id\":\"https:\/\/www.plazatirana.com\/de\/#website\"},\"datePublished\":\"2022-01-19T17:13:15+00:00\",\"dateModified\":\"2022-01-19T17:14:14+00:00\",\"description\":\"Eine komplette Fitness-Studio-Umgebung, wo Sie eine Premium- Trainingserfahrung genie\u00dfen k\u00f6nnen sowohl f\u00fcr gelegentliche Fitness-Studio \u2013 G\u00e4nger und diejenigen die immer im Einklang mit ihren Fitness-Ziele halten wollen. Unser Fitnessraum bietet die neue stilvolle Technogym Personal Reihe von Cardio, die Plurima Kraft und funktionelle Ausstattung mit innovativem Design und Energiespartechnik. Eine sehr pers\u00f6nliche Erfahrung mit unserer Wellness-Studio mit ARKE Tools, unserer Wellness-Studio, um funktionelles Training ausgestattet zu genie\u00dfen.\",\"breadcrumb\":{\"@id\":\"https:\/\/www.plazatirana.com\/de\/fitnessstudio\/#breadcrumb\"},\"inLanguage\":\"de-DE\",\"potentialAction\":[{\"@type\":\"ReadAction\",\"target\":[\"https:\/\/www.plazatirana.com\/de\/fitnessstudio\/\"]}]},{\"@type\":\"BreadcrumbList\",\"@id\":\"https:\/\/www.plazatirana.com\/de\/fitnessstudio\/#breadcrumb\",\"itemListElement\":[{\"@type\":\"ListItem\",\"position\":1,\"name\":\"Home\",\"item\":\"https:\/\/www.plazatirana.com\/de\/\"},{\"@type\":\"ListItem\",\"position\":2,\"name\":\"Fitnessstudio\"}]},{\"@type\":\"WebSite\",\"@id\":\"https:\/\/www.plazatirana.com\/de\/#website\",\"url\":\"https:\/\/www.plazatirana.com\/de\/\",\"name\":\"Maritim Hotel Plaza Tirana\",\"description\":\"Just another ms.decms.eu site\",\"publisher\":{\"@id\":\"https:\/\/www.plazatirana.com\/de\/#organization\"},\"potentialAction\":[{\"@type\":\"SearchAction\",\"target\":{\"@type\":\"EntryPoint\",\"urlTemplate\":\"https:\/\/www.plazatirana.com\/de\/?s={search_term_string}\"},\"query-input\":{\"@type\":\"PropertyValueSpecification\",\"valueRequired\":true,\"valueName\":\"search_term_string\"}}],\"inLanguage\":\"de-DE\"},{\"@type\":\"Organization\",\"@id\":\"https:\/\/www.plazatirana.com\/de\/#organization\",\"name\":\"Maritim Hotel Plaza Tirana\",\"url\":\"https:\/\/www.plazatirana.com\/de\/\",\"logo\":{\"@type\":\"ImageObject\",\"inLanguage\":\"de-DE\",\"@id\":\"https:\/\/www.plazatirana.com\/de\/#\/schema\/logo\/image\/\",\"url\":\"https:\/\/www.plazatirana.com\/wp-content\/uploads\/sites\/378\/2021\/11\/Maritim-Hotel-Plaza-Tirana-Logo.png\",\"contentUrl\":\"https:\/\/www.plazatirana.com\/wp-content\/uploads\/sites\/378\/2021\/11\/Maritim-Hotel-Plaza-Tirana-Logo.png\",\"width\":300,\"height\":224,\"caption\":\"Maritim Hotel Plaza Tirana\"},\"image\":{\"@id\":\"https:\/\/www.plazatirana.com\/de\/#\/schema\/logo\/image\/\"}}]}<\/script>\n<!-- \/ Yoast SEO plugin. -->","yoast_head_json":{"title":"Fitnessstudio &#8212; Maritim Hotel Plaza Tirana &#8212;","description":"Eine komplette Fitness-Studio-Umgebung, wo Sie eine Premium- Trainingserfahrung genie\u00dfen k\u00f6nnen sowohl f\u00fcr gelegentliche Fitness-Studio \u2013 G\u00e4nger und diejenigen die immer im Einklang mit ihren Fitness-Ziele halten wollen.    Unser Fitnessraum bietet die neue stilvolle Technogym Personal Reihe von Cardio, die Plurima Kraft und funktionelle Ausstattung mit innovativem Design und Energiespartechnik.  Eine sehr pers\u00f6nliche Erfahrung mit unserer Wellness-Studio mit ARKE Tools, unserer Wellness-Studio, um funktionelles Training ausgestattet zu genie\u00dfen.","robots":{"index":"index","follow":"follow","max-snippet":"max-snippet:-1","max-image-preview":"max-image-preview:large","max-video-preview":"max-video-preview:-1"},"canonical":"https:\/\/www.plazatirana.com\/de\/fitnessstudio\/","og_locale":"de_DE","og_type":"article","og_title":"Fitnessstudio &#8212; Maritim Hotel Plaza Tirana &#8212;","og_description":"Eine komplette Fitness-Studio-Umgebung, wo Sie eine Premium- Trainingserfahrung genie\u00dfen k\u00f6nnen sowohl f\u00fcr gelegentliche Fitness-Studio \u2013 G\u00e4nger und diejenigen die immer im Einklang mit ihren Fitness-Ziele halten wollen.    Unser Fitnessraum bietet die neue stilvolle Technogym Personal Reihe von Cardio, die Plurima Kraft und funktionelle Ausstattung mit innovativem Design und Energiespartechnik.  Eine sehr pers\u00f6nliche Erfahrung mit unserer Wellness-Studio mit ARKE Tools, unserer Wellness-Studio, um funktionelles Training ausgestattet zu genie\u00dfen.","og_url":"https:\/\/www.plazatirana.com\/de\/fitnessstudio\/","og_site_name":"Maritim Hotel Plaza Tirana","article_modified_time":"2022-01-19T17:14:14+00:00","twitter_card":"summary_large_image","schema":{"@context":"https:\/\/schema.org","@graph":[{"@type":"WebPage","@id":"https:\/\/www.plazatirana.com\/de\/fitnessstudio\/","url":"https:\/\/www.plazatirana.com\/de\/fitnessstudio\/","name":"Fitnessstudio &#8212; Maritim Hotel Plaza Tirana &#8212;","isPartOf":{"@id":"https:\/\/www.plazatirana.com\/de\/#website"},"datePublished":"2022-01-19T17:13:15+00:00","dateModified":"2022-01-19T17:14:14+00:00","description":"Eine komplette Fitness-Studio-Umgebung, wo Sie eine Premium- Trainingserfahrung genie\u00dfen k\u00f6nnen sowohl f\u00fcr gelegentliche Fitness-Studio \u2013 G\u00e4nger und diejenigen die immer im Einklang mit ihren Fitness-Ziele halten wollen. Unser Fitnessraum bietet die neue stilvolle Technogym Personal Reihe von Cardio, die Plurima Kraft und funktionelle Ausstattung mit innovativem Design und Energiespartechnik. Eine sehr pers\u00f6nliche Erfahrung mit unserer Wellness-Studio mit ARKE Tools, unserer Wellness-Studio, um funktionelles Training ausgestattet zu genie\u00dfen.","breadcrumb":{"@id":"https:\/\/www.plazatirana.com\/de\/fitnessstudio\/#breadcrumb"},"inLanguage":"de-DE","potentialAction":[{"@type":"ReadAction","target":["https:\/\/www.plazatirana.com\/de\/fitnessstudio\/"]}]},{"@type":"BreadcrumbList","@id":"https:\/\/www.plazatirana.com\/de\/fitnessstudio\/#breadcrumb","itemListElement":[{"@type":"ListItem","position":1,"name":"Home","item":"https:\/\/www.plazatirana.com\/de\/"},{"@type":"ListItem","position":2,"name":"Fitnessstudio"}]},{"@type":"WebSite","@id":"https:\/\/www.plazatirana.com\/de\/#website","url":"https:\/\/www.plazatirana.com\/de\/","name":"Maritim Hotel Plaza Tirana","description":"Just another ms.decms.eu site","publisher":{"@id":"https:\/\/www.plazatirana.com\/de\/#organization"},"potentialAction":[{"@type":"SearchAction","target":{"@type":"EntryPoint","urlTemplate":"https:\/\/www.plazatirana.com\/de\/?s={search_term_string}"},"query-input":{"@type":"PropertyValueSpecification","valueRequired":true,"valueName":"search_term_string"}}],"inLanguage":"de-DE"},{"@type":"Organization","@id":"https:\/\/www.plazatirana.com\/de\/#organization","name":"Maritim Hotel Plaza Tirana","url":"https:\/\/www.plazatirana.com\/de\/","logo":{"@type":"ImageObject","inLanguage":"de-DE","@id":"https:\/\/www.plazatirana.com\/de\/#\/schema\/logo\/image\/","url":"https:\/\/www.plazatirana.com\/wp-content\/uploads\/sites\/378\/2021\/11\/Maritim-Hotel-Plaza-Tirana-Logo.png","contentUrl":"https:\/\/www.plazatirana.com\/wp-content\/uploads\/sites\/378\/2021\/11\/Maritim-Hotel-Plaza-Tirana-Logo.png","width":300,"height":224,"caption":"Maritim Hotel Plaza Tirana"},"image":{"@id":"https:\/\/www.plazatirana.com\/de\/#\/schema\/logo\/image\/"}}]}},"acf":[],"_links":{"self":[{"href":"https:\/\/www.plazatirana.com\/de\/wp-json\/wp\/v2\/pages\/926","targetHints":{"allow":["GET"]}}],"collection":[{"href":"https:\/\/www.plazatirana.com\/de\/wp-json\/wp\/v2\/pages"}],"about":[{"href":"https:\/\/www.plazatirana.com\/de\/wp-json\/wp\/v2\/types\/page"}],"author":[{"embeddable":true,"href":"https:\/\/www.plazatirana.com\/de\/wp-json\/wp\/v2\/users\/7"}],"replies":[{"embeddable":true,"href":"https:\/\/www.plazatirana.com\/de\/wp-json\/wp\/v2\/comments?post=926"}],"version-history":[{"count":0,"href":"https:\/\/www.plazatirana.com\/de\/wp-json\/wp\/v2\/pages\/926\/revisions"}],"wp:attachment":[{"href":"https:\/\/www.plazatirana.com\/de\/wp-json\/wp\/v2\/media?parent=926"}],"curies":[{"name":"wp","href":"https:\/\/api.w.org\/{rel}","templated":true}]}}