{"id":432,"date":"2021-11-29T16:25:26","date_gmt":"2021-11-29T16:25:26","guid":{"rendered":"https:\/\/plaza-tirana.ms.decms.eu\/our-services\/"},"modified":"2021-11-29T16:56:01","modified_gmt":"2021-11-29T16:56:01","slug":"dienstleistungen","status":"publish","type":"page","link":"https:\/\/www.plazatirana.com\/de\/dienstleistungen\/","title":{"rendered":"Dienstleistungen"},"content":{"rendered":"<p>F\u00fcr die G\u00e4ste bietet Maritim Hotel Plaza Tirana die M\u00f6glichkeit w\u00f6chentliche Service Apartments zu mieten \u00fcber die Verl\u00e4ngerung ihres Aufenthalts, die eine private K\u00fcchenzeile beabsichtigen.<\/p>\n<p>Ein Haus weg von zu Hause, mit alles, was Sie in einer eleganten Wohnung ben\u00f6tigen, w\u00e4hrend Sie unsere Hotelleistungen alle zu genie\u00dfen k\u00f6nnen, wie die t\u00e4gliche Reinigung, 24- Stunden Zimmerservice, 24-Stunden- Fitnessraum, unsere Oblivion SPA und unser Concierge -Service, der freuet sich Ihre t\u00e4glichen Eink\u00e4ufe zu arrangieren, alles was Sie m\u00f6chten, im K\u00fchlschrank zu finden.<\/p>\n","protected":false},"excerpt":{"rendered":"<p>F\u00fcr die G\u00e4ste bietet Maritim Hotel Plaza Tirana die M\u00f6glichkeit w\u00f6chentliche Service Apartments zu mieten \u00fcber die Verl\u00e4ngerung ihres Aufenthalts, die eine private K\u00fcchenzeile beabsichtigen. Ein Haus weg von zu Hause, mit alles, was Sie in einer eleganten Wohnung ben\u00f6tigen, w\u00e4hrend Sie unsere Hotelleistungen alle zu genie\u00dfen k\u00f6nnen, wie die t\u00e4gliche Reinigung, 24- Stunden Zimmerservice, [&hellip;]<\/p>\n","protected":false},"author":7,"featured_media":0,"parent":0,"menu_order":10,"comment_status":"closed","ping_status":"closed","template":"template-services.php","meta":{"footnotes":""},"class_list":["post-432","page","type-page","status-publish","hentry"],"yoast_head":"<!-- This site is optimized with the Yoast SEO plugin v26.9 - https:\/\/yoast.com\/product\/yoast-seo-wordpress\/ -->\n<title>Dienstleistungen &#8212; Maritim Hotel Plaza Tirana &#8212;<\/title>\n<meta name=\"description\" content=\"F\u00fcr die G\u00e4ste bietet Maritim Hotel Plaza Tirana die M\u00f6glichkeit w\u00f6chentliche Service Apartments zu mieten \u00fcber die Verl\u00e4ngerung ihres Aufenthalts, die eine private K\u00fcchenzeile beabsichtigen.  Ein Haus weg von zu Hause, mit alles, was Sie in einer eleganten Wohnung ben\u00f6tigen, w\u00e4hrend Sie unsere Hotelleistungen alle zu genie\u00dfen k\u00f6nnen, wie die t\u00e4gliche Reinigung, 24- Stunden Zimmerservice, 24-Stunden- Fitnessraum, unsere Oblivion SPA und unser Concierge -Service, der freuet sich Ihre t\u00e4glichen Eink\u00e4ufe zu arrangieren, alles was Sie m\u00f6chten, im K\u00fchlschrank zu finden..\" \/>\n<meta name=\"robots\" content=\"index, follow, max-snippet:-1, max-image-preview:large, max-video-preview:-1\" \/>\n<link rel=\"canonical\" href=\"https:\/\/www.plazatirana.com\/de\/dienstleistungen\/\" \/>\n<meta property=\"og:locale\" content=\"de_DE\" \/>\n<meta property=\"og:type\" content=\"article\" \/>\n<meta property=\"og:title\" content=\"Dienstleistungen &#8212; Maritim Hotel Plaza Tirana &#8212;\" \/>\n<meta property=\"og:description\" content=\"F\u00fcr die G\u00e4ste bietet Maritim Hotel Plaza Tirana die M\u00f6glichkeit w\u00f6chentliche Service Apartments zu mieten \u00fcber die Verl\u00e4ngerung ihres Aufenthalts, die eine private K\u00fcchenzeile beabsichtigen.  Ein Haus weg von zu Hause, mit alles, was Sie in einer eleganten Wohnung ben\u00f6tigen, w\u00e4hrend Sie unsere Hotelleistungen alle zu genie\u00dfen k\u00f6nnen, wie die t\u00e4gliche Reinigung, 24- Stunden Zimmerservice, 24-Stunden- Fitnessraum, unsere Oblivion SPA und unser Concierge -Service, der freuet sich Ihre t\u00e4glichen Eink\u00e4ufe zu arrangieren, alles was Sie m\u00f6chten, im K\u00fchlschrank zu finden..\" \/>\n<meta property=\"og:url\" content=\"https:\/\/www.plazatirana.com\/de\/dienstleistungen\/\" \/>\n<meta property=\"og:site_name\" content=\"Maritim Hotel Plaza Tirana\" \/>\n<meta property=\"article:modified_time\" content=\"2021-11-29T16:56:01+00:00\" \/>\n<meta name=\"twitter:card\" content=\"summary_large_image\" \/>\n<meta name=\"twitter:label1\" content=\"Gesch\u00e4tzte Lesezeit\" \/>\n\t<meta name=\"twitter:data1\" content=\"1 Minute\" \/>\n<script type=\"application\/ld+json\" class=\"yoast-schema-graph\">{\"@context\":\"https:\/\/schema.org\",\"@graph\":[{\"@type\":\"WebPage\",\"@id\":\"https:\/\/www.plazatirana.com\/de\/dienstleistungen\/\",\"url\":\"https:\/\/www.plazatirana.com\/de\/dienstleistungen\/\",\"name\":\"Dienstleistungen &#8212; Maritim Hotel Plaza Tirana &#8212;\",\"isPartOf\":{\"@id\":\"https:\/\/www.plazatirana.com\/de\/#website\"},\"datePublished\":\"2021-11-29T16:25:26+00:00\",\"dateModified\":\"2021-11-29T16:56:01+00:00\",\"description\":\"F\u00fcr die G\u00e4ste bietet Maritim Hotel Plaza Tirana die M\u00f6glichkeit w\u00f6chentliche Service Apartments zu mieten \u00fcber die Verl\u00e4ngerung ihres Aufenthalts, die eine private K\u00fcchenzeile beabsichtigen. Ein Haus weg von zu Hause, mit alles, was Sie in einer eleganten Wohnung ben\u00f6tigen, w\u00e4hrend Sie unsere Hotelleistungen alle zu genie\u00dfen k\u00f6nnen, wie die t\u00e4gliche Reinigung, 24- Stunden Zimmerservice, 24-Stunden- Fitnessraum, unsere Oblivion SPA und unser Concierge -Service, der freuet sich Ihre t\u00e4glichen Eink\u00e4ufe zu arrangieren, alles was Sie m\u00f6chten, im K\u00fchlschrank zu finden..\",\"breadcrumb\":{\"@id\":\"https:\/\/www.plazatirana.com\/de\/dienstleistungen\/#breadcrumb\"},\"inLanguage\":\"de-DE\",\"potentialAction\":[{\"@type\":\"ReadAction\",\"target\":[\"https:\/\/www.plazatirana.com\/de\/dienstleistungen\/\"]}]},{\"@type\":\"BreadcrumbList\",\"@id\":\"https:\/\/www.plazatirana.com\/de\/dienstleistungen\/#breadcrumb\",\"itemListElement\":[{\"@type\":\"ListItem\",\"position\":1,\"name\":\"Home\",\"item\":\"https:\/\/www.plazatirana.com\/de\/\"},{\"@type\":\"ListItem\",\"position\":2,\"name\":\"Dienstleistungen\"}]},{\"@type\":\"WebSite\",\"@id\":\"https:\/\/www.plazatirana.com\/de\/#website\",\"url\":\"https:\/\/www.plazatirana.com\/de\/\",\"name\":\"Maritim Hotel Plaza Tirana\",\"description\":\"Just another ms.decms.eu site\",\"publisher\":{\"@id\":\"https:\/\/www.plazatirana.com\/de\/#organization\"},\"potentialAction\":[{\"@type\":\"SearchAction\",\"target\":{\"@type\":\"EntryPoint\",\"urlTemplate\":\"https:\/\/www.plazatirana.com\/de\/?s={search_term_string}\"},\"query-input\":{\"@type\":\"PropertyValueSpecification\",\"valueRequired\":true,\"valueName\":\"search_term_string\"}}],\"inLanguage\":\"de-DE\"},{\"@type\":\"Organization\",\"@id\":\"https:\/\/www.plazatirana.com\/de\/#organization\",\"name\":\"Maritim Hotel Plaza Tirana\",\"url\":\"https:\/\/www.plazatirana.com\/de\/\",\"logo\":{\"@type\":\"ImageObject\",\"inLanguage\":\"de-DE\",\"@id\":\"https:\/\/www.plazatirana.com\/de\/#\/schema\/logo\/image\/\",\"url\":\"https:\/\/www.plazatirana.com\/wp-content\/uploads\/sites\/378\/2021\/11\/Maritim-Hotel-Plaza-Tirana-Logo.png\",\"contentUrl\":\"https:\/\/www.plazatirana.com\/wp-content\/uploads\/sites\/378\/2021\/11\/Maritim-Hotel-Plaza-Tirana-Logo.png\",\"width\":300,\"height\":224,\"caption\":\"Maritim Hotel Plaza Tirana\"},\"image\":{\"@id\":\"https:\/\/www.plazatirana.com\/de\/#\/schema\/logo\/image\/\"}}]}<\/script>\n<!-- \/ Yoast SEO plugin. -->","yoast_head_json":{"title":"Dienstleistungen &#8212; Maritim Hotel Plaza Tirana &#8212;","description":"F\u00fcr die G\u00e4ste bietet Maritim Hotel Plaza Tirana die M\u00f6glichkeit w\u00f6chentliche Service Apartments zu mieten \u00fcber die Verl\u00e4ngerung ihres Aufenthalts, die eine private K\u00fcchenzeile beabsichtigen.  Ein Haus weg von zu Hause, mit alles, was Sie in einer eleganten Wohnung ben\u00f6tigen, w\u00e4hrend Sie unsere Hotelleistungen alle zu genie\u00dfen k\u00f6nnen, wie die t\u00e4gliche Reinigung, 24- Stunden Zimmerservice, 24-Stunden- Fitnessraum, unsere Oblivion SPA und unser Concierge -Service, der freuet sich Ihre t\u00e4glichen Eink\u00e4ufe zu arrangieren, alles was Sie m\u00f6chten, im K\u00fchlschrank zu finden..","robots":{"index":"index","follow":"follow","max-snippet":"max-snippet:-1","max-image-preview":"max-image-preview:large","max-video-preview":"max-video-preview:-1"},"canonical":"https:\/\/www.plazatirana.com\/de\/dienstleistungen\/","og_locale":"de_DE","og_type":"article","og_title":"Dienstleistungen &#8212; Maritim Hotel Plaza Tirana &#8212;","og_description":"F\u00fcr die G\u00e4ste bietet Maritim Hotel Plaza Tirana die M\u00f6glichkeit w\u00f6chentliche Service Apartments zu mieten \u00fcber die Verl\u00e4ngerung ihres Aufenthalts, die eine private K\u00fcchenzeile beabsichtigen.  Ein Haus weg von zu Hause, mit alles, was Sie in einer eleganten Wohnung ben\u00f6tigen, w\u00e4hrend Sie unsere Hotelleistungen alle zu genie\u00dfen k\u00f6nnen, wie die t\u00e4gliche Reinigung, 24- Stunden Zimmerservice, 24-Stunden- Fitnessraum, unsere Oblivion SPA und unser Concierge -Service, der freuet sich Ihre t\u00e4glichen Eink\u00e4ufe zu arrangieren, alles was Sie m\u00f6chten, im K\u00fchlschrank zu finden..","og_url":"https:\/\/www.plazatirana.com\/de\/dienstleistungen\/","og_site_name":"Maritim Hotel Plaza Tirana","article_modified_time":"2021-11-29T16:56:01+00:00","twitter_card":"summary_large_image","twitter_misc":{"Gesch\u00e4tzte Lesezeit":"1 Minute"},"schema":{"@context":"https:\/\/schema.org","@graph":[{"@type":"WebPage","@id":"https:\/\/www.plazatirana.com\/de\/dienstleistungen\/","url":"https:\/\/www.plazatirana.com\/de\/dienstleistungen\/","name":"Dienstleistungen &#8212; Maritim Hotel Plaza Tirana &#8212;","isPartOf":{"@id":"https:\/\/www.plazatirana.com\/de\/#website"},"datePublished":"2021-11-29T16:25:26+00:00","dateModified":"2021-11-29T16:56:01+00:00","description":"F\u00fcr die G\u00e4ste bietet Maritim Hotel Plaza Tirana die M\u00f6glichkeit w\u00f6chentliche Service Apartments zu mieten \u00fcber die Verl\u00e4ngerung ihres Aufenthalts, die eine private K\u00fcchenzeile beabsichtigen. Ein Haus weg von zu Hause, mit alles, was Sie in einer eleganten Wohnung ben\u00f6tigen, w\u00e4hrend Sie unsere Hotelleistungen alle zu genie\u00dfen k\u00f6nnen, wie die t\u00e4gliche Reinigung, 24- Stunden Zimmerservice, 24-Stunden- Fitnessraum, unsere Oblivion SPA und unser Concierge -Service, der freuet sich Ihre t\u00e4glichen Eink\u00e4ufe zu arrangieren, alles was Sie m\u00f6chten, im K\u00fchlschrank zu finden..","breadcrumb":{"@id":"https:\/\/www.plazatirana.com\/de\/dienstleistungen\/#breadcrumb"},"inLanguage":"de-DE","potentialAction":[{"@type":"ReadAction","target":["https:\/\/www.plazatirana.com\/de\/dienstleistungen\/"]}]},{"@type":"BreadcrumbList","@id":"https:\/\/www.plazatirana.com\/de\/dienstleistungen\/#breadcrumb","itemListElement":[{"@type":"ListItem","position":1,"name":"Home","item":"https:\/\/www.plazatirana.com\/de\/"},{"@type":"ListItem","position":2,"name":"Dienstleistungen"}]},{"@type":"WebSite","@id":"https:\/\/www.plazatirana.com\/de\/#website","url":"https:\/\/www.plazatirana.com\/de\/","name":"Maritim Hotel Plaza Tirana","description":"Just another ms.decms.eu site","publisher":{"@id":"https:\/\/www.plazatirana.com\/de\/#organization"},"potentialAction":[{"@type":"SearchAction","target":{"@type":"EntryPoint","urlTemplate":"https:\/\/www.plazatirana.com\/de\/?s={search_term_string}"},"query-input":{"@type":"PropertyValueSpecification","valueRequired":true,"valueName":"search_term_string"}}],"inLanguage":"de-DE"},{"@type":"Organization","@id":"https:\/\/www.plazatirana.com\/de\/#organization","name":"Maritim Hotel Plaza Tirana","url":"https:\/\/www.plazatirana.com\/de\/","logo":{"@type":"ImageObject","inLanguage":"de-DE","@id":"https:\/\/www.plazatirana.com\/de\/#\/schema\/logo\/image\/","url":"https:\/\/www.plazatirana.com\/wp-content\/uploads\/sites\/378\/2021\/11\/Maritim-Hotel-Plaza-Tirana-Logo.png","contentUrl":"https:\/\/www.plazatirana.com\/wp-content\/uploads\/sites\/378\/2021\/11\/Maritim-Hotel-Plaza-Tirana-Logo.png","width":300,"height":224,"caption":"Maritim Hotel Plaza Tirana"},"image":{"@id":"https:\/\/www.plazatirana.com\/de\/#\/schema\/logo\/image\/"}}]}},"acf":[],"_links":{"self":[{"href":"https:\/\/www.plazatirana.com\/de\/wp-json\/wp\/v2\/pages\/432","targetHints":{"allow":["GET"]}}],"collection":[{"href":"https:\/\/www.plazatirana.com\/de\/wp-json\/wp\/v2\/pages"}],"about":[{"href":"https:\/\/www.plazatirana.com\/de\/wp-json\/wp\/v2\/types\/page"}],"author":[{"embeddable":true,"href":"https:\/\/www.plazatirana.com\/de\/wp-json\/wp\/v2\/users\/7"}],"replies":[{"embeddable":true,"href":"https:\/\/www.plazatirana.com\/de\/wp-json\/wp\/v2\/comments?post=432"}],"version-history":[{"count":0,"href":"https:\/\/www.plazatirana.com\/de\/wp-json\/wp\/v2\/pages\/432\/revisions"}],"wp:attachment":[{"href":"https:\/\/www.plazatirana.com\/de\/wp-json\/wp\/v2\/media?parent=432"}],"curies":[{"name":"wp","href":"https:\/\/api.w.org\/{rel}","templated":true}]}}