{"id":411,"date":"2021-11-26T17:27:43","date_gmt":"2021-11-26T17:27:43","guid":{"rendered":"https:\/\/plaza-tirana.ms.decms.eu\/zimmer-und-suiten\/presidential-suite\/"},"modified":"2021-11-26T20:41:08","modified_gmt":"2021-11-26T20:41:08","slug":"praesidentensuite","status":"publish","type":"page","link":"https:\/\/www.plazatirana.com\/de\/zimmer-und-suiten\/praesidentensuite\/","title":{"rendered":"Pr\u00e4sidentensuite"},"content":{"rendered":"<p>Von seiner Lage auf der 22. Etage, die Pr\u00e4sidenten-Suite bietet Ihnen eine der sch\u00f6nsten Hotelserfahrungen. Die Suite verf\u00fcgt \u00fcber ein sorgf\u00e4ltiges Design, gro\u00dfz\u00fcgige Raumaufteilung und alle Annehmlichkeiten, die man sich w\u00fcnschen k\u00f6nnte.<\/p>\n<p>Das Schlafzimmer hat ein Queen- Size-Bett, indischer Bambusteppich und einen begehbaren Kleiderschrank. Die beiden atemberaubenden Badezimmer mit einer \u00fcberdimensionalen Badewanne, Dampfbad und Erlebnisdusche wird das Gef\u00fchl von echter Entspannung liefern. Die Presidential Suite bietet den perfekten Rahmen mit die G\u00e4ste in seinem Media-Raum oder in eine voll ausgestattete B\u00fcro Gesch\u00e4fte zu machen. Mit einem wahren Gef\u00fchl von Luxus und Raum der gro\u00dfe Wohn- und Essbereich werden Sie sich f\u00fchlen, als Sie eine private Residenz in der Hauptstadt von Albanien besitzen.<\/p>\n<p>Nehmen Sie unseren engagierten Butler -Team f\u00fcr individuelle Speisen oder Unterhaltung Arrangements, um die Ereignisse in der Suite noch au\u00dfergew\u00f6hnlicher zu machen. Ein Aufenthalt in unsere Presidential Suite wird Ihr Konzept der au\u00dfergew\u00f6hnlichen Luxus neu definieren.<\/p>\n","protected":false},"excerpt":{"rendered":"<p>Von seiner Lage auf der 22. Etage, die Pr\u00e4sidenten-Suite bietet Ihnen eine der sch\u00f6nsten Hotelserfahrungen. Die Suite verf\u00fcgt \u00fcber ein sorgf\u00e4ltiges Design, gro\u00dfz\u00fcgige Raumaufteilung und alle Annehmlichkeiten, die man sich w\u00fcnschen k\u00f6nnte. Das Schlafzimmer hat ein Queen- Size-Bett, indischer Bambusteppich und einen begehbaren Kleiderschrank. Die beiden atemberaubenden Badezimmer mit einer \u00fcberdimensionalen Badewanne, Dampfbad und Erlebnisdusche [&hellip;]<\/p>\n","protected":false},"author":7,"featured_media":0,"parent":97,"menu_order":7,"comment_status":"closed","ping_status":"closed","template":"template-single-room.php","meta":{"footnotes":""},"class_list":["post-411","page","type-page","status-publish","hentry"],"yoast_head":"<!-- This site is optimized with the Yoast SEO plugin v26.9 - https:\/\/yoast.com\/product\/yoast-seo-wordpress\/ -->\n<title>Pr\u00e4sidentensuite &#8212; Maritim Hotel Plaza Tirana &#8212;<\/title>\n<meta name=\"description\" content=\"Von seiner Lage auf der 22. Etage, die Pr\u00e4sidenten-Suite bietet Ihnen eine der sch\u00f6nsten Hotelserfahrungen\" \/>\n<meta name=\"robots\" content=\"index, follow, max-snippet:-1, max-image-preview:large, max-video-preview:-1\" \/>\n<link rel=\"canonical\" href=\"https:\/\/www.plazatirana.com\/de\/zimmer-und-suiten\/praesidentensuite\/\" \/>\n<meta property=\"og:locale\" content=\"de_DE\" \/>\n<meta property=\"og:type\" content=\"article\" \/>\n<meta property=\"og:title\" content=\"Pr\u00e4sidentensuite &#8212; Maritim Hotel Plaza Tirana &#8212;\" \/>\n<meta property=\"og:description\" content=\"Von seiner Lage auf der 22. Etage, die Pr\u00e4sidenten-Suite bietet Ihnen eine der sch\u00f6nsten Hotelserfahrungen\" \/>\n<meta property=\"og:url\" content=\"https:\/\/www.plazatirana.com\/de\/zimmer-und-suiten\/praesidentensuite\/\" \/>\n<meta property=\"og:site_name\" content=\"Maritim Hotel Plaza Tirana\" \/>\n<meta property=\"article:modified_time\" content=\"2021-11-26T20:41:08+00:00\" \/>\n<meta name=\"twitter:card\" content=\"summary_large_image\" \/>\n<meta name=\"twitter:label1\" content=\"Gesch\u00e4tzte Lesezeit\" \/>\n\t<meta name=\"twitter:data1\" content=\"1 Minute\" \/>\n<script type=\"application\/ld+json\" class=\"yoast-schema-graph\">{\"@context\":\"https:\/\/schema.org\",\"@graph\":[{\"@type\":\"WebPage\",\"@id\":\"https:\/\/www.plazatirana.com\/de\/zimmer-und-suiten\/praesidentensuite\/\",\"url\":\"https:\/\/www.plazatirana.com\/de\/zimmer-und-suiten\/praesidentensuite\/\",\"name\":\"Pr\u00e4sidentensuite &#8212; Maritim Hotel Plaza Tirana &#8212;\",\"isPartOf\":{\"@id\":\"https:\/\/www.plazatirana.com\/de\/#website\"},\"datePublished\":\"2021-11-26T17:27:43+00:00\",\"dateModified\":\"2021-11-26T20:41:08+00:00\",\"description\":\"Von seiner Lage auf der 22. Etage, die Pr\u00e4sidenten-Suite bietet Ihnen eine der sch\u00f6nsten Hotelserfahrungen\",\"breadcrumb\":{\"@id\":\"https:\/\/www.plazatirana.com\/de\/zimmer-und-suiten\/praesidentensuite\/#breadcrumb\"},\"inLanguage\":\"de-DE\",\"potentialAction\":[{\"@type\":\"ReadAction\",\"target\":[\"https:\/\/www.plazatirana.com\/de\/zimmer-und-suiten\/praesidentensuite\/\"]}]},{\"@type\":\"BreadcrumbList\",\"@id\":\"https:\/\/www.plazatirana.com\/de\/zimmer-und-suiten\/praesidentensuite\/#breadcrumb\",\"itemListElement\":[{\"@type\":\"ListItem\",\"position\":1,\"name\":\"Home\",\"item\":\"https:\/\/www.plazatirana.com\/de\/\"},{\"@type\":\"ListItem\",\"position\":2,\"name\":\"Zimmer und Suiten\",\"item\":\"https:\/\/www.plazatirana.com\/de\/zimmer-und-suiten\/\"},{\"@type\":\"ListItem\",\"position\":3,\"name\":\"Pr\u00e4sidentensuite\"}]},{\"@type\":\"WebSite\",\"@id\":\"https:\/\/www.plazatirana.com\/de\/#website\",\"url\":\"https:\/\/www.plazatirana.com\/de\/\",\"name\":\"Maritim Hotel Plaza Tirana\",\"description\":\"Just another ms.decms.eu site\",\"publisher\":{\"@id\":\"https:\/\/www.plazatirana.com\/de\/#organization\"},\"potentialAction\":[{\"@type\":\"SearchAction\",\"target\":{\"@type\":\"EntryPoint\",\"urlTemplate\":\"https:\/\/www.plazatirana.com\/de\/?s={search_term_string}\"},\"query-input\":{\"@type\":\"PropertyValueSpecification\",\"valueRequired\":true,\"valueName\":\"search_term_string\"}}],\"inLanguage\":\"de-DE\"},{\"@type\":\"Organization\",\"@id\":\"https:\/\/www.plazatirana.com\/de\/#organization\",\"name\":\"Maritim Hotel Plaza Tirana\",\"url\":\"https:\/\/www.plazatirana.com\/de\/\",\"logo\":{\"@type\":\"ImageObject\",\"inLanguage\":\"de-DE\",\"@id\":\"https:\/\/www.plazatirana.com\/de\/#\/schema\/logo\/image\/\",\"url\":\"https:\/\/www.plazatirana.com\/wp-content\/uploads\/sites\/378\/2021\/11\/Maritim-Hotel-Plaza-Tirana-Logo.png\",\"contentUrl\":\"https:\/\/www.plazatirana.com\/wp-content\/uploads\/sites\/378\/2021\/11\/Maritim-Hotel-Plaza-Tirana-Logo.png\",\"width\":300,\"height\":224,\"caption\":\"Maritim Hotel Plaza Tirana\"},\"image\":{\"@id\":\"https:\/\/www.plazatirana.com\/de\/#\/schema\/logo\/image\/\"}}]}<\/script>\n<!-- \/ Yoast SEO plugin. -->","yoast_head_json":{"title":"Pr\u00e4sidentensuite &#8212; Maritim Hotel Plaza Tirana &#8212;","description":"Von seiner Lage auf der 22. Etage, die Pr\u00e4sidenten-Suite bietet Ihnen eine der sch\u00f6nsten Hotelserfahrungen","robots":{"index":"index","follow":"follow","max-snippet":"max-snippet:-1","max-image-preview":"max-image-preview:large","max-video-preview":"max-video-preview:-1"},"canonical":"https:\/\/www.plazatirana.com\/de\/zimmer-und-suiten\/praesidentensuite\/","og_locale":"de_DE","og_type":"article","og_title":"Pr\u00e4sidentensuite &#8212; Maritim Hotel Plaza Tirana &#8212;","og_description":"Von seiner Lage auf der 22. Etage, die Pr\u00e4sidenten-Suite bietet Ihnen eine der sch\u00f6nsten Hotelserfahrungen","og_url":"https:\/\/www.plazatirana.com\/de\/zimmer-und-suiten\/praesidentensuite\/","og_site_name":"Maritim Hotel Plaza Tirana","article_modified_time":"2021-11-26T20:41:08+00:00","twitter_card":"summary_large_image","twitter_misc":{"Gesch\u00e4tzte Lesezeit":"1 Minute"},"schema":{"@context":"https:\/\/schema.org","@graph":[{"@type":"WebPage","@id":"https:\/\/www.plazatirana.com\/de\/zimmer-und-suiten\/praesidentensuite\/","url":"https:\/\/www.plazatirana.com\/de\/zimmer-und-suiten\/praesidentensuite\/","name":"Pr\u00e4sidentensuite &#8212; Maritim Hotel Plaza Tirana &#8212;","isPartOf":{"@id":"https:\/\/www.plazatirana.com\/de\/#website"},"datePublished":"2021-11-26T17:27:43+00:00","dateModified":"2021-11-26T20:41:08+00:00","description":"Von seiner Lage auf der 22. Etage, die Pr\u00e4sidenten-Suite bietet Ihnen eine der sch\u00f6nsten Hotelserfahrungen","breadcrumb":{"@id":"https:\/\/www.plazatirana.com\/de\/zimmer-und-suiten\/praesidentensuite\/#breadcrumb"},"inLanguage":"de-DE","potentialAction":[{"@type":"ReadAction","target":["https:\/\/www.plazatirana.com\/de\/zimmer-und-suiten\/praesidentensuite\/"]}]},{"@type":"BreadcrumbList","@id":"https:\/\/www.plazatirana.com\/de\/zimmer-und-suiten\/praesidentensuite\/#breadcrumb","itemListElement":[{"@type":"ListItem","position":1,"name":"Home","item":"https:\/\/www.plazatirana.com\/de\/"},{"@type":"ListItem","position":2,"name":"Zimmer und Suiten","item":"https:\/\/www.plazatirana.com\/de\/zimmer-und-suiten\/"},{"@type":"ListItem","position":3,"name":"Pr\u00e4sidentensuite"}]},{"@type":"WebSite","@id":"https:\/\/www.plazatirana.com\/de\/#website","url":"https:\/\/www.plazatirana.com\/de\/","name":"Maritim Hotel Plaza Tirana","description":"Just another ms.decms.eu site","publisher":{"@id":"https:\/\/www.plazatirana.com\/de\/#organization"},"potentialAction":[{"@type":"SearchAction","target":{"@type":"EntryPoint","urlTemplate":"https:\/\/www.plazatirana.com\/de\/?s={search_term_string}"},"query-input":{"@type":"PropertyValueSpecification","valueRequired":true,"valueName":"search_term_string"}}],"inLanguage":"de-DE"},{"@type":"Organization","@id":"https:\/\/www.plazatirana.com\/de\/#organization","name":"Maritim Hotel Plaza Tirana","url":"https:\/\/www.plazatirana.com\/de\/","logo":{"@type":"ImageObject","inLanguage":"de-DE","@id":"https:\/\/www.plazatirana.com\/de\/#\/schema\/logo\/image\/","url":"https:\/\/www.plazatirana.com\/wp-content\/uploads\/sites\/378\/2021\/11\/Maritim-Hotel-Plaza-Tirana-Logo.png","contentUrl":"https:\/\/www.plazatirana.com\/wp-content\/uploads\/sites\/378\/2021\/11\/Maritim-Hotel-Plaza-Tirana-Logo.png","width":300,"height":224,"caption":"Maritim Hotel Plaza Tirana"},"image":{"@id":"https:\/\/www.plazatirana.com\/de\/#\/schema\/logo\/image\/"}}]}},"acf":[],"_links":{"self":[{"href":"https:\/\/www.plazatirana.com\/de\/wp-json\/wp\/v2\/pages\/411","targetHints":{"allow":["GET"]}}],"collection":[{"href":"https:\/\/www.plazatirana.com\/de\/wp-json\/wp\/v2\/pages"}],"about":[{"href":"https:\/\/www.plazatirana.com\/de\/wp-json\/wp\/v2\/types\/page"}],"author":[{"embeddable":true,"href":"https:\/\/www.plazatirana.com\/de\/wp-json\/wp\/v2\/users\/7"}],"replies":[{"embeddable":true,"href":"https:\/\/www.plazatirana.com\/de\/wp-json\/wp\/v2\/comments?post=411"}],"version-history":[{"count":0,"href":"https:\/\/www.plazatirana.com\/de\/wp-json\/wp\/v2\/pages\/411\/revisions"}],"up":[{"embeddable":true,"href":"https:\/\/www.plazatirana.com\/de\/wp-json\/wp\/v2\/pages\/97"}],"wp:attachment":[{"href":"https:\/\/www.plazatirana.com\/de\/wp-json\/wp\/v2\/media?parent=411"}],"curies":[{"name":"wp","href":"https:\/\/api.w.org\/{rel}","templated":true}]}}