{"id":206,"date":"2021-11-26T09:50:50","date_gmt":"2021-11-26T09:50:50","guid":{"rendered":"https:\/\/plaza-tirana.ms.decms.eu\/zimmer-und-suiten\/spa-suite\/"},"modified":"2021-11-26T11:53:56","modified_gmt":"2021-11-26T11:53:56","slug":"spa-suite","status":"publish","type":"page","link":"https:\/\/www.plazatirana.com\/de\/zimmer-und-suiten\/spa-suite\/","title":{"rendered":"SPA Suite"},"content":{"rendered":"<p>F\u00fchlen Sie in das ultimative Entspannungserlebnis. Die SPA Suite ist genau das, was Sie sein wollen. Verl\u00e4ngern Sie Ihren Aufenthalt in der Oase der Lust, in einer Suite mit Ihren eigenen pers\u00f6nlichen Jacuzzi, Erlebnisdusche und ein Dampfbad.<\/p>\n","protected":false},"excerpt":{"rendered":"<p>F\u00fchlen Sie in das ultimative Entspannungserlebnis. Die SPA Suite ist genau das, was Sie sein wollen. Verl\u00e4ngern Sie Ihren Aufenthalt in der Oase der Lust, in einer Suite mit Ihren eigenen pers\u00f6nlichen Jacuzzi, Erlebnisdusche und ein Dampfbad.<\/p>\n","protected":false},"author":7,"featured_media":0,"parent":97,"menu_order":5,"comment_status":"closed","ping_status":"closed","template":"template-single-room.php","meta":{"footnotes":""},"class_list":["post-206","page","type-page","status-publish","hentry"],"yoast_head":"<!-- This site is optimized with the Yoast SEO plugin v26.9 - https:\/\/yoast.com\/product\/yoast-seo-wordpress\/ -->\n<title>SPA Suite &#8212; Maritim Hotel Plaza Tirana &#8212;<\/title>\n<meta name=\"description\" content=\"F\u00fchlen Sie in das ultimative Entspannungserlebnis. Die SPA Suite ist genau das, was Sie sein wollen\" \/>\n<meta name=\"robots\" content=\"index, follow, max-snippet:-1, max-image-preview:large, max-video-preview:-1\" \/>\n<link rel=\"canonical\" href=\"https:\/\/www.plazatirana.com\/de\/zimmer-und-suiten\/spa-suite\/\" \/>\n<meta property=\"og:locale\" content=\"de_DE\" \/>\n<meta property=\"og:type\" content=\"article\" \/>\n<meta property=\"og:title\" content=\"SPA Suite &#8212; Maritim Hotel Plaza Tirana &#8212;\" \/>\n<meta property=\"og:description\" content=\"F\u00fchlen Sie in das ultimative Entspannungserlebnis. Die SPA Suite ist genau das, was Sie sein wollen\" \/>\n<meta property=\"og:url\" content=\"https:\/\/www.plazatirana.com\/de\/zimmer-und-suiten\/spa-suite\/\" \/>\n<meta property=\"og:site_name\" content=\"Maritim Hotel Plaza Tirana\" \/>\n<meta property=\"article:modified_time\" content=\"2021-11-26T11:53:56+00:00\" \/>\n<meta name=\"twitter:card\" content=\"summary_large_image\" \/>\n<script type=\"application\/ld+json\" class=\"yoast-schema-graph\">{\"@context\":\"https:\/\/schema.org\",\"@graph\":[{\"@type\":\"WebPage\",\"@id\":\"https:\/\/www.plazatirana.com\/de\/zimmer-und-suiten\/spa-suite\/\",\"url\":\"https:\/\/www.plazatirana.com\/de\/zimmer-und-suiten\/spa-suite\/\",\"name\":\"SPA Suite &#8212; Maritim Hotel Plaza Tirana &#8212;\",\"isPartOf\":{\"@id\":\"https:\/\/www.plazatirana.com\/de\/#website\"},\"datePublished\":\"2021-11-26T09:50:50+00:00\",\"dateModified\":\"2021-11-26T11:53:56+00:00\",\"description\":\"F\u00fchlen Sie in das ultimative Entspannungserlebnis. Die SPA Suite ist genau das, was Sie sein wollen\",\"breadcrumb\":{\"@id\":\"https:\/\/www.plazatirana.com\/de\/zimmer-und-suiten\/spa-suite\/#breadcrumb\"},\"inLanguage\":\"de-DE\",\"potentialAction\":[{\"@type\":\"ReadAction\",\"target\":[\"https:\/\/www.plazatirana.com\/de\/zimmer-und-suiten\/spa-suite\/\"]}]},{\"@type\":\"BreadcrumbList\",\"@id\":\"https:\/\/www.plazatirana.com\/de\/zimmer-und-suiten\/spa-suite\/#breadcrumb\",\"itemListElement\":[{\"@type\":\"ListItem\",\"position\":1,\"name\":\"Home\",\"item\":\"https:\/\/www.plazatirana.com\/de\/\"},{\"@type\":\"ListItem\",\"position\":2,\"name\":\"Zimmer und Suiten\",\"item\":\"https:\/\/www.plazatirana.com\/de\/zimmer-und-suiten\/\"},{\"@type\":\"ListItem\",\"position\":3,\"name\":\"SPA Suite\"}]},{\"@type\":\"WebSite\",\"@id\":\"https:\/\/www.plazatirana.com\/de\/#website\",\"url\":\"https:\/\/www.plazatirana.com\/de\/\",\"name\":\"Maritim Hotel Plaza Tirana\",\"description\":\"Just another ms.decms.eu site\",\"publisher\":{\"@id\":\"https:\/\/www.plazatirana.com\/de\/#organization\"},\"potentialAction\":[{\"@type\":\"SearchAction\",\"target\":{\"@type\":\"EntryPoint\",\"urlTemplate\":\"https:\/\/www.plazatirana.com\/de\/?s={search_term_string}\"},\"query-input\":{\"@type\":\"PropertyValueSpecification\",\"valueRequired\":true,\"valueName\":\"search_term_string\"}}],\"inLanguage\":\"de-DE\"},{\"@type\":\"Organization\",\"@id\":\"https:\/\/www.plazatirana.com\/de\/#organization\",\"name\":\"Maritim Hotel Plaza Tirana\",\"url\":\"https:\/\/www.plazatirana.com\/de\/\",\"logo\":{\"@type\":\"ImageObject\",\"inLanguage\":\"de-DE\",\"@id\":\"https:\/\/www.plazatirana.com\/de\/#\/schema\/logo\/image\/\",\"url\":\"https:\/\/www.plazatirana.com\/wp-content\/uploads\/sites\/378\/2021\/11\/Maritim-Hotel-Plaza-Tirana-Logo.png\",\"contentUrl\":\"https:\/\/www.plazatirana.com\/wp-content\/uploads\/sites\/378\/2021\/11\/Maritim-Hotel-Plaza-Tirana-Logo.png\",\"width\":300,\"height\":224,\"caption\":\"Maritim Hotel Plaza Tirana\"},\"image\":{\"@id\":\"https:\/\/www.plazatirana.com\/de\/#\/schema\/logo\/image\/\"}}]}<\/script>\n<!-- \/ Yoast SEO plugin. -->","yoast_head_json":{"title":"SPA Suite &#8212; Maritim Hotel Plaza Tirana &#8212;","description":"F\u00fchlen Sie in das ultimative Entspannungserlebnis. Die SPA Suite ist genau das, was Sie sein wollen","robots":{"index":"index","follow":"follow","max-snippet":"max-snippet:-1","max-image-preview":"max-image-preview:large","max-video-preview":"max-video-preview:-1"},"canonical":"https:\/\/www.plazatirana.com\/de\/zimmer-und-suiten\/spa-suite\/","og_locale":"de_DE","og_type":"article","og_title":"SPA Suite &#8212; Maritim Hotel Plaza Tirana &#8212;","og_description":"F\u00fchlen Sie in das ultimative Entspannungserlebnis. Die SPA Suite ist genau das, was Sie sein wollen","og_url":"https:\/\/www.plazatirana.com\/de\/zimmer-und-suiten\/spa-suite\/","og_site_name":"Maritim Hotel Plaza Tirana","article_modified_time":"2021-11-26T11:53:56+00:00","twitter_card":"summary_large_image","schema":{"@context":"https:\/\/schema.org","@graph":[{"@type":"WebPage","@id":"https:\/\/www.plazatirana.com\/de\/zimmer-und-suiten\/spa-suite\/","url":"https:\/\/www.plazatirana.com\/de\/zimmer-und-suiten\/spa-suite\/","name":"SPA Suite &#8212; Maritim Hotel Plaza Tirana &#8212;","isPartOf":{"@id":"https:\/\/www.plazatirana.com\/de\/#website"},"datePublished":"2021-11-26T09:50:50+00:00","dateModified":"2021-11-26T11:53:56+00:00","description":"F\u00fchlen Sie in das ultimative Entspannungserlebnis. Die SPA Suite ist genau das, was Sie sein wollen","breadcrumb":{"@id":"https:\/\/www.plazatirana.com\/de\/zimmer-und-suiten\/spa-suite\/#breadcrumb"},"inLanguage":"de-DE","potentialAction":[{"@type":"ReadAction","target":["https:\/\/www.plazatirana.com\/de\/zimmer-und-suiten\/spa-suite\/"]}]},{"@type":"BreadcrumbList","@id":"https:\/\/www.plazatirana.com\/de\/zimmer-und-suiten\/spa-suite\/#breadcrumb","itemListElement":[{"@type":"ListItem","position":1,"name":"Home","item":"https:\/\/www.plazatirana.com\/de\/"},{"@type":"ListItem","position":2,"name":"Zimmer und Suiten","item":"https:\/\/www.plazatirana.com\/de\/zimmer-und-suiten\/"},{"@type":"ListItem","position":3,"name":"SPA Suite"}]},{"@type":"WebSite","@id":"https:\/\/www.plazatirana.com\/de\/#website","url":"https:\/\/www.plazatirana.com\/de\/","name":"Maritim Hotel Plaza Tirana","description":"Just another ms.decms.eu site","publisher":{"@id":"https:\/\/www.plazatirana.com\/de\/#organization"},"potentialAction":[{"@type":"SearchAction","target":{"@type":"EntryPoint","urlTemplate":"https:\/\/www.plazatirana.com\/de\/?s={search_term_string}"},"query-input":{"@type":"PropertyValueSpecification","valueRequired":true,"valueName":"search_term_string"}}],"inLanguage":"de-DE"},{"@type":"Organization","@id":"https:\/\/www.plazatirana.com\/de\/#organization","name":"Maritim Hotel Plaza Tirana","url":"https:\/\/www.plazatirana.com\/de\/","logo":{"@type":"ImageObject","inLanguage":"de-DE","@id":"https:\/\/www.plazatirana.com\/de\/#\/schema\/logo\/image\/","url":"https:\/\/www.plazatirana.com\/wp-content\/uploads\/sites\/378\/2021\/11\/Maritim-Hotel-Plaza-Tirana-Logo.png","contentUrl":"https:\/\/www.plazatirana.com\/wp-content\/uploads\/sites\/378\/2021\/11\/Maritim-Hotel-Plaza-Tirana-Logo.png","width":300,"height":224,"caption":"Maritim Hotel Plaza Tirana"},"image":{"@id":"https:\/\/www.plazatirana.com\/de\/#\/schema\/logo\/image\/"}}]}},"acf":[],"_links":{"self":[{"href":"https:\/\/www.plazatirana.com\/de\/wp-json\/wp\/v2\/pages\/206","targetHints":{"allow":["GET"]}}],"collection":[{"href":"https:\/\/www.plazatirana.com\/de\/wp-json\/wp\/v2\/pages"}],"about":[{"href":"https:\/\/www.plazatirana.com\/de\/wp-json\/wp\/v2\/types\/page"}],"author":[{"embeddable":true,"href":"https:\/\/www.plazatirana.com\/de\/wp-json\/wp\/v2\/users\/7"}],"replies":[{"embeddable":true,"href":"https:\/\/www.plazatirana.com\/de\/wp-json\/wp\/v2\/comments?post=206"}],"version-history":[{"count":0,"href":"https:\/\/www.plazatirana.com\/de\/wp-json\/wp\/v2\/pages\/206\/revisions"}],"up":[{"embeddable":true,"href":"https:\/\/www.plazatirana.com\/de\/wp-json\/wp\/v2\/pages\/97"}],"wp:attachment":[{"href":"https:\/\/www.plazatirana.com\/de\/wp-json\/wp\/v2\/media?parent=206"}],"curies":[{"name":"wp","href":"https:\/\/api.w.org\/{rel}","templated":true}]}}