{"id":157,"date":"2021-11-25T13:46:22","date_gmt":"2021-11-25T13:46:22","guid":{"rendered":"https:\/\/plaza-tirana.ms.decms.eu\/zimmer-und-suiten\/deluxe-room\/"},"modified":"2021-11-25T17:33:47","modified_gmt":"2021-11-25T17:33:47","slug":"deluxe-zimmer","status":"publish","type":"page","link":"https:\/\/www.plazatirana.com\/de\/zimmer-und-suiten\/deluxe-zimmer\/","title":{"rendered":"Deluxe Zimmer"},"content":{"rendered":"<p>Die R\u00fcckkehr von einem gro\u00dfen Paradis nach einem gesch\u00e4ftlichen Tag oder zum Vergn\u00fcgen. Unsere Deluxe Zimmer kombinieren Komfort mit modernem Stil und auch eine tolle Aussicht auf die Stadt. Jedes Zimmer bietet Ihnen den Komfort, inclusive ein elegantes Badezimmer, mit einer Badewanne und einer Dusche ausgestattet, und Queen-Size- Betten.<\/p>\n","protected":false},"excerpt":{"rendered":"<p>Die R\u00fcckkehr von einem gro\u00dfen Paradis nach einem gesch\u00e4ftlichen Tag oder zum Vergn\u00fcgen. Unsere Deluxe Zimmer kombinieren Komfort mit modernem Stil und auch eine tolle Aussicht auf die Stadt. Jedes Zimmer bietet Ihnen den Komfort, inclusive ein elegantes Badezimmer, mit einer Badewanne und einer Dusche ausgestattet, und Queen-Size- Betten.<\/p>\n","protected":false},"author":7,"featured_media":0,"parent":97,"menu_order":3,"comment_status":"closed","ping_status":"closed","template":"template-single-room.php","meta":{"footnotes":""},"class_list":["post-157","page","type-page","status-publish","hentry"],"yoast_head":"<!-- This site is optimized with the Yoast SEO plugin v26.9 - https:\/\/yoast.com\/product\/yoast-seo-wordpress\/ -->\n<title>Deluxe Zimmer &#8212; Maritim Hotel Plaza Tirana &#8212;<\/title>\n<meta name=\"description\" content=\"Die R\u00fcckkehr von einem gro\u00dfen Paradis nach einem gesch\u00e4ftlichen Tag oder zum Vergn\u00fcgen. Unsere Deluxe Zimmer kombinieren Komfort mit modernem Stil und auch eine tolle Aussicht auf die Stadt\" \/>\n<meta name=\"robots\" content=\"index, follow, max-snippet:-1, max-image-preview:large, max-video-preview:-1\" \/>\n<link rel=\"canonical\" href=\"https:\/\/www.plazatirana.com\/de\/zimmer-und-suiten\/deluxe-zimmer\/\" \/>\n<meta property=\"og:locale\" content=\"de_DE\" \/>\n<meta property=\"og:type\" content=\"article\" \/>\n<meta property=\"og:title\" content=\"Deluxe Zimmer &#8212; Maritim Hotel Plaza Tirana &#8212;\" \/>\n<meta property=\"og:description\" content=\"Die R\u00fcckkehr von einem gro\u00dfen Paradis nach einem gesch\u00e4ftlichen Tag oder zum Vergn\u00fcgen. Unsere Deluxe Zimmer kombinieren Komfort mit modernem Stil und auch eine tolle Aussicht auf die Stadt\" \/>\n<meta property=\"og:url\" content=\"https:\/\/www.plazatirana.com\/de\/zimmer-und-suiten\/deluxe-zimmer\/\" \/>\n<meta property=\"og:site_name\" content=\"Maritim Hotel Plaza Tirana\" \/>\n<meta property=\"article:modified_time\" content=\"2021-11-25T17:33:47+00:00\" \/>\n<meta name=\"twitter:card\" content=\"summary_large_image\" \/>\n<script type=\"application\/ld+json\" class=\"yoast-schema-graph\">{\"@context\":\"https:\/\/schema.org\",\"@graph\":[{\"@type\":\"WebPage\",\"@id\":\"https:\/\/www.plazatirana.com\/de\/zimmer-und-suiten\/deluxe-zimmer\/\",\"url\":\"https:\/\/www.plazatirana.com\/de\/zimmer-und-suiten\/deluxe-zimmer\/\",\"name\":\"Deluxe Zimmer &#8212; Maritim Hotel Plaza Tirana &#8212;\",\"isPartOf\":{\"@id\":\"https:\/\/www.plazatirana.com\/de\/#website\"},\"datePublished\":\"2021-11-25T13:46:22+00:00\",\"dateModified\":\"2021-11-25T17:33:47+00:00\",\"description\":\"Die R\u00fcckkehr von einem gro\u00dfen Paradis nach einem gesch\u00e4ftlichen Tag oder zum Vergn\u00fcgen. Unsere Deluxe Zimmer kombinieren Komfort mit modernem Stil und auch eine tolle Aussicht auf die Stadt\",\"breadcrumb\":{\"@id\":\"https:\/\/www.plazatirana.com\/de\/zimmer-und-suiten\/deluxe-zimmer\/#breadcrumb\"},\"inLanguage\":\"de-DE\",\"potentialAction\":[{\"@type\":\"ReadAction\",\"target\":[\"https:\/\/www.plazatirana.com\/de\/zimmer-und-suiten\/deluxe-zimmer\/\"]}]},{\"@type\":\"BreadcrumbList\",\"@id\":\"https:\/\/www.plazatirana.com\/de\/zimmer-und-suiten\/deluxe-zimmer\/#breadcrumb\",\"itemListElement\":[{\"@type\":\"ListItem\",\"position\":1,\"name\":\"Home\",\"item\":\"https:\/\/www.plazatirana.com\/de\/\"},{\"@type\":\"ListItem\",\"position\":2,\"name\":\"Zimmer und Suiten\",\"item\":\"https:\/\/www.plazatirana.com\/de\/zimmer-und-suiten\/\"},{\"@type\":\"ListItem\",\"position\":3,\"name\":\"Deluxe Zimmer\"}]},{\"@type\":\"WebSite\",\"@id\":\"https:\/\/www.plazatirana.com\/de\/#website\",\"url\":\"https:\/\/www.plazatirana.com\/de\/\",\"name\":\"Maritim Hotel Plaza Tirana\",\"description\":\"Just another ms.decms.eu site\",\"publisher\":{\"@id\":\"https:\/\/www.plazatirana.com\/de\/#organization\"},\"potentialAction\":[{\"@type\":\"SearchAction\",\"target\":{\"@type\":\"EntryPoint\",\"urlTemplate\":\"https:\/\/www.plazatirana.com\/de\/?s={search_term_string}\"},\"query-input\":{\"@type\":\"PropertyValueSpecification\",\"valueRequired\":true,\"valueName\":\"search_term_string\"}}],\"inLanguage\":\"de-DE\"},{\"@type\":\"Organization\",\"@id\":\"https:\/\/www.plazatirana.com\/de\/#organization\",\"name\":\"Maritim Hotel Plaza Tirana\",\"url\":\"https:\/\/www.plazatirana.com\/de\/\",\"logo\":{\"@type\":\"ImageObject\",\"inLanguage\":\"de-DE\",\"@id\":\"https:\/\/www.plazatirana.com\/de\/#\/schema\/logo\/image\/\",\"url\":\"https:\/\/www.plazatirana.com\/wp-content\/uploads\/sites\/378\/2021\/11\/Maritim-Hotel-Plaza-Tirana-Logo.png\",\"contentUrl\":\"https:\/\/www.plazatirana.com\/wp-content\/uploads\/sites\/378\/2021\/11\/Maritim-Hotel-Plaza-Tirana-Logo.png\",\"width\":300,\"height\":224,\"caption\":\"Maritim Hotel Plaza Tirana\"},\"image\":{\"@id\":\"https:\/\/www.plazatirana.com\/de\/#\/schema\/logo\/image\/\"}}]}<\/script>\n<!-- \/ Yoast SEO plugin. -->","yoast_head_json":{"title":"Deluxe Zimmer &#8212; Maritim Hotel Plaza Tirana &#8212;","description":"Die R\u00fcckkehr von einem gro\u00dfen Paradis nach einem gesch\u00e4ftlichen Tag oder zum Vergn\u00fcgen. Unsere Deluxe Zimmer kombinieren Komfort mit modernem Stil und auch eine tolle Aussicht auf die Stadt","robots":{"index":"index","follow":"follow","max-snippet":"max-snippet:-1","max-image-preview":"max-image-preview:large","max-video-preview":"max-video-preview:-1"},"canonical":"https:\/\/www.plazatirana.com\/de\/zimmer-und-suiten\/deluxe-zimmer\/","og_locale":"de_DE","og_type":"article","og_title":"Deluxe Zimmer &#8212; Maritim Hotel Plaza Tirana &#8212;","og_description":"Die R\u00fcckkehr von einem gro\u00dfen Paradis nach einem gesch\u00e4ftlichen Tag oder zum Vergn\u00fcgen. Unsere Deluxe Zimmer kombinieren Komfort mit modernem Stil und auch eine tolle Aussicht auf die Stadt","og_url":"https:\/\/www.plazatirana.com\/de\/zimmer-und-suiten\/deluxe-zimmer\/","og_site_name":"Maritim Hotel Plaza Tirana","article_modified_time":"2021-11-25T17:33:47+00:00","twitter_card":"summary_large_image","schema":{"@context":"https:\/\/schema.org","@graph":[{"@type":"WebPage","@id":"https:\/\/www.plazatirana.com\/de\/zimmer-und-suiten\/deluxe-zimmer\/","url":"https:\/\/www.plazatirana.com\/de\/zimmer-und-suiten\/deluxe-zimmer\/","name":"Deluxe Zimmer &#8212; Maritim Hotel Plaza Tirana &#8212;","isPartOf":{"@id":"https:\/\/www.plazatirana.com\/de\/#website"},"datePublished":"2021-11-25T13:46:22+00:00","dateModified":"2021-11-25T17:33:47+00:00","description":"Die R\u00fcckkehr von einem gro\u00dfen Paradis nach einem gesch\u00e4ftlichen Tag oder zum Vergn\u00fcgen. Unsere Deluxe Zimmer kombinieren Komfort mit modernem Stil und auch eine tolle Aussicht auf die Stadt","breadcrumb":{"@id":"https:\/\/www.plazatirana.com\/de\/zimmer-und-suiten\/deluxe-zimmer\/#breadcrumb"},"inLanguage":"de-DE","potentialAction":[{"@type":"ReadAction","target":["https:\/\/www.plazatirana.com\/de\/zimmer-und-suiten\/deluxe-zimmer\/"]}]},{"@type":"BreadcrumbList","@id":"https:\/\/www.plazatirana.com\/de\/zimmer-und-suiten\/deluxe-zimmer\/#breadcrumb","itemListElement":[{"@type":"ListItem","position":1,"name":"Home","item":"https:\/\/www.plazatirana.com\/de\/"},{"@type":"ListItem","position":2,"name":"Zimmer und Suiten","item":"https:\/\/www.plazatirana.com\/de\/zimmer-und-suiten\/"},{"@type":"ListItem","position":3,"name":"Deluxe Zimmer"}]},{"@type":"WebSite","@id":"https:\/\/www.plazatirana.com\/de\/#website","url":"https:\/\/www.plazatirana.com\/de\/","name":"Maritim Hotel Plaza Tirana","description":"Just another ms.decms.eu site","publisher":{"@id":"https:\/\/www.plazatirana.com\/de\/#organization"},"potentialAction":[{"@type":"SearchAction","target":{"@type":"EntryPoint","urlTemplate":"https:\/\/www.plazatirana.com\/de\/?s={search_term_string}"},"query-input":{"@type":"PropertyValueSpecification","valueRequired":true,"valueName":"search_term_string"}}],"inLanguage":"de-DE"},{"@type":"Organization","@id":"https:\/\/www.plazatirana.com\/de\/#organization","name":"Maritim Hotel Plaza Tirana","url":"https:\/\/www.plazatirana.com\/de\/","logo":{"@type":"ImageObject","inLanguage":"de-DE","@id":"https:\/\/www.plazatirana.com\/de\/#\/schema\/logo\/image\/","url":"https:\/\/www.plazatirana.com\/wp-content\/uploads\/sites\/378\/2021\/11\/Maritim-Hotel-Plaza-Tirana-Logo.png","contentUrl":"https:\/\/www.plazatirana.com\/wp-content\/uploads\/sites\/378\/2021\/11\/Maritim-Hotel-Plaza-Tirana-Logo.png","width":300,"height":224,"caption":"Maritim Hotel Plaza Tirana"},"image":{"@id":"https:\/\/www.plazatirana.com\/de\/#\/schema\/logo\/image\/"}}]}},"acf":[],"_links":{"self":[{"href":"https:\/\/www.plazatirana.com\/de\/wp-json\/wp\/v2\/pages\/157","targetHints":{"allow":["GET"]}}],"collection":[{"href":"https:\/\/www.plazatirana.com\/de\/wp-json\/wp\/v2\/pages"}],"about":[{"href":"https:\/\/www.plazatirana.com\/de\/wp-json\/wp\/v2\/types\/page"}],"author":[{"embeddable":true,"href":"https:\/\/www.plazatirana.com\/de\/wp-json\/wp\/v2\/users\/7"}],"replies":[{"embeddable":true,"href":"https:\/\/www.plazatirana.com\/de\/wp-json\/wp\/v2\/comments?post=157"}],"version-history":[{"count":0,"href":"https:\/\/www.plazatirana.com\/de\/wp-json\/wp\/v2\/pages\/157\/revisions"}],"up":[{"embeddable":true,"href":"https:\/\/www.plazatirana.com\/de\/wp-json\/wp\/v2\/pages\/97"}],"wp:attachment":[{"href":"https:\/\/www.plazatirana.com\/de\/wp-json\/wp\/v2\/media?parent=157"}],"curies":[{"name":"wp","href":"https:\/\/api.w.org\/{rel}","templated":true}]}}