{"id":132,"date":"2021-11-24T16:17:13","date_gmt":"2021-11-24T16:17:13","guid":{"rendered":"https:\/\/plaza-tirana.ms.decms.eu\/zimmer-und-suiten\/superior-rooms\/"},"modified":"2021-11-25T11:09:08","modified_gmt":"2021-11-25T11:09:08","slug":"superior-zimmer","status":"publish","type":"page","link":"https:\/\/www.plazatirana.com\/de\/zimmer-und-suiten\/superior-zimmer\/","title":{"rendered":"Superior Zimmer"},"content":{"rendered":"<p>Elegant und dennoch verf\u00fchrerisch mit modernem Design werden diese R\u00e4ume den zus\u00e4tzlichen Platz f\u00fcr Sie geben, den Sie im Maritim Hotel Plaza Tirana mit komfortablem Bad f\u00fcr einen Aufenthalt ben\u00f6tigen, mit einer Badewanne und einer Dusche ausgestaltet. Die Superior-Zimmer sind die perfekte Wahl f\u00fcr Gesch\u00e4ftsreisende und Familien, die einen unvergesslichen Besuch suchen. Es gibt Ihnen die M\u00f6glichkeit, Zimmer auf Anfrage zu verbinden.<\/p>\n","protected":false},"excerpt":{"rendered":"<p>Elegant und dennoch verf\u00fchrerisch mit modernem Design werden diese R\u00e4ume den zus\u00e4tzlichen Platz f\u00fcr Sie geben, den Sie im Maritim Hotel Plaza Tirana mit komfortablem Bad f\u00fcr einen Aufenthalt ben\u00f6tigen, mit einer Badewanne und einer Dusche ausgestaltet. Die Superior-Zimmer sind die perfekte Wahl f\u00fcr Gesch\u00e4ftsreisende und Familien, die einen unvergesslichen Besuch suchen. Es gibt Ihnen [&hellip;]<\/p>\n","protected":false},"author":7,"featured_media":0,"parent":97,"menu_order":1,"comment_status":"closed","ping_status":"closed","template":"template-single-room.php","meta":{"footnotes":""},"class_list":["post-132","page","type-page","status-publish","hentry"],"yoast_head":"<!-- This site is optimized with the Yoast SEO plugin v26.9 - https:\/\/yoast.com\/product\/yoast-seo-wordpress\/ -->\n<title>Superior Zimmer &#8212; Maritim Hotel Plaza Tirana &#8212;<\/title>\n<meta name=\"description\" content=\"Elegant und dennoch verf\u00fchrerisch mit modernem Design werden diese R\u00e4ume den zus\u00e4tzlichen Platz f\u00fcr Sie geben, den Sie im Maritim Hotel Plaza Tirana mit komfortablem Bad f\u00fcr einen Aufenthalt ben\u00f6tigen, mit einer Badewanne und einer Dusche ausgestaltet. Die Superior-Zimmer sind die perfekte Wahl f\u00fcr Gesch\u00e4ftsreisende und Familien, die einen unvergesslichen Besuch suchen\" \/>\n<meta name=\"robots\" content=\"index, follow, max-snippet:-1, max-image-preview:large, max-video-preview:-1\" \/>\n<link rel=\"canonical\" href=\"https:\/\/www.plazatirana.com\/de\/zimmer-und-suiten\/superior-zimmer\/\" \/>\n<meta property=\"og:locale\" content=\"de_DE\" \/>\n<meta property=\"og:type\" content=\"article\" \/>\n<meta property=\"og:title\" content=\"Superior Zimmer &#8212; Maritim Hotel Plaza Tirana &#8212;\" \/>\n<meta property=\"og:description\" content=\"Elegant und dennoch verf\u00fchrerisch mit modernem Design werden diese R\u00e4ume den zus\u00e4tzlichen Platz f\u00fcr Sie geben, den Sie im Maritim Hotel Plaza Tirana mit komfortablem Bad f\u00fcr einen Aufenthalt ben\u00f6tigen, mit einer Badewanne und einer Dusche ausgestaltet. Die Superior-Zimmer sind die perfekte Wahl f\u00fcr Gesch\u00e4ftsreisende und Familien, die einen unvergesslichen Besuch suchen\" \/>\n<meta property=\"og:url\" content=\"https:\/\/www.plazatirana.com\/de\/zimmer-und-suiten\/superior-zimmer\/\" \/>\n<meta property=\"og:site_name\" content=\"Maritim Hotel Plaza Tirana\" \/>\n<meta property=\"article:modified_time\" content=\"2021-11-25T11:09:08+00:00\" \/>\n<meta name=\"twitter:card\" content=\"summary_large_image\" \/>\n<meta name=\"twitter:label1\" content=\"Gesch\u00e4tzte Lesezeit\" \/>\n\t<meta name=\"twitter:data1\" content=\"1 Minute\" \/>\n<script type=\"application\/ld+json\" class=\"yoast-schema-graph\">{\"@context\":\"https:\/\/schema.org\",\"@graph\":[{\"@type\":\"WebPage\",\"@id\":\"https:\/\/www.plazatirana.com\/de\/zimmer-und-suiten\/superior-zimmer\/\",\"url\":\"https:\/\/www.plazatirana.com\/de\/zimmer-und-suiten\/superior-zimmer\/\",\"name\":\"Superior Zimmer &#8212; Maritim Hotel Plaza Tirana &#8212;\",\"isPartOf\":{\"@id\":\"https:\/\/www.plazatirana.com\/de\/#website\"},\"datePublished\":\"2021-11-24T16:17:13+00:00\",\"dateModified\":\"2021-11-25T11:09:08+00:00\",\"description\":\"Elegant und dennoch verf\u00fchrerisch mit modernem Design werden diese R\u00e4ume den zus\u00e4tzlichen Platz f\u00fcr Sie geben, den Sie im Maritim Hotel Plaza Tirana mit komfortablem Bad f\u00fcr einen Aufenthalt ben\u00f6tigen, mit einer Badewanne und einer Dusche ausgestaltet. Die Superior-Zimmer sind die perfekte Wahl f\u00fcr Gesch\u00e4ftsreisende und Familien, die einen unvergesslichen Besuch suchen\",\"breadcrumb\":{\"@id\":\"https:\/\/www.plazatirana.com\/de\/zimmer-und-suiten\/superior-zimmer\/#breadcrumb\"},\"inLanguage\":\"de-DE\",\"potentialAction\":[{\"@type\":\"ReadAction\",\"target\":[\"https:\/\/www.plazatirana.com\/de\/zimmer-und-suiten\/superior-zimmer\/\"]}]},{\"@type\":\"BreadcrumbList\",\"@id\":\"https:\/\/www.plazatirana.com\/de\/zimmer-und-suiten\/superior-zimmer\/#breadcrumb\",\"itemListElement\":[{\"@type\":\"ListItem\",\"position\":1,\"name\":\"Home\",\"item\":\"https:\/\/www.plazatirana.com\/de\/\"},{\"@type\":\"ListItem\",\"position\":2,\"name\":\"Zimmer und Suiten\",\"item\":\"https:\/\/www.plazatirana.com\/de\/zimmer-und-suiten\/\"},{\"@type\":\"ListItem\",\"position\":3,\"name\":\"Superior Zimmer\"}]},{\"@type\":\"WebSite\",\"@id\":\"https:\/\/www.plazatirana.com\/de\/#website\",\"url\":\"https:\/\/www.plazatirana.com\/de\/\",\"name\":\"Maritim Hotel Plaza Tirana\",\"description\":\"Just another ms.decms.eu site\",\"publisher\":{\"@id\":\"https:\/\/www.plazatirana.com\/de\/#organization\"},\"potentialAction\":[{\"@type\":\"SearchAction\",\"target\":{\"@type\":\"EntryPoint\",\"urlTemplate\":\"https:\/\/www.plazatirana.com\/de\/?s={search_term_string}\"},\"query-input\":{\"@type\":\"PropertyValueSpecification\",\"valueRequired\":true,\"valueName\":\"search_term_string\"}}],\"inLanguage\":\"de-DE\"},{\"@type\":\"Organization\",\"@id\":\"https:\/\/www.plazatirana.com\/de\/#organization\",\"name\":\"Maritim Hotel Plaza Tirana\",\"url\":\"https:\/\/www.plazatirana.com\/de\/\",\"logo\":{\"@type\":\"ImageObject\",\"inLanguage\":\"de-DE\",\"@id\":\"https:\/\/www.plazatirana.com\/de\/#\/schema\/logo\/image\/\",\"url\":\"https:\/\/www.plazatirana.com\/wp-content\/uploads\/sites\/378\/2021\/11\/Maritim-Hotel-Plaza-Tirana-Logo.png\",\"contentUrl\":\"https:\/\/www.plazatirana.com\/wp-content\/uploads\/sites\/378\/2021\/11\/Maritim-Hotel-Plaza-Tirana-Logo.png\",\"width\":300,\"height\":224,\"caption\":\"Maritim Hotel Plaza Tirana\"},\"image\":{\"@id\":\"https:\/\/www.plazatirana.com\/de\/#\/schema\/logo\/image\/\"}}]}<\/script>\n<!-- \/ Yoast SEO plugin. -->","yoast_head_json":{"title":"Superior Zimmer &#8212; Maritim Hotel Plaza Tirana &#8212;","description":"Elegant und dennoch verf\u00fchrerisch mit modernem Design werden diese R\u00e4ume den zus\u00e4tzlichen Platz f\u00fcr Sie geben, den Sie im Maritim Hotel Plaza Tirana mit komfortablem Bad f\u00fcr einen Aufenthalt ben\u00f6tigen, mit einer Badewanne und einer Dusche ausgestaltet. Die Superior-Zimmer sind die perfekte Wahl f\u00fcr Gesch\u00e4ftsreisende und Familien, die einen unvergesslichen Besuch suchen","robots":{"index":"index","follow":"follow","max-snippet":"max-snippet:-1","max-image-preview":"max-image-preview:large","max-video-preview":"max-video-preview:-1"},"canonical":"https:\/\/www.plazatirana.com\/de\/zimmer-und-suiten\/superior-zimmer\/","og_locale":"de_DE","og_type":"article","og_title":"Superior Zimmer &#8212; Maritim Hotel Plaza Tirana &#8212;","og_description":"Elegant und dennoch verf\u00fchrerisch mit modernem Design werden diese R\u00e4ume den zus\u00e4tzlichen Platz f\u00fcr Sie geben, den Sie im Maritim Hotel Plaza Tirana mit komfortablem Bad f\u00fcr einen Aufenthalt ben\u00f6tigen, mit einer Badewanne und einer Dusche ausgestaltet. Die Superior-Zimmer sind die perfekte Wahl f\u00fcr Gesch\u00e4ftsreisende und Familien, die einen unvergesslichen Besuch suchen","og_url":"https:\/\/www.plazatirana.com\/de\/zimmer-und-suiten\/superior-zimmer\/","og_site_name":"Maritim Hotel Plaza Tirana","article_modified_time":"2021-11-25T11:09:08+00:00","twitter_card":"summary_large_image","twitter_misc":{"Gesch\u00e4tzte Lesezeit":"1 Minute"},"schema":{"@context":"https:\/\/schema.org","@graph":[{"@type":"WebPage","@id":"https:\/\/www.plazatirana.com\/de\/zimmer-und-suiten\/superior-zimmer\/","url":"https:\/\/www.plazatirana.com\/de\/zimmer-und-suiten\/superior-zimmer\/","name":"Superior Zimmer &#8212; Maritim Hotel Plaza Tirana &#8212;","isPartOf":{"@id":"https:\/\/www.plazatirana.com\/de\/#website"},"datePublished":"2021-11-24T16:17:13+00:00","dateModified":"2021-11-25T11:09:08+00:00","description":"Elegant und dennoch verf\u00fchrerisch mit modernem Design werden diese R\u00e4ume den zus\u00e4tzlichen Platz f\u00fcr Sie geben, den Sie im Maritim Hotel Plaza Tirana mit komfortablem Bad f\u00fcr einen Aufenthalt ben\u00f6tigen, mit einer Badewanne und einer Dusche ausgestaltet. Die Superior-Zimmer sind die perfekte Wahl f\u00fcr Gesch\u00e4ftsreisende und Familien, die einen unvergesslichen Besuch suchen","breadcrumb":{"@id":"https:\/\/www.plazatirana.com\/de\/zimmer-und-suiten\/superior-zimmer\/#breadcrumb"},"inLanguage":"de-DE","potentialAction":[{"@type":"ReadAction","target":["https:\/\/www.plazatirana.com\/de\/zimmer-und-suiten\/superior-zimmer\/"]}]},{"@type":"BreadcrumbList","@id":"https:\/\/www.plazatirana.com\/de\/zimmer-und-suiten\/superior-zimmer\/#breadcrumb","itemListElement":[{"@type":"ListItem","position":1,"name":"Home","item":"https:\/\/www.plazatirana.com\/de\/"},{"@type":"ListItem","position":2,"name":"Zimmer und Suiten","item":"https:\/\/www.plazatirana.com\/de\/zimmer-und-suiten\/"},{"@type":"ListItem","position":3,"name":"Superior Zimmer"}]},{"@type":"WebSite","@id":"https:\/\/www.plazatirana.com\/de\/#website","url":"https:\/\/www.plazatirana.com\/de\/","name":"Maritim Hotel Plaza Tirana","description":"Just another ms.decms.eu site","publisher":{"@id":"https:\/\/www.plazatirana.com\/de\/#organization"},"potentialAction":[{"@type":"SearchAction","target":{"@type":"EntryPoint","urlTemplate":"https:\/\/www.plazatirana.com\/de\/?s={search_term_string}"},"query-input":{"@type":"PropertyValueSpecification","valueRequired":true,"valueName":"search_term_string"}}],"inLanguage":"de-DE"},{"@type":"Organization","@id":"https:\/\/www.plazatirana.com\/de\/#organization","name":"Maritim Hotel Plaza Tirana","url":"https:\/\/www.plazatirana.com\/de\/","logo":{"@type":"ImageObject","inLanguage":"de-DE","@id":"https:\/\/www.plazatirana.com\/de\/#\/schema\/logo\/image\/","url":"https:\/\/www.plazatirana.com\/wp-content\/uploads\/sites\/378\/2021\/11\/Maritim-Hotel-Plaza-Tirana-Logo.png","contentUrl":"https:\/\/www.plazatirana.com\/wp-content\/uploads\/sites\/378\/2021\/11\/Maritim-Hotel-Plaza-Tirana-Logo.png","width":300,"height":224,"caption":"Maritim Hotel Plaza Tirana"},"image":{"@id":"https:\/\/www.plazatirana.com\/de\/#\/schema\/logo\/image\/"}}]}},"acf":[],"_links":{"self":[{"href":"https:\/\/www.plazatirana.com\/de\/wp-json\/wp\/v2\/pages\/132","targetHints":{"allow":["GET"]}}],"collection":[{"href":"https:\/\/www.plazatirana.com\/de\/wp-json\/wp\/v2\/pages"}],"about":[{"href":"https:\/\/www.plazatirana.com\/de\/wp-json\/wp\/v2\/types\/page"}],"author":[{"embeddable":true,"href":"https:\/\/www.plazatirana.com\/de\/wp-json\/wp\/v2\/users\/7"}],"replies":[{"embeddable":true,"href":"https:\/\/www.plazatirana.com\/de\/wp-json\/wp\/v2\/comments?post=132"}],"version-history":[{"count":0,"href":"https:\/\/www.plazatirana.com\/de\/wp-json\/wp\/v2\/pages\/132\/revisions"}],"up":[{"embeddable":true,"href":"https:\/\/www.plazatirana.com\/de\/wp-json\/wp\/v2\/pages\/97"}],"wp:attachment":[{"href":"https:\/\/www.plazatirana.com\/de\/wp-json\/wp\/v2\/media?parent=132"}],"curies":[{"name":"wp","href":"https:\/\/api.w.org\/{rel}","templated":true}]}}